{"id":3002,"date":"2019-10-03T07:59:25","date_gmt":"2019-10-03T07:59:25","guid":{"rendered":"https:\/\/shop.immersafe.de\/about-us\/"},"modified":"2025-10-14T12:20:35","modified_gmt":"2025-10-14T12:20:35","slug":"ueber-uns","status":"publish","type":"page","link":"https:\/\/immersafe.de\/shop\/ueber-uns\/","title":{"rendered":"\u00dcber uns"},"content":{"rendered":"\t\t<div data-elementor-type=\"wp-page\" data-elementor-id=\"3002\" class=\"elementor elementor-3002\">\n\t\t\t\t\t\t<section class=\"elementor-section elementor-top-section elementor-element elementor-element-2fc2f7b elementor-section-content-middle elementor-reverse-mobile elementor-section-boxed elementor-section-height-default elementor-section-height-default\" data-id=\"2fc2f7b\" data-element_type=\"section\" data-e-type=\"section\">\n\t\t\t\t\t\t<div class=\"elementor-container elementor-column-gap-default\">\n\t\t\t\t\t<div class=\"aux-parallax-section elementor-column elementor-col-50 elementor-top-column elementor-element elementor-element-09cb278\" data-id=\"09cb278\" data-element_type=\"column\" data-e-type=\"column\">\n\t\t\t<div class=\"elementor-widget-wrap elementor-element-populated\">\n\t\t\t\t\t\t<div class=\"elementor-element elementor-element-5ffebb1 aux-appear-watch-animation aux-fade-in-up elementor-widget elementor-widget-aux_modern_heading\" data-id=\"5ffebb1\" data-element_type=\"widget\" data-e-type=\"widget\" data-widget_type=\"aux_modern_heading.default\">\n\t\t\t\t<div class=\"elementor-widget-container\">\n\t\t\t\t\t<section class=\"aux-widget-modern-heading\">\n            <div class=\"aux-widget-inner\"><h2 class=\"aux-modern-heading-primary\">Sicherheit, die sich auszahlt<\/h2><h3 class=\"aux-modern-heading-secondary\"><span class=\"aux-head-before\">\u00dcber uns<\/span><\/h3><div class=\"aux-modern-heading-description\"><p data-start=\"46\" data-end=\"323\">Seit 2012 machen wir Lieferketten messbar sicherer, effizienter und besser planbar. Unser Team erfahrener Spezialisten kennt die Praxis der Warenlogistik und des Cash-Handlings \u2013 wir liefern L\u00f6sungen, die Diebstahlverluste deutlich reduzieren und Prozesse sp\u00fcrbar vereinfachen.<\/p><p data-start=\"325\" data-end=\"1045\">Wir verbinden praxisnahes Consulting mit einem breiten Portfolio: von <span data-start=\"395\" data-end=\"427\">Kunststoff- und Stahlplomben<\/span> bis zu <span data-start=\"435\" data-end=\"475\">Containerplomben nach ISO 17712:2013<\/span> und <span data-start=\"480\" data-end=\"490\">C-TPAT<\/span> sowie <span data-start=\"497\" data-end=\"520\">GPS-Plombensystemen<\/span>.\u00a0Erg\u00e4nzend bieten wir <span data-start=\"139\" data-end=\"170\">Versandtaschen\/Kurierbeutel<\/span>, <span data-start=\"172\" data-end=\"235\">Deposittaschen f\u00fcr Kassenums\u00e4tze und vertrauliche Dokumente<\/span>, <span data-start=\"237\" data-end=\"250\">M\u00fcnzs\u00e4cke<\/span> sowie <span data-start=\"257\" data-end=\"296\" data-is-only-node=\"\">Beutel f\u00fcr forensische Beweisst\u00fccke<\/span>.\u00a0F\u00fcr die Transportsicherung erhalten Sie bei uns <span data-start=\"750\" data-end=\"778\">Staus\u00e4cke (Dunnage Bags)<\/span>, <span data-start=\"780\" data-end=\"800\">Antirutschmatten<\/span>,\u00a0Spanngurte zur Ladungssicherung in Lkw-Aufliegern, <span data-start=\"835\" data-end=\"861\">Sperr- bzw. Ladebalken<\/span> und <span data-start=\"866\" data-end=\"892\">Temperatur-Datenlogger<\/span>. So sch\u00fctzen Sie Ihre G\u00fcter vom Verladen bis zur Zustellung, vermeiden Transportsch\u00e4den und sichern Qualit\u00e4t entlang der gesamten K\u00fchl- und Lieferkette.<\/p><p data-start=\"1047\" data-end=\"1217\">Ihr Ergebnis: weniger Verluste, weniger Ausf\u00e4lle, <span data-start=\"470\" data-end=\"521\">mehr Planbarkeit und termingerechte Lieferungen<\/span>.\u00a0Sprechen wir \u00fcber Ihre Anforderungen \u2013 wir finden die L\u00f6sung, die in Ihrer Logistik am besten wirkt.<\/p><p data-start=\"1219\" data-end=\"1521\">Dank <span data-start=\"1224\" data-end=\"1265\">eigener Markierungs- und Laseranlagen<\/span> k\u00f6nnen wir den Gro\u00dfteil der Plomben und Sicherheitsetiketten <span data-start=\"1327\" data-end=\"1342\">kurzfristig<\/span> mit Ihrem <span data-start=\"1353\" data-end=\"1378\">Logo oder Firmennamen<\/span> personalisieren. Wo m\u00f6glich setzen wir auf <span data-start=\"1422\" data-end=\"1447\">rezyklierte Rohstoffe<\/span>; viele Produkte sind <span data-start=\"1469\" data-end=\"1483\">recycelbar<\/span>, einige auch <span data-start=\"1497\" data-end=\"1520\">biologisch abbaubar<\/span>.<\/p><p data-start=\"1219\" data-end=\"1521\"><strong>IMMERSAFE \u2013\u00a0IMMER sicher.\u00a0IMMER zuverl\u00e4ssig.\u00a0IMMER die beste Qualit\u00e4t.<\/strong><\/p><\/div><\/div>\n        <\/section>\t\t\t\t<\/div>\n\t\t\t\t<\/div>\n\t\t\t\t<div class=\"elementor-element elementor-element-98a493c aux-appear-watch-animation aux-fade-in-up elementor-widget elementor-widget-aux_button\" data-id=\"98a493c\" data-element_type=\"widget\" data-e-type=\"widget\" data-widget_type=\"aux_button.default\">\n\t\t\t\t<div class=\"elementor-widget-container\">\n\t\t\t\t\t<a  href=\"https:\/\/immersafe.de\/shop\/kontakt\/\" target=\"_self\"   class=\"aux-button aux-medium aux-carmine-pink aux-none aux-uppercase\" ><span class=\"aux-overlay\"><\/span><span class=\"aux-text\">Kontaktieren Sie uns<\/span><\/a>\t\t\t\t<\/div>\n\t\t\t\t<\/div>\n\t\t\t\t\t<\/div>\n\t\t<\/div>\n\t\t\t\t<div class=\"aux-parallax-section elementor-column elementor-col-50 elementor-top-column elementor-element elementor-element-f80096d\" data-id=\"f80096d\" data-element_type=\"column\" data-e-type=\"column\">\n\t\t\t<div class=\"elementor-widget-wrap elementor-element-populated\">\n\t\t\t\t\t\t<div class=\"elementor-element elementor-element-df0e8d5 aux-appear-watch-animation aux-fade-in-down elementor-widget elementor-widget-aux_image\" data-id=\"df0e8d5\" data-element_type=\"widget\" data-e-type=\"widget\" data-widget_type=\"aux_image.default\">\n\t\t\t\t<div class=\"elementor-widget-container\">\n\t\t\t\t\t<section class=\"widget-container aux-widget-image aux-alignnone aux-parent-au8e6da10b\">\n    <div class=\"aux-media-hint-frame \">\n        <div class=\"aux-media-image \" >\n        \n            \n\n            \n            <img fetchpriority=\"high\" decoding=\"async\" width=\"2000\" height=\"1334\" src=\"data:image\/gif;base64,R0lGODlhAQABAIAAAAAAAP\/\/\/yH5BAEAAAAALAAAAAABAAEAAAIBRAA7\" class=\"aux-attachment aux-featured-image aux-attachment-id-6820 aux-preload aux-blank\" alt=\"b2\" data-ratio=\"1.5\" data-original-w=\"2000\" data-src=\"https:\/\/immersafe.de\/shop\/wp-content\/uploads\/2025\/10\/b2.jpg\" \/>            \n                <\/div>\n    <\/div>\n\n<\/section><!-- widget-container -->\t\t\t\t<\/div>\n\t\t\t\t<\/div>\n\t\t\t\t\t<\/div>\n\t\t<\/div>\n\t\t\t\t\t<\/div>\n\t\t<\/section>\n\t\t\t\t<\/div>\n\t\t","protected":false},"excerpt":{"rendered":"<p>Sicherheit, die sich auszahlt \u00dcber uns Seit 2012 machen wir Lieferketten messbar sicherer, effizienter und besser planbar. Unser Team erfahrener Spezialisten kennt die Praxis der Warenlogistik und des Cash-Handlings \u2013 wir liefern L\u00f6sungen, die Diebstahlverluste deutlich reduzieren und Prozesse sp\u00fcrbar vereinfachen. Wir verbinden praxisnahes Consulting mit einem breiten Portfolio: von Kunststoff- und Stahlplomben bis zu [&hellip;]<\/p>\n","protected":false},"author":1,"featured_media":0,"parent":0,"menu_order":0,"comment_status":"closed","ping_status":"closed","template":"templates\/page-builder-content.php","meta":{"_acf_changed":false,"footnotes":""},"class_list":["post-3002","page","type-page","status-publish","hentry"],"acf":[],"_links":{"self":[{"href":"https:\/\/immersafe.de\/shop\/wp-json\/wp\/v2\/pages\/3002","targetHints":{"allow":["GET"]}}],"collection":[{"href":"https:\/\/immersafe.de\/shop\/wp-json\/wp\/v2\/pages"}],"about":[{"href":"https:\/\/immersafe.de\/shop\/wp-json\/wp\/v2\/types\/page"}],"author":[{"embeddable":true,"href":"https:\/\/immersafe.de\/shop\/wp-json\/wp\/v2\/users\/1"}],"replies":[{"embeddable":true,"href":"https:\/\/immersafe.de\/shop\/wp-json\/wp\/v2\/comments?post=3002"}],"version-history":[{"count":4,"href":"https:\/\/immersafe.de\/shop\/wp-json\/wp\/v2\/pages\/3002\/revisions"}],"predecessor-version":[{"id":6823,"href":"https:\/\/immersafe.de\/shop\/wp-json\/wp\/v2\/pages\/3002\/revisions\/6823"}],"wp:attachment":[{"href":"https:\/\/immersafe.de\/shop\/wp-json\/wp\/v2\/media?parent=3002"}],"curies":[{"name":"wp","href":"https:\/\/api.w.org\/{rel}","templated":true}]}}