{"id":4888,"date":"2025-06-17T11:01:44","date_gmt":"2025-06-17T11:01:44","guid":{"rendered":"https:\/\/shop.immersafe.de\/?page_id=4888"},"modified":"2025-08-11T14:01:50","modified_gmt":"2025-08-11T14:01:50","slug":"zahlungsarten","status":"publish","type":"page","link":"https:\/\/immersafe.de\/shop\/zahlungsarten\/","title":{"rendered":"Zahlungsarten"},"content":{"rendered":"\t\t<div data-elementor-type=\"wp-page\" data-elementor-id=\"4888\" class=\"elementor elementor-4888\">\n\t\t\t\t\t\t<section class=\"elementor-section elementor-top-section elementor-element elementor-element-cbf7c00 elementor-section-boxed elementor-section-height-default elementor-section-height-default\" data-id=\"cbf7c00\" data-element_type=\"section\" data-e-type=\"section\">\n\t\t\t\t\t\t<div class=\"elementor-container elementor-column-gap-default\">\n\t\t\t\t\t<div class=\"aux-parallax-section elementor-column elementor-col-33 elementor-top-column elementor-element elementor-element-957d4c2\" data-id=\"957d4c2\" data-element_type=\"column\" data-e-type=\"column\">\n\t\t\t<div class=\"elementor-widget-wrap\">\n\t\t\t\t\t\t\t<\/div>\n\t\t<\/div>\n\t\t\t\t<div class=\"aux-parallax-section elementor-column elementor-col-33 elementor-top-column elementor-element elementor-element-5c56561\" data-id=\"5c56561\" data-element_type=\"column\" data-e-type=\"column\">\n\t\t\t<div class=\"elementor-widget-wrap elementor-element-populated\">\n\t\t\t\t\t\t<div class=\"elementor-element elementor-element-00b709d elementor-widget elementor-widget-text-editor\" data-id=\"00b709d\" data-element_type=\"widget\" data-e-type=\"widget\" data-widget_type=\"text-editor.default\">\n\t\t\t\t<div class=\"elementor-widget-container\">\n\t\t\t\t\t\t\t\t\t<p><strong>Zahlungsmethoden<\/strong><\/p><p>Der Kunde kann f\u00fcr bestellte Waren eine der folgenden Zahlungsmethoden w\u00e4hlen:<\/p><ul data-start=\"387\" data-end=\"610\"><li data-start=\"387\" data-end=\"414\">Zahlung per Kreditkarte<\/li><li data-start=\"415\" data-end=\"441\">Zahlung per Bankkontakt<\/li><li data-start=\"442\" data-end=\"463\">Zahlung per iDEAL<\/li><li data-start=\"464\" data-end=\"610\">Vorkasse per klassischer Bank\u00fcberweisung auf folgendes Konto:<br data-start=\"527\" data-end=\"530\" \/>Commerzbank<br data-start=\"547\" data-end=\"550\" \/>IBAN: DE78 1204 0000 0133 8482 00<br data-start=\"589\" data-end=\"592\" \/>BIC: COBADEFFXXX<\/li><\/ul><p>Der Verk\u00e4ufer beh\u00e4lt sich das Recht vor, die Zahlungsart \u201eNachnahme\u201c (Zahlung bei Lieferung) f\u00fcr Kunden zu deaktivieren, die wiederholt die Annahme von Sendungen bei Lieferung verweigert haben \u2013 unabh\u00e4ngig von der gew\u00e4hlten Versandart.<\/p><p>Eine Reaktivierung der Zahlungsart \u201eNachnahme\u201c erfolgt nur, wenn der Kunde zuvor eine andere Bestellung erfolgreich bezahlt und entgegengenommen hat.<\/p><div class=\"moz-signature\"><div class=\"moz-signature\">\u00a0<\/div><\/div>\t\t\t\t\t\t\t\t<\/div>\n\t\t\t\t<\/div>\n\t\t\t\t\t<\/div>\n\t\t<\/div>\n\t\t\t\t<div class=\"aux-parallax-section elementor-column elementor-col-33 elementor-top-column elementor-element elementor-element-39ed018\" data-id=\"39ed018\" data-element_type=\"column\" data-e-type=\"column\">\n\t\t\t<div class=\"elementor-widget-wrap\">\n\t\t\t\t\t\t\t<\/div>\n\t\t<\/div>\n\t\t\t\t\t<\/div>\n\t\t<\/section>\n\t\t\t\t<\/div>\n\t\t","protected":false},"excerpt":{"rendered":"<p>Zahlungsmethoden Der Kunde kann f\u00fcr bestellte Waren eine der folgenden Zahlungsmethoden w\u00e4hlen: Zahlung per Kreditkarte Zahlung per Bankkontakt Zahlung per iDEAL Vorkasse per klassischer Bank\u00fcberweisung auf folgendes Konto:CommerzbankIBAN: DE78 1204 0000 0133 8482 00BIC: COBADEFFXXX Der Verk\u00e4ufer beh\u00e4lt sich das Recht vor, die Zahlungsart \u201eNachnahme\u201c (Zahlung bei Lieferung) f\u00fcr Kunden zu deaktivieren, die wiederholt die [&hellip;]<\/p>\n","protected":false},"author":1,"featured_media":0,"parent":0,"menu_order":0,"comment_status":"closed","ping_status":"closed","template":"","meta":{"_acf_changed":false,"footnotes":""},"class_list":["post-4888","page","type-page","status-publish","hentry"],"acf":[],"_links":{"self":[{"href":"https:\/\/immersafe.de\/shop\/wp-json\/wp\/v2\/pages\/4888","targetHints":{"allow":["GET"]}}],"collection":[{"href":"https:\/\/immersafe.de\/shop\/wp-json\/wp\/v2\/pages"}],"about":[{"href":"https:\/\/immersafe.de\/shop\/wp-json\/wp\/v2\/types\/page"}],"author":[{"embeddable":true,"href":"https:\/\/immersafe.de\/shop\/wp-json\/wp\/v2\/users\/1"}],"replies":[{"embeddable":true,"href":"https:\/\/immersafe.de\/shop\/wp-json\/wp\/v2\/comments?post=4888"}],"version-history":[{"count":19,"href":"https:\/\/immersafe.de\/shop\/wp-json\/wp\/v2\/pages\/4888\/revisions"}],"predecessor-version":[{"id":5435,"href":"https:\/\/immersafe.de\/shop\/wp-json\/wp\/v2\/pages\/4888\/revisions\/5435"}],"wp:attachment":[{"href":"https:\/\/immersafe.de\/shop\/wp-json\/wp\/v2\/media?parent=4888"}],"curies":[{"name":"wp","href":"https:\/\/api.w.org\/{rel}","templated":true}]}}