{"id":1121,"date":"2020-10-19T07:17:35","date_gmt":"2020-10-19T07:17:35","guid":{"rendered":"https:\/\/shop.immersafe.de\/?post_type=product&#038;p=1121"},"modified":"2026-04-13T10:15:54","modified_gmt":"2026-04-13T10:15:54","slug":"agrar-bag-rueckstellmuster-sicherheitstaschen","status":"publish","type":"product","link":"https:\/\/immersafe.de\/shop\/agrar-bag-rueckstellmuster-sicherheitstaschen\/","title":{"rendered":"AGRAR Bag 195&#215;270+30 mm \u2013 transparent"},"content":{"rendered":"\t\t<div data-elementor-type=\"wp-post\" data-elementor-id=\"1121\" class=\"elementor elementor-1121\">\n\t\t\t\t\t\t<section class=\"elementor-section elementor-top-section elementor-element elementor-element-775edd3 elementor-section-boxed elementor-section-height-default elementor-section-height-default\" data-id=\"775edd3\" data-element_type=\"section\" data-e-type=\"section\">\n\t\t\t\t\t\t<div class=\"elementor-container elementor-column-gap-default\">\n\t\t\t\t\t<div class=\"aux-parallax-section elementor-column elementor-col-100 elementor-top-column elementor-element elementor-element-a0a282\" data-id=\"a0a282\" data-element_type=\"column\" data-e-type=\"column\">\n\t\t\t<div class=\"elementor-widget-wrap elementor-element-populated\">\n\t\t\t\t\t\t<div class=\"elementor-element elementor-element-35704781 elementor-widget elementor-widget-text-editor\" data-id=\"35704781\" data-element_type=\"widget\" data-e-type=\"widget\" data-widget_type=\"text-editor.default\">\n\t\t\t\t<div class=\"elementor-widget-container\">\n\t\t\t\t\t\t\t\t\t<p>Die AGRAR-Tasche wurde speziell f\u00fcr die Probenahme bei der Viehfutterproduktion und \u00e4hnlichen Produkten entwickelt. Durch die Verwendung der AGRAR-Tasche stellen Sie sicher, dass Ihre Probe nicht manipuliert wurde.<br><br>Sobald die Tasche verschlossen\/versiegelt ist, ist es unm\u00f6glich, sie unbemerkt zu \u00f6ffnen und wieder zu schlie\u00dfen. Der Klebestreifen ist mit einem Sicherheitsband versehen, auf dem sich eine VOID-Mitteilung befindet, die erscheint, nachdem die Tasche ge\u00f6ffnet wurde. Die anderen Seiten sind mit doppelten Schwei\u00dfn\u00e4hten versehen, auf denen auch ein Druck vorhanden ist.<br><br>Auf allen unseren Siegelbeuteln befindet sich eine eindeutige aufsteigende Nummer mit Barcode. Au\u00dferdem sind sie mit Schreibfl\u00e4chen versehen, so dass die erforderlichen Informationen auf der AGRAR-Tasche f\u00fcr die Lagerung notiert werden k\u00f6nnen.<br><br>Unsere AGRAR-Tasche ist mit einer eindeutigen aufsteigenden Nummer und einem Barcode versehen.<br><br><b>Technische Daten:<\/b><br>&#8211; Farbe: Transparent<br>&#8211; Gr\u00f6\u00dfe: 195&#215;270 + 30 mm<br>&#8211; Material: Polyethylen<br>&#8211; Dicke: 60 Mikron<\/p>\t\t\t\t\t\t\t\t<\/div>\n\t\t\t\t<\/div>\n\t\t\t\t\t<\/div>\n\t\t<\/div>\n\t\t\t\t\t<\/div>\n\t\t<\/section>\n\t\t\t\t<\/div>\n\t\t","protected":false},"excerpt":{"rendered":"<h2 class=\"elementor-image-box-title\">R\u00fcckstellmuster-Sicherheitstaschen<\/h2>\n<div id=\"ez-toc-container\" class=\"ez-toc-v2_0_76 ez-toc-wrap-right counter-hierarchy ez-toc-counter ez-toc-custom ez-toc-container-direction\"><\/div>\n","protected":false},"featured_media":6019,"template":"","meta":{"_acf_changed":false},"product_brand":[],"product_cat":[143,23,144],"product_tag":[],"class_list":{"0":"post-1121","1":"product","2":"type-product","3":"status-publish","4":"has-post-thumbnail","6":"product_cat-secure-bag","7":"product_cat-sicherheitstaschen","8":"product_cat-sicherheitsumschlag","10":"first","11":"instock","12":"taxable","13":"shipping-taxable","14":"purchasable","15":"product-type-simple"},"acf":[],"tiered_pricing_type":"fixed","tiered_pricing_fixed_rules":[],"tiered_pricing_product_settings":{"layout":"default","base_unit_name":{"singular":null,"plural":null},"default_variation":null},"tiered_pricing_minimum_quantity":null,"tiered_pricing_roles_data":[],"tiered_pricing_percentage_rules":[],"_links":{"self":[{"href":"https:\/\/immersafe.de\/shop\/wp-json\/wp\/v2\/product\/1121","targetHints":{"allow":["GET"]}}],"collection":[{"href":"https:\/\/immersafe.de\/shop\/wp-json\/wp\/v2\/product"}],"about":[{"href":"https:\/\/immersafe.de\/shop\/wp-json\/wp\/v2\/types\/product"}],"version-history":[{"count":3,"href":"https:\/\/immersafe.de\/shop\/wp-json\/wp\/v2\/product\/1121\/revisions"}],"predecessor-version":[{"id":6429,"href":"https:\/\/immersafe.de\/shop\/wp-json\/wp\/v2\/product\/1121\/revisions\/6429"}],"wp:featuredmedia":[{"embeddable":true,"href":"https:\/\/immersafe.de\/shop\/wp-json\/wp\/v2\/media\/6019"}],"wp:attachment":[{"href":"https:\/\/immersafe.de\/shop\/wp-json\/wp\/v2\/media?parent=1121"}],"wp:term":[{"taxonomy":"product_brand","embeddable":true,"href":"https:\/\/immersafe.de\/shop\/wp-json\/wp\/v2\/product_brand?post=1121"},{"taxonomy":"product_cat","embeddable":true,"href":"https:\/\/immersafe.de\/shop\/wp-json\/wp\/v2\/product_cat?post=1121"},{"taxonomy":"product_tag","embeddable":true,"href":"https:\/\/immersafe.de\/shop\/wp-json\/wp\/v2\/product_tag?post=1121"}],"curies":[{"name":"wp","href":"https:\/\/api.w.org\/{rel}","templated":true}]}}