{"id":1132,"date":"2020-10-19T07:23:34","date_gmt":"2020-10-19T07:23:34","guid":{"rendered":"https:\/\/shop.immersafe.de\/?post_type=product&#038;p=1132"},"modified":"2025-10-10T11:33:15","modified_gmt":"2025-10-10T11:33:15","slug":"secure-bag-180x255-mm-undurchsichtig-weis","status":"publish","type":"product","link":"https:\/\/immersafe.de\/shop\/secure-bag-180x255-mm-undurchsichtig-weis\/","title":{"rendered":"Secure Bag 180&#215;255 mm \u2013 undurchsichtig\/wei\u00df"},"content":{"rendered":"\t\t<div data-elementor-type=\"wp-post\" data-elementor-id=\"1132\" class=\"elementor elementor-1132\">\n\t\t\t\t\t\t<section class=\"elementor-section elementor-top-section elementor-element elementor-element-59d7fcf9 elementor-section-boxed elementor-section-height-default elementor-section-height-default\" data-id=\"59d7fcf9\" data-element_type=\"section\" data-e-type=\"section\">\n\t\t\t\t\t\t<div class=\"elementor-container elementor-column-gap-default\">\n\t\t\t\t\t<div class=\"aux-parallax-section elementor-column elementor-col-100 elementor-top-column elementor-element elementor-element-59a4168f\" data-id=\"59a4168f\" data-element_type=\"column\" data-e-type=\"column\">\n\t\t\t<div class=\"elementor-widget-wrap elementor-element-populated\">\n\t\t\t\t\t\t<div class=\"elementor-element elementor-element-58055886 elementor-widget elementor-widget-text-editor\" data-id=\"58055886\" data-element_type=\"widget\" data-e-type=\"widget\" data-widget_type=\"text-editor.default\">\n\t\t\t\t<div class=\"elementor-widget-container\">\n\t\t\t\t\t\t\t\t\t<p>Die Seal Bag (auch Sicherheitsumschlag oder Sicherheitstasche genannt) sind geeignet f\u00fcr den Versand und die Aufbewahrung von wertvollen G\u00fctern. Durch die Verwendung der Seal Bag wird eine Diskussion mit Kunden oder Beh\u00f6rden vermieden.<br><br>Die Seal Bag ist besonders geeignet f\u00fcr die sichere Aufbewahrung oder den sicheren Versand von Geld, Dokumenten und wichtigen Gegenst\u00e4nden.<br><br>Sobald der Beutel geschlossen\/versiegelt ist, ist es unm\u00f6glich, ihn ungesehen zu \u00f6ffnen und wieder zu schlie\u00dfen. Der Klebestreifen ist mit Sicherheitsband versehen, bei dem nach dem \u00d6ffnen eine VOID-Botschaft erscheint. Die anderen Seiten sind mit Doppelschwei\u00dfn\u00e4hten versehen, bei denen auch ein Druck vorhanden ist.<br><br>Auf allen unseren Seal Bags befindet sich eine eindeutige aufsteigende Nummer mit Barcode.<br><br><b>TECHNISCHE DATEN:<br><\/b>&#8211; Farbe: Undurchsichtig\/Wei\u00df<br>&#8211; Gr\u00f6\u00dfe: 180&#215;255 mm<br>&#8211; Material: Polyethylen<br>&#8211; Dicke: 60 Mikrometer<\/p>\t\t\t\t\t\t\t\t<\/div>\n\t\t\t\t<\/div>\n\t\t\t\t\t<\/div>\n\t\t<\/div>\n\t\t\t\t\t<\/div>\n\t\t<\/section>\n\t\t\t\t<\/div>\n\t\t","protected":false},"excerpt":{"rendered":"<p>Sicherheitstaschen dienen der sicheren Aufbewahrung und dem Transport von Bargeld, wertvollen Gegenst\u00e4nden (z. B. Schmuckpreziosen), vertraulichen Dokumenten sowie Materialproben.<\/p>\n","protected":false},"featured_media":2084,"template":"","meta":{"_acf_changed":false},"product_brand":[],"product_cat":[143,23,144],"product_tag":[],"class_list":{"0":"post-1132","1":"product","2":"type-product","3":"status-publish","4":"has-post-thumbnail","6":"product_cat-secure-bag","7":"product_cat-sicherheitstaschen","8":"product_cat-sicherheitsumschlag","10":"first","11":"instock","12":"taxable","13":"shipping-taxable","14":"purchasable","15":"product-type-simple"},"acf":[],"tiered_pricing_type":"fixed","tiered_pricing_fixed_rules":[],"tiered_pricing_product_settings":{"layout":"default","base_unit_name":{"singular":null,"plural":null},"default_variation":null},"tiered_pricing_minimum_quantity":null,"tiered_pricing_roles_data":[],"tiered_pricing_percentage_rules":[],"_links":{"self":[{"href":"https:\/\/immersafe.de\/shop\/wp-json\/wp\/v2\/product\/1132","targetHints":{"allow":["GET"]}}],"collection":[{"href":"https:\/\/immersafe.de\/shop\/wp-json\/wp\/v2\/product"}],"about":[{"href":"https:\/\/immersafe.de\/shop\/wp-json\/wp\/v2\/types\/product"}],"version-history":[{"count":3,"href":"https:\/\/immersafe.de\/shop\/wp-json\/wp\/v2\/product\/1132\/revisions"}],"predecessor-version":[{"id":6437,"href":"https:\/\/immersafe.de\/shop\/wp-json\/wp\/v2\/product\/1132\/revisions\/6437"}],"wp:featuredmedia":[{"embeddable":true,"href":"https:\/\/immersafe.de\/shop\/wp-json\/wp\/v2\/media\/2084"}],"wp:attachment":[{"href":"https:\/\/immersafe.de\/shop\/wp-json\/wp\/v2\/media?parent=1132"}],"wp:term":[{"taxonomy":"product_brand","embeddable":true,"href":"https:\/\/immersafe.de\/shop\/wp-json\/wp\/v2\/product_brand?post=1132"},{"taxonomy":"product_cat","embeddable":true,"href":"https:\/\/immersafe.de\/shop\/wp-json\/wp\/v2\/product_cat?post=1132"},{"taxonomy":"product_tag","embeddable":true,"href":"https:\/\/immersafe.de\/shop\/wp-json\/wp\/v2\/product_tag?post=1132"}],"curies":[{"name":"wp","href":"https:\/\/api.w.org\/{rel}","templated":true}]}}