{"id":1221,"date":"2021-01-12T12:11:00","date_gmt":"2021-01-12T12:11:00","guid":{"rendered":"https:\/\/shop.immersafe.de\/?post_type=product&#038;p=1221"},"modified":"2026-01-15T11:05:27","modified_gmt":"2026-01-15T11:05:27","slug":"druckverschlussbeutel-300x400-mm","status":"publish","type":"product","link":"https:\/\/immersafe.de\/shop\/druckverschlussbeutel-300x400-mm\/","title":{"rendered":"Druckverschlussbeutel 300&#215;400 mm &#8211; (Set \u00e0 100 St\u00fcck)"},"content":{"rendered":"\t\t<div data-elementor-type=\"wp-post\" data-elementor-id=\"1221\" class=\"elementor elementor-1221\">\n\t\t\t\t\t\t<section class=\"elementor-section elementor-top-section elementor-element elementor-element-7c2e6b44 elementor-section-boxed elementor-section-height-default elementor-section-height-default\" data-id=\"7c2e6b44\" data-element_type=\"section\" data-e-type=\"section\">\n\t\t\t\t\t\t<div class=\"elementor-container elementor-column-gap-default\">\n\t\t\t\t\t<div class=\"aux-parallax-section elementor-column elementor-col-100 elementor-top-column elementor-element elementor-element-7c37236c\" data-id=\"7c37236c\" data-element_type=\"column\" data-e-type=\"column\">\n\t\t\t<div class=\"elementor-widget-wrap elementor-element-populated\">\n\t\t\t\t\t\t<div class=\"elementor-element elementor-element-6a459f elementor-widget elementor-widget-text-editor\" data-id=\"6a459f\" data-element_type=\"widget\" data-e-type=\"widget\" data-widget_type=\"text-editor.default\">\n\t\t\t\t<div class=\"elementor-widget-container\">\n\t\t\t\t\t\t\t\t\t<p>Unsere Druckverschlussbeutel sind die ideale M\u00f6glichkeit, Produkte aufzubewahren oder zu verpacken. Da die Beutel komplett transparent sind, k\u00f6nnen Sie immer sehen, was sich darin befindet. Dank des bekannten Druckverschlusses ist der Beutel unbegrenzt wiederverschlie\u00dfbar, und durch das Loch \u00fcber dem Verschluss l\u00e4sst er sich leicht aufh\u00e4ngen und aufbewahren.<\/p><p><b>TECHNISCHE DATEN:<br \/><\/b>&#8211; Material: LDPE<br \/>&#8211; Farbe: transparent<br \/>&#8211; L\u00e4nge: 400 mm<br \/>&#8211; Breite: 300 mm<br \/>&#8211; Beschriftungsfeld: keins<\/p>\t\t\t\t\t\t\t\t<\/div>\n\t\t\t\t<\/div>\n\t\t\t\t\t<\/div>\n\t\t<\/div>\n\t\t\t\t\t<\/div>\n\t\t<\/section>\n\t\t\t\t<\/div>\n\t\t","protected":false},"excerpt":{"rendered":"<p><strong>Set \u00e0 100 St\u00fcck<\/strong><\/p>\n","protected":false},"featured_media":6049,"template":"","meta":{"_acf_changed":false},"product_brand":[],"product_cat":[153,178,23],"product_tag":[],"class_list":{"0":"post-1221","1":"product","2":"type-product","3":"status-publish","4":"has-post-thumbnail","6":"product_cat-druckverschlussbeutel","7":"product_cat-grip-taschen","8":"product_cat-sicherheitstaschen","10":"first","11":"instock","12":"taxable","13":"shipping-taxable","14":"purchasable","15":"product-type-simple"},"acf":[],"tiered_pricing_type":"fixed","tiered_pricing_fixed_rules":[],"tiered_pricing_product_settings":{"layout":"default","base_unit_name":{"singular":null,"plural":null},"default_variation":null},"tiered_pricing_minimum_quantity":null,"tiered_pricing_roles_data":[],"tiered_pricing_percentage_rules":[],"_links":{"self":[{"href":"https:\/\/immersafe.de\/shop\/wp-json\/wp\/v2\/product\/1221","targetHints":{"allow":["GET"]}}],"collection":[{"href":"https:\/\/immersafe.de\/shop\/wp-json\/wp\/v2\/product"}],"about":[{"href":"https:\/\/immersafe.de\/shop\/wp-json\/wp\/v2\/types\/product"}],"version-history":[{"count":11,"href":"https:\/\/immersafe.de\/shop\/wp-json\/wp\/v2\/product\/1221\/revisions"}],"predecessor-version":[{"id":6110,"href":"https:\/\/immersafe.de\/shop\/wp-json\/wp\/v2\/product\/1221\/revisions\/6110"}],"wp:featuredmedia":[{"embeddable":true,"href":"https:\/\/immersafe.de\/shop\/wp-json\/wp\/v2\/media\/6049"}],"wp:attachment":[{"href":"https:\/\/immersafe.de\/shop\/wp-json\/wp\/v2\/media?parent=1221"}],"wp:term":[{"taxonomy":"product_brand","embeddable":true,"href":"https:\/\/immersafe.de\/shop\/wp-json\/wp\/v2\/product_brand?post=1221"},{"taxonomy":"product_cat","embeddable":true,"href":"https:\/\/immersafe.de\/shop\/wp-json\/wp\/v2\/product_cat?post=1221"},{"taxonomy":"product_tag","embeddable":true,"href":"https:\/\/immersafe.de\/shop\/wp-json\/wp\/v2\/product_tag?post=1221"}],"curies":[{"name":"wp","href":"https:\/\/api.w.org\/{rel}","templated":true}]}}