{"id":1274,"date":"2021-01-12T14:11:28","date_gmt":"2021-01-12T14:11:28","guid":{"rendered":"https:\/\/shop.immersafe.de\/?post_type=product&#038;p=1274"},"modified":"2025-08-11T13:03:08","modified_gmt":"2025-08-11T13:03:08","slug":"staubags-90x180-cm-level-1","status":"publish","type":"product","link":"https:\/\/immersafe.de\/shop\/staubags-90x180-cm-level-1\/","title":{"rendered":"Staubags 90X180 cm &#8211; Level 1"},"content":{"rendered":"\t\t<div data-elementor-type=\"wp-post\" data-elementor-id=\"1274\" class=\"elementor elementor-1274\">\n\t\t\t\t\t\t<section class=\"elementor-section elementor-top-section elementor-element elementor-element-2841e96c elementor-section-boxed elementor-section-height-default elementor-section-height-default\" data-id=\"2841e96c\" data-element_type=\"section\" data-e-type=\"section\">\n\t\t\t\t\t\t<div class=\"elementor-container elementor-column-gap-default\">\n\t\t\t\t\t<div class=\"aux-parallax-section elementor-column elementor-col-100 elementor-top-column elementor-element elementor-element-531a415c\" data-id=\"531a415c\" data-element_type=\"column\" data-e-type=\"column\">\n\t\t\t<div class=\"elementor-widget-wrap elementor-element-populated\">\n\t\t\t\t\t\t<div class=\"elementor-element elementor-element-53376b1a elementor-widget elementor-widget-text-editor\" data-id=\"53376b1a\" data-element_type=\"widget\" data-e-type=\"widget\" data-widget_type=\"text-editor.default\">\n\t\t\t\t<div class=\"elementor-widget-container\">\n\t\t\t\t\t\t\t\t\t<p>Staubags (auch bekannt als Dunnage Bags) sind die ideale Methode, um Ihre Ladung in Containern, Eisenbahnwagen und Anh\u00e4ngern zu sichern. Durch die Verwendung von Staupolstern wird verhindert, dass die Ladung w\u00e4hrend des Transports verrutscht oder umf\u00e4llt. Sie legen das Staupolster in die leeren R\u00e4ume zwischen den Paletten und blasen es mit unserer F\u00fcllpistole auf. Die Staupolster sind aus PP (Polypropylen) gefertigt, so dass sie auch gegen Feuchtigkeit best\u00e4ndig sind. Es gibt verschiedene Gr\u00f6\u00dfen von Staupolstern, mit verschiedenen Belastungsstufen.<\/p><p><strong>Level 1 ist der h\u00e4ufigste Typ.<\/strong><\/p><p><strong> Technische Daten:<\/strong><\/p><ul><li>Material: Polyethylen<\/li><li>L\u00e4nge: 180 cm<\/li><li>Breite: 90 cm<\/li><\/ul>\t\t\t\t\t\t\t\t<\/div>\n\t\t\t\t<\/div>\n\t\t\t\t\t<\/div>\n\t\t<\/div>\n\t\t\t\t\t<\/div>\n\t\t<\/section>\n\t\t\t\t<\/div>\n\t\t","protected":false},"excerpt":{"rendered":"<p>Staubags (auch bekannt als Dunnage Bags) sind die ideale Methode, um Ihre Ladung in Containern, Eisenbahnwagen und Anh\u00e4ngern zu sichern. Durch die Verwendung von Staupolstern wird verhindert, dass die Ladung w\u00e4hrend des Transports verrutscht oder umf\u00e4llt. Sie legen das Staupolster in die leeren R\u00e4ume zwischen den Paletten und blasen es mit unserer F\u00fcllpistole auf. Die [&hellip;]<\/p>\n","protected":false},"featured_media":1261,"template":"","meta":{"_acf_changed":false},"product_brand":[],"product_cat":[147,107,104,238,148],"product_tag":[],"class_list":{"0":"post-1274","1":"product","2":"type-product","3":"status-publish","4":"has-post-thumbnail","6":"product_cat-dunnage-bags","7":"product_cat-lkw-und-schifffahrt","8":"product_cat-loesungen-fuer-container-in-flugzeugen","9":"product_cat-spezialprodukte","10":"product_cat-staubags","12":"first","13":"instock","14":"taxable","15":"shipping-taxable","16":"purchasable","17":"product-type-simple"},"acf":[],"tiered_pricing_type":"fixed","tiered_pricing_fixed_rules":{"225":6.75,"450":5.75},"tiered_pricing_product_settings":{"layout":"default","base_unit_name":{"singular":null,"plural":null},"default_variation":null},"tiered_pricing_minimum_quantity":null,"tiered_pricing_roles_data":[],"tiered_pricing_percentage_rules":[],"_links":{"self":[{"href":"https:\/\/immersafe.de\/shop\/wp-json\/wp\/v2\/product\/1274","targetHints":{"allow":["GET"]}}],"collection":[{"href":"https:\/\/immersafe.de\/shop\/wp-json\/wp\/v2\/product"}],"about":[{"href":"https:\/\/immersafe.de\/shop\/wp-json\/wp\/v2\/types\/product"}],"version-history":[{"count":5,"href":"https:\/\/immersafe.de\/shop\/wp-json\/wp\/v2\/product\/1274\/revisions"}],"predecessor-version":[{"id":5413,"href":"https:\/\/immersafe.de\/shop\/wp-json\/wp\/v2\/product\/1274\/revisions\/5413"}],"wp:featuredmedia":[{"embeddable":true,"href":"https:\/\/immersafe.de\/shop\/wp-json\/wp\/v2\/media\/1261"}],"wp:attachment":[{"href":"https:\/\/immersafe.de\/shop\/wp-json\/wp\/v2\/media?parent=1274"}],"wp:term":[{"taxonomy":"product_brand","embeddable":true,"href":"https:\/\/immersafe.de\/shop\/wp-json\/wp\/v2\/product_brand?post=1274"},{"taxonomy":"product_cat","embeddable":true,"href":"https:\/\/immersafe.de\/shop\/wp-json\/wp\/v2\/product_cat?post=1274"},{"taxonomy":"product_tag","embeddable":true,"href":"https:\/\/immersafe.de\/shop\/wp-json\/wp\/v2\/product_tag?post=1274"}],"curies":[{"name":"wp","href":"https:\/\/api.w.org\/{rel}","templated":true}]}}