{"id":1362,"date":"2021-01-25T17:00:53","date_gmt":"2021-01-25T17:00:53","guid":{"rendered":"https:\/\/shop.immersafe.de\/?post_type=product&#038;p=1362"},"modified":"2026-02-25T10:03:21","modified_gmt":"2026-02-25T10:03:21","slug":"double-lock-kabelplombe","status":"publish","type":"product","link":"https:\/\/immersafe.de\/shop\/double-lock-kabelplombe\/","title":{"rendered":"Double Lock Kabelplombe"},"content":{"rendered":"\t\t<div data-elementor-type=\"wp-post\" data-elementor-id=\"1362\" class=\"elementor elementor-1362\">\n\t\t\t\t\t\t<section class=\"elementor-section elementor-top-section elementor-element elementor-element-d2707b0 elementor-section-boxed elementor-section-height-default elementor-section-height-default\" data-id=\"d2707b0\" data-element_type=\"section\" data-e-type=\"section\">\n\t\t\t\t\t\t<div class=\"elementor-container elementor-column-gap-default\">\n\t\t\t\t\t<div class=\"aux-parallax-section elementor-column elementor-col-100 elementor-top-column elementor-element elementor-element-f6cc7a0\" data-id=\"f6cc7a0\" data-element_type=\"column\" data-e-type=\"column\">\n\t\t\t<div class=\"elementor-widget-wrap elementor-element-populated\">\n\t\t\t\t\t\t<div class=\"elementor-element elementor-element-90d5076 elementor-widget elementor-widget-heading\" data-id=\"90d5076\" data-element_type=\"widget\" data-e-type=\"widget\" data-widget_type=\"heading.default\">\n\t\t\t\t<div class=\"elementor-widget-container\">\n\t\t\t\t\t<h2 class=\"elementor-heading-title elementor-size-default\">Maximale Sicherheit durch doppelten Verschluss<\/h2>\t\t\t\t<\/div>\n\t\t\t\t<\/div>\n\t\t\t\t<div class=\"elementor-element elementor-element-69de8c1 elementor-widget elementor-widget-text-editor\" data-id=\"69de8c1\" data-element_type=\"widget\" data-e-type=\"widget\" data-widget_type=\"text-editor.default\">\n\t\t\t\t<div class=\"elementor-widget-container\">\n\t\t\t\t\t\t\t\t\t<p>Die <strong data-start=\"4\" data-end=\"37\">Double Lock Sicherheitsplombe<\/strong> ist eine robuste Fixl\u00e4ngenplombe aus Polypropylen, die speziell f\u00fcr Anwendungen entwickelt wurde, bei denen erh\u00f6hte Manipulationssicherheit erforderlich ist. Der doppelte Verschlussmechanismus verhindert ein unbemerktes \u00d6ffnen und sorgt f\u00fcr zus\u00e4tzliche Sicherheit.<\/p>\t\t\t\t\t\t\t\t<\/div>\n\t\t\t\t<\/div>\n\t\t\t\t<div class=\"elementor-element elementor-element-fd398a0 elementor-widget-divider--view-line elementor-widget elementor-widget-divider\" data-id=\"fd398a0\" data-element_type=\"widget\" data-e-type=\"widget\" data-widget_type=\"divider.default\">\n\t\t\t\t<div class=\"elementor-widget-container\">\n\t\t\t\t\t\t\t<div class=\"elementor-divider\">\n\t\t\t<span class=\"elementor-divider-separator\">\n\t\t\t\t\t\t<\/span>\n\t\t<\/div>\n\t\t\t\t\t\t<\/div>\n\t\t\t\t<\/div>\n\t\t\t\t<section class=\"elementor-section elementor-inner-section elementor-element elementor-element-a469d46 elementor-section-boxed elementor-section-height-default elementor-section-height-default\" data-id=\"a469d46\" data-element_type=\"section\" data-e-type=\"section\">\n\t\t\t\t\t\t<div class=\"elementor-container elementor-column-gap-default\">\n\t\t\t\t\t<div class=\"aux-parallax-section elementor-column elementor-col-50 elementor-inner-column elementor-element elementor-element-8d6017a\" data-id=\"8d6017a\" data-element_type=\"column\" data-e-type=\"column\">\n\t\t\t<div class=\"elementor-widget-wrap elementor-element-populated\">\n\t\t\t\t\t\t<div class=\"elementor-element elementor-element-20c0a50 elementor-widget elementor-widget-text-editor\" data-id=\"20c0a50\" data-element_type=\"widget\" data-e-type=\"widget\" data-widget_type=\"text-editor.default\">\n\t\t\t\t<div class=\"elementor-widget-container\">\n\t\t\t\t\t\t\t\t\t<p><strong>Produkteigenschaften<\/strong><\/p><ul><li><strong>Doppelter Verschlussmechanismus:<\/strong> Erh\u00f6ht die Sicherheit und verhindert unbefugtes \u00d6ffnen.<\/li><li data-start=\"670\" data-end=\"730\"><strong data-start=\"670\" data-end=\"690\">Sollbruchstelle:<\/strong> Erm\u00f6glicht einfaches Entfernen der Plombe und zeigt Manipulationsversuche deutlich an.<\/li><li data-start=\"733\" data-end=\"791\"><strong data-start=\"733\" data-end=\"751\">Einweg-Plombe:<\/strong> Nicht wiederverwendbar, um h\u00f6chste Sicherheitsstandards zu gew\u00e4hrleisten.<\/li><li data-start=\"794\" data-end=\"866\"><strong data-start=\"794\" data-end=\"826\">Lasergravierte Seriennummer:<\/strong> Eindeutige Identifikation und Nachverfolgbarkeit.<\/li><li data-start=\"869\" data-end=\"961\"><strong data-start=\"869\" data-end=\"882\">Material:<\/strong> Hergestellt aus hochwertigem Polypropylen f\u00fcr Langlebigkeit und Widerstandsf\u00e4higkeit.<\/li><\/ul>\t\t\t\t\t\t\t\t<\/div>\n\t\t\t\t<\/div>\n\t\t\t\t\t<\/div>\n\t\t<\/div>\n\t\t\t\t<div class=\"aux-parallax-section elementor-column elementor-col-50 elementor-inner-column elementor-element elementor-element-6a7f33b\" data-id=\"6a7f33b\" data-element_type=\"column\" data-e-type=\"column\">\n\t\t\t<div class=\"elementor-widget-wrap elementor-element-populated\">\n\t\t\t\t\t\t<div class=\"elementor-element elementor-element-293697b elementor-widget elementor-widget-text-editor\" data-id=\"293697b\" data-element_type=\"widget\" data-e-type=\"widget\" data-widget_type=\"text-editor.default\">\n\t\t\t\t<div class=\"elementor-widget-container\">\n\t\t\t\t\t\t\t\t\t<p><strong>Anwendungsbereiche<\/strong><\/p>\t\t\t\t\t\t\t\t<\/div>\n\t\t\t\t<\/div>\n\t\t\t\t<div class=\"elementor-element elementor-element-8ec4d68 elementor-widget elementor-widget-text-editor\" data-id=\"8ec4d68\" data-element_type=\"widget\" data-e-type=\"widget\" data-widget_type=\"text-editor.default\">\n\t\t\t\t<div class=\"elementor-widget-container\">\n\t\t\t\t\t\t\t\t\t<ul><li>Sicherung von Containern und LKWs<\/li><li data-start=\"1376\" data-end=\"1415\">Versiegelung von Lagerr\u00e4umen und Transportbeh\u00e4ltern<\/li><li data-start=\"1418\" data-end=\"1457\">Einsatz in der Lebensmittel- und Pharmaindustrie<\/li><li data-start=\"1418\" data-end=\"1457\">Kontrolle von Zugang zu sensiblen Bereichen<\/li><\/ul>\t\t\t\t\t\t\t\t<\/div>\n\t\t\t\t<\/div>\n\t\t\t\t\t<\/div>\n\t\t<\/div>\n\t\t\t\t\t<\/div>\n\t\t<\/section>\n\t\t\t\t\t<\/div>\n\t\t<\/div>\n\t\t\t\t\t<\/div>\n\t\t<\/section>\n\t\t\t\t<\/div>\n\t\t","protected":false},"excerpt":{"rendered":"<p>Maximale Sicherheit durch doppelten Verschluss Die Double Lock Sicherheitsplombe ist eine robuste Fixl\u00e4ngenplombe aus Polypropylen, die speziell f\u00fcr Anwendungen entwickelt wurde, bei denen erh\u00f6hte Manipulationssicherheit erforderlich ist. Der doppelte Verschlussmechanismus verhindert ein unbemerktes \u00d6ffnen und sorgt f\u00fcr zus\u00e4tzliche Sicherheit. Produkteigenschaften Doppelter Verschlussmechanismus: Erh\u00f6ht die Sicherheit und verhindert unbefugtes \u00d6ffnen. Sollbruchstelle: Erm\u00f6glicht einfaches Entfernen der Plombe [&hellip;]<\/p>\n","protected":false},"featured_media":1660,"template":"","meta":{"_acf_changed":false},"product_brand":[],"product_cat":[106,35,107,114,33,119,116],"product_tag":[],"class_list":{"0":"post-1362","1":"product","2":"type-product","3":"status-publish","4":"has-post-thumbnail","6":"product_cat-container","7":"product_cat-kabelplomben","8":"product_cat-lkw-und-schifffahrt","9":"product_cat-lkw-anhanger","10":"product_cat-sicherheitsplomben","11":"product_cat-stahldrahtdichtungen-und-fasser","12":"product_cat-zugwaggon","14":"first","15":"instock","16":"taxable","17":"shipping-taxable","18":"purchasable","19":"product-type-simple"},"acf":[],"tiered_pricing_type":"fixed","tiered_pricing_fixed_rules":[],"tiered_pricing_product_settings":{"layout":"default","base_unit_name":{"singular":null,"plural":null},"default_variation":null},"tiered_pricing_minimum_quantity":null,"tiered_pricing_roles_data":[],"tiered_pricing_percentage_rules":[],"_links":{"self":[{"href":"https:\/\/immersafe.de\/shop\/wp-json\/wp\/v2\/product\/1362","targetHints":{"allow":["GET"]}}],"collection":[{"href":"https:\/\/immersafe.de\/shop\/wp-json\/wp\/v2\/product"}],"about":[{"href":"https:\/\/immersafe.de\/shop\/wp-json\/wp\/v2\/types\/product"}],"version-history":[{"count":6,"href":"https:\/\/immersafe.de\/shop\/wp-json\/wp\/v2\/product\/1362\/revisions"}],"predecessor-version":[{"id":6421,"href":"https:\/\/immersafe.de\/shop\/wp-json\/wp\/v2\/product\/1362\/revisions\/6421"}],"wp:featuredmedia":[{"embeddable":true,"href":"https:\/\/immersafe.de\/shop\/wp-json\/wp\/v2\/media\/1660"}],"wp:attachment":[{"href":"https:\/\/immersafe.de\/shop\/wp-json\/wp\/v2\/media?parent=1362"}],"wp:term":[{"taxonomy":"product_brand","embeddable":true,"href":"https:\/\/immersafe.de\/shop\/wp-json\/wp\/v2\/product_brand?post=1362"},{"taxonomy":"product_cat","embeddable":true,"href":"https:\/\/immersafe.de\/shop\/wp-json\/wp\/v2\/product_cat?post=1362"},{"taxonomy":"product_tag","embeddable":true,"href":"https:\/\/immersafe.de\/shop\/wp-json\/wp\/v2\/product_tag?post=1362"}],"curies":[{"name":"wp","href":"https:\/\/api.w.org\/{rel}","templated":true}]}}