{"id":1369,"date":"2021-01-25T17:18:27","date_gmt":"2021-01-25T17:18:27","guid":{"rendered":"https:\/\/shop.immersafe.de\/?post_type=product&#038;p=1369"},"modified":"2026-01-23T15:58:23","modified_gmt":"2026-01-23T15:58:23","slug":"siegelzange","status":"publish","type":"product","link":"https:\/\/immersafe.de\/shop\/siegelzange\/","title":{"rendered":"Siegelzange"},"content":{"rendered":"\t\t<div data-elementor-type=\"wp-post\" data-elementor-id=\"1369\" class=\"elementor elementor-1369\">\n\t\t\t\t\t\t<section class=\"elementor-section elementor-top-section elementor-element elementor-element-db427bb elementor-section-boxed elementor-section-height-default elementor-section-height-default\" data-id=\"db427bb\" data-element_type=\"section\" data-e-type=\"section\">\n\t\t\t\t\t\t<div class=\"elementor-container elementor-column-gap-default\">\n\t\t\t\t\t<div class=\"aux-parallax-section elementor-column elementor-col-100 elementor-top-column elementor-element elementor-element-0c7e29e\" data-id=\"0c7e29e\" data-element_type=\"column\" data-e-type=\"column\">\n\t\t\t<div class=\"elementor-widget-wrap elementor-element-populated\">\n\t\t\t\t\t\t<div class=\"elementor-element elementor-element-5f6d411 elementor-widget elementor-widget-heading\" data-id=\"5f6d411\" data-element_type=\"widget\" data-e-type=\"widget\" data-widget_type=\"heading.default\">\n\t\t\t\t<div class=\"elementor-widget-container\">\n\t\t\t\t\t<h2 class=\"elementor-heading-title elementor-size-default\"> Zuverl\u00e4ssiges Versiegeln von Sicherheitsplomben<\/h2>\t\t\t\t<\/div>\n\t\t\t\t<\/div>\n\t\t\t\t<div class=\"elementor-element elementor-element-9f80979 elementor-widget elementor-widget-text-editor\" data-id=\"9f80979\" data-element_type=\"widget\" data-e-type=\"widget\" data-widget_type=\"text-editor.default\">\n\t\t\t\t<div class=\"elementor-widget-container\">\n\t\t\t\t\t\t\t\t\t<p>Die <strong>Siegelzange<\/strong> von Immersafe wurde speziell f\u00fcr das sichere und effiziente Verschlie\u00dfen von Sicherheitsplomben entwickelt. Sie eignet sich ideal f\u00fcr den Einsatz in Logistik, Transport, Industrie sowie in allen Bereichen, in denen h\u00f6chste Manipulationssicherheit erforderlich ist.<\/p>\t\t\t\t\t\t\t\t<\/div>\n\t\t\t\t<\/div>\n\t\t\t\t<div class=\"elementor-element elementor-element-d760fc2 elementor-widget-divider--view-line elementor-widget elementor-widget-divider\" data-id=\"d760fc2\" data-element_type=\"widget\" data-e-type=\"widget\" data-widget_type=\"divider.default\">\n\t\t\t\t<div class=\"elementor-widget-container\">\n\t\t\t\t\t\t\t<div class=\"elementor-divider\">\n\t\t\t<span class=\"elementor-divider-separator\">\n\t\t\t\t\t\t<\/span>\n\t\t<\/div>\n\t\t\t\t\t\t<\/div>\n\t\t\t\t<\/div>\n\t\t\t\t<section class=\"elementor-section elementor-inner-section elementor-element elementor-element-0fcbb08 elementor-section-boxed elementor-section-height-default elementor-section-height-default\" data-id=\"0fcbb08\" data-element_type=\"section\" data-e-type=\"section\">\n\t\t\t\t\t\t<div class=\"elementor-container elementor-column-gap-default\">\n\t\t\t\t\t<div class=\"aux-parallax-section elementor-column elementor-col-50 elementor-inner-column elementor-element elementor-element-8b3edea\" data-id=\"8b3edea\" data-element_type=\"column\" data-e-type=\"column\">\n\t\t\t<div class=\"elementor-widget-wrap elementor-element-populated\">\n\t\t\t\t\t\t<div class=\"elementor-element elementor-element-e46c6ac elementor-widget elementor-widget-text-editor\" data-id=\"e46c6ac\" data-element_type=\"widget\" data-e-type=\"widget\" data-widget_type=\"text-editor.default\">\n\t\t\t\t<div class=\"elementor-widget-container\">\n\t\t\t\t\t\t\t\t\t<p><strong>Produkteigenschaften<\/strong><\/p><ul><li>Pharmazeutische Produktion und Verpackung<\/li><li data-start=\"1187\" data-end=\"1226\">Lebensmittelverarbeitung und -verpackung<\/li><li data-start=\"1229\" data-end=\"1268\">Sicherung von Lagerbeh\u00e4ltern und Transportkisten<\/li><li data-start=\"1271\" data-end=\"1349\">Qualit\u00e4tskontrollprozesse mit Metalldetektionssystemen<\/li><\/ul>\t\t\t\t\t\t\t\t<\/div>\n\t\t\t\t<\/div>\n\t\t\t\t\t<\/div>\n\t\t<\/div>\n\t\t\t\t<div class=\"aux-parallax-section elementor-column elementor-col-50 elementor-inner-column elementor-element elementor-element-801bcbd\" data-id=\"801bcbd\" data-element_type=\"column\" data-e-type=\"column\">\n\t\t\t<div class=\"elementor-widget-wrap elementor-element-populated\">\n\t\t\t\t\t\t<div class=\"elementor-element elementor-element-9a27a5f elementor-widget elementor-widget-text-editor\" data-id=\"9a27a5f\" data-element_type=\"widget\" data-e-type=\"widget\" data-widget_type=\"text-editor.default\">\n\t\t\t\t<div class=\"elementor-widget-container\">\n\t\t\t\t\t\t\t\t\t<p><strong>Anwendungsbereiche<\/strong><\/p><ul><li>Sicherung von Containern und Transportbeh\u00e4ltern<\/li><li data-start=\"954\" data-end=\"993\">Versiegelung von Lagerr\u00e4umen und Sicherheitsbereichen<\/li><li data-start=\"996\" data-end=\"1035\">Einsatz in der Logistik- und Transportbranche<\/li><li data-start=\"1038\" data-end=\"1116\">Anwendungen in der Industrie und im Handel<\/li><\/ul>\t\t\t\t\t\t\t\t<\/div>\n\t\t\t\t<\/div>\n\t\t\t\t\t<\/div>\n\t\t<\/div>\n\t\t\t\t\t<\/div>\n\t\t<\/section>\n\t\t\t\t\t<\/div>\n\t\t<\/div>\n\t\t\t\t\t<\/div>\n\t\t<\/section>\n\t\t\t\t<\/div>\n\t\t","protected":false},"excerpt":{"rendered":"<p>Zuverl\u00e4ssiges Versiegeln von Sicherheitsplomben Die Siegelzange von Immersafe wurde speziell f\u00fcr das sichere und effiziente Verschlie\u00dfen von Sicherheitsplomben entwickelt. Sie eignet sich ideal f\u00fcr den Einsatz in Logistik, Transport, Industrie sowie in allen Bereichen, in denen h\u00f6chste Manipulationssicherheit erforderlich ist. Produkteigenschaften Pharmazeutische Produktion und Verpackung Lebensmittelverarbeitung und -verpackung Sicherung von Lagerbeh\u00e4ltern und Transportkisten Qualit\u00e4tskontrollprozesse mit [&hellip;]<\/p>\n","protected":false},"featured_media":1585,"template":"","meta":{"_acf_changed":false},"product_brand":[],"product_cat":[69,33,238,168],"product_tag":[],"class_list":{"0":"post-1369","1":"product","2":"type-product","3":"status-publish","4":"has-post-thumbnail","6":"product_cat-kunststoffplomben","7":"product_cat-sicherheitsplomben","8":"product_cat-spezialprodukte","9":"product_cat-werkzeug","11":"first","12":"instock","13":"featured","14":"taxable","15":"shipping-taxable","16":"purchasable","17":"product-type-simple"},"acf":[],"tiered_pricing_type":"fixed","tiered_pricing_fixed_rules":[],"tiered_pricing_product_settings":{"layout":"default","base_unit_name":{"singular":null,"plural":null},"default_variation":null},"tiered_pricing_minimum_quantity":null,"tiered_pricing_roles_data":[],"tiered_pricing_percentage_rules":[],"_links":{"self":[{"href":"https:\/\/immersafe.de\/shop\/wp-json\/wp\/v2\/product\/1369","targetHints":{"allow":["GET"]}}],"collection":[{"href":"https:\/\/immersafe.de\/shop\/wp-json\/wp\/v2\/product"}],"about":[{"href":"https:\/\/immersafe.de\/shop\/wp-json\/wp\/v2\/types\/product"}],"version-history":[{"count":11,"href":"https:\/\/immersafe.de\/shop\/wp-json\/wp\/v2\/product\/1369\/revisions"}],"predecessor-version":[{"id":7710,"href":"https:\/\/immersafe.de\/shop\/wp-json\/wp\/v2\/product\/1369\/revisions\/7710"}],"wp:featuredmedia":[{"embeddable":true,"href":"https:\/\/immersafe.de\/shop\/wp-json\/wp\/v2\/media\/1585"}],"wp:attachment":[{"href":"https:\/\/immersafe.de\/shop\/wp-json\/wp\/v2\/media?parent=1369"}],"wp:term":[{"taxonomy":"product_brand","embeddable":true,"href":"https:\/\/immersafe.de\/shop\/wp-json\/wp\/v2\/product_brand?post=1369"},{"taxonomy":"product_cat","embeddable":true,"href":"https:\/\/immersafe.de\/shop\/wp-json\/wp\/v2\/product_cat?post=1369"},{"taxonomy":"product_tag","embeddable":true,"href":"https:\/\/immersafe.de\/shop\/wp-json\/wp\/v2\/product_tag?post=1369"}],"curies":[{"name":"wp","href":"https:\/\/api.w.org\/{rel}","templated":true}]}}