{"id":1381,"date":"2021-01-26T13:07:07","date_gmt":"2021-01-26T13:07:07","guid":{"rendered":"https:\/\/shop.immersafe.de\/?post_type=product&#038;p=1381"},"modified":"2026-01-15T11:32:12","modified_gmt":"2026-01-15T11:32:12","slug":"druckverschlussbeutel-mit-schreibblock-60x80-mm","status":"publish","type":"product","link":"https:\/\/immersafe.de\/shop\/druckverschlussbeutel-mit-schreibblock-60x80-mm\/","title":{"rendered":"Druckverschlussbeutel mit Schreibblock 60&#215;80 mm &#8211; (Set \u00e0 100 St\u00fcck)"},"content":{"rendered":"\t\t<div data-elementor-type=\"wp-post\" data-elementor-id=\"1381\" class=\"elementor elementor-1381\">\n\t\t\t\t\t\t<section class=\"elementor-section elementor-top-section elementor-element elementor-element-133c5317 elementor-section-boxed elementor-section-height-default elementor-section-height-default\" data-id=\"133c5317\" data-element_type=\"section\" data-e-type=\"section\">\n\t\t\t\t\t\t<div class=\"elementor-container elementor-column-gap-default\">\n\t\t\t\t\t<div class=\"aux-parallax-section elementor-column elementor-col-100 elementor-top-column elementor-element elementor-element-6b583df6\" data-id=\"6b583df6\" data-element_type=\"column\" data-e-type=\"column\">\n\t\t\t<div class=\"elementor-widget-wrap elementor-element-populated\">\n\t\t\t\t\t\t<div class=\"elementor-element elementor-element-5837fa7b elementor-widget elementor-widget-text-editor\" data-id=\"5837fa7b\" data-element_type=\"widget\" data-e-type=\"widget\" data-widget_type=\"text-editor.default\">\n\t\t\t\t<div class=\"elementor-widget-container\">\n\t\t\t\t\t\t\t\t\t<p>Unsere ZIP-Beutel sind die ideale M\u00f6glichkeit, Produkte zu lagern oder zu verpacken. Die Griffbeutel sind transparent und mit wei\u00dfen Schreibfeldern versehen. Durch den bekannten Druckverschluss ist der Beutel beliebig oft wiederverschlie\u00dfbar und durch das Loch \u00fcber dem Verschluss ist er auch einfach zum Aufh\u00e4ngen zur Lagerung geeignet.<\/p><p><strong>TECHNISCHE DATEN<\/strong><\/p><ul><li>Material LDPE<\/li><li>Farbe Transparent<\/li><li>Schreibfl\u00e4che Keine<\/li><li>L\u00e4nge 80 mm<\/li><li>Breite 60 mm<\/li><\/ul>\t\t\t\t\t\t\t\t<\/div>\n\t\t\t\t<\/div>\n\t\t\t\t\t<\/div>\n\t\t<\/div>\n\t\t\t\t\t<\/div>\n\t\t<\/section>\n\t\t\t\t<\/div>\n\t\t","protected":false},"excerpt":{"rendered":"<p><strong>Set \u00e0 100 St\u00fcck<\/strong><\/p>\n","protected":false},"featured_media":6116,"template":"","meta":{"_acf_changed":false,"postBodyCss":"","postBodyMargin":[],"postBodyPadding":[],"postBodyBackground":{"backgroundType":"classic","gradient":""}},"product_brand":[],"product_cat":[153,178,152,23],"product_tag":[],"class_list":{"0":"post-1381","1":"product","2":"type-product","3":"status-publish","4":"has-post-thumbnail","6":"product_cat-druckverschlussbeutel","7":"product_cat-grip-taschen","8":"product_cat-muenzumschlaege","9":"product_cat-sicherheitstaschen","11":"first","12":"instock","13":"taxable","14":"shipping-taxable","15":"purchasable","16":"product-type-simple"},"acf":[],"tiered_pricing_type":"fixed","tiered_pricing_fixed_rules":[],"tiered_pricing_product_settings":{"layout":"default","base_unit_name":{"singular":null,"plural":null},"default_variation":null},"tiered_pricing_minimum_quantity":null,"tiered_pricing_roles_data":[],"tiered_pricing_percentage_rules":[],"_links":{"self":[{"href":"https:\/\/immersafe.de\/shop\/wp-json\/wp\/v2\/product\/1381","targetHints":{"allow":["GET"]}}],"collection":[{"href":"https:\/\/immersafe.de\/shop\/wp-json\/wp\/v2\/product"}],"about":[{"href":"https:\/\/immersafe.de\/shop\/wp-json\/wp\/v2\/types\/product"}],"version-history":[{"count":10,"href":"https:\/\/immersafe.de\/shop\/wp-json\/wp\/v2\/product\/1381\/revisions"}],"predecessor-version":[{"id":6055,"href":"https:\/\/immersafe.de\/shop\/wp-json\/wp\/v2\/product\/1381\/revisions\/6055"}],"wp:featuredmedia":[{"embeddable":true,"href":"https:\/\/immersafe.de\/shop\/wp-json\/wp\/v2\/media\/6116"}],"wp:attachment":[{"href":"https:\/\/immersafe.de\/shop\/wp-json\/wp\/v2\/media?parent=1381"}],"wp:term":[{"taxonomy":"product_brand","embeddable":true,"href":"https:\/\/immersafe.de\/shop\/wp-json\/wp\/v2\/product_brand?post=1381"},{"taxonomy":"product_cat","embeddable":true,"href":"https:\/\/immersafe.de\/shop\/wp-json\/wp\/v2\/product_cat?post=1381"},{"taxonomy":"product_tag","embeddable":true,"href":"https:\/\/immersafe.de\/shop\/wp-json\/wp\/v2\/product_tag?post=1381"}],"curies":[{"name":"wp","href":"https:\/\/api.w.org\/{rel}","templated":true}]}}