{"id":1429,"date":"2021-02-18T16:16:52","date_gmt":"2021-02-18T16:16:52","guid":{"rendered":"https:\/\/shop.immersafe.de\/?post_type=product&#038;p=1429"},"modified":"2025-11-10T14:51:34","modified_gmt":"2025-11-10T14:51:34","slug":"portable-cutter-machine","status":"publish","type":"product","link":"https:\/\/immersafe.de\/shop\/portable-cutter-machine\/","title":{"rendered":"Portable Cutter Machine"},"content":{"rendered":"\t\t<div data-elementor-type=\"wp-post\" data-elementor-id=\"1429\" class=\"elementor elementor-1429\">\n\t\t\t\t\t\t<section class=\"elementor-section elementor-top-section elementor-element elementor-element-898e8d3 elementor-section-boxed elementor-section-height-default elementor-section-height-default\" data-id=\"898e8d3\" data-element_type=\"section\" data-e-type=\"section\">\n\t\t\t\t\t\t<div class=\"elementor-container elementor-column-gap-default\">\n\t\t\t\t\t<div class=\"aux-parallax-section elementor-column elementor-col-100 elementor-top-column elementor-element elementor-element-d199d2a\" data-id=\"d199d2a\" data-element_type=\"column\" data-e-type=\"column\">\n\t\t\t<div class=\"elementor-widget-wrap elementor-element-populated\">\n\t\t\t\t\t\t<div class=\"elementor-element elementor-element-5e818e0 elementor-widget elementor-widget-heading\" data-id=\"5e818e0\" data-element_type=\"widget\" data-e-type=\"widget\" data-widget_type=\"heading.default\">\n\t\t\t\t<div class=\"elementor-widget-container\">\n\t\t\t\t\t<h2 class=\"elementor-heading-title elementor-size-default\">Portable Cutter Machine \u2013 Mobiles Schneideger\u00e4t f\u00fcr Sicherheitsplomben<\/h2>\t\t\t\t<\/div>\n\t\t\t\t<\/div>\n\t\t\t\t<div class=\"elementor-element elementor-element-1cb2652 elementor-widget elementor-widget-text-editor\" data-id=\"1cb2652\" data-element_type=\"widget\" data-e-type=\"widget\" data-widget_type=\"text-editor.default\">\n\t\t\t\t<div class=\"elementor-widget-container\">\n\t\t\t\t\t\t\t\t\t<p><span class=\"relative\">Die <\/span><strong data-start=\"4\" data-end=\"31\">Portable Cutter Machine<\/strong><span class=\"relative\"> von Immersafe bietet eine zuverl\u00e4ssige L\u00f6sung zum Durchtrennen von Sicherheitsplomben, Stahlseilen und \u00e4hnlichen Materialien. Dank ihrer kompakten Bauweise und ergonomischen Gestaltung eignet sie sich hervorragend f\u00fcr den mobilen Einsatz.<\/span><\/p>\t\t\t\t\t\t\t\t<\/div>\n\t\t\t\t<\/div>\n\t\t\t\t<div class=\"elementor-element elementor-element-428c480 elementor-widget-divider--view-line elementor-widget elementor-widget-divider\" data-id=\"428c480\" data-element_type=\"widget\" data-e-type=\"widget\" data-widget_type=\"divider.default\">\n\t\t\t\t<div class=\"elementor-widget-container\">\n\t\t\t\t\t\t\t<div class=\"elementor-divider\">\n\t\t\t<span class=\"elementor-divider-separator\">\n\t\t\t\t\t\t<\/span>\n\t\t<\/div>\n\t\t\t\t\t\t<\/div>\n\t\t\t\t<\/div>\n\t\t\t\t<section class=\"elementor-section elementor-inner-section elementor-element elementor-element-ed1bbd6 elementor-section-boxed elementor-section-height-default elementor-section-height-default\" data-id=\"ed1bbd6\" data-element_type=\"section\" data-e-type=\"section\">\n\t\t\t\t\t\t<div class=\"elementor-container elementor-column-gap-default\">\n\t\t\t\t\t<div class=\"aux-parallax-section elementor-column elementor-col-50 elementor-inner-column elementor-element elementor-element-7b5f8da\" data-id=\"7b5f8da\" data-element_type=\"column\" data-e-type=\"column\">\n\t\t\t<div class=\"elementor-widget-wrap elementor-element-populated\">\n\t\t\t\t\t\t<div class=\"elementor-element elementor-element-eb9a26f elementor-widget elementor-widget-text-editor\" data-id=\"eb9a26f\" data-element_type=\"widget\" data-e-type=\"widget\" data-widget_type=\"text-editor.default\">\n\t\t\t\t<div class=\"elementor-widget-container\">\n\t\t\t\t\t\t\t\t\t<p><strong>Technische Daten<\/strong><\/p>\t\t\t\t\t\t\t\t<\/div>\n\t\t\t\t<\/div>\n\t\t\t\t<div class=\"elementor-element elementor-element-363723c elementor-widget elementor-widget-wl-product-additional-information\" data-id=\"363723c\" data-element_type=\"widget\" data-e-type=\"widget\" data-widget_type=\"wl-product-additional-information.default\">\n\t\t\t\t<div class=\"elementor-widget-container\">\n\t\t\t\t\t\n\t<h2>Zus\u00e4tzliche Informationen<\/h2>\n\n<table class=\"woocommerce-product-attributes shop_attributes\" aria-label=\"Produktdetails\">\n\t\t\t<tr class=\"woocommerce-product-attributes-item woocommerce-product-attributes-item--attribute_pa_material\">\n\t\t\t<th class=\"woocommerce-product-attributes-item__label\" scope=\"row\">Material<\/th>\n\t\t\t<td class=\"woocommerce-product-attributes-item__value\"><p>Hochwertiger Stahl<\/p>\n<\/td>\n\t\t<\/tr>\n\t\t\t<tr class=\"woocommerce-product-attributes-item woocommerce-product-attributes-item--attribute_pa_griffmaterial\">\n\t\t\t<th class=\"woocommerce-product-attributes-item__label\" scope=\"row\">Griffmaterial<\/th>\n\t\t\t<td class=\"woocommerce-product-attributes-item__value\"><p>Rutschfester Kunststoff<\/p>\n<\/td>\n\t\t<\/tr>\n\t\t\t<tr class=\"woocommerce-product-attributes-item woocommerce-product-attributes-item--attribute_pa_arbeitsdruck\">\n\t\t\t<th class=\"woocommerce-product-attributes-item__label\" scope=\"row\">Arbeitsdruck<\/th>\n\t\t\t<td class=\"woocommerce-product-attributes-item__value\"><p>550 bar<\/p>\n<\/td>\n\t\t<\/tr>\n\t\t\t<tr class=\"woocommerce-product-attributes-item woocommerce-product-attributes-item--attribute_pa_spannung\">\n\t\t\t<th class=\"woocommerce-product-attributes-item__label\" scope=\"row\">Spannung<\/th>\n\t\t\t<td class=\"woocommerce-product-attributes-item__value\"><p>18 V-5 Ah<\/p>\n<\/td>\n\t\t<\/tr>\n\t\t\t<tr class=\"woocommerce-product-attributes-item woocommerce-product-attributes-item--attribute_pa_gewicht\">\n\t\t\t<th class=\"woocommerce-product-attributes-item__label\" scope=\"row\">Gewicht<\/th>\n\t\t\t<td class=\"woocommerce-product-attributes-item__value\"><p>Ca. 1,5 kg (6,7 kg mit Batterie)<\/p>\n<\/td>\n\t\t<\/tr>\n\t\t\t<tr class=\"woocommerce-product-attributes-item woocommerce-product-attributes-item--attribute_pa_schneidkraft\">\n\t\t\t<th class=\"woocommerce-product-attributes-item__label\" scope=\"row\">Schneidkraft<\/th>\n\t\t\t<td class=\"woocommerce-product-attributes-item__value\"><p>77 Tonnen<\/p>\n<\/td>\n\t\t<\/tr>\n\t\t\t<tr class=\"woocommerce-product-attributes-item woocommerce-product-attributes-item--attribute_pa_schneidleistung\">\n\t\t\t<th class=\"woocommerce-product-attributes-item__label\" scope=\"row\">Schneidleistung<\/th>\n\t\t\t<td class=\"woocommerce-product-attributes-item__value\"><p>\u00d8 12 mm<\/p>\n<\/td>\n\t\t<\/tr>\n\t\t\t<tr class=\"woocommerce-product-attributes-item woocommerce-product-attributes-item--attribute_pa_laenge\">\n\t\t\t<th class=\"woocommerce-product-attributes-item__label\" scope=\"row\">L\u00e4nge<\/th>\n\t\t\t<td class=\"woocommerce-product-attributes-item__value\"><p>Ca. 300 mm<\/p>\n<\/td>\n\t\t<\/tr>\n\t\t\t<tr class=\"woocommerce-product-attributes-item woocommerce-product-attributes-item--attribute_pa_schnittkapazitaet\">\n\t\t\t<th class=\"woocommerce-product-attributes-item__label\" scope=\"row\">Schnittkapazit\u00e4t<\/th>\n\t\t\t<td class=\"woocommerce-product-attributes-item__value\"><p>Bis zu 9,5 mm Durchmesser<\/p>\n<\/td>\n\t\t<\/tr>\n\t\t\t<tr class=\"woocommerce-product-attributes-item woocommerce-product-attributes-item--attribute_pa_verpackung\">\n\t\t\t<th class=\"woocommerce-product-attributes-item__label\" scope=\"row\">Verpackung<\/th>\n\t\t\t<td class=\"woocommerce-product-attributes-item__value\"><p>50 St\u00fcck pro Karton<\/p>\n<\/td>\n\t\t<\/tr>\n\t\t\t<tr class=\"woocommerce-product-attributes-item woocommerce-product-attributes-item--attribute_pa_kartonmase\">\n\t\t\t<th class=\"woocommerce-product-attributes-item__label\" scope=\"row\">Kartonma\u00dfe<\/th>\n\t\t\t<td class=\"woocommerce-product-attributes-item__value\"><p>450x100x310 mm<\/p>\n<\/td>\n\t\t<\/tr>\n\t<\/table>\n\t\t\t\t<\/div>\n\t\t\t\t<\/div>\n\t\t\t\t\t<\/div>\n\t\t<\/div>\n\t\t\t\t<div class=\"aux-parallax-section elementor-column elementor-col-50 elementor-inner-column elementor-element elementor-element-1869ef7\" data-id=\"1869ef7\" data-element_type=\"column\" data-e-type=\"column\">\n\t\t\t<div class=\"elementor-widget-wrap elementor-element-populated\">\n\t\t\t\t\t\t<div class=\"elementor-element elementor-element-ea38b84 elementor-widget elementor-widget-text-editor\" data-id=\"ea38b84\" data-element_type=\"widget\" data-e-type=\"widget\" data-widget_type=\"text-editor.default\">\n\t\t\t\t<div class=\"elementor-widget-container\">\n\t\t\t\t\t\t\t\t\t<p><strong>Produkteigenschaften<\/strong><\/p>\t\t\t\t\t\t\t\t<\/div>\n\t\t\t\t<\/div>\n\t\t\t\t<div class=\"elementor-element elementor-element-31cfe38 elementor-widget elementor-widget-text-editor\" data-id=\"31cfe38\" data-element_type=\"widget\" data-e-type=\"widget\" data-widget_type=\"text-editor.default\">\n\t\t\t\t<div class=\"elementor-widget-container\">\n\t\t\t\t\t\t\t\t\t<ul><li><strong>Robuste Konstruktion:<\/strong> Hergestellt aus hochwertigen Materialien f\u00fcr Langlebigkeit und Widerstandsf\u00e4higkeit.<\/li><li data-start=\"644\" data-end=\"709\"><strong data-start=\"644\" data-end=\"669\">Ergonomisches Design:<\/strong> Komfortabler Griff f\u00fcr sicheres und einfaches Handling.<\/li><li data-start=\"712\" data-end=\"778\"><strong data-start=\"712\" data-end=\"738\">Vielseitige Anwendung:<\/strong> Geeignet f\u00fcr verschiedene Arten von Sicherheitsplomben und Stahlseilen.<\/li><li data-start=\"781\" data-end=\"880\"><strong data-start=\"781\" data-end=\"801\">Leichtgewichtig:<\/strong> Einfach zu transportieren und ideal f\u00fcr den mobilen Einsatz.<\/li><\/ul>\t\t\t\t\t\t\t\t<\/div>\n\t\t\t\t<\/div>\n\t\t\t\t<div class=\"elementor-element elementor-element-e840584 elementor-widget-divider--view-line elementor-widget elementor-widget-divider\" data-id=\"e840584\" data-element_type=\"widget\" data-e-type=\"widget\" data-widget_type=\"divider.default\">\n\t\t\t\t<div class=\"elementor-widget-container\">\n\t\t\t\t\t\t\t<div class=\"elementor-divider\">\n\t\t\t<span class=\"elementor-divider-separator\">\n\t\t\t\t\t\t<\/span>\n\t\t<\/div>\n\t\t\t\t\t\t<\/div>\n\t\t\t\t<\/div>\n\t\t\t\t<div class=\"elementor-element elementor-element-70d71f7 elementor-widget elementor-widget-text-editor\" data-id=\"70d71f7\" data-element_type=\"widget\" data-e-type=\"widget\" data-widget_type=\"text-editor.default\">\n\t\t\t\t<div class=\"elementor-widget-container\">\n\t\t\t\t\t\t\t\t\t<p><strong>Anwendungsbereiche<\/strong><\/p>\t\t\t\t\t\t\t\t<\/div>\n\t\t\t\t<\/div>\n\t\t\t\t<div class=\"elementor-element elementor-element-d6cf489 elementor-widget elementor-widget-text-editor\" data-id=\"d6cf489\" data-element_type=\"widget\" data-e-type=\"widget\" data-widget_type=\"text-editor.default\">\n\t\t\t\t<div class=\"elementor-widget-container\">\n\t\t\t\t\t\t\t\t\t<p>Perfekt f\u00fcr Unternehmen in der Logistik, im Transportwesen und in Lagerh\u00e4usern, die regelm\u00e4\u00dfig Sicherheitsplomben entfernen m\u00fcssen.<\/p>\t\t\t\t\t\t\t\t<\/div>\n\t\t\t\t<\/div>\n\t\t\t\t\t<\/div>\n\t\t<\/div>\n\t\t\t\t\t<\/div>\n\t\t<\/section>\n\t\t\t\t\t<\/div>\n\t\t<\/div>\n\t\t\t\t\t<\/div>\n\t\t<\/section>\n\t\t\t\t<\/div>\n\t\t","protected":false},"excerpt":{"rendered":"<p>Portable Cutter Machine \u2013 Mobiles Schneideger\u00e4t f\u00fcr Sicherheitsplomben Die Portable Cutter Machine von Immersafe bietet eine zuverl\u00e4ssige L\u00f6sung zum Durchtrennen von Sicherheitsplomben, Stahlseilen und \u00e4hnlichen Materialien. Dank ihrer kompakten Bauweise und ergonomischen Gestaltung eignet sie sich hervorragend f\u00fcr den mobilen Einsatz. Technische Daten Zus\u00e4tzliche Informationen Material Hochwertiger Stahl Griffmaterial Rutschfester Kunststoff Arbeitsdruck 550 bar Spannung [&hellip;]<\/p>\n","protected":false},"featured_media":1435,"template":"","meta":{"_acf_changed":false},"product_brand":[],"product_cat":[133,36,104,33,238,168],"product_tag":[],"class_list":{"0":"post-1429","1":"product","2":"type-product","3":"status-publish","4":"has-post-thumbnail","6":"product_cat-bolt-seals","7":"product_cat-containerplomben","8":"product_cat-loesungen-fuer-container-in-flugzeugen","9":"product_cat-sicherheitsplomben","10":"product_cat-spezialprodukte","11":"product_cat-werkzeug","13":"first","14":"instock","15":"taxable","16":"shipping-taxable","17":"purchasable","18":"product-type-simple"},"acf":[],"tiered_pricing_type":"fixed","tiered_pricing_fixed_rules":[],"tiered_pricing_product_settings":{"layout":"default","base_unit_name":{"singular":null,"plural":null},"default_variation":null},"tiered_pricing_minimum_quantity":null,"tiered_pricing_roles_data":[],"tiered_pricing_percentage_rules":[],"_links":{"self":[{"href":"https:\/\/immersafe.de\/shop\/wp-json\/wp\/v2\/product\/1429","targetHints":{"allow":["GET"]}}],"collection":[{"href":"https:\/\/immersafe.de\/shop\/wp-json\/wp\/v2\/product"}],"about":[{"href":"https:\/\/immersafe.de\/shop\/wp-json\/wp\/v2\/types\/product"}],"version-history":[{"count":8,"href":"https:\/\/immersafe.de\/shop\/wp-json\/wp\/v2\/product\/1429\/revisions"}],"predecessor-version":[{"id":7208,"href":"https:\/\/immersafe.de\/shop\/wp-json\/wp\/v2\/product\/1429\/revisions\/7208"}],"wp:featuredmedia":[{"embeddable":true,"href":"https:\/\/immersafe.de\/shop\/wp-json\/wp\/v2\/media\/1435"}],"wp:attachment":[{"href":"https:\/\/immersafe.de\/shop\/wp-json\/wp\/v2\/media?parent=1429"}],"wp:term":[{"taxonomy":"product_brand","embeddable":true,"href":"https:\/\/immersafe.de\/shop\/wp-json\/wp\/v2\/product_brand?post=1429"},{"taxonomy":"product_cat","embeddable":true,"href":"https:\/\/immersafe.de\/shop\/wp-json\/wp\/v2\/product_cat?post=1429"},{"taxonomy":"product_tag","embeddable":true,"href":"https:\/\/immersafe.de\/shop\/wp-json\/wp\/v2\/product_tag?post=1429"}],"curies":[{"name":"wp","href":"https:\/\/api.w.org\/{rel}","templated":true}]}}