{"id":1572,"date":"2021-08-27T09:20:07","date_gmt":"2021-08-27T09:20:07","guid":{"rendered":"https:\/\/shop.immersafe.de\/?post_type=product&#038;p=1572"},"modified":"2025-06-17T13:34:32","modified_gmt":"2025-06-17T13:34:32","slug":"tag-3","status":"publish","type":"product","link":"https:\/\/immersafe.de\/shop\/tag-3\/","title":{"rendered":"Tag 3"},"content":{"rendered":"\t\t<div data-elementor-type=\"wp-post\" data-elementor-id=\"1572\" class=\"elementor elementor-1572\">\n\t\t\t\t\t\t<section class=\"elementor-section elementor-top-section elementor-element elementor-element-7ed1709a elementor-section-boxed elementor-section-height-default elementor-section-height-default\" data-id=\"7ed1709a\" data-element_type=\"section\" data-e-type=\"section\">\n\t\t\t\t\t\t<div class=\"elementor-container elementor-column-gap-default\">\n\t\t\t\t\t<div class=\"aux-parallax-section elementor-column elementor-col-100 elementor-top-column elementor-element elementor-element-2099515b\" data-id=\"2099515b\" data-element_type=\"column\" data-e-type=\"column\">\n\t\t\t<div class=\"elementor-widget-wrap elementor-element-populated\">\n\t\t\t\t\t\t<div class=\"elementor-element elementor-element-492e59cf elementor-widget elementor-widget-text-editor\" data-id=\"492e59cf\" data-element_type=\"widget\" data-e-type=\"widget\" data-widget_type=\"text-editor.default\">\n\t\t\t\t<div class=\"elementor-widget-container\">\n\t\t\t\t\t\t\t\t\t<p>Der TAG 3 ist ein Temperaturlogger, der f\u00fcr den einmaligen Gebrauch vorgesehen ist. Der TAG 3 Temperaturlogger kann durch Dr\u00fccken einer Taste aktiviert werden und verf\u00fcgt \u00fcber einen USB-Anschluss, \u00fcber den nach Erhalt schnell und einfach ein PDF-Bericht gedruckt werden kann. Es ist keine zus\u00e4tzliche Software erforderlich, um diese Daten zu lesen.<\/p><p>Jeder Logger hat eine einzigartige Barcode-Nummer, die auf dem Geh\u00e4use und auf einem Aufkleber f\u00fcr die Dokumentation zu finden ist.<\/p><p>Das Kunststoffgeh\u00e4use ist wasserdicht (IP67) und kann mit Lebensmitteln in Kontakt kommen.<\/p><p>Dieser Temperaturlogger erf\u00fcllt TUV EN12830 und DO160G. Jeder Logger wird getestet und inspiziert, um eine hohe Qualit\u00e4t zu gew\u00e4hrleisten. Der TAG 3 verf\u00fcgt \u00fcber LED-Alarmlicht. Die Standardlieferzeit f\u00fcr unsere Temperaturlogger betr\u00e4gt 2 Wochen. Diese werden direkt ab Werk versendet, um garantieren zu k\u00f6nnen, dass die Batterien mindestens 1 Jahr halten. Unser TAG 3 wird standardm\u00e4\u00dfig in der Variante von 90 Tagen geliefert.<\/p>\t\t\t\t\t\t\t\t<\/div>\n\t\t\t\t<\/div>\n\t\t\t\t\t<\/div>\n\t\t<\/div>\n\t\t\t\t\t<\/div>\n\t\t<\/section>\n\t\t\t\t<\/div>\n\t\t","protected":false},"excerpt":{"rendered":"<p>Der TAG 3 ist ein Temperaturlogger, der f\u00fcr den einmaligen Gebrauch vorgesehen ist. Der TAG 3 Temperaturlogger kann durch Dr\u00fccken einer Taste aktiviert werden und verf\u00fcgt \u00fcber einen USB-Anschluss, \u00fcber den nach Erhalt schnell und einfach ein PDF-Bericht gedruckt werden kann. Es ist keine zus\u00e4tzliche Software erforderlich, um diese Daten zu lesen. Jeder Logger hat [&hellip;]<\/p>\n","protected":false},"featured_media":1581,"template":"","meta":{"_acf_changed":false},"product_brand":[],"product_cat":[259,238,176],"product_tag":[],"class_list":{"0":"post-1572","1":"product","2":"type-product","3":"status-publish","4":"has-post-thumbnail","6":"product_cat-indikatoren","7":"product_cat-spezialprodukte","8":"product_cat-temperatur-datenlogger","10":"first","11":"instock","12":"taxable","13":"shipping-taxable","14":"purchasable","15":"product-type-simple"},"acf":[],"tiered_pricing_type":"fixed","tiered_pricing_fixed_rules":{"20":14.99},"tiered_pricing_product_settings":{"layout":"default","base_unit_name":{"singular":null,"plural":null},"default_variation":null},"tiered_pricing_minimum_quantity":null,"tiered_pricing_roles_data":[],"tiered_pricing_percentage_rules":[],"_links":{"self":[{"href":"https:\/\/immersafe.de\/shop\/wp-json\/wp\/v2\/product\/1572","targetHints":{"allow":["GET"]}}],"collection":[{"href":"https:\/\/immersafe.de\/shop\/wp-json\/wp\/v2\/product"}],"about":[{"href":"https:\/\/immersafe.de\/shop\/wp-json\/wp\/v2\/types\/product"}],"version-history":[{"count":1,"href":"https:\/\/immersafe.de\/shop\/wp-json\/wp\/v2\/product\/1572\/revisions"}],"predecessor-version":[{"id":4929,"href":"https:\/\/immersafe.de\/shop\/wp-json\/wp\/v2\/product\/1572\/revisions\/4929"}],"wp:featuredmedia":[{"embeddable":true,"href":"https:\/\/immersafe.de\/shop\/wp-json\/wp\/v2\/media\/1581"}],"wp:attachment":[{"href":"https:\/\/immersafe.de\/shop\/wp-json\/wp\/v2\/media?parent=1572"}],"wp:term":[{"taxonomy":"product_brand","embeddable":true,"href":"https:\/\/immersafe.de\/shop\/wp-json\/wp\/v2\/product_brand?post=1572"},{"taxonomy":"product_cat","embeddable":true,"href":"https:\/\/immersafe.de\/shop\/wp-json\/wp\/v2\/product_cat?post=1572"},{"taxonomy":"product_tag","embeddable":true,"href":"https:\/\/immersafe.de\/shop\/wp-json\/wp\/v2\/product_tag?post=1572"}],"curies":[{"name":"wp","href":"https:\/\/api.w.org\/{rel}","templated":true}]}}