{"id":1576,"date":"2021-08-27T09:40:54","date_gmt":"2021-08-27T09:40:54","guid":{"rendered":"https:\/\/shop.immersafe.de\/?post_type=product&#038;p=1576"},"modified":"2025-06-17T13:34:39","modified_gmt":"2025-06-17T13:34:39","slug":"tag-4","status":"publish","type":"product","link":"https:\/\/immersafe.de\/shop\/tag-4\/","title":{"rendered":"Tag 4"},"content":{"rendered":"\t\t<div data-elementor-type=\"wp-post\" data-elementor-id=\"1576\" class=\"elementor elementor-1576\">\n\t\t\t\t\t\t<section class=\"elementor-section elementor-top-section elementor-element elementor-element-6d5a4a31 elementor-section-boxed elementor-section-height-default elementor-section-height-default\" data-id=\"6d5a4a31\" data-element_type=\"section\" data-e-type=\"section\">\n\t\t\t\t\t\t<div class=\"elementor-container elementor-column-gap-default\">\n\t\t\t\t\t<div class=\"aux-parallax-section elementor-column elementor-col-100 elementor-top-column elementor-element elementor-element-113d3410\" data-id=\"113d3410\" data-element_type=\"column\" data-e-type=\"column\">\n\t\t\t<div class=\"elementor-widget-wrap elementor-element-populated\">\n\t\t\t\t\t\t<div class=\"elementor-element elementor-element-1d097be0 elementor-widget elementor-widget-text-editor\" data-id=\"1d097be0\" data-element_type=\"widget\" data-e-type=\"widget\" data-widget_type=\"text-editor.default\">\n\t\t\t\t<div class=\"elementor-widget-container\">\n\t\t\t\t\t\t\t\t\tDer TAG 4 SP ist ein Temperaturlogger f\u00fcr den einmaligen Gebrauch und unser beliebtestes Modell.<br><br>Der TAG 4 SP Temperaturlogger kann durch Dr\u00fccken einer Taste aktiviert werden und verf\u00fcgt \u00fcber einen Display- und USB-Anschluss, sodass ein PDF-Bericht nach Erhalt einfach und schnell ausgedruckt werden kann. Es ist keine zus\u00e4tzliche Software erforderlich, um diese Daten zu lesen.<br><br>Jeder Datenlogger hat eine einzigartige Nummer mit Barcode, die auf dem Geh\u00e4use und einem Aufkleber f\u00fcr die Dokumentation vorhanden ist. Der Kunststoffkorpus ist spritzwassergesch\u00fctzt (IP65) und darf in Kontakt mit Lebensmitteln kommen. Dieser TAG 4 SP Temperaturlogger erf\u00fcllt TUV EN12830, PI970 II und DO160G.<br><br>Jeder Logger wird getestet und inspiziert, um die Qualit\u00e4t hoch zu halten. Die Standardlieferzeit f\u00fcr unsere Temperaturlogger betr\u00e4gt 2 Wochen. Diese werden direkt aus der Fabrik versandt, um sicherzustellen, dass die Batterien mindestens 2 Jahre halten. Unser ITAG4 SP wird standardm\u00e4\u00dfig in der Variante von 120 Tagen geliefert.<br>\t\t\t\t\t\t\t\t<\/div>\n\t\t\t\t<\/div>\n\t\t\t\t\t<\/div>\n\t\t<\/div>\n\t\t\t\t\t<\/div>\n\t\t<\/section>\n\t\t\t\t<\/div>\n\t\t","protected":false},"excerpt":{"rendered":"<p>Der TAG 4 SP ist ein Temperaturlogger f\u00fcr den einmaligen Gebrauch und unser beliebtestes Modell. Der TAG 4 SP Temperaturlogger kann durch Dr\u00fccken einer Taste aktiviert werden und verf\u00fcgt \u00fcber einen Display- und USB-Anschluss, sodass ein PDF-Bericht nach Erhalt einfach und schnell ausgedruckt werden kann. Es ist keine zus\u00e4tzliche Software erforderlich, um diese Daten zu [&hellip;]<\/p>\n","protected":false},"featured_media":1582,"template":"","meta":{"_acf_changed":false},"product_brand":[],"product_cat":[259,238,176],"product_tag":[],"class_list":{"0":"post-1576","1":"product","2":"type-product","3":"status-publish","4":"has-post-thumbnail","6":"product_cat-indikatoren","7":"product_cat-spezialprodukte","8":"product_cat-temperatur-datenlogger","10":"first","11":"instock","12":"taxable","13":"shipping-taxable","14":"purchasable","15":"product-type-simple"},"acf":[],"tiered_pricing_type":"fixed","tiered_pricing_fixed_rules":{"20":15.99},"tiered_pricing_product_settings":{"layout":"default","base_unit_name":{"singular":null,"plural":null},"default_variation":null},"tiered_pricing_minimum_quantity":null,"tiered_pricing_roles_data":[],"tiered_pricing_percentage_rules":[],"_links":{"self":[{"href":"https:\/\/immersafe.de\/shop\/wp-json\/wp\/v2\/product\/1576","targetHints":{"allow":["GET"]}}],"collection":[{"href":"https:\/\/immersafe.de\/shop\/wp-json\/wp\/v2\/product"}],"about":[{"href":"https:\/\/immersafe.de\/shop\/wp-json\/wp\/v2\/types\/product"}],"version-history":[{"count":1,"href":"https:\/\/immersafe.de\/shop\/wp-json\/wp\/v2\/product\/1576\/revisions"}],"predecessor-version":[{"id":4930,"href":"https:\/\/immersafe.de\/shop\/wp-json\/wp\/v2\/product\/1576\/revisions\/4930"}],"wp:featuredmedia":[{"embeddable":true,"href":"https:\/\/immersafe.de\/shop\/wp-json\/wp\/v2\/media\/1582"}],"wp:attachment":[{"href":"https:\/\/immersafe.de\/shop\/wp-json\/wp\/v2\/media?parent=1576"}],"wp:term":[{"taxonomy":"product_brand","embeddable":true,"href":"https:\/\/immersafe.de\/shop\/wp-json\/wp\/v2\/product_brand?post=1576"},{"taxonomy":"product_cat","embeddable":true,"href":"https:\/\/immersafe.de\/shop\/wp-json\/wp\/v2\/product_cat?post=1576"},{"taxonomy":"product_tag","embeddable":true,"href":"https:\/\/immersafe.de\/shop\/wp-json\/wp\/v2\/product_tag?post=1576"}],"curies":[{"name":"wp","href":"https:\/\/api.w.org\/{rel}","templated":true}]}}