{"id":1577,"date":"2021-08-27T09:46:10","date_gmt":"2021-08-27T09:46:10","guid":{"rendered":"https:\/\/shop.immersafe.de\/?post_type=product&#038;p=1577"},"modified":"2025-06-17T13:34:26","modified_gmt":"2025-06-17T13:34:26","slug":"tag-4b","status":"publish","type":"product","link":"https:\/\/immersafe.de\/shop\/tag-4b\/","title":{"rendered":"Tag 4B"},"content":{"rendered":"\t\t<div data-elementor-type=\"wp-post\" data-elementor-id=\"1577\" class=\"elementor elementor-1577\">\n\t\t\t\t\t\t<section class=\"elementor-section elementor-top-section elementor-element elementor-element-5abc2c5b elementor-section-boxed elementor-section-height-default elementor-section-height-default\" data-id=\"5abc2c5b\" data-element_type=\"section\" data-e-type=\"section\">\n\t\t\t\t\t\t<div class=\"elementor-container elementor-column-gap-default\">\n\t\t\t\t\t<div class=\"aux-parallax-section elementor-column elementor-col-100 elementor-top-column elementor-element elementor-element-dfe5737\" data-id=\"dfe5737\" data-element_type=\"column\" data-e-type=\"column\">\n\t\t\t<div class=\"elementor-widget-wrap elementor-element-populated\">\n\t\t\t\t\t\t<div class=\"elementor-element elementor-element-4673aff4 elementor-widget elementor-widget-text-editor\" data-id=\"4673aff4\" data-element_type=\"widget\" data-e-type=\"widget\" data-widget_type=\"text-editor.default\">\n\t\t\t\t<div class=\"elementor-widget-container\">\n\t\t\t\t\t\t\t\t\t<p>Der TAG4 TH ist ein Logger, der Temperatur und Luftfeuchtigkeit misst. Dieser Logger ist f\u00fcr den Einmalgebrauch vorgesehen. Der TAG4 TH Temperaturlogger kann mit einem Knopfdruck aktiviert werden und verf\u00fcgt \u00fcber ein Display und eine USB-Verbindung, \u00fcber die nach Erhalt leicht und schnell ein PDF-Bericht ausgedruckt werden kann. Auf dem LCD-Screen sind auch alle wichtigen Informationen ohne Auslesen des Loggers abrufbar. Es ist keine zus\u00e4tzliche Software erforderlich, um diese Daten zu lesen. Jeder Datenlogger hat eine eindeutige Nummer mit Barcode, die auf dem Geh\u00e4use und auf einem Etikett f\u00fcr die Dokumentation vorhanden ist.<\/p><p>Dieser Logger hat die Klassifizierung IP54 und darf mit Lebensmitteln in Ber\u00fchrung kommen.<\/p><p>Der ITAG4 TH Temperaturrecorder entspricht TUV EN12830, PI970 II und DO160G.<\/p><p>Jeder Logger wird getestet und inspiziert, um die hohe Qualit\u00e4t zu erhalten. Die Standardlieferzeit f\u00fcr unsere Temperaturlogger betr\u00e4gt 2 Wochen. Unser ITAG4 TH wird standardm\u00e4\u00dfig in 60-Tage-Varianten geliefert.<\/p>\t\t\t\t\t\t\t\t<\/div>\n\t\t\t\t<\/div>\n\t\t\t\t\t<\/div>\n\t\t<\/div>\n\t\t\t\t\t<\/div>\n\t\t<\/section>\n\t\t\t\t<\/div>\n\t\t","protected":false},"excerpt":{"rendered":"<p>Der TAG4 TH ist ein Logger, der Temperatur und Luftfeuchtigkeit misst. Dieser Logger ist f\u00fcr den Einmalgebrauch vorgesehen. Der TAG4 TH Temperaturlogger kann mit einem Knopfdruck aktiviert werden und verf\u00fcgt \u00fcber ein Display und eine USB-Verbindung, \u00fcber die nach Erhalt leicht und schnell ein PDF-Bericht ausgedruckt werden kann. Auf dem LCD-Screen sind auch alle wichtigen [&hellip;]<\/p>\n","protected":false},"featured_media":1583,"template":"","meta":{"_acf_changed":false},"product_brand":[],"product_cat":[259,238,176],"product_tag":[],"class_list":{"0":"post-1577","1":"product","2":"type-product","3":"status-publish","4":"has-post-thumbnail","6":"product_cat-indikatoren","7":"product_cat-spezialprodukte","8":"product_cat-temperatur-datenlogger","10":"first","11":"instock","12":"taxable","13":"shipping-taxable","14":"purchasable","15":"product-type-simple"},"acf":[],"tiered_pricing_type":"fixed","tiered_pricing_fixed_rules":{"20":28.99},"tiered_pricing_product_settings":{"layout":"default","base_unit_name":{"singular":null,"plural":null},"default_variation":null},"tiered_pricing_minimum_quantity":null,"tiered_pricing_roles_data":[],"tiered_pricing_percentage_rules":[],"_links":{"self":[{"href":"https:\/\/immersafe.de\/shop\/wp-json\/wp\/v2\/product\/1577","targetHints":{"allow":["GET"]}}],"collection":[{"href":"https:\/\/immersafe.de\/shop\/wp-json\/wp\/v2\/product"}],"about":[{"href":"https:\/\/immersafe.de\/shop\/wp-json\/wp\/v2\/types\/product"}],"version-history":[{"count":1,"href":"https:\/\/immersafe.de\/shop\/wp-json\/wp\/v2\/product\/1577\/revisions"}],"predecessor-version":[{"id":4928,"href":"https:\/\/immersafe.de\/shop\/wp-json\/wp\/v2\/product\/1577\/revisions\/4928"}],"wp:featuredmedia":[{"embeddable":true,"href":"https:\/\/immersafe.de\/shop\/wp-json\/wp\/v2\/media\/1583"}],"wp:attachment":[{"href":"https:\/\/immersafe.de\/shop\/wp-json\/wp\/v2\/media?parent=1577"}],"wp:term":[{"taxonomy":"product_brand","embeddable":true,"href":"https:\/\/immersafe.de\/shop\/wp-json\/wp\/v2\/product_brand?post=1577"},{"taxonomy":"product_cat","embeddable":true,"href":"https:\/\/immersafe.de\/shop\/wp-json\/wp\/v2\/product_cat?post=1577"},{"taxonomy":"product_tag","embeddable":true,"href":"https:\/\/immersafe.de\/shop\/wp-json\/wp\/v2\/product_tag?post=1577"}],"curies":[{"name":"wp","href":"https:\/\/api.w.org\/{rel}","templated":true}]}}