{"id":160,"date":"2020-07-30T12:19:03","date_gmt":"2020-07-30T12:19:03","guid":{"rendered":"https:\/\/dshop.ehades.eu\/product\/import-placeholder-for-66\/"},"modified":"2026-01-23T15:52:28","modified_gmt":"2026-01-23T15:52:28","slug":"guard-lock-containerplombe","status":"publish","type":"product","link":"https:\/\/immersafe.de\/shop\/guard-lock-containerplombe\/","title":{"rendered":"Guard Lock Containerplombe"},"content":{"rendered":"\t\t<div data-elementor-type=\"wp-post\" data-elementor-id=\"160\" class=\"elementor elementor-160\">\n\t\t\t\t\t\t<section class=\"elementor-section elementor-top-section elementor-element elementor-element-adf02d9 elementor-section-boxed elementor-section-height-default elementor-section-height-default\" data-id=\"adf02d9\" data-element_type=\"section\" data-e-type=\"section\">\n\t\t\t\t\t\t<div class=\"elementor-container elementor-column-gap-default\">\n\t\t\t\t\t<div class=\"aux-parallax-section elementor-column elementor-col-100 elementor-top-column elementor-element elementor-element-59c97c1\" data-id=\"59c97c1\" data-element_type=\"column\" data-e-type=\"column\">\n\t\t\t<div class=\"elementor-widget-wrap elementor-element-populated\">\n\t\t\t\t\t\t<div class=\"elementor-element elementor-element-ac661ab elementor-widget elementor-widget-heading\" data-id=\"ac661ab\" data-element_type=\"widget\" data-e-type=\"widget\" data-widget_type=\"heading.default\">\n\t\t\t\t<div class=\"elementor-widget-container\">\n\t\t\t\t\t<h2 class=\"elementor-heading-title elementor-size-default\">Guard Lock Containerplombe \u2013 Hochsicherheit f\u00fcr Seefracht &amp; Transport<\/h2>\t\t\t\t<\/div>\n\t\t\t\t<\/div>\n\t\t\t\t<div class=\"elementor-element elementor-element-37bcb78 elementor-widget elementor-widget-text-editor\" data-id=\"37bcb78\" data-element_type=\"widget\" data-e-type=\"widget\" data-widget_type=\"text-editor.default\">\n\t\t\t\t<div class=\"elementor-widget-container\">\n\t\t\t\t\t\t\t\t\t<p>Die <strong>Guard Lock Containerplombe<\/strong> ist eine zertifizierte, ISO 17712:2013 und C-TPAT konforme <strong>Bolzenplombe<\/strong>, speziell entwickelt zur Versiegelung von <strong>Containern, Frachtt\u00fcren und Transportfahrzeugen<\/strong>. Dank ihrer hohen Zugfestigkeit und manipulationssicheren Bauweise bietet sie optimalen Schutz f\u00fcr internationale Transporte.<\/p><p>Die Plombe besteht aus einem geh\u00e4rteten Stahlbolzen mit Kunststoffummantelung zur leichteren Handhabung und Farbcodierung. Das Bolzenschloss ist <strong>einwegverriegelnd<\/strong> \u2013 nach dem Verschlie\u00dfen kann es nur mit einem Bolzenschneider entfernt werden.<\/p>\t\t\t\t\t\t\t\t<\/div>\n\t\t\t\t<\/div>\n\t\t\t\t<div class=\"elementor-element elementor-element-795f19c elementor-widget-divider--view-line elementor-widget elementor-widget-divider\" data-id=\"795f19c\" data-element_type=\"widget\" data-e-type=\"widget\" data-widget_type=\"divider.default\">\n\t\t\t\t<div class=\"elementor-widget-container\">\n\t\t\t\t\t\t\t<div class=\"elementor-divider\">\n\t\t\t<span class=\"elementor-divider-separator\">\n\t\t\t\t\t\t<\/span>\n\t\t<\/div>\n\t\t\t\t\t\t<\/div>\n\t\t\t\t<\/div>\n\t\t\t\t<section class=\"elementor-section elementor-inner-section elementor-element elementor-element-f69b737 elementor-section-full_width elementor-section-height-default elementor-section-height-default\" data-id=\"f69b737\" data-element_type=\"section\" data-e-type=\"section\">\n\t\t\t\t\t\t<div class=\"elementor-container elementor-column-gap-default\">\n\t\t\t\t\t<div class=\"aux-parallax-section elementor-column elementor-col-50 elementor-inner-column elementor-element elementor-element-e3021ad\" data-id=\"e3021ad\" data-element_type=\"column\" data-e-type=\"column\">\n\t\t\t<div class=\"elementor-widget-wrap elementor-element-populated\">\n\t\t\t\t\t\t<div class=\"elementor-element elementor-element-41d5baa elementor-widget elementor-widget-text-editor\" data-id=\"41d5baa\" data-element_type=\"widget\" data-e-type=\"widget\" data-widget_type=\"text-editor.default\">\n\t\t\t\t<div class=\"elementor-widget-container\">\n\t\t\t\t\t\t\t\t\t<p><strong>Technische Daten<\/strong><\/p>\t\t\t\t\t\t\t\t<\/div>\n\t\t\t\t<\/div>\n\t\t\t\t<div class=\"elementor-element elementor-element-8d4d2de elementor-widget elementor-widget-wl-product-additional-information\" data-id=\"8d4d2de\" data-element_type=\"widget\" data-e-type=\"widget\" data-widget_type=\"wl-product-additional-information.default\">\n\t\t\t\t<div class=\"elementor-widget-container\">\n\t\t\t\t\t\n\t<h2>Zus\u00e4tzliche Informationen<\/h2>\n\n<table class=\"woocommerce-product-attributes shop_attributes\" aria-label=\"Produktdetails\">\n\t\t\t<tr class=\"woocommerce-product-attributes-item woocommerce-product-attributes-item--attribute_pa_material\">\n\t\t\t<th class=\"woocommerce-product-attributes-item__label\" scope=\"row\">Material<\/th>\n\t\t\t<td class=\"woocommerce-product-attributes-item__value\"><p>Geh\u00e4rteter Stahl mit ABS-Ummantelung<\/p>\n<\/td>\n\t\t<\/tr>\n\t\t\t<tr class=\"woocommerce-product-attributes-item woocommerce-product-attributes-item--attribute_pa_bolzendurchmesser\">\n\t\t\t<th class=\"woocommerce-product-attributes-item__label\" scope=\"row\">Bolzendurchmesser<\/th>\n\t\t\t<td class=\"woocommerce-product-attributes-item__value\"><p>10 mm<\/p>\n<\/td>\n\t\t<\/tr>\n\t\t\t<tr class=\"woocommerce-product-attributes-item woocommerce-product-attributes-item--attribute_pa_bolzenlange\">\n\t\t\t<th class=\"woocommerce-product-attributes-item__label\" scope=\"row\">Bolzenl\u00e4nge<\/th>\n\t\t\t<td class=\"woocommerce-product-attributes-item__value\"><p>85 mm<\/p>\n<\/td>\n\t\t<\/tr>\n\t\t\t<tr class=\"woocommerce-product-attributes-item woocommerce-product-attributes-item--attribute_pa_einsatzlange\">\n\t\t\t<th class=\"woocommerce-product-attributes-item__label\" scope=\"row\">Einsatzl\u00e4nge<\/th>\n\t\t\t<td class=\"woocommerce-product-attributes-item__value\"><p>47 mm<\/p>\n<\/td>\n\t\t<\/tr>\n\t\t\t<tr class=\"woocommerce-product-attributes-item woocommerce-product-attributes-item--attribute_pa_seriennummer\">\n\t\t\t<th class=\"woocommerce-product-attributes-item__label\" scope=\"row\">Seriennummer<\/th>\n\t\t\t<td class=\"woocommerce-product-attributes-item__value\"><p>Auf Bolzen &amp; Verschlusskammer aufgedruckt<\/p>\n<\/td>\n\t\t<\/tr>\n\t\t\t<tr class=\"woocommerce-product-attributes-item woocommerce-product-attributes-item--attribute_pa_zugfestigkeit\">\n\t\t\t<th class=\"woocommerce-product-attributes-item__label\" scope=\"row\">Zugfestigkeit<\/th>\n\t\t\t<td class=\"woocommerce-product-attributes-item__value\"><p>&gt; 1900 kgf<\/p>\n<\/td>\n\t\t<\/tr>\n\t\t\t<tr class=\"woocommerce-product-attributes-item woocommerce-product-attributes-item--attribute_pa_zertifizierung\">\n\t\t\t<th class=\"woocommerce-product-attributes-item__label\" scope=\"row\">Zertifizierung<\/th>\n\t\t\t<td class=\"woocommerce-product-attributes-item__value\"><p>ISO 17712:2013 (High Security Seal)<\/p>\n<\/td>\n\t\t<\/tr>\n\t\t\t<tr class=\"woocommerce-product-attributes-item woocommerce-product-attributes-item--attribute_pa_verpackung\">\n\t\t\t<th class=\"woocommerce-product-attributes-item__label\" scope=\"row\">Verpackung<\/th>\n\t\t\t<td class=\"woocommerce-product-attributes-item__value\"><p>10 St\u00fcck pro Matte, 200 St\u00fcck pro Karton<\/p>\n<\/td>\n\t\t<\/tr>\n\t\t\t<tr class=\"woocommerce-product-attributes-item woocommerce-product-attributes-item--attribute_pa_kartonmase\">\n\t\t\t<th class=\"woocommerce-product-attributes-item__label\" scope=\"row\">Kartonma\u00dfe<\/th>\n\t\t\t<td class=\"woocommerce-product-attributes-item__value\"><p>450\u00d7330\u00d7140 mm<\/p>\n<\/td>\n\t\t<\/tr>\n\t\t\t<tr class=\"woocommerce-product-attributes-item woocommerce-product-attributes-item--attribute_pa_kartongewicht\">\n\t\t\t<th class=\"woocommerce-product-attributes-item__label\" scope=\"row\">Kartongewicht<\/th>\n\t\t\t<td class=\"woocommerce-product-attributes-item__value\"><p>13,2 kg<\/p>\n<\/td>\n\t\t<\/tr>\n\t<\/table>\n\t\t\t\t<\/div>\n\t\t\t\t<\/div>\n\t\t\t\t<div class=\"elementor-element elementor-element-95c7fe5 elementor-widget-divider--view-line elementor-widget elementor-widget-divider\" data-id=\"95c7fe5\" data-element_type=\"widget\" data-e-type=\"widget\" data-widget_type=\"divider.default\">\n\t\t\t\t<div class=\"elementor-widget-container\">\n\t\t\t\t\t\t\t<div class=\"elementor-divider\">\n\t\t\t<span class=\"elementor-divider-separator\">\n\t\t\t\t\t\t<\/span>\n\t\t<\/div>\n\t\t\t\t\t\t<\/div>\n\t\t\t\t<\/div>\n\t\t\t\t<div class=\"elementor-element elementor-element-bbef99a elementor-widget elementor-widget-text-editor\" data-id=\"bbef99a\" data-element_type=\"widget\" data-e-type=\"widget\" data-widget_type=\"text-editor.default\">\n\t\t\t\t<div class=\"elementor-widget-container\">\n\t\t\t\t\t\t\t\t\t<h4>Mit der <strong>Guard Lock Containerplombe<\/strong> entscheiden Sie sich f\u00fcr h\u00f6chste Sicherheit und internationale Normkonformit\u00e4t \u2013 ideal f\u00fcr anspruchsvolle Logistikprozesse.<\/h4>\t\t\t\t\t\t\t\t<\/div>\n\t\t\t\t<\/div>\n\t\t\t\t\t<\/div>\n\t\t<\/div>\n\t\t\t\t<div class=\"aux-parallax-section elementor-column elementor-col-50 elementor-inner-column elementor-element elementor-element-8b3e794\" data-id=\"8b3e794\" data-element_type=\"column\" data-e-type=\"column\">\n\t\t\t<div class=\"elementor-widget-wrap elementor-element-populated\">\n\t\t\t\t\t\t<div class=\"elementor-element elementor-element-7a51ee9 elementor-widget elementor-widget-text-editor\" data-id=\"7a51ee9\" data-element_type=\"widget\" data-e-type=\"widget\" data-widget_type=\"text-editor.default\">\n\t\t\t\t<div class=\"elementor-widget-container\">\n\t\t\t\t\t\t\t\t\t<p><strong>Anwendungsbereiche<\/strong><\/p>\t\t\t\t\t\t\t\t<\/div>\n\t\t\t\t<\/div>\n\t\t\t\t<div class=\"elementor-element elementor-element-b130d08 elementor-widget elementor-widget-text-editor\" data-id=\"b130d08\" data-element_type=\"widget\" data-e-type=\"widget\" data-widget_type=\"text-editor.default\">\n\t\t\t\t<div class=\"elementor-widget-container\">\n\t\t\t\t\t\t\t\t\t<ul><li>Seefracht &amp; Exportlogistik<\/li><li>Container- und LKW-Versiegelung<\/li><li>Sicherung von Hochsicherheitsbereichen<\/li><li>Grenz\u00fcbergreifende Transporte<\/li><\/ul>\t\t\t\t\t\t\t\t<\/div>\n\t\t\t\t<\/div>\n\t\t\t\t<div class=\"elementor-element elementor-element-ced34a0 elementor-widget-divider--view-line elementor-widget elementor-widget-divider\" data-id=\"ced34a0\" data-element_type=\"widget\" data-e-type=\"widget\" data-widget_type=\"divider.default\">\n\t\t\t\t<div class=\"elementor-widget-container\">\n\t\t\t\t\t\t\t<div class=\"elementor-divider\">\n\t\t\t<span class=\"elementor-divider-separator\">\n\t\t\t\t\t\t<\/span>\n\t\t<\/div>\n\t\t\t\t\t\t<\/div>\n\t\t\t\t<\/div>\n\t\t\t\t<div class=\"elementor-element elementor-element-766bb01 elementor-widget elementor-widget-text-editor\" data-id=\"766bb01\" data-element_type=\"widget\" data-e-type=\"widget\" data-widget_type=\"text-editor.default\">\n\t\t\t\t<div class=\"elementor-widget-container\">\n\t\t\t\t\t\t\t\t\t<p><strong>Produktmerkmale<\/strong><\/p>\t\t\t\t\t\t\t\t<\/div>\n\t\t\t\t<\/div>\n\t\t\t\t<div class=\"elementor-element elementor-element-cea582e elementor-widget elementor-widget-text-editor\" data-id=\"cea582e\" data-element_type=\"widget\" data-e-type=\"widget\" data-widget_type=\"text-editor.default\">\n\t\t\t\t<div class=\"elementor-widget-container\">\n\t\t\t\t\t\t\t\t\t<ul><li>ISO 17712:2013 zertifiziert (High Security Seal)<\/li><li>Erf\u00fcllt C-TPAT-Richtlinien<\/li><li>Manipulationssicher &amp; manipulationsnachweisend<\/li><li>Seriennummer per Lasergravur (auch Barcode\/Logo m\u00f6glich)<\/li><li>Einfache Anwendung durch Klickmechanismus<\/li><li>Farbkodierung zur schnellen Identifikation<\/li><\/ul>\t\t\t\t\t\t\t\t<\/div>\n\t\t\t\t<\/div>\n\t\t\t\t\t<\/div>\n\t\t<\/div>\n\t\t\t\t\t<\/div>\n\t\t<\/section>\n\t\t\t\t\t<\/div>\n\t\t<\/div>\n\t\t\t\t\t<\/div>\n\t\t<\/section>\n\t\t\t\t<\/div>\n\t\t","protected":false},"excerpt":{"rendered":"<p>ISO 17712 zertifizierte Bolzenplombe f\u00fcr Container &amp; Transporte. H\u00f6chste Sicherheit f\u00fcr Seefracht.<\/p>\n","protected":false},"featured_media":5900,"template":"","meta":{"_acf_changed":false},"product_brand":[256],"product_cat":[133,135,113,106,36,117,59,114,104,115,33,112,275,19,116],"product_tag":[],"class_list":{"0":"post-160","1":"product","2":"type-product","3":"status-publish","4":"has-post-thumbnail","6":"product_brand-immersafe","7":"product_cat-bolt-seals","8":"product_cat-bolzenplomben","9":"product_cat-c-tpat","10":"product_cat-container","11":"product_cat-containerplomben","12":"product_cat-eisenbahn","13":"product_cat-high-security-plomben","14":"product_cat-lkw-anhanger","15":"product_cat-loesungen-fuer-container-in-flugzeugen","16":"product_cat-luftfracht","17":"product_cat-sicherheitsplomben","18":"product_cat-sicherheitsplomben-mit-iso-177122013","19":"product_cat-unsere-bestseller","20":"product_cat-verschlusse-fur-behalter-und-fasser","21":"product_cat-zugwaggon","23":"first","24":"instock","25":"featured","26":"taxable","27":"shipping-taxable","28":"purchasable","29":"product-type-simple"},"acf":[],"tiered_pricing_type":"fixed","tiered_pricing_fixed_rules":[],"tiered_pricing_product_settings":{"layout":"default","base_unit_name":{"singular":null,"plural":null},"default_variation":null},"tiered_pricing_minimum_quantity":null,"tiered_pricing_roles_data":[],"tiered_pricing_percentage_rules":[],"_links":{"self":[{"href":"https:\/\/immersafe.de\/shop\/wp-json\/wp\/v2\/product\/160","targetHints":{"allow":["GET"]}}],"collection":[{"href":"https:\/\/immersafe.de\/shop\/wp-json\/wp\/v2\/product"}],"about":[{"href":"https:\/\/immersafe.de\/shop\/wp-json\/wp\/v2\/types\/product"}],"version-history":[{"count":52,"href":"https:\/\/immersafe.de\/shop\/wp-json\/wp\/v2\/product\/160\/revisions"}],"predecessor-version":[{"id":7708,"href":"https:\/\/immersafe.de\/shop\/wp-json\/wp\/v2\/product\/160\/revisions\/7708"}],"wp:featuredmedia":[{"embeddable":true,"href":"https:\/\/immersafe.de\/shop\/wp-json\/wp\/v2\/media\/5900"}],"wp:attachment":[{"href":"https:\/\/immersafe.de\/shop\/wp-json\/wp\/v2\/media?parent=160"}],"wp:term":[{"taxonomy":"product_brand","embeddable":true,"href":"https:\/\/immersafe.de\/shop\/wp-json\/wp\/v2\/product_brand?post=160"},{"taxonomy":"product_cat","embeddable":true,"href":"https:\/\/immersafe.de\/shop\/wp-json\/wp\/v2\/product_cat?post=160"},{"taxonomy":"product_tag","embeddable":true,"href":"https:\/\/immersafe.de\/shop\/wp-json\/wp\/v2\/product_tag?post=160"}],"curies":[{"name":"wp","href":"https:\/\/api.w.org\/{rel}","templated":true}]}}