{"id":163,"date":"2020-07-30T12:19:03","date_gmt":"2020-07-30T12:19:03","guid":{"rendered":"https:\/\/dshop.ehades.eu\/product\/import-placeholder-for-73\/"},"modified":"2026-01-23T15:33:47","modified_gmt":"2026-01-23T15:33:47","slug":"duo-seal-80-mm","status":"publish","type":"product","link":"https:\/\/immersafe.de\/shop\/duo-seal-80-mm\/","title":{"rendered":"Duo Seal 8,0 mm"},"content":{"rendered":"\t\t<div data-elementor-type=\"wp-post\" data-elementor-id=\"163\" class=\"elementor elementor-163\">\n\t\t\t\t\t\t<section class=\"elementor-section elementor-top-section elementor-element elementor-element-c19dbd3 elementor-section-boxed elementor-section-height-default elementor-section-height-default\" data-id=\"c19dbd3\" data-element_type=\"section\" data-e-type=\"section\">\n\t\t\t\t\t\t<div class=\"elementor-container elementor-column-gap-default\">\n\t\t\t\t\t<div class=\"aux-parallax-section elementor-column elementor-col-50 elementor-top-column elementor-element elementor-element-6bdc6f6\" data-id=\"6bdc6f6\" data-element_type=\"column\" data-e-type=\"column\">\n\t\t\t<div class=\"elementor-widget-wrap elementor-element-populated\">\n\t\t\t\t\t\t<div class=\"elementor-element elementor-element-71cd6df2 elementor-widget elementor-widget-text-editor\" data-id=\"71cd6df2\" data-element_type=\"widget\" data-e-type=\"widget\" data-widget_type=\"text-editor.default\">\n\t\t\t\t<div class=\"elementor-widget-container\">\n\t\t\t\t\t\t\t\t\t<p>Die Duo Seal 8,0 ist eine Kunststoffversiegelung. Dank des einzigartigen doppelten Verschlusses bietet sie ein sehr hohes Sicherheitsniveau. Der doppelte Verschluss erschwert Manipulationen und der Anwender wird darauf hingewiesen, dass die Versiegelung so weit wie m\u00f6glich angezogen werden sollte. Die Duo Seal eignet sich besonders f\u00fcr die Versiegelung von Posts\u00e4cken, Big Bags und Anh\u00e4ngert\u00fcren. Wenn Sie dieses Produkt mit einer schmaleren Schwanz- und niedrigeren Bruchfestigkeit w\u00fcnschen, k\u00f6nnen Sie unsere Duo Seal 8,0 ansehen.<\/p>\t\t\t\t\t\t\t\t<\/div>\n\t\t\t\t<\/div>\n\t\t\t\t\t<\/div>\n\t\t<\/div>\n\t\t\t\t<div class=\"aux-parallax-section elementor-column elementor-col-50 elementor-top-column elementor-element elementor-element-6824c36\" data-id=\"6824c36\" data-element_type=\"column\" data-e-type=\"column\">\n\t\t\t<div class=\"elementor-widget-wrap elementor-element-populated\">\n\t\t\t\t\t\t<div class=\"elementor-element elementor-element-0088d6b elementor-widget elementor-widget-wl-product-additional-information\" data-id=\"0088d6b\" data-element_type=\"widget\" data-e-type=\"widget\" data-widget_type=\"wl-product-additional-information.default\">\n\t\t\t\t<div class=\"elementor-widget-container\">\n\t\t\t\t\t\n\t<h2>Zus\u00e4tzliche Informationen<\/h2>\n\n<table class=\"woocommerce-product-attributes shop_attributes\" aria-label=\"Produktdetails\">\n\t\t\t<tr class=\"woocommerce-product-attributes-item woocommerce-product-attributes-item--attribute_pa_material\">\n\t\t\t<th class=\"woocommerce-product-attributes-item__label\" scope=\"row\">Material<\/th>\n\t\t\t<td class=\"woocommerce-product-attributes-item__value\"><p>Polypropylen (PP)<\/p>\n<\/td>\n\t\t<\/tr>\n\t\t\t<tr class=\"woocommerce-product-attributes-item woocommerce-product-attributes-item--attribute_pa_gesamtlange\">\n\t\t\t<th class=\"woocommerce-product-attributes-item__label\" scope=\"row\">Gesamtl\u00e4nge<\/th>\n\t\t\t<td class=\"woocommerce-product-attributes-item__value\"><p>420 mm<\/p>\n<\/td>\n\t\t<\/tr>\n\t\t\t<tr class=\"woocommerce-product-attributes-item woocommerce-product-attributes-item--attribute_pa_nutzlange\">\n\t\t\t<th class=\"woocommerce-product-attributes-item__label\" scope=\"row\">Nutzl\u00e4nge<\/th>\n\t\t\t<td class=\"woocommerce-product-attributes-item__value\"><p>360 mm<\/p>\n<\/td>\n\t\t<\/tr>\n\t\t\t<tr class=\"woocommerce-product-attributes-item woocommerce-product-attributes-item--attribute_pa_bandbreite\">\n\t\t\t<th class=\"woocommerce-product-attributes-item__label\" scope=\"row\">Bandbreite<\/th>\n\t\t\t<td class=\"woocommerce-product-attributes-item__value\"><p>8,0 mm<\/p>\n<\/td>\n\t\t<\/tr>\n\t\t\t<tr class=\"woocommerce-product-attributes-item woocommerce-product-attributes-item--attribute_pa_banddicke\">\n\t\t\t<th class=\"woocommerce-product-attributes-item__label\" scope=\"row\">Banddicke<\/th>\n\t\t\t<td class=\"woocommerce-product-attributes-item__value\"><p>2,3 mm<\/p>\n<\/td>\n\t\t<\/tr>\n\t\t\t<tr class=\"woocommerce-product-attributes-item woocommerce-product-attributes-item--attribute_pa_fahnengroesse\">\n\t\t\t<th class=\"woocommerce-product-attributes-item__label\" scope=\"row\">Fahnengr\u00f6\u00dfe<\/th>\n\t\t\t<td class=\"woocommerce-product-attributes-item__value\"><p>50&#215;30 mm<\/p>\n<\/td>\n\t\t<\/tr>\n\t\t\t<tr class=\"woocommerce-product-attributes-item woocommerce-product-attributes-item--attribute_pa_zugfestigkeit\">\n\t\t\t<th class=\"woocommerce-product-attributes-item__label\" scope=\"row\">Zugfestigkeit<\/th>\n\t\t\t<td class=\"woocommerce-product-attributes-item__value\"><p>35 kgf<\/p>\n<\/td>\n\t\t<\/tr>\n\t\t\t<tr class=\"woocommerce-product-attributes-item woocommerce-product-attributes-item--attribute_pa_kartonmase\">\n\t\t\t<th class=\"woocommerce-product-attributes-item__label\" scope=\"row\">Kartonma\u00dfe<\/th>\n\t\t\t<td class=\"woocommerce-product-attributes-item__value\"><p>520x350x340 mm<\/p>\n<\/td>\n\t\t<\/tr>\n\t\t\t<tr class=\"woocommerce-product-attributes-item woocommerce-product-attributes-item--attribute_pa_kartongewicht\">\n\t\t\t<th class=\"woocommerce-product-attributes-item__label\" scope=\"row\">Kartongewicht<\/th>\n\t\t\t<td class=\"woocommerce-product-attributes-item__value\"><p>7,5 kg<\/p>\n<\/td>\n\t\t<\/tr>\n\t<\/table>\n\t\t\t\t<\/div>\n\t\t\t\t<\/div>\n\t\t\t\t\t<\/div>\n\t\t<\/div>\n\t\t\t\t\t<\/div>\n\t\t<\/section>\n\t\t\t\t<\/div>\n\t\t","protected":false},"excerpt":{"rendered":"<p>Die Duo Seal 8,0 ist eine Kunststoffversiegelung. Dank des einzigartigen doppelten Verschlusses bietet sie ein sehr hohes Sicherheitsniveau. Der doppelte Verschluss erschwert Manipulationen und der Anwender wird darauf hingewiesen, dass die Versiegelung so weit wie m\u00f6glich angezogen werden sollte. Die Duo Seal eignet sich besonders f\u00fcr die Versiegelung von Posts\u00e4cken, Big Bags und Anh\u00e4ngert\u00fcren. Wenn [&hellip;]<\/p>\n","protected":false},"featured_media":1069,"template":"","meta":{"_acf_changed":false},"product_brand":[],"product_cat":[126,101,69,114,33],"product_tag":[],"class_list":{"0":"post-163","1":"product","2":"type-product","3":"status-publish","4":"has-post-thumbnail","6":"product_cat-big-bags-und-postsacke","7":"product_cat-durchziehplomben","8":"product_cat-kunststoffplomben","9":"product_cat-lkw-anhanger","10":"product_cat-sicherheitsplomben","12":"first","13":"instock","14":"taxable","15":"shipping-taxable","16":"purchasable","17":"product-type-simple"},"acf":[],"tiered_pricing_type":"fixed","tiered_pricing_fixed_rules":[],"tiered_pricing_product_settings":{"layout":"default","base_unit_name":{"singular":null,"plural":null},"default_variation":null},"tiered_pricing_minimum_quantity":null,"tiered_pricing_roles_data":[],"tiered_pricing_percentage_rules":[],"_links":{"self":[{"href":"https:\/\/immersafe.de\/shop\/wp-json\/wp\/v2\/product\/163","targetHints":{"allow":["GET"]}}],"collection":[{"href":"https:\/\/immersafe.de\/shop\/wp-json\/wp\/v2\/product"}],"about":[{"href":"https:\/\/immersafe.de\/shop\/wp-json\/wp\/v2\/types\/product"}],"version-history":[{"count":6,"href":"https:\/\/immersafe.de\/shop\/wp-json\/wp\/v2\/product\/163\/revisions"}],"predecessor-version":[{"id":7698,"href":"https:\/\/immersafe.de\/shop\/wp-json\/wp\/v2\/product\/163\/revisions\/7698"}],"wp:featuredmedia":[{"embeddable":true,"href":"https:\/\/immersafe.de\/shop\/wp-json\/wp\/v2\/media\/1069"}],"wp:attachment":[{"href":"https:\/\/immersafe.de\/shop\/wp-json\/wp\/v2\/media?parent=163"}],"wp:term":[{"taxonomy":"product_brand","embeddable":true,"href":"https:\/\/immersafe.de\/shop\/wp-json\/wp\/v2\/product_brand?post=163"},{"taxonomy":"product_cat","embeddable":true,"href":"https:\/\/immersafe.de\/shop\/wp-json\/wp\/v2\/product_cat?post=163"},{"taxonomy":"product_tag","embeddable":true,"href":"https:\/\/immersafe.de\/shop\/wp-json\/wp\/v2\/product_tag?post=163"}],"curies":[{"name":"wp","href":"https:\/\/api.w.org\/{rel}","templated":true}]}}