{"id":1645,"date":"2021-10-01T12:04:08","date_gmt":"2021-10-01T12:04:08","guid":{"rendered":"https:\/\/shop.immersafe.de\/?post_type=product&#038;p=1645"},"modified":"2026-01-23T15:32:28","modified_gmt":"2026-01-23T15:32:28","slug":"stripe-lock-s-durchziehplombe","status":"publish","type":"product","link":"https:\/\/immersafe.de\/shop\/stripe-lock-s-durchziehplombe\/","title":{"rendered":"Stripe Lock S Durchziehplombe"},"content":{"rendered":"\t\t<div data-elementor-type=\"wp-post\" data-elementor-id=\"1645\" class=\"elementor elementor-1645\">\n\t\t\t\t\t\t<section class=\"elementor-section elementor-top-section elementor-element elementor-element-418e0d5 elementor-section-boxed elementor-section-height-default elementor-section-height-default\" data-id=\"418e0d5\" data-element_type=\"section\" data-e-type=\"section\">\n\t\t\t\t\t\t<div class=\"elementor-container elementor-column-gap-default\">\n\t\t\t\t\t<div class=\"aux-parallax-section elementor-column elementor-col-100 elementor-top-column elementor-element elementor-element-8ffa40a\" data-id=\"8ffa40a\" data-element_type=\"column\" data-e-type=\"column\">\n\t\t\t<div class=\"elementor-widget-wrap elementor-element-populated\">\n\t\t\t\t\t\t<div class=\"elementor-element elementor-element-d41a738 elementor-widget elementor-widget-heading\" data-id=\"d41a738\" data-element_type=\"widget\" data-e-type=\"widget\" data-widget_type=\"heading.default\">\n\t\t\t\t<div class=\"elementor-widget-container\">\n\t\t\t\t\t<h2 class=\"elementor-heading-title elementor-size-default\">Stripe Lock S Durchziehplombe<\/h2>\t\t\t\t<\/div>\n\t\t\t\t<\/div>\n\t\t\t\t<div class=\"elementor-element elementor-element-21d472f elementor-widget elementor-widget-text-editor\" data-id=\"21d472f\" data-element_type=\"widget\" data-e-type=\"widget\" data-widget_type=\"text-editor.default\">\n\t\t\t\t<div class=\"elementor-widget-container\">\n\t\t\t\t\t\t\t\t\t<p>Die <strong>Stripe Lock S Durchziehplombe<\/strong> ist eine vielseitige Sicherheitsl\u00f6sung aus hochwertigem Polypropylen mit einem robusten Metallverschluss. Dank ihres flachen und flexiblen Bands eignet sie sich ideal f\u00fcr Anwendungen, bei denen eine zuverl\u00e4ssige Versiegelung erforderlich ist.<\/p>\t\t\t\t\t\t\t\t<\/div>\n\t\t\t\t<\/div>\n\t\t\t\t<div class=\"elementor-element elementor-element-4a34057 elementor-widget-divider--view-line elementor-widget elementor-widget-divider\" data-id=\"4a34057\" data-element_type=\"widget\" data-e-type=\"widget\" data-widget_type=\"divider.default\">\n\t\t\t\t<div class=\"elementor-widget-container\">\n\t\t\t\t\t\t\t<div class=\"elementor-divider\">\n\t\t\t<span class=\"elementor-divider-separator\">\n\t\t\t\t\t\t<\/span>\n\t\t<\/div>\n\t\t\t\t\t\t<\/div>\n\t\t\t\t<\/div>\n\t\t\t\t<section class=\"elementor-section elementor-inner-section elementor-element elementor-element-558a4a7 elementor-section-boxed elementor-section-height-default elementor-section-height-default\" data-id=\"558a4a7\" data-element_type=\"section\" data-e-type=\"section\">\n\t\t\t\t\t\t<div class=\"elementor-container elementor-column-gap-default\">\n\t\t\t\t\t<div class=\"aux-parallax-section elementor-column elementor-col-50 elementor-inner-column elementor-element elementor-element-8c588d2\" data-id=\"8c588d2\" data-element_type=\"column\" data-e-type=\"column\">\n\t\t\t<div class=\"elementor-widget-wrap elementor-element-populated\">\n\t\t\t\t\t\t<div class=\"elementor-element elementor-element-15ea9b9 elementor-widget elementor-widget-text-editor\" data-id=\"15ea9b9\" data-element_type=\"widget\" data-e-type=\"widget\" data-widget_type=\"text-editor.default\">\n\t\t\t\t<div class=\"elementor-widget-container\">\n\t\t\t\t\t\t\t\t\t<p><strong>Technische Daten<\/strong><\/p>\t\t\t\t\t\t\t\t<\/div>\n\t\t\t\t<\/div>\n\t\t\t\t<div class=\"elementor-element elementor-element-e40e5b4 elementor-widget elementor-widget-wl-product-additional-information\" data-id=\"e40e5b4\" data-element_type=\"widget\" data-e-type=\"widget\" data-widget_type=\"wl-product-additional-information.default\">\n\t\t\t\t<div class=\"elementor-widget-container\">\n\t\t\t\t\t\n\t<h2>Zus\u00e4tzliche Informationen<\/h2>\n\n<table class=\"woocommerce-product-attributes shop_attributes\" aria-label=\"Produktdetails\">\n\t\t\t<tr class=\"woocommerce-product-attributes-item woocommerce-product-attributes-item--attribute_pa_material\">\n\t\t\t<th class=\"woocommerce-product-attributes-item__label\" scope=\"row\">Material<\/th>\n\t\t\t<td class=\"woocommerce-product-attributes-item__value\"><p>Polypropylen mit Metallklammer aus Edelstahl<\/p>\n<\/td>\n\t\t<\/tr>\n\t\t\t<tr class=\"woocommerce-product-attributes-item woocommerce-product-attributes-item--attribute_pa_gesamtlange\">\n\t\t\t<th class=\"woocommerce-product-attributes-item__label\" scope=\"row\">Gesamtl\u00e4nge<\/th>\n\t\t\t<td class=\"woocommerce-product-attributes-item__value\"><p>305 mm<\/p>\n<\/td>\n\t\t<\/tr>\n\t\t\t<tr class=\"woocommerce-product-attributes-item woocommerce-product-attributes-item--attribute_pa_nutzlange\">\n\t\t\t<th class=\"woocommerce-product-attributes-item__label\" scope=\"row\">Nutzl\u00e4nge<\/th>\n\t\t\t<td class=\"woocommerce-product-attributes-item__value\"><p>250 mm<\/p>\n<\/td>\n\t\t<\/tr>\n\t\t\t<tr class=\"woocommerce-product-attributes-item woocommerce-product-attributes-item--attribute_pa_banddurchmesser\">\n\t\t\t<th class=\"woocommerce-product-attributes-item__label\" scope=\"row\">\u00d8Plombenband<\/th>\n\t\t\t<td class=\"woocommerce-product-attributes-item__value\"><p>3,5 mm<\/p>\n<\/td>\n\t\t<\/tr>\n\t\t\t<tr class=\"woocommerce-product-attributes-item woocommerce-product-attributes-item--attribute_pa_fahnengroesse\">\n\t\t\t<th class=\"woocommerce-product-attributes-item__label\" scope=\"row\">Fahnengr\u00f6\u00dfe<\/th>\n\t\t\t<td class=\"woocommerce-product-attributes-item__value\"><p>45&#215;28 mm<\/p>\n<\/td>\n\t\t<\/tr>\n\t\t\t<tr class=\"woocommerce-product-attributes-item woocommerce-product-attributes-item--attribute_pa_zugfestigkeit\">\n\t\t\t<th class=\"woocommerce-product-attributes-item__label\" scope=\"row\">Zugfestigkeit<\/th>\n\t\t\t<td class=\"woocommerce-product-attributes-item__value\"><p>18 kgf<\/p>\n<\/td>\n\t\t<\/tr>\n\t\t\t<tr class=\"woocommerce-product-attributes-item woocommerce-product-attributes-item--attribute_pa_verpackung\">\n\t\t\t<th class=\"woocommerce-product-attributes-item__label\" scope=\"row\">Verpackung<\/th>\n\t\t\t<td class=\"woocommerce-product-attributes-item__value\"><p>10 St\u00fcck pro Matte, 1.000 St\u00fcck pro Karton<\/p>\n<\/td>\n\t\t<\/tr>\n\t\t\t<tr class=\"woocommerce-product-attributes-item woocommerce-product-attributes-item--attribute_pa_kartonmase\">\n\t\t\t<th class=\"woocommerce-product-attributes-item__label\" scope=\"row\">Kartonma\u00dfe<\/th>\n\t\t\t<td class=\"woocommerce-product-attributes-item__value\"><p>390x310x320 mm<\/p>\n<\/td>\n\t\t<\/tr>\n\t\t\t<tr class=\"woocommerce-product-attributes-item woocommerce-product-attributes-item--attribute_pa_kartongewicht\">\n\t\t\t<th class=\"woocommerce-product-attributes-item__label\" scope=\"row\">Kartongewicht<\/th>\n\t\t\t<td class=\"woocommerce-product-attributes-item__value\"><p>4,8 kg<\/p>\n<\/td>\n\t\t<\/tr>\n\t<\/table>\n\t\t\t\t<\/div>\n\t\t\t\t<\/div>\n\t\t\t\t<div class=\"elementor-element elementor-element-1db1e92 elementor-widget-divider--view-line elementor-widget elementor-widget-divider\" data-id=\"1db1e92\" data-element_type=\"widget\" data-e-type=\"widget\" data-widget_type=\"divider.default\">\n\t\t\t\t<div class=\"elementor-widget-container\">\n\t\t\t\t\t\t\t<div class=\"elementor-divider\">\n\t\t\t<span class=\"elementor-divider-separator\">\n\t\t\t\t\t\t<\/span>\n\t\t<\/div>\n\t\t\t\t\t\t<\/div>\n\t\t\t\t<\/div>\n\t\t\t\t<div class=\"elementor-element elementor-element-923f822 elementor-widget elementor-widget-text-editor\" data-id=\"923f822\" data-element_type=\"widget\" data-e-type=\"widget\" data-widget_type=\"text-editor.default\">\n\t\t\t\t<div class=\"elementor-widget-container\">\n\t\t\t\t\t\t\t\t\t<h4>Die Stripe Lock S Durchziehplombe bietet eine zuverl\u00e4ssige L\u00f6sung f\u00fcr Unternehmen, die Wert auf Sicherheit und Flexibilit\u00e4t legen.<\/h4>\t\t\t\t\t\t\t\t<\/div>\n\t\t\t\t<\/div>\n\t\t\t\t\t<\/div>\n\t\t<\/div>\n\t\t\t\t<div class=\"aux-parallax-section elementor-column elementor-col-50 elementor-inner-column elementor-element elementor-element-87813a1\" data-id=\"87813a1\" data-element_type=\"column\" data-e-type=\"column\">\n\t\t\t<div class=\"elementor-widget-wrap elementor-element-populated\">\n\t\t\t\t\t\t<div class=\"elementor-element elementor-element-74a576c elementor-widget elementor-widget-text-editor\" data-id=\"74a576c\" data-element_type=\"widget\" data-e-type=\"widget\" data-widget_type=\"text-editor.default\">\n\t\t\t\t<div class=\"elementor-widget-container\">\n\t\t\t\t\t\t\t\t\t<p><strong>Anwendungsbereiche<\/strong><\/p>\t\t\t\t\t\t\t\t<\/div>\n\t\t\t\t<\/div>\n\t\t\t\t<div class=\"elementor-element elementor-element-ea5f1e3 elementor-widget elementor-widget-text-editor\" data-id=\"ea5f1e3\" data-element_type=\"widget\" data-e-type=\"widget\" data-widget_type=\"text-editor.default\">\n\t\t\t\t<div class=\"elementor-widget-container\">\n\t\t\t\t\t\t\t\t\t<ul><li>Sicherung von S\u00e4cken und Beuteln<\/li><li>Versiegelung von Containern und Lagerbeh\u00e4ltern<\/li><li>Kontrolle von Notausg\u00e4ngen und Servicer\u00e4umen<\/li><li>Einsatz in der Transport- und Logistikbranche<\/li><\/ul>\t\t\t\t\t\t\t\t<\/div>\n\t\t\t\t<\/div>\n\t\t\t\t<div class=\"elementor-element elementor-element-ffb086c elementor-widget-divider--view-line elementor-widget elementor-widget-divider\" data-id=\"ffb086c\" data-element_type=\"widget\" data-e-type=\"widget\" data-widget_type=\"divider.default\">\n\t\t\t\t<div class=\"elementor-widget-container\">\n\t\t\t\t\t\t\t<div class=\"elementor-divider\">\n\t\t\t<span class=\"elementor-divider-separator\">\n\t\t\t\t\t\t<\/span>\n\t\t<\/div>\n\t\t\t\t\t\t<\/div>\n\t\t\t\t<\/div>\n\t\t\t\t<div class=\"elementor-element elementor-element-603e86e elementor-widget elementor-widget-text-editor\" data-id=\"603e86e\" data-element_type=\"widget\" data-e-type=\"widget\" data-widget_type=\"text-editor.default\">\n\t\t\t\t<div class=\"elementor-widget-container\">\n\t\t\t\t\t\t\t\t\t<p><strong>Besondere Merkmale<\/strong><\/p>\t\t\t\t\t\t\t\t<\/div>\n\t\t\t\t<\/div>\n\t\t\t\t<div class=\"elementor-element elementor-element-1ac7970 elementor-widget elementor-widget-text-editor\" data-id=\"1ac7970\" data-element_type=\"widget\" data-e-type=\"widget\" data-widget_type=\"text-editor.default\">\n\t\t\t\t<div class=\"elementor-widget-container\">\n\t\t\t\t\t\t\t\t\t<ul><li>Robuster Metallverschluss f\u00fcr erh\u00f6hte Sicherheit<\/li><li>Flaches, flexibles Band f\u00fcr vielseitige Anwendungen<\/li><li>Individuelle Kennzeichnungsm\u00f6glichkeiten (Nummerierung, Barcode, Logo)<\/li><li>Einfache Handhabung ohne Werkzeug<\/li><\/ul>\t\t\t\t\t\t\t\t<\/div>\n\t\t\t\t<\/div>\n\t\t\t\t\t<\/div>\n\t\t<\/div>\n\t\t\t\t\t<\/div>\n\t\t<\/section>\n\t\t\t\t\t<\/div>\n\t\t<\/div>\n\t\t\t\t\t<\/div>\n\t\t<\/section>\n\t\t\t\t<\/div>\n\t\t","protected":false},"excerpt":{"rendered":"<p>Entdecken Sie die Stripe Lock S Durchziehplombe mit robustem Metallverschluss und individuellem Kennzeichnungsfeld. Ideal f\u00fcr Transport, Logistik und Lagerhaltung.<\/p>\n","protected":false},"featured_media":4199,"template":"","meta":{"_acf_changed":false},"product_brand":[256],"product_cat":[101,139,69,107,114,33,108,138],"product_tag":[],"class_list":{"0":"post-1645","1":"product","2":"type-product","3":"status-publish","4":"has-post-thumbnail","6":"product_brand-immersafe","7":"product_cat-durchziehplomben","8":"product_cat-ibc-containers","9":"product_cat-kunststoffplomben","10":"product_cat-lkw-und-schifffahrt","11":"product_cat-lkw-anhanger","12":"product_cat-sicherheitsplomben","13":"product_cat-tankreinigung","14":"product_cat-verteilungsbehalter","16":"first","17":"instock","18":"taxable","19":"shipping-taxable","20":"purchasable","21":"product-type-simple"},"acf":[],"tiered_pricing_type":"fixed","tiered_pricing_fixed_rules":[],"tiered_pricing_product_settings":{"layout":"default","base_unit_name":{"singular":null,"plural":null},"default_variation":null},"tiered_pricing_minimum_quantity":null,"tiered_pricing_roles_data":[],"tiered_pricing_percentage_rules":[],"_links":{"self":[{"href":"https:\/\/immersafe.de\/shop\/wp-json\/wp\/v2\/product\/1645","targetHints":{"allow":["GET"]}}],"collection":[{"href":"https:\/\/immersafe.de\/shop\/wp-json\/wp\/v2\/product"}],"about":[{"href":"https:\/\/immersafe.de\/shop\/wp-json\/wp\/v2\/types\/product"}],"version-history":[{"count":17,"href":"https:\/\/immersafe.de\/shop\/wp-json\/wp\/v2\/product\/1645\/revisions"}],"predecessor-version":[{"id":7301,"href":"https:\/\/immersafe.de\/shop\/wp-json\/wp\/v2\/product\/1645\/revisions\/7301"}],"wp:featuredmedia":[{"embeddable":true,"href":"https:\/\/immersafe.de\/shop\/wp-json\/wp\/v2\/media\/4199"}],"wp:attachment":[{"href":"https:\/\/immersafe.de\/shop\/wp-json\/wp\/v2\/media?parent=1645"}],"wp:term":[{"taxonomy":"product_brand","embeddable":true,"href":"https:\/\/immersafe.de\/shop\/wp-json\/wp\/v2\/product_brand?post=1645"},{"taxonomy":"product_cat","embeddable":true,"href":"https:\/\/immersafe.de\/shop\/wp-json\/wp\/v2\/product_cat?post=1645"},{"taxonomy":"product_tag","embeddable":true,"href":"https:\/\/immersafe.de\/shop\/wp-json\/wp\/v2\/product_tag?post=1645"}],"curies":[{"name":"wp","href":"https:\/\/api.w.org\/{rel}","templated":true}]}}