{"id":1670,"date":"2021-10-04T11:48:52","date_gmt":"2021-10-04T11:48:52","guid":{"rendered":"https:\/\/shop.immersafe.de\/?post_type=product&#038;p=1670"},"modified":"2026-03-31T15:00:36","modified_gmt":"2026-03-31T15:00:36","slug":"void-sicherheitsetiketten-100x20-mm-rot-non-residue-mit-individuellem-logo","status":"publish","type":"product","link":"https:\/\/immersafe.de\/shop\/void-sicherheitsetiketten-100x20-mm-rot-non-residue-mit-individuellem-logo\/","title":{"rendered":"VOID-Sicherheitsetiketten 100&#215;20 mm &#8211; Rot &#8211; NON RESIDUE mit individuellem Logo"},"content":{"rendered":"\t\t<div data-elementor-type=\"wp-post\" data-elementor-id=\"1670\" class=\"elementor elementor-1670\">\n\t\t\t\t\t\t<section class=\"elementor-section elementor-top-section elementor-element elementor-element-fa41f5e elementor-section-boxed elementor-section-height-default elementor-section-height-default\" data-id=\"fa41f5e\" data-element_type=\"section\" data-e-type=\"section\">\n\t\t\t\t\t\t<div class=\"elementor-container elementor-column-gap-default\">\n\t\t\t\t\t<div class=\"aux-parallax-section elementor-column elementor-col-100 elementor-top-column elementor-element elementor-element-b24d795\" data-id=\"b24d795\" data-element_type=\"column\" data-e-type=\"column\">\n\t\t\t<div class=\"elementor-widget-wrap elementor-element-populated\">\n\t\t\t\t\t\t<div class=\"elementor-element elementor-element-bbbc79e elementor-widget elementor-widget-heading\" data-id=\"bbbc79e\" data-element_type=\"widget\" data-e-type=\"widget\" data-widget_type=\"heading.default\">\n\t\t\t\t<div class=\"elementor-widget-container\">\n\t\t\t\t\t<h2 class=\"elementor-heading-title elementor-size-default\">VOID-Sicherheitsetiketten \u2013 Manipulationssichere Etiketten<\/h2>\t\t\t\t<\/div>\n\t\t\t\t<\/div>\n\t\t\t\t<div class=\"elementor-element elementor-element-9296cf3 elementor-widget elementor-widget-text-editor\" data-id=\"9296cf3\" data-element_type=\"widget\" data-e-type=\"widget\" data-widget_type=\"text-editor.default\">\n\t\t\t\t<div class=\"elementor-widget-container\">\n\t\t\t\t\t\t\t\t\t<p>Die NON-RESIDUE-Sicherheitsetiketten von Immersafe erm\u00f6glichen eine manipulationssichere Versiegelung \u2013 ideal f\u00fcr T\u00fcren, Transportfahrzeuge und empfindliche Oberfl\u00e4chen. Beim Abziehen erscheint ein gut sichtbarer VOID-Hinweis ausschlie\u00dflich auf dem Etikett, w\u00e4hrend die Oberfl\u00e4che r\u00fcckstandsfrei bleibt.<\/p><p>F\u00fcr dieses Produkt bieten wir eine Ausf\u00fchrung mit fortlaufender Nummerierung sowie individuellem Aufdruck (z.\u202fB. Logo, Firmenname oder Text) auf Kundenwunsch an.<\/p>\t\t\t\t\t\t\t\t<\/div>\n\t\t\t\t<\/div>\n\t\t\t\t<div class=\"elementor-element elementor-element-f43eb9b elementor-widget-divider--view-line elementor-widget elementor-widget-divider\" data-id=\"f43eb9b\" data-element_type=\"widget\" data-e-type=\"widget\" data-widget_type=\"divider.default\">\n\t\t\t\t<div class=\"elementor-widget-container\">\n\t\t\t\t\t\t\t<div class=\"elementor-divider\">\n\t\t\t<span class=\"elementor-divider-separator\">\n\t\t\t\t\t\t<\/span>\n\t\t<\/div>\n\t\t\t\t\t\t<\/div>\n\t\t\t\t<\/div>\n\t\t\t\t<section class=\"elementor-section elementor-inner-section elementor-element elementor-element-f1673b2 elementor-section-boxed elementor-section-height-default elementor-section-height-default\" data-id=\"f1673b2\" data-element_type=\"section\" data-e-type=\"section\">\n\t\t\t\t\t\t<div class=\"elementor-container elementor-column-gap-default\">\n\t\t\t\t\t<div class=\"aux-parallax-section elementor-column elementor-col-50 elementor-inner-column elementor-element elementor-element-98c4433\" data-id=\"98c4433\" data-element_type=\"column\" data-e-type=\"column\">\n\t\t\t<div class=\"elementor-widget-wrap elementor-element-populated\">\n\t\t\t\t\t\t<div class=\"elementor-element elementor-element-0a8d6ef wl-show-heading-yes elementor-widget elementor-widget-wl-product-additional-information\" data-id=\"0a8d6ef\" data-element_type=\"widget\" data-e-type=\"widget\" data-widget_type=\"wl-product-additional-information.default\">\n\t\t\t\t<div class=\"elementor-widget-container\">\n\t\t\t\t\t\n\t<h2>Zus\u00e4tzliche Informationen<\/h2>\n\n\t\t\t\t<\/div>\n\t\t\t\t<\/div>\n\t\t\t\t<div class=\"elementor-element elementor-element-b7eac1b elementor-widget elementor-widget-text-editor\" data-id=\"b7eac1b\" data-element_type=\"widget\" data-e-type=\"widget\" data-widget_type=\"text-editor.default\">\n\t\t\t\t<div class=\"elementor-widget-container\">\n\t\t\t\t\t\t\t\t\t<p><strong>Technische Daten<\/strong><\/p>\t\t\t\t\t\t\t\t<\/div>\n\t\t\t\t<\/div>\n\t\t\t\t<div class=\"elementor-element elementor-element-8c5736b elementor-widget elementor-widget-aux_icon_list\" data-id=\"8c5736b\" data-element_type=\"widget\" data-e-type=\"widget\" data-widget_type=\"aux_icon_list.default\">\n\t\t\t\t<div class=\"elementor-widget-container\">\n\t\t\t\t\t<section class=\"widget-container aux-widget-icon-list aux-parent-au4d09a200\"><div class=\"widget-inner\"><div class=\"aux-widget-icon-list-inner\"><ul class=\"aux-icon-list-items aux-direction-default\"><li class=\"aux-icon-list-item aux-list-item-has-connector aux-list-item-has-icon aux-icon-list-item-7026593 elementor-repeater-item-7026593\"><span class=\"aux-icon-list-text\">Material<\/span><span class=\"aux-list-connector\"><\/span><span class=\"aux-icon-list-text2\">Polyester<\/span><\/li><li class=\"aux-icon-list-item aux-list-item-has-connector aux-list-item-has-icon aux-icon-list-item-1342462 elementor-repeater-item-1342462\"><span class=\"aux-icon-list-text\">Verf\u00fcgbare Gr\u00f6\u00dfen<\/span><span class=\"aux-list-connector\"><\/span><span class=\"aux-icon-list-text2\">100\u00d720 mm<\/span><\/li><li class=\"aux-icon-list-item aux-list-item-has-connector aux-list-item-has-icon aux-icon-list-item-655ae40 elementor-repeater-item-655ae40\"><span class=\"aux-icon-list-text\">Farben<\/span><span class=\"aux-list-connector\"><\/span><span class=\"aux-icon-list-text2\">Rot<\/span><\/li><li class=\"aux-icon-list-item aux-list-item-has-connector aux-list-item-has-icon aux-icon-list-item-aa27bbb elementor-repeater-item-aa27bbb\"><span class=\"aux-icon-list-text\">Klebstoffart<\/span><span class=\"aux-list-connector\"><\/span><span class=\"aux-icon-list-text2\">Nicht-permanent<\/span><\/li><li class=\"aux-icon-list-item aux-list-item-has-connector aux-list-item-has-icon aux-icon-list-item-2aba939 elementor-repeater-item-2aba939\"><span class=\"aux-icon-list-text\">Verpackungseinheit<\/span><span class=\"aux-list-connector\"><\/span><span class=\"aux-icon-list-text2\">1000 Etiketten pro Rolle<\/span><\/li><li class=\"aux-icon-list-item aux-list-item-has-connector aux-list-item-has-icon aux-icon-list-item-bd02f73 elementor-repeater-item-bd02f73\"><span class=\"aux-icon-list-text\">Personalisierung<\/span><span class=\"aux-list-connector\"><\/span><span class=\"aux-icon-list-text2\">M\u00f6glich (Text, Logo, Seriennummer)<\/span><\/li><\/ul><\/div><\/div><\/section><!-- widget-container -->\t\t\t\t<\/div>\n\t\t\t\t<\/div>\n\t\t\t\t<div class=\"elementor-element elementor-element-fdebaa1 elementor-widget-divider--view-line elementor-widget elementor-widget-divider\" data-id=\"fdebaa1\" data-element_type=\"widget\" data-e-type=\"widget\" data-widget_type=\"divider.default\">\n\t\t\t\t<div class=\"elementor-widget-container\">\n\t\t\t\t\t\t\t<div class=\"elementor-divider\">\n\t\t\t<span class=\"elementor-divider-separator\">\n\t\t\t\t\t\t<\/span>\n\t\t<\/div>\n\t\t\t\t\t\t<\/div>\n\t\t\t\t<\/div>\n\t\t\t\t<div class=\"elementor-element elementor-element-9099e65 elementor-widget elementor-widget-text-editor\" data-id=\"9099e65\" data-element_type=\"widget\" data-e-type=\"widget\" data-widget_type=\"text-editor.default\">\n\t\t\t\t<div class=\"elementor-widget-container\">\n\t\t\t\t\t\t\t\t\t<p><strong>Individuelle Bedruckung<\/strong><\/p>\t\t\t\t\t\t\t\t<\/div>\n\t\t\t\t<\/div>\n\t\t\t\t<div class=\"elementor-element elementor-element-f6a386e elementor-widget elementor-widget-text-editor\" data-id=\"f6a386e\" data-element_type=\"widget\" data-e-type=\"widget\" data-widget_type=\"text-editor.default\">\n\t\t\t\t<div class=\"elementor-widget-container\">\n\t\t\t\t\t\t\t\t\t<p>F\u00fcr dieses Produkt bieten wir eine Ausf\u00fchrung mit fortlaufender Seriennummer sowie individuellem Aufdruck \u2013 etwa mit Barcode, QR-Code, Firmenlogo, Name oder Text \u2013 an.<\/p><p>F\u00fcr die Umsetzung ben\u00f6tigen wir eine druckf\u00e4hige Datei im PDF- oder JPG-Format.<\/p><p>Nach Auftragseingang erstellen wir einen kostenlosen Druckentwurf, den wir Ihnen vor Produktionsbeginn zur Freigabe \u00fcbermitteln.<br \/>Anwendungsbereiche: Eingangst\u00fcren, Transportfahrzeuge, Erste-Hilfe-Schr\u00e4nke, Vitrinen, Dokumentencontainer, Luftfahrzeuginspektionsklappen und viele weitere sicherheitsrelevante Anwendungen.<\/p>\t\t\t\t\t\t\t\t<\/div>\n\t\t\t\t<\/div>\n\t\t\t\t\t<\/div>\n\t\t<\/div>\n\t\t\t\t<div class=\"aux-parallax-section elementor-column elementor-col-50 elementor-inner-column elementor-element elementor-element-9c6037b\" data-id=\"9c6037b\" data-element_type=\"column\" data-e-type=\"column\">\n\t\t\t<div class=\"elementor-widget-wrap elementor-element-populated\">\n\t\t\t\t\t\t<div class=\"elementor-element elementor-element-e94988e elementor-widget elementor-widget-text-editor\" data-id=\"e94988e\" data-element_type=\"widget\" data-e-type=\"widget\" data-widget_type=\"text-editor.default\">\n\t\t\t\t<div class=\"elementor-widget-container\">\n\t\t\t\t\t\t\t\t\t<p><strong>Beschreibung<\/strong><\/p>\t\t\t\t\t\t\t\t<\/div>\n\t\t\t\t<\/div>\n\t\t\t\t<div class=\"elementor-element elementor-element-eeabeda elementor-widget elementor-widget-text-editor\" data-id=\"eeabeda\" data-element_type=\"widget\" data-e-type=\"widget\" data-widget_type=\"text-editor.default\">\n\t\t\t\t<div class=\"elementor-widget-container\">\n\t\t\t\t\t\t\t\t\t<p>Das NON-RESIDUE-Sicherheitsetikett (100\u00d720 mm) bietet zuverl\u00e4ssigen Schutz vor Manipulation und unbefugtem Zugriff \u2013 ideal f\u00fcr Einsatzbereiche, in denen keine physische Plombierung m\u00f6glich ist, wie z.\u202fB. an Eingangst\u00fcren, Transportfahrzeugen, Schaltschr\u00e4nken oder Luftfahrzeuginspektionsklappen.<\/p><p>Beim Abziehen erscheinen gut sichtbare VOID-Schriftz\u00fcge ausschlie\u00dflich auf dem Etikett selbst, w\u00e4hrend die versiegelte Oberfl\u00e4che vollst\u00e4ndig frei von Kleber\u00fcckst\u00e4nden oder Etikettenresten bleibt. Dadurch eignet sich das Etikett besonders f\u00fcr h\u00e4ufig zu \u00f6ffnende Bereiche \u2013 die Oberfl\u00e4che bleibt sauber, klebt nicht und wird z.\u202fB. bei lackierten T\u00fcrfl\u00e4chen oder Fahrzeugnutzung nicht besch\u00e4digt.<\/p>\t\t\t\t\t\t\t\t<\/div>\n\t\t\t\t<\/div>\n\t\t\t\t\t<\/div>\n\t\t<\/div>\n\t\t\t\t\t<\/div>\n\t\t<\/section>\n\t\t\t\t\t<\/div>\n\t\t<\/div>\n\t\t\t\t\t<\/div>\n\t\t<\/section>\n\t\t\t\t<\/div>\n\t\t","protected":false},"excerpt":{"rendered":"<p>Die NON-RESIDUE-Sicherheitsetiketten von Immersafe erm\u00f6glichen eine manipulationssichere Versiegelung \u2013 ideal f\u00fcr T\u00fcren, Transportfahrzeuge und empfindliche Oberfl\u00e4chen. Beim Abziehen erscheint ein gut sichtbarer VOID-Hinweis ausschlie\u00dflich auf dem Etikett, w\u00e4hrend die Oberfl\u00e4che r\u00fcckstandsfrei bleibt.<br \/>\nF\u00fcr dieses Produkt bieten wir eine Ausf\u00fchrung mit fortlaufender Nummerierung sowie individuellem Aufdruck (z.\u202fB. Logo, Firmenname oder Text) auf Kundenwunsch an.<\/p>\n","protected":false},"featured_media":1673,"template":"","meta":{"_acf_changed":false},"product_brand":[],"product_cat":[20,142,236,204,33,19],"product_tag":[],"class_list":{"0":"post-1670","1":"product","2":"type-product","3":"status-publish","4":"has-post-thumbnail","6":"product_cat-etiketten-und-void-baender","7":"product_cat-full-transfer","8":"product_cat-personalisierbare-sicherheitsetiketten","9":"product_cat-sicherheitsetiketten","10":"product_cat-sicherheitsplomben","11":"product_cat-verschlusse-fur-behalter-und-fasser","13":"first","14":"instock","15":"taxable","16":"shipping-taxable","17":"purchasable","18":"product-type-simple"},"acf":[],"tiered_pricing_type":"fixed","tiered_pricing_fixed_rules":[],"tiered_pricing_product_settings":{"layout":"default","base_unit_name":{"singular":null,"plural":null},"default_variation":null},"tiered_pricing_minimum_quantity":null,"tiered_pricing_roles_data":[],"tiered_pricing_percentage_rules":[],"_links":{"self":[{"href":"https:\/\/immersafe.de\/shop\/wp-json\/wp\/v2\/product\/1670","targetHints":{"allow":["GET"]}}],"collection":[{"href":"https:\/\/immersafe.de\/shop\/wp-json\/wp\/v2\/product"}],"about":[{"href":"https:\/\/immersafe.de\/shop\/wp-json\/wp\/v2\/types\/product"}],"version-history":[{"count":22,"href":"https:\/\/immersafe.de\/shop\/wp-json\/wp\/v2\/product\/1670\/revisions"}],"predecessor-version":[{"id":7825,"href":"https:\/\/immersafe.de\/shop\/wp-json\/wp\/v2\/product\/1670\/revisions\/7825"}],"wp:featuredmedia":[{"embeddable":true,"href":"https:\/\/immersafe.de\/shop\/wp-json\/wp\/v2\/media\/1673"}],"wp:attachment":[{"href":"https:\/\/immersafe.de\/shop\/wp-json\/wp\/v2\/media?parent=1670"}],"wp:term":[{"taxonomy":"product_brand","embeddable":true,"href":"https:\/\/immersafe.de\/shop\/wp-json\/wp\/v2\/product_brand?post=1670"},{"taxonomy":"product_cat","embeddable":true,"href":"https:\/\/immersafe.de\/shop\/wp-json\/wp\/v2\/product_cat?post=1670"},{"taxonomy":"product_tag","embeddable":true,"href":"https:\/\/immersafe.de\/shop\/wp-json\/wp\/v2\/product_tag?post=1670"}],"curies":[{"name":"wp","href":"https:\/\/api.w.org\/{rel}","templated":true}]}}