{"id":1671,"date":"2021-10-04T11:48:56","date_gmt":"2021-10-04T11:48:56","guid":{"rendered":"https:\/\/shop.immersafe.de\/?post_type=product&#038;p=1671"},"modified":"2025-10-10T12:21:26","modified_gmt":"2025-10-10T12:21:26","slug":"void-sicherheitsetiketten-150x30-mm-blau-non-residue-mit-individuellem-logo","status":"publish","type":"product","link":"https:\/\/immersafe.de\/shop\/void-sicherheitsetiketten-150x30-mm-blau-non-residue-mit-individuellem-logo\/","title":{"rendered":"VOID-Sicherheitsetiketten 150&#215;30 mm &#8211; Blau &#8211; NON RESIDUE mit individuellem Logo"},"content":{"rendered":"\t\t<div data-elementor-type=\"wp-post\" data-elementor-id=\"1671\" class=\"elementor elementor-1671\">\n\t\t\t\t\t\t<section class=\"elementor-section elementor-top-section elementor-element elementor-element-5102ca9 elementor-section-boxed elementor-section-height-default elementor-section-height-default\" data-id=\"5102ca9\" data-element_type=\"section\" data-e-type=\"section\">\n\t\t\t\t\t\t<div class=\"elementor-container elementor-column-gap-default\">\n\t\t\t\t\t<div class=\"aux-parallax-section elementor-column elementor-col-100 elementor-top-column elementor-element elementor-element-4d79979\" data-id=\"4d79979\" data-element_type=\"column\" data-e-type=\"column\">\n\t\t\t<div class=\"elementor-widget-wrap elementor-element-populated\">\n\t\t\t\t\t\t<div class=\"elementor-element elementor-element-ff3685c elementor-widget elementor-widget-heading\" data-id=\"ff3685c\" data-element_type=\"widget\" data-e-type=\"widget\" data-widget_type=\"heading.default\">\n\t\t\t\t<div class=\"elementor-widget-container\">\n\t\t\t\t\t<h2 class=\"elementor-heading-title elementor-size-default\">VOID-Sicherheitsetiketten \u2013 Manipulationssichere Etiketten<\/h2>\t\t\t\t<\/div>\n\t\t\t\t<\/div>\n\t\t\t\t<div class=\"elementor-element elementor-element-864dbe6 elementor-widget elementor-widget-text-editor\" data-id=\"864dbe6\" data-element_type=\"widget\" data-e-type=\"widget\" data-widget_type=\"text-editor.default\">\n\t\t\t\t<div class=\"elementor-widget-container\">\n\t\t\t\t\t\t\t\t\t<p>Die NON-RESIDUE-Sicherheitsetiketten von Immersafe erm\u00f6glichen eine manipulationssichere Versiegelung \u2013 ideal f\u00fcr T\u00fcren, Transportfahrzeuge und empfindliche Oberfl\u00e4chen. Beim Abziehen erscheint ein gut sichtbarer VOID-Hinweis ausschlie\u00dflich auf dem Etikett, w\u00e4hrend die Oberfl\u00e4che r\u00fcckstandsfrei bleibt.<\/p><p>F\u00fcr dieses Produkt bieten wir eine Ausf\u00fchrung mit fortlaufender Nummerierung sowie individuellem Aufdruck (z.\u202fB. Logo, Firmenname oder Text) auf Kundenwunsch an.<\/p>\t\t\t\t\t\t\t\t<\/div>\n\t\t\t\t<\/div>\n\t\t\t\t<div class=\"elementor-element elementor-element-b0c2df9 elementor-widget-divider--view-line elementor-widget elementor-widget-divider\" data-id=\"b0c2df9\" data-element_type=\"widget\" data-e-type=\"widget\" data-widget_type=\"divider.default\">\n\t\t\t\t<div class=\"elementor-widget-container\">\n\t\t\t\t\t\t\t<div class=\"elementor-divider\">\n\t\t\t<span class=\"elementor-divider-separator\">\n\t\t\t\t\t\t<\/span>\n\t\t<\/div>\n\t\t\t\t\t\t<\/div>\n\t\t\t\t<\/div>\n\t\t\t\t<section class=\"elementor-section elementor-inner-section elementor-element elementor-element-5c4328d elementor-section-boxed elementor-section-height-default elementor-section-height-default\" data-id=\"5c4328d\" data-element_type=\"section\" data-e-type=\"section\">\n\t\t\t\t\t\t<div class=\"elementor-container elementor-column-gap-default\">\n\t\t\t\t\t<div class=\"aux-parallax-section elementor-column elementor-col-50 elementor-inner-column elementor-element elementor-element-bc606aa\" data-id=\"bc606aa\" data-element_type=\"column\" data-e-type=\"column\">\n\t\t\t<div class=\"elementor-widget-wrap elementor-element-populated\">\n\t\t\t\t\t\t<div class=\"elementor-element elementor-element-ced6545 elementor-widget elementor-widget-text-editor\" data-id=\"ced6545\" data-element_type=\"widget\" data-e-type=\"widget\" data-widget_type=\"text-editor.default\">\n\t\t\t\t<div class=\"elementor-widget-container\">\n\t\t\t\t\t\t\t\t\t<p><strong>Technische Daten<\/strong><\/p>\t\t\t\t\t\t\t\t<\/div>\n\t\t\t\t<\/div>\n\t\t\t\t<div class=\"elementor-element elementor-element-7e905c8 elementor-widget elementor-widget-aux_icon_list\" data-id=\"7e905c8\" data-element_type=\"widget\" data-e-type=\"widget\" data-widget_type=\"aux_icon_list.default\">\n\t\t\t\t<div class=\"elementor-widget-container\">\n\t\t\t\t\t<section class=\"widget-container aux-widget-icon-list aux-parent-au89f2ece1\"><div class=\"widget-inner\"><div class=\"aux-widget-icon-list-inner\"><ul class=\"aux-icon-list-items aux-direction-default\"><li class=\"aux-icon-list-item aux-list-item-has-connector aux-list-item-has-icon aux-icon-list-item-7026593 elementor-repeater-item-7026593\"><span class=\"aux-icon-list-text\">Material<\/span><span class=\"aux-list-connector\"><\/span><span class=\"aux-icon-list-text2\">Polyester<\/span><\/li><li class=\"aux-icon-list-item aux-list-item-has-connector aux-list-item-has-icon aux-icon-list-item-1342462 elementor-repeater-item-1342462\"><span class=\"aux-icon-list-text\">Verf\u00fcgbare Gr\u00f6\u00dfen<\/span><span class=\"aux-list-connector\"><\/span><span class=\"aux-icon-list-text2\">150x30 mm<\/span><\/li><li class=\"aux-icon-list-item aux-list-item-has-connector aux-list-item-has-icon aux-icon-list-item-655ae40 elementor-repeater-item-655ae40\"><span class=\"aux-icon-list-text\">Farben<\/span><span class=\"aux-list-connector\"><\/span><span class=\"aux-icon-list-text2\">Blau<\/span><\/li><li class=\"aux-icon-list-item aux-list-item-has-connector aux-list-item-has-icon aux-icon-list-item-aa27bbb elementor-repeater-item-aa27bbb\"><span class=\"aux-icon-list-text\">Klebstoffart<\/span><span class=\"aux-list-connector\"><\/span><span class=\"aux-icon-list-text2\">Nicht-permanent<\/span><\/li><li class=\"aux-icon-list-item aux-list-item-has-connector aux-list-item-has-icon aux-icon-list-item-2aba939 elementor-repeater-item-2aba939\"><span class=\"aux-icon-list-text\">Verpackungseinheit<\/span><span class=\"aux-list-connector\"><\/span><span class=\"aux-icon-list-text2\">1000 Etiketten pro Rolle<\/span><\/li><li class=\"aux-icon-list-item aux-list-item-has-connector aux-list-item-has-icon aux-icon-list-item-63e6999 elementor-repeater-item-63e6999\"><span class=\"aux-icon-list-text\">Personalisierung<\/span><span class=\"aux-list-connector\"><\/span><span class=\"aux-icon-list-text2\">M\u00f6glich (Text, Logo, Seriennummer)<\/span><\/li><\/ul><\/div><\/div><\/section><!-- widget-container -->\t\t\t\t<\/div>\n\t\t\t\t<\/div>\n\t\t\t\t<div class=\"elementor-element elementor-element-bab106e elementor-widget-divider--view-line elementor-widget elementor-widget-divider\" data-id=\"bab106e\" data-element_type=\"widget\" data-e-type=\"widget\" data-widget_type=\"divider.default\">\n\t\t\t\t<div class=\"elementor-widget-container\">\n\t\t\t\t\t\t\t<div class=\"elementor-divider\">\n\t\t\t<span class=\"elementor-divider-separator\">\n\t\t\t\t\t\t<\/span>\n\t\t<\/div>\n\t\t\t\t\t\t<\/div>\n\t\t\t\t<\/div>\n\t\t\t\t<div class=\"elementor-element elementor-element-2862202 elementor-widget elementor-widget-text-editor\" data-id=\"2862202\" data-element_type=\"widget\" data-e-type=\"widget\" data-widget_type=\"text-editor.default\">\n\t\t\t\t<div class=\"elementor-widget-container\">\n\t\t\t\t\t\t\t\t\t<p><strong>Individuelle Bedruckung<\/strong><\/p>\t\t\t\t\t\t\t\t<\/div>\n\t\t\t\t<\/div>\n\t\t\t\t<div class=\"elementor-element elementor-element-c5b5f10 elementor-widget elementor-widget-text-editor\" data-id=\"c5b5f10\" data-element_type=\"widget\" data-e-type=\"widget\" data-widget_type=\"text-editor.default\">\n\t\t\t\t<div class=\"elementor-widget-container\">\n\t\t\t\t\t\t\t\t\t<p>F\u00fcr dieses Produkt bieten wir eine Ausf\u00fchrung mit fortlaufender Seriennummer sowie individuellem Aufdruck \u2013 etwa mit Barcode, QR-Code, Firmenlogo, Name oder Text \u2013 an.<\/p><p>F\u00fcr die Umsetzung ben\u00f6tigen wir eine druckf\u00e4hige Datei im PDF- oder JPG-Format.<\/p><p>Nach Auftragseingang erstellen wir einen kostenlosen Druckentwurf, den wir Ihnen vor Produktionsbeginn zur Freigabe \u00fcbermitteln.<br \/>Anwendungsbereiche: Eingangst\u00fcren, Transportfahrzeuge, Erste-Hilfe-Schr\u00e4nke, Vitrinen, Dokumentencontainer, Luftfahrzeuginspektionsklappen und viele weitere sicherheitsrelevante Anwendungen.<\/p>\t\t\t\t\t\t\t\t<\/div>\n\t\t\t\t<\/div>\n\t\t\t\t\t<\/div>\n\t\t<\/div>\n\t\t\t\t<div class=\"aux-parallax-section elementor-column elementor-col-50 elementor-inner-column elementor-element elementor-element-06b1ba4\" data-id=\"06b1ba4\" data-element_type=\"column\" data-e-type=\"column\">\n\t\t\t<div class=\"elementor-widget-wrap elementor-element-populated\">\n\t\t\t\t\t\t<div class=\"elementor-element elementor-element-78862e3 elementor-widget elementor-widget-text-editor\" data-id=\"78862e3\" data-element_type=\"widget\" data-e-type=\"widget\" data-widget_type=\"text-editor.default\">\n\t\t\t\t<div class=\"elementor-widget-container\">\n\t\t\t\t\t\t\t\t\t<p><strong>Beschreibung<\/strong><\/p>\t\t\t\t\t\t\t\t<\/div>\n\t\t\t\t<\/div>\n\t\t\t\t<div class=\"elementor-element elementor-element-337e429 elementor-widget elementor-widget-text-editor\" data-id=\"337e429\" data-element_type=\"widget\" data-e-type=\"widget\" data-widget_type=\"text-editor.default\">\n\t\t\t\t<div class=\"elementor-widget-container\">\n\t\t\t\t\t\t\t\t\t<p>Das NON-RESIDUE-Sicherheitsetikett (150\u00d730 mm) bietet zuverl\u00e4ssigen Schutz vor Manipulation und unbefugtem Zugriff \u2013 ideal f\u00fcr Einsatzbereiche, in denen keine physische Plombierung m\u00f6glich ist, wie z.\u202fB. an Eingangst\u00fcren, Transportfahrzeugen, Schaltschr\u00e4nken oder Luftfahrzeuginspektionsklappen.<\/p><p>Beim Abziehen erscheinen gut sichtbare VOID-Schriftz\u00fcge ausschlie\u00dflich auf dem Etikett selbst, w\u00e4hrend die versiegelte Oberfl\u00e4che vollst\u00e4ndig frei von Kleber\u00fcckst\u00e4nden oder Etikettenresten bleibt. Dadurch eignet sich das Etikett besonders f\u00fcr h\u00e4ufig zu \u00f6ffnende Bereiche \u2013 die Oberfl\u00e4che bleibt sauber, klebt nicht und wird z.\u202fB. bei lackierten T\u00fcrfl\u00e4chen oder Fahrzeugnutzung nicht besch\u00e4digt.<\/p>\t\t\t\t\t\t\t\t<\/div>\n\t\t\t\t<\/div>\n\t\t\t\t\t<\/div>\n\t\t<\/div>\n\t\t\t\t\t<\/div>\n\t\t<\/section>\n\t\t\t\t\t<\/div>\n\t\t<\/div>\n\t\t\t\t\t<\/div>\n\t\t<\/section>\n\t\t\t\t<\/div>\n\t\t","protected":false},"excerpt":{"rendered":"<p>Die NON-RESIDUE-Sicherheitsetiketten von Immersafe erm\u00f6glichen eine manipulationssichere Versiegelung \u2013 ideal f\u00fcr T\u00fcren, Transportfahrzeuge und empfindliche Oberfl\u00e4chen. Beim Abziehen erscheint ein gut sichtbarer VOID-Hinweis ausschlie\u00dflich auf dem Etikett, w\u00e4hrend die Oberfl\u00e4che r\u00fcckstandsfrei bleibt.<br \/>\nF\u00fcr dieses Produkt bieten wir eine Ausf\u00fchrung mit fortlaufender Nummerierung sowie individuellem Aufdruck (z.\u202fB. Logo, Firmenname oder Text) auf Kundenwunsch an.<\/p>\n","protected":false},"featured_media":1672,"template":"","meta":{"_acf_changed":false},"product_brand":[],"product_cat":[20,130,132,236,204,33,131],"product_tag":[],"class_list":{"0":"post-1671","1":"product","2":"type-product","3":"status-publish","4":"has-post-thumbnail","6":"product_cat-etiketten-und-void-baender","7":"product_cat-non-transfer","8":"product_cat-papier-en-karton","9":"product_cat-personalisierbare-sicherheitsetiketten","10":"product_cat-sicherheitsetiketten","11":"product_cat-sicherheitsplomben","12":"product_cat-zero-transfer","14":"first","15":"instock","16":"taxable","17":"shipping-taxable","18":"purchasable","19":"product-type-simple"},"acf":[],"tiered_pricing_type":"fixed","tiered_pricing_fixed_rules":[],"tiered_pricing_product_settings":{"layout":"default","base_unit_name":{"singular":null,"plural":null},"default_variation":null},"tiered_pricing_minimum_quantity":null,"tiered_pricing_roles_data":[],"tiered_pricing_percentage_rules":[],"_links":{"self":[{"href":"https:\/\/immersafe.de\/shop\/wp-json\/wp\/v2\/product\/1671","targetHints":{"allow":["GET"]}}],"collection":[{"href":"https:\/\/immersafe.de\/shop\/wp-json\/wp\/v2\/product"}],"about":[{"href":"https:\/\/immersafe.de\/shop\/wp-json\/wp\/v2\/types\/product"}],"version-history":[{"count":14,"href":"https:\/\/immersafe.de\/shop\/wp-json\/wp\/v2\/product\/1671\/revisions"}],"predecessor-version":[{"id":6010,"href":"https:\/\/immersafe.de\/shop\/wp-json\/wp\/v2\/product\/1671\/revisions\/6010"}],"wp:featuredmedia":[{"embeddable":true,"href":"https:\/\/immersafe.de\/shop\/wp-json\/wp\/v2\/media\/1672"}],"wp:attachment":[{"href":"https:\/\/immersafe.de\/shop\/wp-json\/wp\/v2\/media?parent=1671"}],"wp:term":[{"taxonomy":"product_brand","embeddable":true,"href":"https:\/\/immersafe.de\/shop\/wp-json\/wp\/v2\/product_brand?post=1671"},{"taxonomy":"product_cat","embeddable":true,"href":"https:\/\/immersafe.de\/shop\/wp-json\/wp\/v2\/product_cat?post=1671"},{"taxonomy":"product_tag","embeddable":true,"href":"https:\/\/immersafe.de\/shop\/wp-json\/wp\/v2\/product_tag?post=1671"}],"curies":[{"name":"wp","href":"https:\/\/api.w.org\/{rel}","templated":true}]}}