{"id":1676,"date":"2021-10-04T12:52:44","date_gmt":"2021-10-04T12:52:44","guid":{"rendered":"https:\/\/shop.immersafe.de\/?post_type=product&#038;p=1676"},"modified":"2026-01-23T16:33:19","modified_gmt":"2026-01-23T16:33:19","slug":"guard-lock-containerplombe-mit-etikett","status":"publish","type":"product","link":"https:\/\/immersafe.de\/shop\/guard-lock-containerplombe-mit-etikett\/","title":{"rendered":"Guard Lock Containerplombe mit Etikett"},"content":{"rendered":"\t\t<div data-elementor-type=\"wp-post\" data-elementor-id=\"1676\" class=\"elementor elementor-1676\">\n\t\t\t\t\t\t<section class=\"elementor-section elementor-top-section elementor-element elementor-element-88aba71 elementor-section-boxed elementor-section-height-default elementor-section-height-default\" data-id=\"88aba71\" data-element_type=\"section\" data-e-type=\"section\">\n\t\t\t\t\t\t<div class=\"elementor-container elementor-column-gap-default\">\n\t\t\t\t\t<div class=\"aux-parallax-section elementor-column elementor-col-100 elementor-top-column elementor-element elementor-element-0ddee43\" data-id=\"0ddee43\" data-element_type=\"column\" data-e-type=\"column\">\n\t\t\t<div class=\"elementor-widget-wrap elementor-element-populated\">\n\t\t\t\t\t\t<div class=\"elementor-element elementor-element-a9b1b65 elementor-widget elementor-widget-heading\" data-id=\"a9b1b65\" data-element_type=\"widget\" data-e-type=\"widget\" data-widget_type=\"heading.default\">\n\t\t\t\t<div class=\"elementor-widget-container\">\n\t\t\t\t\t<h2 class=\"elementor-heading-title elementor-size-default\">Guard Lock Containerplombe mit Etikette \u2013 H\u00f6chstsicherheit mit zus\u00e4tzlicher Kennzeichnung<\/h2>\t\t\t\t<\/div>\n\t\t\t\t<\/div>\n\t\t\t\t<div class=\"elementor-element elementor-element-1eb6f17 elementor-widget elementor-widget-text-editor\" data-id=\"1eb6f17\" data-element_type=\"widget\" data-e-type=\"widget\" data-widget_type=\"text-editor.default\">\n\t\t\t\t<div class=\"elementor-widget-container\">\n\t\t\t\t\t\t\t\t\t<p>Die <strong>Guard Lock Containerplombe mit Etikette<\/strong> kombiniert die Sicherheit einer <strong>ISO 17712:2013-zertifizierten Hochsicherheitsplombe<\/strong> mit der <strong>praktischen Etikettenl\u00f6sung<\/strong> zur einfachen Dokumentation und R\u00fcckverfolgbarkeit. Die integrierte Etikette mit Seriennummer oder Barcode l\u00e4sst sich leicht abziehen und in Frachtpapiere einkleben \u2013 ideal f\u00fcr alle Logistikprozesse.<\/p><p>Diese <strong>Einweg-Bolzenplombe<\/strong> ist aus geh\u00e4rtetem Stahl gefertigt, mit Kunststoff ummantelt und bietet <strong>extrem hohe Zugfestigkeit<\/strong> sowie eine <strong>klare Manipulationsanzeige<\/strong>. Die farbliche Kennzeichnung unterst\u00fctzt die visuelle Zuordnung.<\/p>\t\t\t\t\t\t\t\t<\/div>\n\t\t\t\t<\/div>\n\t\t\t\t<div class=\"elementor-element elementor-element-9448ae4 elementor-widget-divider--view-line elementor-widget elementor-widget-divider\" data-id=\"9448ae4\" data-element_type=\"widget\" data-e-type=\"widget\" data-widget_type=\"divider.default\">\n\t\t\t\t<div class=\"elementor-widget-container\">\n\t\t\t\t\t\t\t<div class=\"elementor-divider\">\n\t\t\t<span class=\"elementor-divider-separator\">\n\t\t\t\t\t\t<\/span>\n\t\t<\/div>\n\t\t\t\t\t\t<\/div>\n\t\t\t\t<\/div>\n\t\t\t\t<section class=\"elementor-section elementor-inner-section elementor-element elementor-element-89c2960 elementor-section-boxed elementor-section-height-default elementor-section-height-default\" data-id=\"89c2960\" data-element_type=\"section\" data-e-type=\"section\">\n\t\t\t\t\t\t<div class=\"elementor-container elementor-column-gap-default\">\n\t\t\t\t\t<div class=\"aux-parallax-section elementor-column elementor-col-50 elementor-inner-column elementor-element elementor-element-9f7c730\" data-id=\"9f7c730\" data-element_type=\"column\" data-e-type=\"column\">\n\t\t\t<div class=\"elementor-widget-wrap elementor-element-populated\">\n\t\t\t\t\t\t<div class=\"elementor-element elementor-element-9a5d771 elementor-widget elementor-widget-text-editor\" data-id=\"9a5d771\" data-element_type=\"widget\" data-e-type=\"widget\" data-widget_type=\"text-editor.default\">\n\t\t\t\t<div class=\"elementor-widget-container\">\n\t\t\t\t\t\t\t\t\t<p><strong>Technische Daten<\/strong><\/p>\t\t\t\t\t\t\t\t<\/div>\n\t\t\t\t<\/div>\n\t\t\t\t<div class=\"elementor-element elementor-element-4b7f669 elementor-widget elementor-widget-wl-product-additional-information\" data-id=\"4b7f669\" data-element_type=\"widget\" data-e-type=\"widget\" data-widget_type=\"wl-product-additional-information.default\">\n\t\t\t\t<div class=\"elementor-widget-container\">\n\t\t\t\t\t\n\t<h2>Zus\u00e4tzliche Informationen<\/h2>\n\n<table class=\"woocommerce-product-attributes shop_attributes\" aria-label=\"Produktdetails\">\n\t\t\t<tr class=\"woocommerce-product-attributes-item woocommerce-product-attributes-item--attribute_pa_material\">\n\t\t\t<th class=\"woocommerce-product-attributes-item__label\" scope=\"row\">Material<\/th>\n\t\t\t<td class=\"woocommerce-product-attributes-item__value\"><p>Geh\u00e4rteter Stahl mit ABS-Ummantelung<\/p>\n<\/td>\n\t\t<\/tr>\n\t\t\t<tr class=\"woocommerce-product-attributes-item woocommerce-product-attributes-item--attribute_pa_bolzendurchmesser\">\n\t\t\t<th class=\"woocommerce-product-attributes-item__label\" scope=\"row\">Bolzendurchmesser<\/th>\n\t\t\t<td class=\"woocommerce-product-attributes-item__value\"><p>10 mm<\/p>\n<\/td>\n\t\t<\/tr>\n\t\t\t<tr class=\"woocommerce-product-attributes-item woocommerce-product-attributes-item--attribute_pa_bolzenlange\">\n\t\t\t<th class=\"woocommerce-product-attributes-item__label\" scope=\"row\">Bolzenl\u00e4nge<\/th>\n\t\t\t<td class=\"woocommerce-product-attributes-item__value\"><p>85 mm<\/p>\n<\/td>\n\t\t<\/tr>\n\t\t\t<tr class=\"woocommerce-product-attributes-item woocommerce-product-attributes-item--attribute_pa_einsatzlange\">\n\t\t\t<th class=\"woocommerce-product-attributes-item__label\" scope=\"row\">Einsatzl\u00e4nge<\/th>\n\t\t\t<td class=\"woocommerce-product-attributes-item__value\"><p>47 mm<\/p>\n<\/td>\n\t\t<\/tr>\n\t\t\t<tr class=\"woocommerce-product-attributes-item woocommerce-product-attributes-item--attribute_pa_seriennummer\">\n\t\t\t<th class=\"woocommerce-product-attributes-item__label\" scope=\"row\">Seriennummer<\/th>\n\t\t\t<td class=\"woocommerce-product-attributes-item__value\"><p>Auf Bolzen &amp; Verschlusskammer aufgedruckt<\/p>\n<\/td>\n\t\t<\/tr>\n\t\t\t<tr class=\"woocommerce-product-attributes-item woocommerce-product-attributes-item--attribute_pa_zugfestigkeit\">\n\t\t\t<th class=\"woocommerce-product-attributes-item__label\" scope=\"row\">Zugfestigkeit<\/th>\n\t\t\t<td class=\"woocommerce-product-attributes-item__value\"><p>&gt; 1900 kgf<\/p>\n<\/td>\n\t\t<\/tr>\n\t\t\t<tr class=\"woocommerce-product-attributes-item woocommerce-product-attributes-item--attribute_pa_zertifizierung\">\n\t\t\t<th class=\"woocommerce-product-attributes-item__label\" scope=\"row\">Zertifizierung<\/th>\n\t\t\t<td class=\"woocommerce-product-attributes-item__value\"><p>ISO 17712:2013 (High Security Seal)<\/p>\n<\/td>\n\t\t<\/tr>\n\t\t\t<tr class=\"woocommerce-product-attributes-item woocommerce-product-attributes-item--attribute_pa_verpackung\">\n\t\t\t<th class=\"woocommerce-product-attributes-item__label\" scope=\"row\">Verpackung<\/th>\n\t\t\t<td class=\"woocommerce-product-attributes-item__value\"><p>10 St\u00fcck pro Matte, 200 St\u00fcck pro Karton<\/p>\n<\/td>\n\t\t<\/tr>\n\t\t\t<tr class=\"woocommerce-product-attributes-item woocommerce-product-attributes-item--attribute_pa_kartonmase\">\n\t\t\t<th class=\"woocommerce-product-attributes-item__label\" scope=\"row\">Kartonma\u00dfe<\/th>\n\t\t\t<td class=\"woocommerce-product-attributes-item__value\"><p>450\u00d7330\u00d7140 mm<\/p>\n<\/td>\n\t\t<\/tr>\n\t\t\t<tr class=\"woocommerce-product-attributes-item woocommerce-product-attributes-item--attribute_pa_kartongewicht\">\n\t\t\t<th class=\"woocommerce-product-attributes-item__label\" scope=\"row\">Kartongewicht<\/th>\n\t\t\t<td class=\"woocommerce-product-attributes-item__value\"><p>13,2 kg<\/p>\n<\/td>\n\t\t<\/tr>\n\t<\/table>\n\t\t\t\t<\/div>\n\t\t\t\t<\/div>\n\t\t\t\t<div class=\"elementor-element elementor-element-8531c23 elementor-widget-divider--view-line elementor-widget elementor-widget-divider\" data-id=\"8531c23\" data-element_type=\"widget\" data-e-type=\"widget\" data-widget_type=\"divider.default\">\n\t\t\t\t<div class=\"elementor-widget-container\">\n\t\t\t\t\t\t\t<div class=\"elementor-divider\">\n\t\t\t<span class=\"elementor-divider-separator\">\n\t\t\t\t\t\t<\/span>\n\t\t<\/div>\n\t\t\t\t\t\t<\/div>\n\t\t\t\t<\/div>\n\t\t\t\t<div class=\"elementor-element elementor-element-86a0b80 elementor-widget elementor-widget-text-editor\" data-id=\"86a0b80\" data-element_type=\"widget\" data-e-type=\"widget\" data-widget_type=\"text-editor.default\">\n\t\t\t\t<div class=\"elementor-widget-container\">\n\t\t\t\t\t\t\t\t\t<h4>Die <strong>Guard Lock mit Etikette<\/strong> ist die ideale L\u00f6sung f\u00fcr alle, die maximale Sicherheit mit einfacher Nachverfolgung kombinieren m\u00f6chten.<\/h4>\t\t\t\t\t\t\t\t<\/div>\n\t\t\t\t<\/div>\n\t\t\t\t\t<\/div>\n\t\t<\/div>\n\t\t\t\t<div class=\"aux-parallax-section elementor-column elementor-col-50 elementor-inner-column elementor-element elementor-element-34bfd86\" data-id=\"34bfd86\" data-element_type=\"column\" data-e-type=\"column\">\n\t\t\t<div class=\"elementor-widget-wrap elementor-element-populated\">\n\t\t\t\t\t\t<div class=\"elementor-element elementor-element-62d1dda elementor-widget elementor-widget-text-editor\" data-id=\"62d1dda\" data-element_type=\"widget\" data-e-type=\"widget\" data-widget_type=\"text-editor.default\">\n\t\t\t\t<div class=\"elementor-widget-container\">\n\t\t\t\t\t\t\t\t\t<p><strong>Einsatzbereiche<\/strong><\/p>\t\t\t\t\t\t\t\t<\/div>\n\t\t\t\t<\/div>\n\t\t\t\t<div class=\"elementor-element elementor-element-4c5f2a3 elementor-widget elementor-widget-text-editor\" data-id=\"4c5f2a3\" data-element_type=\"widget\" data-e-type=\"widget\" data-widget_type=\"text-editor.default\">\n\t\t\t\t<div class=\"elementor-widget-container\">\n\t\t\t\t\t\t\t\t\t<ul><li>Internationale Containertransporte<\/li><li>Versiegelung von LKWs, Bahnwaggons und Frachtt\u00fcren<\/li><li>Dokumentationspflichtige Transporte<\/li><li>Lagerlogistik und Zollabfertigung<\/li><\/ul>\t\t\t\t\t\t\t\t<\/div>\n\t\t\t\t<\/div>\n\t\t\t\t<div class=\"elementor-element elementor-element-d738d5f elementor-widget-divider--view-line elementor-widget elementor-widget-divider\" data-id=\"d738d5f\" data-element_type=\"widget\" data-e-type=\"widget\" data-widget_type=\"divider.default\">\n\t\t\t\t<div class=\"elementor-widget-container\">\n\t\t\t\t\t\t\t<div class=\"elementor-divider\">\n\t\t\t<span class=\"elementor-divider-separator\">\n\t\t\t\t\t\t<\/span>\n\t\t<\/div>\n\t\t\t\t\t\t<\/div>\n\t\t\t\t<\/div>\n\t\t\t\t<div class=\"elementor-element elementor-element-3489c95 elementor-widget elementor-widget-text-editor\" data-id=\"3489c95\" data-element_type=\"widget\" data-e-type=\"widget\" data-widget_type=\"text-editor.default\">\n\t\t\t\t<div class=\"elementor-widget-container\">\n\t\t\t\t\t\t\t\t\t<p><strong>Produktmerkmale<\/strong><\/p>\t\t\t\t\t\t\t\t<\/div>\n\t\t\t\t<\/div>\n\t\t\t\t<div class=\"elementor-element elementor-element-f84c043 elementor-widget elementor-widget-text-editor\" data-id=\"f84c043\" data-element_type=\"widget\" data-e-type=\"widget\" data-widget_type=\"text-editor.default\">\n\t\t\t\t<div class=\"elementor-widget-container\">\n\t\t\t\t\t\t\t\t\t<ul><li>ISO 17712:2013 &amp; C-TPAT konform<\/li><li>Seriennummer mit abziehbarer Etikette<\/li><li>Nur mit Bolzenschneider entfernbar<\/li><li>Sichtbare Manipulationssicherung<\/li><li>Lasergravur f\u00fcr dauerhafte Kennzeichnung<\/li><li>Farbkodierung zur schnellen Identifikation<\/li><li>Optional mit Logo oder Barcode<\/li><\/ul>\t\t\t\t\t\t\t\t<\/div>\n\t\t\t\t<\/div>\n\t\t\t\t\t<\/div>\n\t\t<\/div>\n\t\t\t\t\t<\/div>\n\t\t<\/section>\n\t\t\t\t\t<\/div>\n\t\t<\/div>\n\t\t\t\t\t<\/div>\n\t\t<\/section>\n\t\t\t\t<\/div>\n\t\t","protected":false},"excerpt":{"rendered":"<p><strong>Guard Lock mit Etikett<\/strong> f\u00fcr einfache Dokumentation. Dieses Siegel erf\u00fcllt die Anforderungen der ISO17712:2013 (High Security Seal) und C-TPAT und eignet sich daher f\u00fcr den internationalen Containertransport, ohne Probleme beim Zoll zu verursachen.<\/p>\n","protected":false},"featured_media":1677,"template":"","meta":{"_acf_changed":false},"product_brand":[],"product_cat":[133,135,113,106,36,117,59,114,104,115,33,112,19,116],"product_tag":[],"class_list":{"0":"post-1676","1":"product","2":"type-product","3":"status-publish","4":"has-post-thumbnail","6":"product_cat-bolt-seals","7":"product_cat-bolzenplomben","8":"product_cat-c-tpat","9":"product_cat-container","10":"product_cat-containerplomben","11":"product_cat-eisenbahn","12":"product_cat-high-security-plomben","13":"product_cat-lkw-anhanger","14":"product_cat-loesungen-fuer-container-in-flugzeugen","15":"product_cat-luftfracht","16":"product_cat-sicherheitsplomben","17":"product_cat-sicherheitsplomben-mit-iso-177122013","18":"product_cat-verschlusse-fur-behalter-und-fasser","19":"product_cat-zugwaggon","21":"first","22":"instock","23":"featured","24":"taxable","25":"shipping-taxable","26":"purchasable","27":"product-type-simple"},"acf":[],"tiered_pricing_type":"fixed","tiered_pricing_fixed_rules":[],"tiered_pricing_product_settings":{"layout":"default","base_unit_name":{"singular":null,"plural":null},"default_variation":null},"tiered_pricing_minimum_quantity":null,"tiered_pricing_roles_data":[],"tiered_pricing_percentage_rules":[],"_links":{"self":[{"href":"https:\/\/immersafe.de\/shop\/wp-json\/wp\/v2\/product\/1676","targetHints":{"allow":["GET"]}}],"collection":[{"href":"https:\/\/immersafe.de\/shop\/wp-json\/wp\/v2\/product"}],"about":[{"href":"https:\/\/immersafe.de\/shop\/wp-json\/wp\/v2\/types\/product"}],"version-history":[{"count":23,"href":"https:\/\/immersafe.de\/shop\/wp-json\/wp\/v2\/product\/1676\/revisions"}],"predecessor-version":[{"id":7711,"href":"https:\/\/immersafe.de\/shop\/wp-json\/wp\/v2\/product\/1676\/revisions\/7711"}],"wp:featuredmedia":[{"embeddable":true,"href":"https:\/\/immersafe.de\/shop\/wp-json\/wp\/v2\/media\/1677"}],"wp:attachment":[{"href":"https:\/\/immersafe.de\/shop\/wp-json\/wp\/v2\/media?parent=1676"}],"wp:term":[{"taxonomy":"product_brand","embeddable":true,"href":"https:\/\/immersafe.de\/shop\/wp-json\/wp\/v2\/product_brand?post=1676"},{"taxonomy":"product_cat","embeddable":true,"href":"https:\/\/immersafe.de\/shop\/wp-json\/wp\/v2\/product_cat?post=1676"},{"taxonomy":"product_tag","embeddable":true,"href":"https:\/\/immersafe.de\/shop\/wp-json\/wp\/v2\/product_tag?post=1676"}],"curies":[{"name":"wp","href":"https:\/\/api.w.org\/{rel}","templated":true}]}}