{"id":1678,"date":"2021-10-04T13:04:23","date_gmt":"2021-10-04T13:04:23","guid":{"rendered":"https:\/\/shop.immersafe.de\/?post_type=product&#038;p=1678"},"modified":"2026-01-23T15:53:41","modified_gmt":"2026-01-23T15:53:41","slug":"guard-lock-containerplombe-mit-logo","status":"publish","type":"product","link":"https:\/\/immersafe.de\/shop\/guard-lock-containerplombe-mit-logo\/","title":{"rendered":"Guard Lock Containerplombe mit Logo"},"content":{"rendered":"\t\t<div data-elementor-type=\"wp-post\" data-elementor-id=\"1678\" class=\"elementor elementor-1678\">\n\t\t\t\t\t\t<section class=\"elementor-section elementor-top-section elementor-element elementor-element-99c577b elementor-section-boxed elementor-section-height-default elementor-section-height-default\" data-id=\"99c577b\" data-element_type=\"section\" data-e-type=\"section\">\n\t\t\t\t\t\t<div class=\"elementor-container elementor-column-gap-default\">\n\t\t\t\t\t<div class=\"aux-parallax-section elementor-column elementor-col-100 elementor-top-column elementor-element elementor-element-86c133b\" data-id=\"86c133b\" data-element_type=\"column\" data-e-type=\"column\">\n\t\t\t<div class=\"elementor-widget-wrap elementor-element-populated\">\n\t\t\t\t\t\t<div class=\"elementor-element elementor-element-b7155d5 elementor-widget elementor-widget-heading\" data-id=\"b7155d5\" data-element_type=\"widget\" data-e-type=\"widget\" data-widget_type=\"heading.default\">\n\t\t\t\t<div class=\"elementor-widget-container\">\n\t\t\t\t\t<h2 class=\"elementor-heading-title elementor-size-default\">Guard Lock Containerplombe \u2013 Hochsicherheit f\u00fcr Seefracht &amp; Transport<\/h2>\t\t\t\t<\/div>\n\t\t\t\t<\/div>\n\t\t\t\t<div class=\"elementor-element elementor-element-2f404a3 elementor-widget elementor-widget-text-editor\" data-id=\"2f404a3\" data-element_type=\"widget\" data-e-type=\"widget\" data-widget_type=\"text-editor.default\">\n\t\t\t\t<div class=\"elementor-widget-container\">\n\t\t\t\t\t\t\t\t\t<p>Die <strong>Guard Lock Containerplombe<\/strong> ist unser beliebtestes Container-Siegel. Diese Version in unserem Online-Shop handelt von der Variante mit einem eigenen Druck. Dies kann der Firmenname oder das Firmenlogo sein. Die <strong>Guard Lock<\/strong>\u00a0kann auch mit einem Barcode oder QR-Code versehen werden.<\/p><p>Durch das hochwertige Kunststoffgeh\u00e4use ist der Druck immer klar zu sehen. Die Nummerierung befindet sich auf dem Geh\u00e4use und am Stift. Dieses Container-Siegel ist mit einem Anti-Rotationssystem ausgestattet. Dadurch ist es nicht m\u00f6glich, den Stift zu drehen, nachdem das Siegel am Container angebracht wurde, ohne Spuren zu hinterlassen.<\/p><p>Die <strong>Guard Lock Containerplombe<\/strong> kann leicht von Hand angebracht werden, aber eine Betonschere oder eine Flex ist erforderlich, um sie zu \u00f6ffnen. Die <strong>Guard Lock Containerplombe<\/strong> ist eine zertifizierte, ISO 17712:2013 und C-TPAT konforme <strong>Bolzenplombe<\/strong>, speziell entwickelt zur Versiegelung von <strong>Containern, Frachtt\u00fcren und Transportfahrzeugen<\/strong>. Dank ihrer hohen Zugfestigkeit und manipulationssicheren Bauweise bietet sie optimalen Schutz f\u00fcr internationale Transporte.<\/p>\t\t\t\t\t\t\t\t<\/div>\n\t\t\t\t<\/div>\n\t\t\t\t<div class=\"elementor-element elementor-element-61d12bf elementor-widget-divider--view-line elementor-widget elementor-widget-divider\" data-id=\"61d12bf\" data-element_type=\"widget\" data-e-type=\"widget\" data-widget_type=\"divider.default\">\n\t\t\t\t<div class=\"elementor-widget-container\">\n\t\t\t\t\t\t\t<div class=\"elementor-divider\">\n\t\t\t<span class=\"elementor-divider-separator\">\n\t\t\t\t\t\t<\/span>\n\t\t<\/div>\n\t\t\t\t\t\t<\/div>\n\t\t\t\t<\/div>\n\t\t\t\t<section class=\"elementor-section elementor-inner-section elementor-element elementor-element-36d008f elementor-section-boxed elementor-section-height-default elementor-section-height-default\" data-id=\"36d008f\" data-element_type=\"section\" data-e-type=\"section\">\n\t\t\t\t\t\t<div class=\"elementor-container elementor-column-gap-default\">\n\t\t\t\t\t<div class=\"aux-parallax-section elementor-column elementor-col-50 elementor-inner-column elementor-element elementor-element-209614e\" data-id=\"209614e\" data-element_type=\"column\" data-e-type=\"column\">\n\t\t\t<div class=\"elementor-widget-wrap elementor-element-populated\">\n\t\t\t\t\t\t<div class=\"elementor-element elementor-element-55524a8 elementor-widget elementor-widget-text-editor\" data-id=\"55524a8\" data-element_type=\"widget\" data-e-type=\"widget\" data-widget_type=\"text-editor.default\">\n\t\t\t\t<div class=\"elementor-widget-container\">\n\t\t\t\t\t\t\t\t\t<p><strong>Technische Daten<\/strong><\/p>\t\t\t\t\t\t\t\t<\/div>\n\t\t\t\t<\/div>\n\t\t\t\t<div class=\"elementor-element elementor-element-bf6e879 elementor-widget elementor-widget-wl-product-additional-information\" data-id=\"bf6e879\" data-element_type=\"widget\" data-e-type=\"widget\" data-widget_type=\"wl-product-additional-information.default\">\n\t\t\t\t<div class=\"elementor-widget-container\">\n\t\t\t\t\t\n\t<h2>Zus\u00e4tzliche Informationen<\/h2>\n\n<table class=\"woocommerce-product-attributes shop_attributes\" aria-label=\"Produktdetails\">\n\t\t\t<tr class=\"woocommerce-product-attributes-item woocommerce-product-attributes-item--attribute_pa_material\">\n\t\t\t<th class=\"woocommerce-product-attributes-item__label\" scope=\"row\">Material<\/th>\n\t\t\t<td class=\"woocommerce-product-attributes-item__value\"><p>Geh\u00e4rteter Stahl mit ABS-Ummantelung<\/p>\n<\/td>\n\t\t<\/tr>\n\t\t\t<tr class=\"woocommerce-product-attributes-item woocommerce-product-attributes-item--attribute_pa_bolzendurchmesser\">\n\t\t\t<th class=\"woocommerce-product-attributes-item__label\" scope=\"row\">Bolzendurchmesser<\/th>\n\t\t\t<td class=\"woocommerce-product-attributes-item__value\"><p>10 mm<\/p>\n<\/td>\n\t\t<\/tr>\n\t\t\t<tr class=\"woocommerce-product-attributes-item woocommerce-product-attributes-item--attribute_pa_bolzenlange\">\n\t\t\t<th class=\"woocommerce-product-attributes-item__label\" scope=\"row\">Bolzenl\u00e4nge<\/th>\n\t\t\t<td class=\"woocommerce-product-attributes-item__value\"><p>85 mm<\/p>\n<\/td>\n\t\t<\/tr>\n\t\t\t<tr class=\"woocommerce-product-attributes-item woocommerce-product-attributes-item--attribute_pa_einsatzlange\">\n\t\t\t<th class=\"woocommerce-product-attributes-item__label\" scope=\"row\">Einsatzl\u00e4nge<\/th>\n\t\t\t<td class=\"woocommerce-product-attributes-item__value\"><p>47 mm<\/p>\n<\/td>\n\t\t<\/tr>\n\t\t\t<tr class=\"woocommerce-product-attributes-item woocommerce-product-attributes-item--attribute_pa_zugfestigkeit\">\n\t\t\t<th class=\"woocommerce-product-attributes-item__label\" scope=\"row\">Zugfestigkeit<\/th>\n\t\t\t<td class=\"woocommerce-product-attributes-item__value\"><p>&gt; 1900 kgf<\/p>\n<\/td>\n\t\t<\/tr>\n\t\t\t<tr class=\"woocommerce-product-attributes-item woocommerce-product-attributes-item--attribute_pa_zertifizierung\">\n\t\t\t<th class=\"woocommerce-product-attributes-item__label\" scope=\"row\">Zertifizierung<\/th>\n\t\t\t<td class=\"woocommerce-product-attributes-item__value\"><p>ISO 17712:2013 (High Security Seal)<\/p>\n<\/td>\n\t\t<\/tr>\n\t\t\t<tr class=\"woocommerce-product-attributes-item woocommerce-product-attributes-item--attribute_pa_verpackung\">\n\t\t\t<th class=\"woocommerce-product-attributes-item__label\" scope=\"row\">Verpackung<\/th>\n\t\t\t<td class=\"woocommerce-product-attributes-item__value\"><p>10 St\u00fcck pro Matte, 200 St\u00fcck pro Karton<\/p>\n<\/td>\n\t\t<\/tr>\n\t\t\t<tr class=\"woocommerce-product-attributes-item woocommerce-product-attributes-item--attribute_pa_kartonmase\">\n\t\t\t<th class=\"woocommerce-product-attributes-item__label\" scope=\"row\">Kartonma\u00dfe<\/th>\n\t\t\t<td class=\"woocommerce-product-attributes-item__value\"><p>450\u00d7330\u00d7140 mm<\/p>\n<\/td>\n\t\t<\/tr>\n\t\t\t<tr class=\"woocommerce-product-attributes-item woocommerce-product-attributes-item--attribute_pa_kartongewicht\">\n\t\t\t<th class=\"woocommerce-product-attributes-item__label\" scope=\"row\">Kartongewicht<\/th>\n\t\t\t<td class=\"woocommerce-product-attributes-item__value\"><p>13,2 kg<\/p>\n<\/td>\n\t\t<\/tr>\n\t<\/table>\n\t\t\t\t<\/div>\n\t\t\t\t<\/div>\n\t\t\t\t<div class=\"elementor-element elementor-element-c209424 elementor-widget-divider--view-line elementor-widget elementor-widget-divider\" data-id=\"c209424\" data-element_type=\"widget\" data-e-type=\"widget\" data-widget_type=\"divider.default\">\n\t\t\t\t<div class=\"elementor-widget-container\">\n\t\t\t\t\t\t\t<div class=\"elementor-divider\">\n\t\t\t<span class=\"elementor-divider-separator\">\n\t\t\t\t\t\t<\/span>\n\t\t<\/div>\n\t\t\t\t\t\t<\/div>\n\t\t\t\t<\/div>\n\t\t\t\t<div class=\"elementor-element elementor-element-47299a6 elementor-widget elementor-widget-text-editor\" data-id=\"47299a6\" data-element_type=\"widget\" data-e-type=\"widget\" data-widget_type=\"text-editor.default\">\n\t\t\t\t<div class=\"elementor-widget-container\">\n\t\t\t\t\t\t\t\t\t<h4>Die Markierung erfolgt durch Lasergravur, dies ist ein permanenter Druck. Diese Container-Siegel werden in Blisterverpackungen mit jeweils 10 St\u00fcck geliefert.<\/h4>\t\t\t\t\t\t\t\t<\/div>\n\t\t\t\t<\/div>\n\t\t\t\t\t<\/div>\n\t\t<\/div>\n\t\t\t\t<div class=\"aux-parallax-section elementor-column elementor-col-50 elementor-inner-column elementor-element elementor-element-769b9be\" data-id=\"769b9be\" data-element_type=\"column\" data-e-type=\"column\">\n\t\t\t<div class=\"elementor-widget-wrap elementor-element-populated\">\n\t\t\t\t\t\t<div class=\"elementor-element elementor-element-f418138 elementor-widget elementor-widget-text-editor\" data-id=\"f418138\" data-element_type=\"widget\" data-e-type=\"widget\" data-widget_type=\"text-editor.default\">\n\t\t\t\t<div class=\"elementor-widget-container\">\n\t\t\t\t\t\t\t\t\t<p><strong>Anwendungsbereiche<\/strong><\/p>\t\t\t\t\t\t\t\t<\/div>\n\t\t\t\t<\/div>\n\t\t\t\t<div class=\"elementor-element elementor-element-ed2044d elementor-widget elementor-widget-text-editor\" data-id=\"ed2044d\" data-element_type=\"widget\" data-e-type=\"widget\" data-widget_type=\"text-editor.default\">\n\t\t\t\t<div class=\"elementor-widget-container\">\n\t\t\t\t\t\t\t\t\t<ul><li>Seefracht &amp; Exportlogistik<\/li><li>Container- und LKW-Versiegelung<\/li><li>Sicherung von Hochsicherheitsbereichen<\/li><li>Grenz\u00fcbergreifende Transporte<\/li><\/ul>\t\t\t\t\t\t\t\t<\/div>\n\t\t\t\t<\/div>\n\t\t\t\t<div class=\"elementor-element elementor-element-420ea8b elementor-widget-divider--view-line elementor-widget elementor-widget-divider\" data-id=\"420ea8b\" data-element_type=\"widget\" data-e-type=\"widget\" data-widget_type=\"divider.default\">\n\t\t\t\t<div class=\"elementor-widget-container\">\n\t\t\t\t\t\t\t<div class=\"elementor-divider\">\n\t\t\t<span class=\"elementor-divider-separator\">\n\t\t\t\t\t\t<\/span>\n\t\t<\/div>\n\t\t\t\t\t\t<\/div>\n\t\t\t\t<\/div>\n\t\t\t\t<div class=\"elementor-element elementor-element-48e86bc elementor-widget elementor-widget-text-editor\" data-id=\"48e86bc\" data-element_type=\"widget\" data-e-type=\"widget\" data-widget_type=\"text-editor.default\">\n\t\t\t\t<div class=\"elementor-widget-container\">\n\t\t\t\t\t\t\t\t\t<p><strong>Produkteigenschaften<\/strong><\/p>\t\t\t\t\t\t\t\t<\/div>\n\t\t\t\t<\/div>\n\t\t\t\t<div class=\"elementor-element elementor-element-1f59ae2 elementor-widget elementor-widget-text-editor\" data-id=\"1f59ae2\" data-element_type=\"widget\" data-e-type=\"widget\" data-widget_type=\"text-editor.default\">\n\t\t\t\t<div class=\"elementor-widget-container\">\n\t\t\t\t\t\t\t\t\t<ul><li>ISO 17712:2013 zertifiziert (High Security Seal)<\/li><li>Erf\u00fcllt C-TPAT-Richtlinien<\/li><li>Manipulationssicher &amp; manipulationsnachweisend<\/li><li>Seriennummer per Lasergravur (auch Barcode\/Logo m\u00f6glich)<\/li><li>Einfache Anwendung durch Klickmechanismus<\/li><li>Farbkodierung zur schnellen Identifikation<\/li><\/ul>\t\t\t\t\t\t\t\t<\/div>\n\t\t\t\t<\/div>\n\t\t\t\t\t<\/div>\n\t\t<\/div>\n\t\t\t\t\t<\/div>\n\t\t<\/section>\n\t\t\t\t\t<\/div>\n\t\t<\/div>\n\t\t\t\t\t<\/div>\n\t\t<\/section>\n\t\t\t\t<\/div>\n\t\t","protected":false},"excerpt":{"rendered":"<p>ISO 17712 zertifizierte Bolzenplombe f\u00fcr Container &amp; Transporte. H\u00f6chste Sicherheit f\u00fcr Seefracht.<\/p>\n","protected":false},"featured_media":1679,"template":"","meta":{"_acf_changed":false},"product_brand":[256],"product_cat":[133,135,113,106,36,117,59,114,104,115,237,33,112,19,116],"product_tag":[],"class_list":{"0":"post-1678","1":"product","2":"type-product","3":"status-publish","4":"has-post-thumbnail","6":"product_brand-immersafe","7":"product_cat-bolt-seals","8":"product_cat-bolzenplomben","9":"product_cat-c-tpat","10":"product_cat-container","11":"product_cat-containerplomben","12":"product_cat-eisenbahn","13":"product_cat-high-security-plomben","14":"product_cat-lkw-anhanger","15":"product_cat-loesungen-fuer-container-in-flugzeugen","16":"product_cat-luftfracht","17":"product_cat-plomben-mit-logo","18":"product_cat-sicherheitsplomben","19":"product_cat-sicherheitsplomben-mit-iso-177122013","20":"product_cat-verschlusse-fur-behalter-und-fasser","21":"product_cat-zugwaggon","23":"first","24":"instock","25":"featured","26":"taxable","27":"shipping-taxable","28":"purchasable","29":"product-type-simple"},"acf":[],"tiered_pricing_type":"fixed","tiered_pricing_fixed_rules":[],"tiered_pricing_product_settings":{"layout":"default","base_unit_name":{"singular":null,"plural":null},"default_variation":null},"tiered_pricing_minimum_quantity":null,"tiered_pricing_roles_data":[],"tiered_pricing_percentage_rules":[],"_links":{"self":[{"href":"https:\/\/immersafe.de\/shop\/wp-json\/wp\/v2\/product\/1678","targetHints":{"allow":["GET"]}}],"collection":[{"href":"https:\/\/immersafe.de\/shop\/wp-json\/wp\/v2\/product"}],"about":[{"href":"https:\/\/immersafe.de\/shop\/wp-json\/wp\/v2\/types\/product"}],"version-history":[{"count":25,"href":"https:\/\/immersafe.de\/shop\/wp-json\/wp\/v2\/product\/1678\/revisions"}],"predecessor-version":[{"id":7198,"href":"https:\/\/immersafe.de\/shop\/wp-json\/wp\/v2\/product\/1678\/revisions\/7198"}],"wp:featuredmedia":[{"embeddable":true,"href":"https:\/\/immersafe.de\/shop\/wp-json\/wp\/v2\/media\/1679"}],"wp:attachment":[{"href":"https:\/\/immersafe.de\/shop\/wp-json\/wp\/v2\/media?parent=1678"}],"wp:term":[{"taxonomy":"product_brand","embeddable":true,"href":"https:\/\/immersafe.de\/shop\/wp-json\/wp\/v2\/product_brand?post=1678"},{"taxonomy":"product_cat","embeddable":true,"href":"https:\/\/immersafe.de\/shop\/wp-json\/wp\/v2\/product_cat?post=1678"},{"taxonomy":"product_tag","embeddable":true,"href":"https:\/\/immersafe.de\/shop\/wp-json\/wp\/v2\/product_tag?post=1678"}],"curies":[{"name":"wp","href":"https:\/\/api.w.org\/{rel}","templated":true}]}}