{"id":2028,"date":"2022-09-01T11:56:27","date_gmt":"2022-09-01T11:56:27","guid":{"rendered":"https:\/\/shop.immersafe.de\/?post_type=product&#038;p=2028"},"modified":"2025-10-10T11:32:43","modified_gmt":"2025-10-10T11:32:43","slug":"secure-bag-165x220-mm-transparent-sicherheitstaschen","status":"publish","type":"product","link":"https:\/\/immersafe.de\/shop\/secure-bag-165x220-mm-transparent-sicherheitstaschen\/","title":{"rendered":"Secure Bag 165\u00d7220 mm \u2013 transparent"},"content":{"rendered":"\t\t<div data-elementor-type=\"wp-post\" data-elementor-id=\"2028\" class=\"elementor elementor-2028\">\n\t\t\t\t\t\t<section class=\"elementor-section elementor-top-section elementor-element elementor-element-270f87eb elementor-section-boxed elementor-section-height-default elementor-section-height-default\" data-id=\"270f87eb\" data-element_type=\"section\" data-e-type=\"section\">\n\t\t\t\t\t\t<div class=\"elementor-container elementor-column-gap-default\">\n\t\t\t\t\t<div class=\"aux-parallax-section elementor-column elementor-col-100 elementor-top-column elementor-element elementor-element-3577e4b7\" data-id=\"3577e4b7\" data-element_type=\"column\" data-e-type=\"column\">\n\t\t\t<div class=\"elementor-widget-wrap elementor-element-populated\">\n\t\t\t\t\t\t<div class=\"elementor-element elementor-element-2a36d1e5 elementor-widget elementor-widget-text-editor\" data-id=\"2a36d1e5\" data-element_type=\"widget\" data-e-type=\"widget\" data-widget_type=\"text-editor.default\">\n\t\t\t\t<div class=\"elementor-widget-container\">\n\t\t\t\t\t\t\t\t\t<p>Die Seal Bag, auch Sicherheitsumschlag oder Sicherheitstasche genannt, eignet sich f\u00fcr den Versand und die Aufbewahrung wertvoller G\u00fcter. Durch die Verwendung der Seal Bag wird eine Diskussion mit Kunden oder Institutionen vermieden.<br><br>Die Seal Bag ist besonders geeignet f\u00fcr die sichere Aufbewahrung oder Versendung von Geld, Dokumenten und wichtigen Gegenst\u00e4nden.<br><br>Sobald die Tasche geschlossen\/versiegelt ist, ist es unm\u00f6glich, sie unbemerkt zu \u00f6ffnen und wieder zu schlie\u00dfen. Der Klebestreifen ist mit Sicherheitsband versehen, das nach dem \u00d6ffnen eine VOID-Nachricht zeigt. Die anderen Seiten sind mit doppelten Schwei\u00dfn\u00e4hten und einer Druckfunktion versehen.<br><br>Auf allen unseren Seal Bags ist eine eindeutige aufsteigende Nummer mit Barcode vorhanden.<br><br><b>Technische Daten:<br><\/b><br>&#8211; Farbe: Transparent<br>&#8211; Gr\u00f6\u00dfe: 165&#215;220 mm<br>&#8211; Material: Polyethylen<br>&#8211; Dicke: 55 Mikrometer<\/p>\t\t\t\t\t\t\t\t<\/div>\n\t\t\t\t<\/div>\n\t\t\t\t\t<\/div>\n\t\t<\/div>\n\t\t\t\t\t<\/div>\n\t\t<\/section>\n\t\t\t\t<\/div>\n\t\t","protected":false},"excerpt":{"rendered":"<p>Sicherheitstaschen dienen der sicheren Aufbewahrung und dem Transport von Bargeld, wertvollen Gegenst\u00e4nden (z. B. Schmuckpreziosen), vertraulichen Dokumenten sowie Materialproben.<\/p>\n","protected":false},"featured_media":2030,"template":"","meta":{"_acf_changed":false},"product_brand":[],"product_cat":[143,23,144],"product_tag":[],"class_list":{"0":"post-2028","1":"product","2":"type-product","3":"status-publish","4":"has-post-thumbnail","6":"product_cat-secure-bag","7":"product_cat-sicherheitstaschen","8":"product_cat-sicherheitsumschlag","10":"first","11":"instock","12":"taxable","13":"shipping-taxable","14":"purchasable","15":"product-type-simple"},"acf":[],"tiered_pricing_type":"fixed","tiered_pricing_fixed_rules":[],"tiered_pricing_product_settings":{"layout":"default","base_unit_name":{"singular":null,"plural":null},"default_variation":null},"tiered_pricing_minimum_quantity":null,"tiered_pricing_roles_data":[],"tiered_pricing_percentage_rules":[],"_links":{"self":[{"href":"https:\/\/immersafe.de\/shop\/wp-json\/wp\/v2\/product\/2028","targetHints":{"allow":["GET"]}}],"collection":[{"href":"https:\/\/immersafe.de\/shop\/wp-json\/wp\/v2\/product"}],"about":[{"href":"https:\/\/immersafe.de\/shop\/wp-json\/wp\/v2\/types\/product"}],"version-history":[{"count":3,"href":"https:\/\/immersafe.de\/shop\/wp-json\/wp\/v2\/product\/2028\/revisions"}],"predecessor-version":[{"id":6436,"href":"https:\/\/immersafe.de\/shop\/wp-json\/wp\/v2\/product\/2028\/revisions\/6436"}],"wp:featuredmedia":[{"embeddable":true,"href":"https:\/\/immersafe.de\/shop\/wp-json\/wp\/v2\/media\/2030"}],"wp:attachment":[{"href":"https:\/\/immersafe.de\/shop\/wp-json\/wp\/v2\/media?parent=2028"}],"wp:term":[{"taxonomy":"product_brand","embeddable":true,"href":"https:\/\/immersafe.de\/shop\/wp-json\/wp\/v2\/product_brand?post=2028"},{"taxonomy":"product_cat","embeddable":true,"href":"https:\/\/immersafe.de\/shop\/wp-json\/wp\/v2\/product_cat?post=2028"},{"taxonomy":"product_tag","embeddable":true,"href":"https:\/\/immersafe.de\/shop\/wp-json\/wp\/v2\/product_tag?post=2028"}],"curies":[{"name":"wp","href":"https:\/\/api.w.org\/{rel}","templated":true}]}}