{"id":2071,"date":"2022-09-27T16:21:15","date_gmt":"2022-09-27T16:21:15","guid":{"rendered":"https:\/\/shop.immersafe.de\/?post_type=product&#038;p=2071"},"modified":"2025-10-10T11:33:45","modified_gmt":"2025-10-10T11:33:45","slug":"secure-bag-180x255-mm-b5-undurchsichtig-weis","status":"publish","type":"product","link":"https:\/\/immersafe.de\/shop\/secure-bag-180x255-mm-b5-undurchsichtig-weis\/","title":{"rendered":"Secure Bag 180&#215;255 mm (B5) \u2013 undurchsichtig\/wei\u00df"},"content":{"rendered":"\t\t<div data-elementor-type=\"wp-post\" data-elementor-id=\"2071\" class=\"elementor elementor-2071\">\n\t\t\t\t\t\t<section class=\"elementor-section elementor-top-section elementor-element elementor-element-c9301e8 elementor-section-boxed elementor-section-height-default elementor-section-height-default\" data-id=\"c9301e8\" data-element_type=\"section\" data-e-type=\"section\">\n\t\t\t\t\t\t<div class=\"elementor-container elementor-column-gap-default\">\n\t\t\t\t\t<div class=\"aux-parallax-section elementor-column elementor-col-100 elementor-top-column elementor-element elementor-element-2e682178\" data-id=\"2e682178\" data-element_type=\"column\" data-e-type=\"column\">\n\t\t\t<div class=\"elementor-widget-wrap elementor-element-populated\">\n\t\t\t\t\t\t<div class=\"elementor-element elementor-element-7bf0ba14 elementor-widget elementor-widget-text-editor\" data-id=\"7bf0ba14\" data-element_type=\"widget\" data-e-type=\"widget\" data-widget_type=\"text-editor.default\">\n\t\t\t\t<div class=\"elementor-widget-container\">\n\t\t\t\t\t\t\t\t\t<p>Die Seal Bags (auch als Sicherheitskuverts oder Security Bags bezeichnet) sind geeignet f\u00fcr den Versand und die Aufbewahrung von wertvollen G\u00fctern. Durch die Verwendung von Seal Bags wird eine Diskussion mit Kunden oder Institutionen vermieden.<br><br>Die Seal Bag ist besonders geeignet f\u00fcr die sichere Aufbewahrung oder den Versand von Geld, Dokumenten und wichtigen Gegenst\u00e4nden.<br><br>Sobald der Beutel verschlossen\/versiegelt ist, ist es unm\u00f6glich, ihn unbemerkt zu \u00f6ffnen und wieder zu schlie\u00dfen. Der Klebestreifen ist mit Sicherheitsband versehen, auf dem nach dem \u00d6ffnen eine VOID-Nachricht erscheint. Die anderen Seiten haben doppelte Schwei\u00dfn\u00e4hte mit ebenfalls einem Aufdruck.<br><br>Auf allen unseren Seal Bags ist eine einzigartige fortlaufende Nummer mit einem Barcode vorhanden.<br><br><b>TECHNISCHE DATEN:<br><\/b><br><ul><li>Farbe: Undurchsichtig\/Wei\u00df<\/li><li>Abmessungen: 180&#215;255 mm<\/li><li>Material: Polyethylen<\/li><li>St\u00e4rke: 60 Mikron<\/li><\/ul><\/p>\t\t\t\t\t\t\t\t<\/div>\n\t\t\t\t<\/div>\n\t\t\t\t\t<\/div>\n\t\t<\/div>\n\t\t\t\t\t<\/div>\n\t\t<\/section>\n\t\t\t\t<\/div>\n\t\t","protected":false},"excerpt":{"rendered":"<p>Secure Bag dienen der sicheren Aufbewahrung und dem Transport von Bargeld, wertvollen Gegenst\u00e4nden (z. B. Schmuckpreziosen), vertraulichen Dokumenten sowie Materialproben.<\/p>\n","protected":false},"featured_media":2075,"template":"","meta":{"_acf_changed":false},"product_brand":[],"product_cat":[143,23,144],"product_tag":[],"class_list":{"0":"post-2071","1":"product","2":"type-product","3":"status-publish","4":"has-post-thumbnail","6":"product_cat-secure-bag","7":"product_cat-sicherheitstaschen","8":"product_cat-sicherheitsumschlag","10":"first","11":"instock","12":"taxable","13":"shipping-taxable","14":"purchasable","15":"product-type-simple"},"acf":[],"tiered_pricing_type":"fixed","tiered_pricing_fixed_rules":[],"tiered_pricing_product_settings":{"layout":"default","base_unit_name":{"singular":null,"plural":null},"default_variation":null},"tiered_pricing_minimum_quantity":null,"tiered_pricing_roles_data":[],"tiered_pricing_percentage_rules":[],"_links":{"self":[{"href":"https:\/\/immersafe.de\/shop\/wp-json\/wp\/v2\/product\/2071","targetHints":{"allow":["GET"]}}],"collection":[{"href":"https:\/\/immersafe.de\/shop\/wp-json\/wp\/v2\/product"}],"about":[{"href":"https:\/\/immersafe.de\/shop\/wp-json\/wp\/v2\/types\/product"}],"version-history":[{"count":11,"href":"https:\/\/immersafe.de\/shop\/wp-json\/wp\/v2\/product\/2071\/revisions"}],"predecessor-version":[{"id":6438,"href":"https:\/\/immersafe.de\/shop\/wp-json\/wp\/v2\/product\/2071\/revisions\/6438"}],"wp:featuredmedia":[{"embeddable":true,"href":"https:\/\/immersafe.de\/shop\/wp-json\/wp\/v2\/media\/2075"}],"wp:attachment":[{"href":"https:\/\/immersafe.de\/shop\/wp-json\/wp\/v2\/media?parent=2071"}],"wp:term":[{"taxonomy":"product_brand","embeddable":true,"href":"https:\/\/immersafe.de\/shop\/wp-json\/wp\/v2\/product_brand?post=2071"},{"taxonomy":"product_cat","embeddable":true,"href":"https:\/\/immersafe.de\/shop\/wp-json\/wp\/v2\/product_cat?post=2071"},{"taxonomy":"product_tag","embeddable":true,"href":"https:\/\/immersafe.de\/shop\/wp-json\/wp\/v2\/product_tag?post=2071"}],"curies":[{"name":"wp","href":"https:\/\/api.w.org\/{rel}","templated":true}]}}