{"id":4291,"date":"2025-05-13T08:37:06","date_gmt":"2025-05-13T08:37:06","guid":{"rendered":"https:\/\/shop.immersafe.de\/?post_type=product&#038;p=4291"},"modified":"2026-02-25T10:01:48","modified_gmt":"2026-02-25T10:01:48","slug":"integrip-kabelplombe","status":"publish","type":"product","link":"https:\/\/immersafe.de\/shop\/integrip-kabelplombe\/","title":{"rendered":"Integrip Kabelplombe"},"content":{"rendered":"\t\t<div data-elementor-type=\"wp-post\" data-elementor-id=\"4291\" class=\"elementor elementor-4291\">\n\t\t\t\t\t\t<section class=\"elementor-section elementor-top-section elementor-element elementor-element-519af31 elementor-section-boxed elementor-section-height-default elementor-section-height-default\" data-id=\"519af31\" data-element_type=\"section\" data-e-type=\"section\">\n\t\t\t\t\t\t<div class=\"elementor-container elementor-column-gap-default\">\n\t\t\t\t\t<div class=\"aux-parallax-section elementor-column elementor-col-100 elementor-top-column elementor-element elementor-element-f38873a\" data-id=\"f38873a\" data-element_type=\"column\" data-e-type=\"column\">\n\t\t\t<div class=\"elementor-widget-wrap elementor-element-populated\">\n\t\t\t\t\t\t<div class=\"elementor-element elementor-element-d1c730e elementor-widget elementor-widget-heading\" data-id=\"d1c730e\" data-element_type=\"widget\" data-e-type=\"widget\" data-widget_type=\"heading.default\">\n\t\t\t\t<div class=\"elementor-widget-container\">\n\t\t\t\t\t<h2 class=\"elementor-heading-title elementor-size-default\">Integrip Kabelplombe \u2013 Flexible Sicherheitsl\u00f6sung mit hoher Zugfestigkeit<\/h2>\t\t\t\t<\/div>\n\t\t\t\t<\/div>\n\t\t\t\t<div class=\"elementor-element elementor-element-e4283b8 elementor-widget elementor-widget-text-editor\" data-id=\"e4283b8\" data-element_type=\"widget\" data-e-type=\"widget\" data-widget_type=\"text-editor.default\">\n\t\t\t\t<div class=\"elementor-widget-container\">\n\t\t\t\t\t\t\t\t\t<p>Die <strong>Integrip Kabelplombe<\/strong> ist eine vielseitige und zuverl\u00e4ssige Sicherheitsplombe mit einem flexiblen Stahlseil. Sie eignet sich ideal f\u00fcr <strong>Transportbeh\u00e4lter, Container, LKWs, Lagerhallen und industrielle Anwendungen<\/strong>, bei denen eine hohe Manipulationssicherheit gefordert ist.<\/p><p>Das Aluminiumgeh\u00e4use bietet einen <strong>robusten Schutz gegen Manipulationen<\/strong>, w\u00e4hrend das Stahlkabel nach dem Anziehen dauerhaft verriegelt ist. Die Plombe kann nur mit einem Bolzenschneider entfernt werden, was einen unbefugten Zugriff effektiv verhindert.<\/p>\t\t\t\t\t\t\t\t<\/div>\n\t\t\t\t<\/div>\n\t\t\t\t<div class=\"elementor-element elementor-element-bb7a371 elementor-widget-divider--view-line elementor-widget elementor-widget-divider\" data-id=\"bb7a371\" data-element_type=\"widget\" data-e-type=\"widget\" data-widget_type=\"divider.default\">\n\t\t\t\t<div class=\"elementor-widget-container\">\n\t\t\t\t\t\t\t<div class=\"elementor-divider\">\n\t\t\t<span class=\"elementor-divider-separator\">\n\t\t\t\t\t\t<\/span>\n\t\t<\/div>\n\t\t\t\t\t\t<\/div>\n\t\t\t\t<\/div>\n\t\t\t\t<section class=\"elementor-section elementor-inner-section elementor-element elementor-element-d56a2f1 elementor-section-boxed elementor-section-height-default elementor-section-height-default\" data-id=\"d56a2f1\" data-element_type=\"section\" data-e-type=\"section\">\n\t\t\t\t\t\t<div class=\"elementor-container elementor-column-gap-default\">\n\t\t\t\t\t<div class=\"aux-parallax-section elementor-column elementor-col-50 elementor-inner-column elementor-element elementor-element-daff0d6\" data-id=\"daff0d6\" data-element_type=\"column\" data-e-type=\"column\">\n\t\t\t<div class=\"elementor-widget-wrap elementor-element-populated\">\n\t\t\t\t\t\t<div class=\"elementor-element elementor-element-066bca1 elementor-widget elementor-widget-text-editor\" data-id=\"066bca1\" data-element_type=\"widget\" data-e-type=\"widget\" data-widget_type=\"text-editor.default\">\n\t\t\t\t<div class=\"elementor-widget-container\">\n\t\t\t\t\t\t\t\t\t<p><strong>Technische Daten<\/strong><\/p>\t\t\t\t\t\t\t\t<\/div>\n\t\t\t\t<\/div>\n\t\t\t\t<div class=\"elementor-element elementor-element-3f3851c elementor-widget elementor-widget-aux_icon_list\" data-id=\"3f3851c\" data-element_type=\"widget\" data-e-type=\"widget\" data-widget_type=\"aux_icon_list.default\">\n\t\t\t\t<div class=\"elementor-widget-container\">\n\t\t\t\t\t<section class=\"widget-container aux-widget-icon-list aux-parent-au1b12a182\"><div class=\"widget-inner\"><div class=\"aux-widget-icon-list-inner\"><ul class=\"aux-icon-list-items aux-direction-default\"><li class=\"aux-icon-list-item aux-list-item-has-connector aux-list-item-has-icon aux-icon-list-item-7026593 elementor-repeater-item-7026593\"><span class=\"aux-icon-list-text\">Gesamtl\u00e4nge<\/span><span class=\"aux-list-connector\"><\/span><span class=\"aux-icon-list-text2\">340 mm<\/span><\/li><li class=\"aux-icon-list-item aux-list-item-has-connector aux-list-item-has-icon aux-icon-list-item-1342462 elementor-repeater-item-1342462\"><span class=\"aux-icon-list-text\">Nutzl\u00e4nge<\/span><span class=\"aux-list-connector\"><\/span><span class=\"aux-icon-list-text2\">300 mm<\/span><\/li><li class=\"aux-icon-list-item aux-list-item-has-connector aux-list-item-has-icon aux-icon-list-item-655ae40 elementor-repeater-item-655ae40\"><span class=\"aux-icon-list-text\">Kabeldurchmesser<\/span><span class=\"aux-list-connector\"><\/span><span class=\"aux-icon-list-text2\">1,5 mm<\/span><\/li><li class=\"aux-icon-list-item aux-list-item-has-connector aux-list-item-has-icon aux-icon-list-item-aa27bbb elementor-repeater-item-aa27bbb\"><span class=\"aux-icon-list-text\">Fahnengr\u00f6\u00dfe<\/span><span class=\"aux-list-connector\"><\/span><span class=\"aux-icon-list-text2\">40 \u00d7 23 mm<\/span><\/li><li class=\"aux-icon-list-item aux-list-item-has-connector aux-list-item-has-icon aux-icon-list-item-75202f7 elementor-repeater-item-75202f7\"><span class=\"aux-icon-list-text\">Zugfestigkeit<\/span><span class=\"aux-list-connector\"><\/span><span class=\"aux-icon-list-text2\">170 kgf<\/span><\/li><li class=\"aux-icon-list-item aux-list-item-has-connector aux-list-item-has-icon aux-icon-list-item-2aba939 elementor-repeater-item-2aba939\"><span class=\"aux-icon-list-text\">Material<\/span><span class=\"aux-list-connector\"><\/span><span class=\"aux-icon-list-text2\">ABS-Kunststoff, Aluminiumgeh\u00e4use,  Stahldraht<\/span><\/li><li class=\"aux-icon-list-item aux-list-item-has-connector aux-list-item-has-icon aux-icon-list-item-8505f4e elementor-repeater-item-8505f4e\"><span class=\"aux-icon-list-text\">Verpackung<\/span><span class=\"aux-list-connector\"><\/span><span class=\"aux-icon-list-text2\">50 St\u00fcck pro Beutel \/ 500 St\u00fcck pro Karton<\/span><\/li><li class=\"aux-icon-list-item aux-list-item-has-connector aux-list-item-has-icon aux-icon-list-item-8d27cf1 elementor-repeater-item-8d27cf1\"><span class=\"aux-icon-list-text\">Kartonma\u00dfe<\/span><span class=\"aux-list-connector\"><\/span><span class=\"aux-icon-list-text2\">430 \u00d7 210 \u00d7 130 mm<\/span><\/li><li class=\"aux-icon-list-item aux-list-item-has-connector aux-list-item-has-icon aux-icon-list-item-803e1c5 elementor-repeater-item-803e1c5\"><span class=\"aux-icon-list-text\">Kartongewicht<\/span><span class=\"aux-list-connector\"><\/span><span class=\"aux-icon-list-text2\">5,5 kg<\/span><\/li><\/ul><\/div><\/div><\/section><!-- widget-container -->\t\t\t\t<\/div>\n\t\t\t\t<\/div>\n\t\t\t\t<div class=\"elementor-element elementor-element-7b27c68 elementor-widget-divider--view-line elementor-widget elementor-widget-divider\" data-id=\"7b27c68\" data-element_type=\"widget\" data-e-type=\"widget\" data-widget_type=\"divider.default\">\n\t\t\t\t<div class=\"elementor-widget-container\">\n\t\t\t\t\t\t\t<div class=\"elementor-divider\">\n\t\t\t<span class=\"elementor-divider-separator\">\n\t\t\t\t\t\t<\/span>\n\t\t<\/div>\n\t\t\t\t\t\t<\/div>\n\t\t\t\t<\/div>\n\t\t\t\t<div class=\"elementor-element elementor-element-513fe02 elementor-widget elementor-widget-text-editor\" data-id=\"513fe02\" data-element_type=\"widget\" data-e-type=\"widget\" data-widget_type=\"text-editor.default\">\n\t\t\t\t<div class=\"elementor-widget-container\">\n\t\t\t\t\t\t\t\t\t<h4>Die <strong>Integrip Kabelplombe<\/strong> ist eine ideale L\u00f6sung f\u00fcr Unternehmen, die eine flexible, zertifizierte und sichere Versiegelung ben\u00f6tigen \u2013 einfach in der Anwendung, stark im Schutz.<\/h4>\t\t\t\t\t\t\t\t<\/div>\n\t\t\t\t<\/div>\n\t\t\t\t\t<\/div>\n\t\t<\/div>\n\t\t\t\t<div class=\"aux-parallax-section elementor-column elementor-col-50 elementor-inner-column elementor-element elementor-element-6b53b68\" data-id=\"6b53b68\" data-element_type=\"column\" data-e-type=\"column\">\n\t\t\t<div class=\"elementor-widget-wrap elementor-element-populated\">\n\t\t\t\t\t\t<div class=\"elementor-element elementor-element-32c24c1 elementor-widget elementor-widget-text-editor\" data-id=\"32c24c1\" data-element_type=\"widget\" data-e-type=\"widget\" data-widget_type=\"text-editor.default\">\n\t\t\t\t<div class=\"elementor-widget-container\">\n\t\t\t\t\t\t\t\t\t<p><strong>Anwendungsbereiche<\/strong><\/p>\t\t\t\t\t\t\t\t<\/div>\n\t\t\t\t<\/div>\n\t\t\t\t<div class=\"elementor-element elementor-element-11d2089 elementor-widget elementor-widget-text-editor\" data-id=\"11d2089\" data-element_type=\"widget\" data-e-type=\"widget\" data-widget_type=\"text-editor.default\">\n\t\t\t\t<div class=\"elementor-widget-container\">\n\t\t\t\t\t\t\t\t\t<ul><li>Seecontainer und Transportboxen<\/li><li>Luft- und Landtransporte<\/li><li>Industrieanlagen &amp; Lager<\/li><li>Zollsicherungen<\/li><\/ul>\t\t\t\t\t\t\t\t<\/div>\n\t\t\t\t<\/div>\n\t\t\t\t<div class=\"elementor-element elementor-element-355ace2 elementor-widget-divider--view-line elementor-widget elementor-widget-divider\" data-id=\"355ace2\" data-element_type=\"widget\" data-e-type=\"widget\" data-widget_type=\"divider.default\">\n\t\t\t\t<div class=\"elementor-widget-container\">\n\t\t\t\t\t\t\t<div class=\"elementor-divider\">\n\t\t\t<span class=\"elementor-divider-separator\">\n\t\t\t\t\t\t<\/span>\n\t\t<\/div>\n\t\t\t\t\t\t<\/div>\n\t\t\t\t<\/div>\n\t\t\t\t<div class=\"elementor-element elementor-element-ea1d359 elementor-widget elementor-widget-text-editor\" data-id=\"ea1d359\" data-element_type=\"widget\" data-e-type=\"widget\" data-widget_type=\"text-editor.default\">\n\t\t\t\t<div class=\"elementor-widget-container\">\n\t\t\t\t\t\t\t\t\t<p><strong>Eigenschaften<\/strong><\/p>\t\t\t\t\t\t\t\t<\/div>\n\t\t\t\t<\/div>\n\t\t\t\t<div class=\"elementor-element elementor-element-a813c2e elementor-widget elementor-widget-text-editor\" data-id=\"a813c2e\" data-element_type=\"widget\" data-e-type=\"widget\" data-widget_type=\"text-editor.default\">\n\t\t\t\t<div class=\"elementor-widget-container\">\n\t\t\t\t\t\t\t\t\t<ul><li>Robustes Geh\u00e4use aus eloxiertem Aluminium<\/li><li>Flexibles Stahlseil (verschiedene L\u00e4ngen auf Anfrage)<\/li><li>Einwegverschluss \u2013 nicht r\u00fcckziehbar<\/li><li>Seriennummer per Lasergravur (optional: Barcode oder Logo)<\/li><li>Hohe Zugfestigkeit<\/li><li>Individuell anpassbar (Farben, Gravuren)<\/li><\/ul>\t\t\t\t\t\t\t\t<\/div>\n\t\t\t\t<\/div>\n\t\t\t\t\t<\/div>\n\t\t<\/div>\n\t\t\t\t\t<\/div>\n\t\t<\/section>\n\t\t\t\t\t<\/div>\n\t\t<\/div>\n\t\t\t\t\t<\/div>\n\t\t<\/section>\n\t\t\t\t<section class=\"elementor-section elementor-top-section elementor-element elementor-element-250f9d9 elementor-section-boxed elementor-section-height-default elementor-section-height-default\" data-id=\"250f9d9\" data-element_type=\"section\" data-e-type=\"section\">\n\t\t\t\t\t\t<div class=\"elementor-container elementor-column-gap-default\">\n\t\t\t\t\t<div class=\"aux-parallax-section elementor-column elementor-col-100 elementor-top-column elementor-element elementor-element-2b6924b\" data-id=\"2b6924b\" data-element_type=\"column\" data-e-type=\"column\">\n\t\t\t<div class=\"elementor-widget-wrap\">\n\t\t\t\t\t\t\t<\/div>\n\t\t<\/div>\n\t\t\t\t\t<\/div>\n\t\t<\/section>\n\t\t\t\t<\/div>\n\t\t","protected":false},"excerpt":{"rendered":"<p>Integrip Kabelplombe mit Stahlseil f\u00fcr zuverl\u00e4ssige Versiegelung. Ideal f\u00fcr Container, Transport &amp; Logistik.<\/p>\n","protected":false},"featured_media":5980,"template":"","meta":{"_acf_changed":false},"product_brand":[256],"product_cat":[106,35,107,114,33,119,116],"product_tag":[],"class_list":{"0":"post-4291","1":"product","2":"type-product","3":"status-publish","4":"has-post-thumbnail","6":"product_brand-immersafe","7":"product_cat-container","8":"product_cat-kabelplomben","9":"product_cat-lkw-und-schifffahrt","10":"product_cat-lkw-anhanger","11":"product_cat-sicherheitsplomben","12":"product_cat-stahldrahtdichtungen-und-fasser","13":"product_cat-zugwaggon","15":"first","16":"instock","17":"taxable","18":"shipping-taxable","19":"purchasable","20":"product-type-simple"},"acf":[],"tiered_pricing_type":"fixed","tiered_pricing_fixed_rules":[],"tiered_pricing_product_settings":{"layout":"default","base_unit_name":{"singular":null,"plural":null},"default_variation":null},"tiered_pricing_minimum_quantity":null,"tiered_pricing_roles_data":[],"tiered_pricing_percentage_rules":[],"_links":{"self":[{"href":"https:\/\/immersafe.de\/shop\/wp-json\/wp\/v2\/product\/4291","targetHints":{"allow":["GET"]}}],"collection":[{"href":"https:\/\/immersafe.de\/shop\/wp-json\/wp\/v2\/product"}],"about":[{"href":"https:\/\/immersafe.de\/shop\/wp-json\/wp\/v2\/types\/product"}],"version-history":[{"count":9,"href":"https:\/\/immersafe.de\/shop\/wp-json\/wp\/v2\/product\/4291\/revisions"}],"predecessor-version":[{"id":6946,"href":"https:\/\/immersafe.de\/shop\/wp-json\/wp\/v2\/product\/4291\/revisions\/6946"}],"wp:featuredmedia":[{"embeddable":true,"href":"https:\/\/immersafe.de\/shop\/wp-json\/wp\/v2\/media\/5980"}],"wp:attachment":[{"href":"https:\/\/immersafe.de\/shop\/wp-json\/wp\/v2\/media?parent=4291"}],"wp:term":[{"taxonomy":"product_brand","embeddable":true,"href":"https:\/\/immersafe.de\/shop\/wp-json\/wp\/v2\/product_brand?post=4291"},{"taxonomy":"product_cat","embeddable":true,"href":"https:\/\/immersafe.de\/shop\/wp-json\/wp\/v2\/product_cat?post=4291"},{"taxonomy":"product_tag","embeddable":true,"href":"https:\/\/immersafe.de\/shop\/wp-json\/wp\/v2\/product_tag?post=4291"}],"curies":[{"name":"wp","href":"https:\/\/api.w.org\/{rel}","templated":true}]}}