{"id":4316,"date":"2025-05-13T10:22:18","date_gmt":"2025-05-13T10:22:18","guid":{"rendered":"https:\/\/shop.immersafe.de\/?post_type=product&#038;p=4316"},"modified":"2026-01-23T15:54:10","modified_gmt":"2026-01-23T15:54:10","slug":"guard-lock-mit-barcode","status":"publish","type":"product","link":"https:\/\/immersafe.de\/shop\/guard-lock-mit-barcode\/","title":{"rendered":"Guard Lock mit Barcode"},"content":{"rendered":"\t\t<div data-elementor-type=\"wp-post\" data-elementor-id=\"4316\" class=\"elementor elementor-4316\">\n\t\t\t\t\t\t<section class=\"elementor-section elementor-top-section elementor-element elementor-element-0cab1cf elementor-section-boxed elementor-section-height-default elementor-section-height-default\" data-id=\"0cab1cf\" data-element_type=\"section\" data-e-type=\"section\">\n\t\t\t\t\t\t<div class=\"elementor-container elementor-column-gap-default\">\n\t\t\t\t\t<div class=\"aux-parallax-section elementor-column elementor-col-100 elementor-top-column elementor-element elementor-element-714f7dc\" data-id=\"714f7dc\" data-element_type=\"column\" data-e-type=\"column\">\n\t\t\t<div class=\"elementor-widget-wrap elementor-element-populated\">\n\t\t\t\t\t\t<div class=\"elementor-element elementor-element-c14f277 elementor-widget elementor-widget-heading\" data-id=\"c14f277\" data-element_type=\"widget\" data-e-type=\"widget\" data-widget_type=\"heading.default\">\n\t\t\t\t<div class=\"elementor-widget-container\">\n\t\t\t\t\t<h2 class=\"elementor-heading-title elementor-size-default\">Guard Lock Containerplombe mit Barcode <\/h2>\t\t\t\t<\/div>\n\t\t\t\t<\/div>\n\t\t\t\t<div class=\"elementor-element elementor-element-a0e2a22 elementor-widget elementor-widget-text-editor\" data-id=\"a0e2a22\" data-element_type=\"widget\" data-e-type=\"widget\" data-widget_type=\"text-editor.default\">\n\t\t\t\t<div class=\"elementor-widget-container\">\n\t\t\t\t\t\t\t\t\t<p><strong>Guard Lock Containerplombe mit Barcode \u2013 H\u00f6chstsicherheit mit individueller Kennzeichnung<\/strong><\/p><p>Die <strong>Guard Lock Containerplombe mit Barcode<\/strong> ist eine manipulationssichere Hochsicherheitsplombe mit <strong>ISO 17712:2013-Zertifizierung<\/strong> und erf\u00fcllt die <strong>C-TPAT-Anforderungen<\/strong>. Sie eignet sich ideal zur Sicherung von <strong>Containern, LKWs und Hochsicherheitsfracht<\/strong> im internationalen Warenverkehr.<\/p><p>Durch den <strong>aufgelaserten Barcode oder QR-Code<\/strong> erm\u00f6glicht sie eine pr\u00e4zise R\u00fcckverfolgbarkeit jeder einzelnen Plombe. Der Stahlbolzen ist mit robustem Kunststoff ummantelt, farbcodiert und nur mit einem Bolzenschneider entfernbar \u2013 ideal f\u00fcr den <strong>einmaligen, sicheren Verschluss<\/strong>.<\/p>\t\t\t\t\t\t\t\t<\/div>\n\t\t\t\t<\/div>\n\t\t\t\t<div class=\"elementor-element elementor-element-5ccb907 elementor-widget-divider--view-line elementor-widget elementor-widget-divider\" data-id=\"5ccb907\" data-element_type=\"widget\" data-e-type=\"widget\" data-widget_type=\"divider.default\">\n\t\t\t\t<div class=\"elementor-widget-container\">\n\t\t\t\t\t\t\t<div class=\"elementor-divider\">\n\t\t\t<span class=\"elementor-divider-separator\">\n\t\t\t\t\t\t<\/span>\n\t\t<\/div>\n\t\t\t\t\t\t<\/div>\n\t\t\t\t<\/div>\n\t\t\t\t<section class=\"elementor-section elementor-inner-section elementor-element elementor-element-7a80ed0 elementor-section-boxed elementor-section-height-default elementor-section-height-default\" data-id=\"7a80ed0\" data-element_type=\"section\" data-e-type=\"section\">\n\t\t\t\t\t\t<div class=\"elementor-container elementor-column-gap-default\">\n\t\t\t\t\t<div class=\"aux-parallax-section elementor-column elementor-col-50 elementor-inner-column elementor-element elementor-element-0561644\" data-id=\"0561644\" data-element_type=\"column\" data-e-type=\"column\">\n\t\t\t<div class=\"elementor-widget-wrap elementor-element-populated\">\n\t\t\t\t\t\t<div class=\"elementor-element elementor-element-99c5dfc elementor-widget elementor-widget-text-editor\" data-id=\"99c5dfc\" data-element_type=\"widget\" data-e-type=\"widget\" data-widget_type=\"text-editor.default\">\n\t\t\t\t<div class=\"elementor-widget-container\">\n\t\t\t\t\t\t\t\t\t<p><strong>Technische Daten<\/strong><\/p>\t\t\t\t\t\t\t\t<\/div>\n\t\t\t\t<\/div>\n\t\t\t\t<div class=\"elementor-element elementor-element-a84b44c elementor-widget elementor-widget-wl-product-additional-information\" data-id=\"a84b44c\" data-element_type=\"widget\" data-e-type=\"widget\" data-widget_type=\"wl-product-additional-information.default\">\n\t\t\t\t<div class=\"elementor-widget-container\">\n\t\t\t\t\t\n\t<h2>Zus\u00e4tzliche Informationen<\/h2>\n\n<table class=\"woocommerce-product-attributes shop_attributes\" aria-label=\"Produktdetails\">\n\t\t\t<tr class=\"woocommerce-product-attributes-item woocommerce-product-attributes-item--attribute_pa_material\">\n\t\t\t<th class=\"woocommerce-product-attributes-item__label\" scope=\"row\">Material<\/th>\n\t\t\t<td class=\"woocommerce-product-attributes-item__value\"><p>Geh\u00e4rteter Stahl mit ABS-Ummantelung<\/p>\n<\/td>\n\t\t<\/tr>\n\t\t\t<tr class=\"woocommerce-product-attributes-item woocommerce-product-attributes-item--attribute_pa_bolzendurchmesser\">\n\t\t\t<th class=\"woocommerce-product-attributes-item__label\" scope=\"row\">Bolzendurchmesser<\/th>\n\t\t\t<td class=\"woocommerce-product-attributes-item__value\"><p>10 mm<\/p>\n<\/td>\n\t\t<\/tr>\n\t\t\t<tr class=\"woocommerce-product-attributes-item woocommerce-product-attributes-item--attribute_pa_bolzenlange\">\n\t\t\t<th class=\"woocommerce-product-attributes-item__label\" scope=\"row\">Bolzenl\u00e4nge<\/th>\n\t\t\t<td class=\"woocommerce-product-attributes-item__value\"><p>85 mm<\/p>\n<\/td>\n\t\t<\/tr>\n\t\t\t<tr class=\"woocommerce-product-attributes-item woocommerce-product-attributes-item--attribute_pa_einsatzlange\">\n\t\t\t<th class=\"woocommerce-product-attributes-item__label\" scope=\"row\">Einsatzl\u00e4nge<\/th>\n\t\t\t<td class=\"woocommerce-product-attributes-item__value\"><p>47 mm<\/p>\n<\/td>\n\t\t<\/tr>\n\t\t\t<tr class=\"woocommerce-product-attributes-item woocommerce-product-attributes-item--attribute_pa_seriennummer\">\n\t\t\t<th class=\"woocommerce-product-attributes-item__label\" scope=\"row\">Seriennummer<\/th>\n\t\t\t<td class=\"woocommerce-product-attributes-item__value\"><p>Auf Bolzen &amp; Verschlusskammer aufgedruckt<\/p>\n<\/td>\n\t\t<\/tr>\n\t\t\t<tr class=\"woocommerce-product-attributes-item woocommerce-product-attributes-item--attribute_pa_zugfestigkeit\">\n\t\t\t<th class=\"woocommerce-product-attributes-item__label\" scope=\"row\">Zugfestigkeit<\/th>\n\t\t\t<td class=\"woocommerce-product-attributes-item__value\"><p>&gt; 1900 kgf<\/p>\n<\/td>\n\t\t<\/tr>\n\t\t\t<tr class=\"woocommerce-product-attributes-item woocommerce-product-attributes-item--attribute_pa_zertifizierung\">\n\t\t\t<th class=\"woocommerce-product-attributes-item__label\" scope=\"row\">Zertifizierung<\/th>\n\t\t\t<td class=\"woocommerce-product-attributes-item__value\"><p>ISO 17712:2013 (High Security Seal)<\/p>\n<\/td>\n\t\t<\/tr>\n\t\t\t<tr class=\"woocommerce-product-attributes-item woocommerce-product-attributes-item--attribute_pa_verpackung\">\n\t\t\t<th class=\"woocommerce-product-attributes-item__label\" scope=\"row\">Verpackung<\/th>\n\t\t\t<td class=\"woocommerce-product-attributes-item__value\"><p>10 St\u00fcck pro Matte, 200 St\u00fcck pro Karton<\/p>\n<\/td>\n\t\t<\/tr>\n\t\t\t<tr class=\"woocommerce-product-attributes-item woocommerce-product-attributes-item--attribute_pa_kartonmase\">\n\t\t\t<th class=\"woocommerce-product-attributes-item__label\" scope=\"row\">Kartonma\u00dfe<\/th>\n\t\t\t<td class=\"woocommerce-product-attributes-item__value\"><p>450\u00d7330\u00d7140 mm<\/p>\n<\/td>\n\t\t<\/tr>\n\t\t\t<tr class=\"woocommerce-product-attributes-item woocommerce-product-attributes-item--attribute_pa_kartongewicht\">\n\t\t\t<th class=\"woocommerce-product-attributes-item__label\" scope=\"row\">Kartongewicht<\/th>\n\t\t\t<td class=\"woocommerce-product-attributes-item__value\"><p>13,2 kg<\/p>\n<\/td>\n\t\t<\/tr>\n\t<\/table>\n\t\t\t\t<\/div>\n\t\t\t\t<\/div>\n\t\t\t\t<div class=\"elementor-element elementor-element-dd9d7f4 elementor-widget-divider--view-line elementor-widget elementor-widget-divider\" data-id=\"dd9d7f4\" data-element_type=\"widget\" data-e-type=\"widget\" data-widget_type=\"divider.default\">\n\t\t\t\t<div class=\"elementor-widget-container\">\n\t\t\t\t\t\t\t<div class=\"elementor-divider\">\n\t\t\t<span class=\"elementor-divider-separator\">\n\t\t\t\t\t\t<\/span>\n\t\t<\/div>\n\t\t\t\t\t\t<\/div>\n\t\t\t\t<\/div>\n\t\t\t\t<div class=\"elementor-element elementor-element-1dd7564 elementor-widget elementor-widget-text-editor\" data-id=\"1dd7564\" data-element_type=\"widget\" data-e-type=\"widget\" data-widget_type=\"text-editor.default\">\n\t\t\t\t<div class=\"elementor-widget-container\">\n\t\t\t\t\t\t\t\t\t<p>Die <strong>Guard Lock mit Barcode<\/strong> bietet nicht nur physische Sicherheit, sondern auch digitale Nachverfolgbarkeit \u2013 perfekt f\u00fcr moderne Logistikketten.<\/p>\t\t\t\t\t\t\t\t<\/div>\n\t\t\t\t<\/div>\n\t\t\t\t\t<\/div>\n\t\t<\/div>\n\t\t\t\t<div class=\"aux-parallax-section elementor-column elementor-col-50 elementor-inner-column elementor-element elementor-element-ab8cc2d\" data-id=\"ab8cc2d\" data-element_type=\"column\" data-e-type=\"column\">\n\t\t\t<div class=\"elementor-widget-wrap elementor-element-populated\">\n\t\t\t\t\t\t<div class=\"elementor-element elementor-element-2a3c9d3 elementor-widget elementor-widget-text-editor\" data-id=\"2a3c9d3\" data-element_type=\"widget\" data-e-type=\"widget\" data-widget_type=\"text-editor.default\">\n\t\t\t\t<div class=\"elementor-widget-container\">\n\t\t\t\t\t\t\t\t\t<p><strong>Anwendungsbereiche<\/strong><\/p>\t\t\t\t\t\t\t\t<\/div>\n\t\t\t\t<\/div>\n\t\t\t\t<div class=\"elementor-element elementor-element-dda35ab elementor-widget elementor-widget-text-editor\" data-id=\"dda35ab\" data-element_type=\"widget\" data-e-type=\"widget\" data-widget_type=\"text-editor.default\">\n\t\t\t\t<div class=\"elementor-widget-container\">\n\t\t\t\t\t\t\t\t\t<ul><li>Containerverriegelung im Seeverkehr<\/li><li>Grenz\u00fcberschreitende Transporte<\/li><li>Zollsichere Frachtversiegelung<\/li><li>Individuelles Tracking durch Barcode-Scan<\/li><\/ul>\t\t\t\t\t\t\t\t<\/div>\n\t\t\t\t<\/div>\n\t\t\t\t<div class=\"elementor-element elementor-element-fefb1e1 elementor-widget-divider--view-line elementor-widget elementor-widget-divider\" data-id=\"fefb1e1\" data-element_type=\"widget\" data-e-type=\"widget\" data-widget_type=\"divider.default\">\n\t\t\t\t<div class=\"elementor-widget-container\">\n\t\t\t\t\t\t\t<div class=\"elementor-divider\">\n\t\t\t<span class=\"elementor-divider-separator\">\n\t\t\t\t\t\t<\/span>\n\t\t<\/div>\n\t\t\t\t\t\t<\/div>\n\t\t\t\t<\/div>\n\t\t\t\t<div class=\"elementor-element elementor-element-86029f4 elementor-widget elementor-widget-text-editor\" data-id=\"86029f4\" data-element_type=\"widget\" data-e-type=\"widget\" data-widget_type=\"text-editor.default\">\n\t\t\t\t<div class=\"elementor-widget-container\">\n\t\t\t\t\t\t\t\t\t<p><strong>Vorteile &amp; Eigenschaften<\/strong><\/p>\t\t\t\t\t\t\t\t<\/div>\n\t\t\t\t<\/div>\n\t\t\t\t<div class=\"elementor-element elementor-element-a631c7b elementor-widget elementor-widget-text-editor\" data-id=\"a631c7b\" data-element_type=\"widget\" data-e-type=\"widget\" data-widget_type=\"text-editor.default\">\n\t\t\t\t<div class=\"elementor-widget-container\">\n\t\t\t\t\t\t\t\t\t<ul><li>Barcode\/QR-Code oder Seriennummer per Lasergravur<\/li><li>ISO 17712:2013 zertifiziert (High Security Seal)<\/li><li>C-TPAT konform<\/li><li>Einwegverschluss mit hoher Zugfestigkeit &gt; 1.000 kg<\/li><li>Sichtbare Manipulationsanzeige bei unbefugtem Zugriff<\/li><li>Farben zur schnellen Identifikation<\/li><li>Optional mit Kundenlogo<\/li><\/ul>\t\t\t\t\t\t\t\t<\/div>\n\t\t\t\t<\/div>\n\t\t\t\t\t<\/div>\n\t\t<\/div>\n\t\t\t\t\t<\/div>\n\t\t<\/section>\n\t\t\t\t\t<\/div>\n\t\t<\/div>\n\t\t\t\t\t<\/div>\n\t\t<\/section>\n\t\t\t\t<\/div>\n\t\t","protected":false},"excerpt":{"rendered":"<p>Die\u00a0<b>Guard Lock mit Barcode<\/b>, um Container, LKWs und Frachttransporte zuverl\u00e4ssig zu sichern. Dank der ISO 17712:2013-Zertifizierung als\u00a0<b>\u201eHigh Security Seal\u201c und der C-TPAT-Konformit\u00e4t erf\u00fcllt sie weltweit anerkannte Sicherheitsstandards.<\/b><\/p>\n","protected":false},"featured_media":4321,"template":"","meta":{"_acf_changed":false},"product_brand":[256],"product_cat":[133,135,113,106,36,117,59,114,104,115,33,112,19,116],"product_tag":[],"class_list":{"0":"post-4316","1":"product","2":"type-product","3":"status-publish","4":"has-post-thumbnail","6":"product_brand-immersafe","7":"product_cat-bolt-seals","8":"product_cat-bolzenplomben","9":"product_cat-c-tpat","10":"product_cat-container","11":"product_cat-containerplomben","12":"product_cat-eisenbahn","13":"product_cat-high-security-plomben","14":"product_cat-lkw-anhanger","15":"product_cat-loesungen-fuer-container-in-flugzeugen","16":"product_cat-luftfracht","17":"product_cat-sicherheitsplomben","18":"product_cat-sicherheitsplomben-mit-iso-177122013","19":"product_cat-verschlusse-fur-behalter-und-fasser","20":"product_cat-zugwaggon","22":"first","23":"instock","24":"featured","25":"taxable","26":"shipping-taxable","27":"purchasable","28":"product-type-simple"},"acf":[],"tiered_pricing_type":"fixed","tiered_pricing_fixed_rules":[],"tiered_pricing_product_settings":{"layout":"default","base_unit_name":{"singular":null,"plural":null},"default_variation":null},"tiered_pricing_minimum_quantity":null,"tiered_pricing_roles_data":[],"tiered_pricing_percentage_rules":[],"_links":{"self":[{"href":"https:\/\/immersafe.de\/shop\/wp-json\/wp\/v2\/product\/4316","targetHints":{"allow":["GET"]}}],"collection":[{"href":"https:\/\/immersafe.de\/shop\/wp-json\/wp\/v2\/product"}],"about":[{"href":"https:\/\/immersafe.de\/shop\/wp-json\/wp\/v2\/types\/product"}],"version-history":[{"count":18,"href":"https:\/\/immersafe.de\/shop\/wp-json\/wp\/v2\/product\/4316\/revisions"}],"predecessor-version":[{"id":7709,"href":"https:\/\/immersafe.de\/shop\/wp-json\/wp\/v2\/product\/4316\/revisions\/7709"}],"wp:featuredmedia":[{"embeddable":true,"href":"https:\/\/immersafe.de\/shop\/wp-json\/wp\/v2\/media\/4321"}],"wp:attachment":[{"href":"https:\/\/immersafe.de\/shop\/wp-json\/wp\/v2\/media?parent=4316"}],"wp:term":[{"taxonomy":"product_brand","embeddable":true,"href":"https:\/\/immersafe.de\/shop\/wp-json\/wp\/v2\/product_brand?post=4316"},{"taxonomy":"product_cat","embeddable":true,"href":"https:\/\/immersafe.de\/shop\/wp-json\/wp\/v2\/product_cat?post=4316"},{"taxonomy":"product_tag","embeddable":true,"href":"https:\/\/immersafe.de\/shop\/wp-json\/wp\/v2\/product_tag?post=4316"}],"curies":[{"name":"wp","href":"https:\/\/api.w.org\/{rel}","templated":true}]}}