{"id":5003,"date":"2025-06-20T13:57:22","date_gmt":"2025-06-20T13:57:22","guid":{"rendered":"https:\/\/shop.immersafe.de\/?post_type=product&#038;p=5003"},"modified":"2025-10-14T11:30:40","modified_gmt":"2025-10-14T11:30:40","slug":"kabelbinder-48x200-mm-verschiedene-farben-set-a-100-stueck","status":"publish","type":"product","link":"https:\/\/immersafe.de\/shop\/kabelbinder-48x200-mm-verschiedene-farben-set-a-100-stueck\/","title":{"rendered":"Kabelbinder 4,8&#215;200 mm &#8211; verschiedene Farben &#8211; (Set \u00e0 100 St\u00fcck)"},"content":{"rendered":"\t\t<div data-elementor-type=\"wp-post\" data-elementor-id=\"5003\" class=\"elementor elementor-5003\">\n\t\t\t\t\t\t<section class=\"elementor-section elementor-top-section elementor-element elementor-element-0cab1cf elementor-section-boxed elementor-section-height-default elementor-section-height-default\" data-id=\"0cab1cf\" data-element_type=\"section\" data-e-type=\"section\">\n\t\t\t\t\t\t<div class=\"elementor-container elementor-column-gap-default\">\n\t\t\t\t\t<div class=\"aux-parallax-section elementor-column elementor-col-100 elementor-top-column elementor-element elementor-element-714f7dc\" data-id=\"714f7dc\" data-element_type=\"column\" data-e-type=\"column\">\n\t\t\t<div class=\"elementor-widget-wrap elementor-element-populated\">\n\t\t\t\t\t\t<div class=\"elementor-element elementor-element-a0e2a22 elementor-widget elementor-widget-text-editor\" data-id=\"a0e2a22\" data-element_type=\"widget\" data-e-type=\"widget\" data-widget_type=\"text-editor.default\">\n\t\t\t\t<div class=\"elementor-widget-container\">\n\t\t\t\t\t\t\t\t\t<p>Unsere hochwertigen Kabelbinder sind die perfekte L\u00f6sung zum ordentlichen B\u00fcndeln und Fixieren von Kabeln, Leitungen, Schl\u00e4uchen und mehr. Sie bestehen aus strapazierf\u00e4higem Nylon, sind UV-best\u00e4ndig und eignen sich sowohl f\u00fcr den Innen- als auch den Au\u00dfenbereich. Dank der einfachen Handhabung und dem sicheren Verschlussmechanismus bieten sie eine zuverl\u00e4ssige Befestigung in zahlreichen Anwendungsbereichen \u2013 von Haushalt \u00fcber B\u00fcro bis hin zur Industrie.<\/p>\t\t\t\t\t\t\t\t<\/div>\n\t\t\t\t<\/div>\n\t\t\t\t<div class=\"elementor-element elementor-element-5ccb907 elementor-widget-divider--view-line elementor-widget elementor-widget-divider\" data-id=\"5ccb907\" data-element_type=\"widget\" data-e-type=\"widget\" data-widget_type=\"divider.default\">\n\t\t\t\t<div class=\"elementor-widget-container\">\n\t\t\t\t\t\t\t<div class=\"elementor-divider\">\n\t\t\t<span class=\"elementor-divider-separator\">\n\t\t\t\t\t\t<\/span>\n\t\t<\/div>\n\t\t\t\t\t\t<\/div>\n\t\t\t\t<\/div>\n\t\t\t\t<section class=\"elementor-section elementor-inner-section elementor-element elementor-element-7a80ed0 elementor-section-boxed elementor-section-height-default elementor-section-height-default\" data-id=\"7a80ed0\" data-element_type=\"section\" data-e-type=\"section\">\n\t\t\t\t\t\t<div class=\"elementor-container elementor-column-gap-default\">\n\t\t\t\t\t<div class=\"aux-parallax-section elementor-column elementor-col-50 elementor-inner-column elementor-element elementor-element-0561644\" data-id=\"0561644\" data-element_type=\"column\" data-e-type=\"column\">\n\t\t\t<div class=\"elementor-widget-wrap elementor-element-populated\">\n\t\t\t\t\t\t<div class=\"elementor-element elementor-element-99c5dfc elementor-widget elementor-widget-text-editor\" data-id=\"99c5dfc\" data-element_type=\"widget\" data-e-type=\"widget\" data-widget_type=\"text-editor.default\">\n\t\t\t\t<div class=\"elementor-widget-container\">\n\t\t\t\t\t\t\t\t\t<p><strong>Eigenschaften<\/strong><\/p>\t\t\t\t\t\t\t\t<\/div>\n\t\t\t\t<\/div>\n\t\t\t\t<div class=\"elementor-element elementor-element-dda35ab elementor-widget elementor-widget-text-editor\" data-id=\"dda35ab\" data-element_type=\"widget\" data-e-type=\"widget\" data-widget_type=\"text-editor.default\">\n\t\t\t\t<div class=\"elementor-widget-container\">\n\t\t\t\t\t\t\t\t\t<ul><li>Material: Nylon 66, halogenfrei<\/li><li>Temperaturbest\u00e4ndig von -40 \u00b0C bis +85 \u00b0C<\/li><li>Hohe Zugfestigkeit<\/li><li>Einfache Anwendung mit Rastverschluss<\/li><li>Erh\u00e4ltlich in verschiedenen L\u00e4ngen<\/li><li>Verschiedene Farben<\/li><\/ul>\t\t\t\t\t\t\t\t<\/div>\n\t\t\t\t<\/div>\n\t\t\t\t\t<\/div>\n\t\t<\/div>\n\t\t\t\t<div class=\"aux-parallax-section elementor-column elementor-col-50 elementor-inner-column elementor-element elementor-element-ab8cc2d\" data-id=\"ab8cc2d\" data-element_type=\"column\" data-e-type=\"column\">\n\t\t\t<div class=\"elementor-widget-wrap\">\n\t\t\t\t\t\t\t<\/div>\n\t\t<\/div>\n\t\t\t\t\t<\/div>\n\t\t<\/section>\n\t\t\t\t\t<\/div>\n\t\t<\/div>\n\t\t\t\t\t<\/div>\n\t\t<\/section>\n\t\t\t\t<\/div>\n\t\t","protected":false},"excerpt":{"rendered":"<p><strong>Set \u00e0 100 St\u00fcck<\/strong><\/p>\n<p>Entdecken Sie langlebige Kabelbinder f\u00fcr Haushalt, B\u00fcro &amp; Industrie. UV-best\u00e4ndig, zugfest &amp; einfach in der Anwendung. Jetzt online bestellen bei Immersafe<\/p>\n","protected":false},"featured_media":5705,"template":"","meta":{"_acf_changed":false},"product_brand":[256],"product_cat":[115,258],"product_tag":[],"class_list":{"0":"post-5003","1":"product","2":"type-product","3":"status-publish","4":"has-post-thumbnail","6":"product_brand-immersafe","7":"product_cat-luftfracht","8":"product_cat-kabelbinder","10":"first","11":"instock","12":"featured","13":"taxable","14":"shipping-taxable","15":"purchasable","16":"product-type-simple"},"acf":[],"tiered_pricing_type":"fixed","tiered_pricing_fixed_rules":[],"tiered_pricing_product_settings":{"layout":"default","base_unit_name":{"singular":null,"plural":null},"default_variation":null},"tiered_pricing_minimum_quantity":null,"tiered_pricing_roles_data":[],"tiered_pricing_percentage_rules":[],"_links":{"self":[{"href":"https:\/\/immersafe.de\/shop\/wp-json\/wp\/v2\/product\/5003","targetHints":{"allow":["GET"]}}],"collection":[{"href":"https:\/\/immersafe.de\/shop\/wp-json\/wp\/v2\/product"}],"about":[{"href":"https:\/\/immersafe.de\/shop\/wp-json\/wp\/v2\/types\/product"}],"version-history":[{"count":6,"href":"https:\/\/immersafe.de\/shop\/wp-json\/wp\/v2\/product\/5003\/revisions"}],"predecessor-version":[{"id":5712,"href":"https:\/\/immersafe.de\/shop\/wp-json\/wp\/v2\/product\/5003\/revisions\/5712"}],"wp:featuredmedia":[{"embeddable":true,"href":"https:\/\/immersafe.de\/shop\/wp-json\/wp\/v2\/media\/5705"}],"wp:attachment":[{"href":"https:\/\/immersafe.de\/shop\/wp-json\/wp\/v2\/media?parent=5003"}],"wp:term":[{"taxonomy":"product_brand","embeddable":true,"href":"https:\/\/immersafe.de\/shop\/wp-json\/wp\/v2\/product_brand?post=5003"},{"taxonomy":"product_cat","embeddable":true,"href":"https:\/\/immersafe.de\/shop\/wp-json\/wp\/v2\/product_cat?post=5003"},{"taxonomy":"product_tag","embeddable":true,"href":"https:\/\/immersafe.de\/shop\/wp-json\/wp\/v2\/product_tag?post=5003"}],"curies":[{"name":"wp","href":"https:\/\/api.w.org\/{rel}","templated":true}]}}