{"id":5073,"date":"2025-06-20T14:41:02","date_gmt":"2025-06-20T14:41:02","guid":{"rendered":"https:\/\/shop.immersafe.de\/?post_type=product&#038;p=5073"},"modified":"2026-01-23T16:38:40","modified_gmt":"2026-01-23T16:38:40","slug":"zahlerplombe-mit-fahne","status":"publish","type":"product","link":"https:\/\/immersafe.de\/shop\/zahlerplombe-mit-fahne\/","title":{"rendered":"Small Seal &#8211; Z\u00e4hlerplombe mit Fahne"},"content":{"rendered":"\t\t<div data-elementor-type=\"wp-post\" data-elementor-id=\"5073\" class=\"elementor elementor-5073\">\n\t\t\t\t\t\t<section class=\"elementor-section elementor-top-section elementor-element elementor-element-6236011 elementor-section-boxed elementor-section-height-default elementor-section-height-default\" data-id=\"6236011\" data-element_type=\"section\" data-e-type=\"section\">\n\t\t\t\t\t\t<div class=\"elementor-container elementor-column-gap-default\">\n\t\t\t\t\t<div class=\"aux-parallax-section elementor-column elementor-col-100 elementor-top-column elementor-element elementor-element-9a9fc23\" data-id=\"9a9fc23\" data-element_type=\"column\" data-e-type=\"column\">\n\t\t\t<div class=\"elementor-widget-wrap elementor-element-populated\">\n\t\t\t\t\t\t<div class=\"elementor-element elementor-element-6ed65da elementor-widget elementor-widget-text-editor\" data-id=\"6ed65da\" data-element_type=\"widget\" data-e-type=\"widget\" data-widget_type=\"text-editor.default\">\n\t\t\t\t<div class=\"elementor-widget-container\">\n\t\t\t\t\t\t\t\t\t<p>Unsere Z\u00e4hlerplombe mit auff\u00e4lliger Fahne bietet zuverl\u00e4ssigen Manipulationsschutz f\u00fcr Messger\u00e4te wie Strom-, Gas- und Wasserz\u00e4hler. Hergestellt aus robustem Kunststoff (z.\u202fB. Polypropylen oder Polycarbonat) vereint sie Langlebigkeit mit einfacher Handhabung. Die Fahne verf\u00fcgt \u00fcber Seriennummer, Barcode und, auf Wunsch, Ihr Logo \u2013 ideal f\u00fcr R\u00fcckverfolgbarkeit und individuelle Kennzeichnung.<\/p>\t\t\t\t\t\t\t\t<\/div>\n\t\t\t\t<\/div>\n\t\t\t\t<div class=\"elementor-element elementor-element-8e25638 elementor-widget-divider--view-line elementor-widget elementor-widget-divider\" data-id=\"8e25638\" data-element_type=\"widget\" data-e-type=\"widget\" data-widget_type=\"divider.default\">\n\t\t\t\t<div class=\"elementor-widget-container\">\n\t\t\t\t\t\t\t<div class=\"elementor-divider\">\n\t\t\t<span class=\"elementor-divider-separator\">\n\t\t\t\t\t\t<\/span>\n\t\t<\/div>\n\t\t\t\t\t\t<\/div>\n\t\t\t\t<\/div>\n\t\t\t\t<section class=\"elementor-section elementor-inner-section elementor-element elementor-element-4ad4255 elementor-section-boxed elementor-section-height-default elementor-section-height-default\" data-id=\"4ad4255\" data-element_type=\"section\" data-e-type=\"section\">\n\t\t\t\t\t\t<div class=\"elementor-container elementor-column-gap-default\">\n\t\t\t\t\t<div class=\"aux-parallax-section elementor-column elementor-col-50 elementor-inner-column elementor-element elementor-element-d859663\" data-id=\"d859663\" data-element_type=\"column\" data-e-type=\"column\">\n\t\t\t<div class=\"elementor-widget-wrap elementor-element-populated\">\n\t\t\t\t\t\t<div class=\"elementor-element elementor-element-8dd5945 elementor-widget elementor-widget-text-editor\" data-id=\"8dd5945\" data-element_type=\"widget\" data-e-type=\"widget\" data-widget_type=\"text-editor.default\">\n\t\t\t\t<div class=\"elementor-widget-container\">\n\t\t\t\t\t\t\t\t\t<p><strong>Technische Daten<\/strong><\/p>\t\t\t\t\t\t\t\t<\/div>\n\t\t\t\t<\/div>\n\t\t\t\t<div class=\"elementor-element elementor-element-557d2a3 elementor-widget elementor-widget-wl-product-additional-information\" data-id=\"557d2a3\" data-element_type=\"widget\" data-e-type=\"widget\" data-widget_type=\"wl-product-additional-information.default\">\n\t\t\t\t<div class=\"elementor-widget-container\">\n\t\t\t\t\t\n\t<h2>Zus\u00e4tzliche Informationen<\/h2>\n\n<table class=\"woocommerce-product-attributes shop_attributes\" aria-label=\"Produktdetails\">\n\t\t\t<tr class=\"woocommerce-product-attributes-item woocommerce-product-attributes-item--attribute_pa_material\">\n\t\t\t<th class=\"woocommerce-product-attributes-item__label\" scope=\"row\">Material<\/th>\n\t\t\t<td class=\"woocommerce-product-attributes-item__value\"><p>Polypropylen (PP)<\/p>\n<\/td>\n\t\t<\/tr>\n\t\t\t<tr class=\"woocommerce-product-attributes-item woocommerce-product-attributes-item--attribute_pa_gesamtlange\">\n\t\t\t<th class=\"woocommerce-product-attributes-item__label\" scope=\"row\">Gesamtl\u00e4nge<\/th>\n\t\t\t<td class=\"woocommerce-product-attributes-item__value\"><p>190 mm<\/p>\n<\/td>\n\t\t<\/tr>\n\t\t\t<tr class=\"woocommerce-product-attributes-item woocommerce-product-attributes-item--attribute_pa_nutzlange\">\n\t\t\t<th class=\"woocommerce-product-attributes-item__label\" scope=\"row\">Nutzl\u00e4nge<\/th>\n\t\t\t<td class=\"woocommerce-product-attributes-item__value\"><p>160 mm<\/p>\n<\/td>\n\t\t<\/tr>\n\t\t\t<tr class=\"woocommerce-product-attributes-item woocommerce-product-attributes-item--attribute_pa_banddurchmesser\">\n\t\t\t<th class=\"woocommerce-product-attributes-item__label\" scope=\"row\">\u00d8Plombenband<\/th>\n\t\t\t<td class=\"woocommerce-product-attributes-item__value\"><p>1,3 mm<\/p>\n<\/td>\n\t\t<\/tr>\n\t\t\t<tr class=\"woocommerce-product-attributes-item woocommerce-product-attributes-item--attribute_pa_fahnengroesse\">\n\t\t\t<th class=\"woocommerce-product-attributes-item__label\" scope=\"row\">Fahnengr\u00f6\u00dfe<\/th>\n\t\t\t<td class=\"woocommerce-product-attributes-item__value\"><p>\u00d815 mm + 15\u00d715 mm<\/p>\n<\/td>\n\t\t<\/tr>\n\t\t\t<tr class=\"woocommerce-product-attributes-item woocommerce-product-attributes-item--attribute_pa_zugfestigkeit\">\n\t\t\t<th class=\"woocommerce-product-attributes-item__label\" scope=\"row\">Zugfestigkeit<\/th>\n\t\t\t<td class=\"woocommerce-product-attributes-item__value\"><p>8 kgf<\/p>\n<\/td>\n\t\t<\/tr>\n\t\t\t<tr class=\"woocommerce-product-attributes-item woocommerce-product-attributes-item--attribute_pa_verpackung\">\n\t\t\t<th class=\"woocommerce-product-attributes-item__label\" scope=\"row\">Verpackung<\/th>\n\t\t\t<td class=\"woocommerce-product-attributes-item__value\"><p>10 St\u00fcck pro Matte, 1.000 St\u00fcck pro Karton<\/p>\n<\/td>\n\t\t<\/tr>\n\t\t\t<tr class=\"woocommerce-product-attributes-item woocommerce-product-attributes-item--attribute_pa_kartonmase\">\n\t\t\t<th class=\"woocommerce-product-attributes-item__label\" scope=\"row\">Kartonma\u00dfe<\/th>\n\t\t\t<td class=\"woocommerce-product-attributes-item__value\"><p>180\u00d7230\u00d7240 mm<\/p>\n<\/td>\n\t\t<\/tr>\n\t\t\t<tr class=\"woocommerce-product-attributes-item woocommerce-product-attributes-item--attribute_pa_kartongewicht\">\n\t\t\t<th class=\"woocommerce-product-attributes-item__label\" scope=\"row\">Kartongewicht<\/th>\n\t\t\t<td class=\"woocommerce-product-attributes-item__value\"><p>1,40 kg<\/p>\n<\/td>\n\t\t<\/tr>\n\t<\/table>\n\t\t\t\t<\/div>\n\t\t\t\t<\/div>\n\t\t\t\t\t<\/div>\n\t\t<\/div>\n\t\t\t\t<div class=\"aux-parallax-section elementor-column elementor-col-50 elementor-inner-column elementor-element elementor-element-b42b973\" data-id=\"b42b973\" data-element_type=\"column\" data-e-type=\"column\">\n\t\t\t<div class=\"elementor-widget-wrap elementor-element-populated\">\n\t\t\t\t\t\t<div class=\"elementor-element elementor-element-ab46e36 elementor-widget elementor-widget-text-editor\" data-id=\"ab46e36\" data-element_type=\"widget\" data-e-type=\"widget\" data-widget_type=\"text-editor.default\">\n\t\t\t\t<div class=\"elementor-widget-container\">\n\t\t\t\t\t\t\t\t\t<p><strong>Anwendungsbereiche<\/strong><\/p>\t\t\t\t\t\t\t\t<\/div>\n\t\t\t\t<\/div>\n\t\t\t\t<div class=\"elementor-element elementor-element-520fa96 elementor-widget elementor-widget-text-editor\" data-id=\"520fa96\" data-element_type=\"widget\" data-e-type=\"widget\" data-widget_type=\"text-editor.default\">\n\t\t\t\t<div class=\"elementor-widget-container\">\n\t\t\t\t\t\t\t\t\t<ul><li>Gasz\u00e4hler<\/li><li data-start=\"691\" data-end=\"704\">Stromz\u00e4hler<\/li><li data-start=\"707\" data-end=\"721\">Wasserz\u00e4hler<\/li><li data-start=\"724\" data-end=\"803\">Weitere Messger\u00e4te im Versorgungs\u2011 und Industriebereich<\/li><\/ul>\t\t\t\t\t\t\t\t<\/div>\n\t\t\t\t<\/div>\n\t\t\t\t<div class=\"elementor-element elementor-element-9bef081 elementor-widget elementor-widget-text-editor\" data-id=\"9bef081\" data-element_type=\"widget\" data-e-type=\"widget\" data-widget_type=\"text-editor.default\">\n\t\t\t\t<div class=\"elementor-widget-container\">\n\t\t\t\t\t\t\t\t\t<p><strong>Produktvorteile<\/strong><\/p>\t\t\t\t\t\t\t\t<\/div>\n\t\t\t\t<\/div>\n\t\t\t\t<div class=\"elementor-element elementor-element-96ef5f1 elementor-widget elementor-widget-text-editor\" data-id=\"96ef5f1\" data-element_type=\"widget\" data-e-type=\"widget\" data-widget_type=\"text-editor.default\">\n\t\t\t\t<div class=\"elementor-widget-container\">\n\t\t\t\t\t\t\t\t\t<ul><li>Verhindert unbefugten Zugriff auf Messger\u00e4te<\/li><li data-start=\"402\" data-end=\"441\">Einfache Montage durch Einf\u00e4deln und Festziehen<\/li><li data-start=\"444\" data-end=\"521\">Einweg-Plombe: Nach dem Abbrechen oder \u00d6ffnen nicht wiederverwendbar<\/li><li data-start=\"524\" data-end=\"565\">Personalisierbar (Seriennummer, Logo, Barcode)<\/li><li data-start=\"568\" data-end=\"647\">Erh\u00e4ltlich in verschiedenen Materialien und Ausf\u00fchrungen (Kunststoff, Draht, Metall)<\/li><\/ul>\t\t\t\t\t\t\t\t<\/div>\n\t\t\t\t<\/div>\n\t\t\t\t\t<\/div>\n\t\t<\/div>\n\t\t\t\t\t<\/div>\n\t\t<\/section>\n\t\t\t\t\t<\/div>\n\t\t<\/div>\n\t\t\t\t\t<\/div>\n\t\t<\/section>\n\t\t\t\t<\/div>\n\t\t","protected":false},"excerpt":{"rendered":"<p>Manipulationssichere Z\u00e4hlerplombe mit Fahne f\u00fcr Gas\u2011, Strom\u2011 und Wasserz\u00e4hler.<\/p>\n","protected":false},"featured_media":5917,"template":"","meta":{"_acf_changed":false},"product_brand":[],"product_cat":[101,69,33,230,47],"product_tag":[],"class_list":{"0":"post-5073","1":"product","2":"type-product","3":"status-publish","4":"has-post-thumbnail","6":"product_cat-durchziehplomben","7":"product_cat-kunststoffplomben","8":"product_cat-sicherheitsplomben","9":"product_cat-spezielle-plomben","10":"product_cat-zaehlerplomben","12":"first","13":"instock","14":"taxable","15":"shipping-taxable","16":"purchasable","17":"product-type-simple"},"acf":[],"tiered_pricing_type":"fixed","tiered_pricing_fixed_rules":[],"tiered_pricing_product_settings":{"layout":"default","base_unit_name":{"singular":null,"plural":null},"default_variation":null},"tiered_pricing_minimum_quantity":null,"tiered_pricing_roles_data":[],"tiered_pricing_percentage_rules":[],"_links":{"self":[{"href":"https:\/\/immersafe.de\/shop\/wp-json\/wp\/v2\/product\/5073","targetHints":{"allow":["GET"]}}],"collection":[{"href":"https:\/\/immersafe.de\/shop\/wp-json\/wp\/v2\/product"}],"about":[{"href":"https:\/\/immersafe.de\/shop\/wp-json\/wp\/v2\/types\/product"}],"version-history":[{"count":20,"href":"https:\/\/immersafe.de\/shop\/wp-json\/wp\/v2\/product\/5073\/revisions"}],"predecessor-version":[{"id":7487,"href":"https:\/\/immersafe.de\/shop\/wp-json\/wp\/v2\/product\/5073\/revisions\/7487"}],"wp:featuredmedia":[{"embeddable":true,"href":"https:\/\/immersafe.de\/shop\/wp-json\/wp\/v2\/media\/5917"}],"wp:attachment":[{"href":"https:\/\/immersafe.de\/shop\/wp-json\/wp\/v2\/media?parent=5073"}],"wp:term":[{"taxonomy":"product_brand","embeddable":true,"href":"https:\/\/immersafe.de\/shop\/wp-json\/wp\/v2\/product_brand?post=5073"},{"taxonomy":"product_cat","embeddable":true,"href":"https:\/\/immersafe.de\/shop\/wp-json\/wp\/v2\/product_cat?post=5073"},{"taxonomy":"product_tag","embeddable":true,"href":"https:\/\/immersafe.de\/shop\/wp-json\/wp\/v2\/product_tag?post=5073"}],"curies":[{"name":"wp","href":"https:\/\/api.w.org\/{rel}","templated":true}]}}