{"id":5148,"date":"2025-07-11T12:23:13","date_gmt":"2025-07-11T12:23:13","guid":{"rendered":"https:\/\/shop.immersafe.de\/?post_type=product&#038;p=5148"},"modified":"2025-10-14T11:38:43","modified_gmt":"2025-10-14T11:38:43","slug":"papieretiketten","status":"publish","type":"product","link":"https:\/\/immersafe.de\/shop\/papieretiketten\/","title":{"rendered":"Papieretiketten"},"content":{"rendered":"<p><strong>Eigenschaften:<\/strong><\/p>\n<ul>\n<li data-start=\"171\" data-end=\"188\"><strong data-start=\"171\" data-end=\"181\">Farbe:<\/strong> Wei\u00df<\/li>\n<li data-start=\"191\" data-end=\"230\"><strong data-start=\"191\" data-end=\"205\">Klebstoff:<\/strong> Stark haftender Kleber<\/li>\n<li data-start=\"233\" data-end=\"274\"><strong data-start=\"233\" data-end=\"265\">Maximaler Rollendurchmesser:<\/strong> 127 mm<\/li>\n<li data-start=\"277\" data-end=\"313\"><strong data-start=\"277\" data-end=\"298\">Kern-Durchmesser:<\/strong> 1&#8243; (25,4 mm)<\/li>\n<li data-start=\"316\" data-end=\"357\"><strong data-start=\"316\" data-end=\"329\">Wicklung:<\/strong> Etiketten au\u00dfen gewickelt<\/li>\n<li data-start=\"360\" data-end=\"402\"><strong data-start=\"360\" data-end=\"382\">Temperaturbereich:<\/strong> -30\u202f\u00b0C bis +80\u202f\u00b0C<\/li>\n<\/ul>\n<p data-start=\"404\" data-end=\"479\"><strong data-start=\"404\" data-end=\"429\">Bestellinformationen:<\/strong><br data-start=\"429\" data-end=\"432\" \/>Alle Ma\u00dfe sind in mm angegeben (Breite x H\u00f6he).<\/p>\n<p data-start=\"481\" data-end=\"502\"><strong data-start=\"481\" data-end=\"502\">Technische Daten:<\/strong><\/p>\n<ul>\n<li data-start=\"506\" data-end=\"546\"><strong data-start=\"506\" data-end=\"527\">Kern-Durchmesser:<\/strong> 1 Zoll (25,4 mm)<\/li>\n<li data-start=\"549\" data-end=\"597\"><strong data-start=\"549\" data-end=\"589\">Maximale Breite des Tr\u00e4germaterials:<\/strong> 34 mm<\/li>\n<li data-start=\"600\" data-end=\"652\"><strong data-start=\"600\" data-end=\"641\">Maximaler Au\u00dfendurchmesser der Rolle:<\/strong> &lt; 127 mm<\/li>\n<li data-start=\"655\" data-end=\"696\"><strong data-start=\"655\" data-end=\"674\">Druckverfahren:<\/strong> Thermotransferdruck<\/li>\n<\/ul>\n<p data-start=\"698\" data-end=\"718\"><strong data-start=\"698\" data-end=\"718\">Einsatzbereiche:<\/strong><\/p>\n<ul>\n<li data-start=\"722\" data-end=\"795\"><strong data-start=\"722\" data-end=\"735\">Branchen:<\/strong> Einzelhandel, Transport &amp; Logistik, vielseitig einsetzbar<\/li>\n<li data-start=\"798\" data-end=\"820\"><strong data-start=\"798\" data-end=\"811\">Material:<\/strong> Papier<\/li>\n<li data-start=\"823\" data-end=\"917\"><strong data-start=\"823\" data-end=\"846\">Besondere Merkmale:<\/strong> Geeignet f\u00fcr Tiefk\u00fchlung \/ sehr niedrige Temperaturen (unter -20\u202f\u00b0C)<\/li>\n<li data-start=\"920\" data-end=\"937\"><strong data-start=\"920\" data-end=\"930\">Farbe:<\/strong> Wei\u00df<\/li>\n<li data-start=\"940\" data-end=\"1015\"><strong data-start=\"940\" data-end=\"956\">Anwendungen:<\/strong> Lageretikettierung, Preisetiketten, Verpackungsetiketten<\/li>\n<\/ul>\n","protected":false},"excerpt":{"rendered":"<h4>Unsere Berater helfen Ihnen gerne weiter!<\/h4>\n<p>Teilen Sie uns mit, welches Etikettenformat Sie w\u00fcnschen und wie viele Rollen Sie bestellen m\u00f6chten \u2013 unsere Experten erstellen Ihnen das beste Angebot.<\/p>\n<style id=\"wpforms-css-vars-5234\">\n\t\t\t\t#wpforms-5234 {\n\t\t\t\t--wpforms-container-padding: 0px;\n--wpforms-container-border-width: 1px;\n--wpforms-container-border-radius: 3px;\n--wpforms-background-color: rgba(0, 0, 0, 0);\n--wpforms-field-size-input-height: 43px;\n--wpforms-field-size-input-spacing: 15px;\n--wpforms-field-size-font-size: 16px;\n--wpforms-field-size-line-height: 19px;\n--wpforms-field-size-padding-h: 14px;\n--wpforms-field-size-checkbox-size: 16px;\n--wpforms-field-size-sublabel-spacing: 5px;\n--wpforms-field-size-icon-size: 1;\n--wpforms-label-size-font-size: 16px;\n--wpforms-label-size-line-height: 19px;\n--wpforms-label-size-sublabel-font-size: 14px;\n--wpforms-label-size-sublabel-line-height: 17px;\n--wpforms-button-size-font-size: 17px;\n--wpforms-button-size-height: 41px;\n--wpforms-button-size-padding-h: 15px;\n--wpforms-button-size-margin-top: 10px;\n--wpforms-container-shadow-size-box-shadow: none;\n\t\t\t}\n\t\t\t<\/style><div class=\"wpforms-container wpforms-container-full wpforms-render-modern\" id=\"wpforms-5234\"><form id=\"wpforms-form-5234\" class=\"wpforms-validate wpforms-form wpforms-ajax-form\" data-formid=\"5234\" method=\"post\" enctype=\"multipart\/form-data\" action=\"\/shop\/wp-json\/wp\/v2\/product\/5148\" data-token=\"a1eb03263033b1cac878e12687f7482d\" data-token-time=\"1776207642\"><noscript class=\"wpforms-error-noscript\">Bitte aktiviere JavaScript in deinem Browser, um dieses Formular fertigzustellen.<\/noscript><div id=\"wpforms-error-noscript\" style=\"display: none;\">Bitte aktiviere JavaScript in deinem Browser, um dieses Formular fertigzustellen.<\/div><div class=\"wpforms-field-container\"><div id=\"wpforms-5234-field_1-container\" class=\"wpforms-field wpforms-field-name\" data-field-id=\"1\"><label class=\"wpforms-field-label\" for=\"wpforms-5234-field_1\">Name <span class=\"wpforms-required-label\" aria-hidden=\"true\">*<\/span><\/label><input type=\"text\" id=\"wpforms-5234-field_1\" class=\"wpforms-field-large wpforms-field-required\" name=\"wpforms[fields][1]\" aria-errormessage=\"wpforms-5234-field_1-error\" required><\/div><div id=\"wpforms-5234-field_2-container\" class=\"wpforms-field wpforms-field-email\" data-field-id=\"2\"><label class=\"wpforms-field-label\" for=\"wpforms-5234-field_2\">E-Mail-Adresse <span class=\"wpforms-required-label\" aria-hidden=\"true\">*<\/span><\/label><input type=\"email\" id=\"wpforms-5234-field_2\" class=\"wpforms-field-large wpforms-field-required\" name=\"wpforms[fields][2]\" spellcheck=\"false\" aria-errormessage=\"wpforms-5234-field_2-error\" required><\/div>\t\t<div id=\"wpforms-5234-field_5-container\"\n\t\t\tclass=\"wpforms-field wpforms-field-text\"\n\t\t\tdata-field-type=\"text\"\n\t\t\tdata-field-id=\"5\"\n\t\t\t>\n\t\t\t<label class=\"wpforms-field-label\" for=\"wpforms-5234-field_5\" >Kommentar Name E-Mail-Adresse<\/label>\n\t\t\t<input type=\"text\" id=\"wpforms-5234-field_5\" class=\"wpforms-field-medium\" name=\"wpforms[fields][5]\" >\n\t\t<\/div>\n\t\t<div id=\"wpforms-5234-field_4-container\" class=\"wpforms-field wpforms-field-number\" data-field-id=\"4\"><label class=\"wpforms-field-label\" for=\"wpforms-5234-field_4\">Telefonnummer <span class=\"wpforms-required-label\" aria-hidden=\"true\">*<\/span><\/label><input type=\"number\" id=\"wpforms-5234-field_4\" class=\"wpforms-field-large wpforms-field-required\" name=\"wpforms[fields][4]\" step=\"any\" aria-errormessage=\"wpforms-5234-field_4-error\" required><\/div><div id=\"wpforms-5234-field_3-container\" class=\"wpforms-field wpforms-field-textarea\" data-field-id=\"3\"><label class=\"wpforms-field-label\" for=\"wpforms-5234-field_3\">Nachricht oder Kommentar<\/label><textarea id=\"wpforms-5234-field_3\" class=\"wpforms-field-large\" name=\"wpforms[fields][3]\" aria-errormessage=\"wpforms-5234-field_3-error\" ><\/textarea><\/div><script>\n\t\t\t\t( function() {\n\t\t\t\t\tconst style = document.createElement( 'style' );\n\t\t\t\t\tstyle.appendChild( document.createTextNode( '#wpforms-5234-field_5-container { position: absolute !important; overflow: hidden !important; display: inline !important; height: 1px !important; width: 1px !important; z-index: -1000 !important; padding: 0 !important; } #wpforms-5234-field_5-container input { visibility: hidden; } #wpforms-conversational-form-page #wpforms-5234-field_5-container label { counter-increment: none; }' ) );\n\t\t\t\t\tdocument.head.appendChild( style );\n\t\t\t\t\tdocument.currentScript?.remove();\n\t\t\t\t} )();\n\t\t\t<\/script><\/div><!-- .wpforms-field-container --><div class=\"wpforms-submit-container\" ><input type=\"hidden\" name=\"wpforms[id]\" value=\"5234\"><input type=\"hidden\" name=\"page_title\" value=\"\"><input type=\"hidden\" name=\"page_url\" value=\"https:\/\/immersafe.de\/shop\/wp-json\/wp\/v2\/product\/5148\"><input type=\"hidden\" name=\"url_referer\" value=\"\"><button type=\"submit\" name=\"wpforms[submit]\" id=\"wpforms-submit-5234\" class=\"wpforms-submit\" data-alt-text=\"Senden...\" data-submit-text=\"Anfrage senden\" aria-live=\"assertive\" value=\"wpforms-submit\">Anfrage senden<\/button><img decoding=\"async\" src=\"https:\/\/immersafe.de\/shop\/wp-content\/plugins\/wpforms-lite\/assets\/images\/submit-spin.svg\" class=\"wpforms-submit-spinner\" style=\"display: none;\" width=\"26\" height=\"26\" alt=\"Wird geladen\"><\/div><\/form><\/div>  <!-- .wpforms-container -->\n<p>Wei\u00dfe Thermotransfer-Etiketten mit starkem Kleber, ideal f\u00fcr Tiefk\u00fchlanwendungen (bis -30\u202f\u00b0C). Geeignet f\u00fcr Lagerkennzeichnung, Preis- und Verpackungsetiketten. Au\u00dfengewickelt, 1&#8243;-Kern, max. Rollendurchmesser 127\u202fmm. F\u00fcr Einzelhandel, Logistik und vielseitige Anwendungen.<\/p>\n","protected":false},"featured_media":5215,"template":"","meta":{"_acf_changed":false},"product_brand":[],"product_cat":[262,263],"product_tag":[],"class_list":{"0":"post-5148","1":"product","2":"type-product","3":"status-publish","4":"has-post-thumbnail","6":"product_cat-etiketten","7":"product_cat-papieretiketten","9":"first","10":"onbackorder","11":"taxable","12":"shipping-taxable","13":"product-type-simple"},"acf":[],"tiered_pricing_type":"fixed","tiered_pricing_fixed_rules":[],"tiered_pricing_product_settings":{"layout":"default","base_unit_name":{"singular":null,"plural":null},"default_variation":null},"tiered_pricing_minimum_quantity":null,"tiered_pricing_roles_data":[],"tiered_pricing_percentage_rules":[],"_links":{"self":[{"href":"https:\/\/immersafe.de\/shop\/wp-json\/wp\/v2\/product\/5148","targetHints":{"allow":["GET"]}}],"collection":[{"href":"https:\/\/immersafe.de\/shop\/wp-json\/wp\/v2\/product"}],"about":[{"href":"https:\/\/immersafe.de\/shop\/wp-json\/wp\/v2\/types\/product"}],"version-history":[{"count":2,"href":"https:\/\/immersafe.de\/shop\/wp-json\/wp\/v2\/product\/5148\/revisions"}],"predecessor-version":[{"id":5245,"href":"https:\/\/immersafe.de\/shop\/wp-json\/wp\/v2\/product\/5148\/revisions\/5245"}],"wp:featuredmedia":[{"embeddable":true,"href":"https:\/\/immersafe.de\/shop\/wp-json\/wp\/v2\/media\/5215"}],"wp:attachment":[{"href":"https:\/\/immersafe.de\/shop\/wp-json\/wp\/v2\/media?parent=5148"}],"wp:term":[{"taxonomy":"product_brand","embeddable":true,"href":"https:\/\/immersafe.de\/shop\/wp-json\/wp\/v2\/product_brand?post=5148"},{"taxonomy":"product_cat","embeddable":true,"href":"https:\/\/immersafe.de\/shop\/wp-json\/wp\/v2\/product_cat?post=5148"},{"taxonomy":"product_tag","embeddable":true,"href":"https:\/\/immersafe.de\/shop\/wp-json\/wp\/v2\/product_tag?post=5148"}],"curies":[{"name":"wp","href":"https:\/\/api.w.org\/{rel}","templated":true}]}}