{"id":5153,"date":"2025-07-11T12:30:00","date_gmt":"2025-07-11T12:30:00","guid":{"rendered":"https:\/\/shop.immersafe.de\/?post_type=product&#038;p=5153"},"modified":"2025-10-14T11:40:23","modified_gmt":"2025-10-14T11:40:23","slug":"zebra-z-perform-1000d-thermopapieretiketten","status":"publish","type":"product","link":"https:\/\/immersafe.de\/shop\/zebra-z-perform-1000d-thermopapieretiketten\/","title":{"rendered":"Zebra Z-Perform 1000D Thermopapieretiketten"},"content":{"rendered":"<p><strong>Zebra Z-Perform 1000D Etiketten \u2013 3 Zoll Kern, Thermopapier wei\u00df<\/strong><\/p>\n<p data-start=\"215\" data-end=\"551\">Die Zebra Z-Perform 1000D Etikettenrollen bestehen aus unbeschichtetem, BPA-freiem Thermopapier und eignen sich ideal f\u00fcr tempor\u00e4re, kosteng\u00fcnstige Kennzeichnungen. Dank des Thermodirekt-Druckverfahrens ist kein Farbband erforderlich. Der stark haftende Kleber sorgt f\u00fcr zuverl\u00e4ssigen Halt auf Verpackungen, Regalen oder Versandkartons.<\/p>\n<p data-start=\"553\" data-end=\"571\"><strong data-start=\"553\" data-end=\"571\">Eigenschaften:<\/strong><\/p>\n<ul>\n<li data-start=\"574\" data-end=\"619\">Thermodirektdruck \u2013 kein Farbband notwendig<\/li>\n<li data-start=\"622\" data-end=\"668\">Material: Wei\u00dfes Thermopapier, unbeschichtet<\/li>\n<li data-start=\"671\" data-end=\"681\">BPA-frei<\/li>\n<li data-start=\"684\" data-end=\"708\">Stark haftender Kleber<\/li>\n<li data-start=\"711\" data-end=\"765\">Universelle Anwendung in Lager, Logistik, Einzelhandel<\/li>\n<\/ul>\n<p data-start=\"767\" data-end=\"806\"><strong data-start=\"767\" data-end=\"806\">Erh\u00e4ltlich in verschiedenen Gr\u00f6\u00dfen:<\/strong><\/p>\n<ul>\n<li data-start=\"809\" data-end=\"873\"><strong data-start=\"809\" data-end=\"820\">Breite:<\/strong> 51 mm, 57 mm, 70 mm, 76 mm, 100 mm, 102 mm, 148 mm<\/li>\n<li data-start=\"876\" data-end=\"953\"><strong data-start=\"876\" data-end=\"885\">H\u00f6he:<\/strong> 25 mm, 32 mm, 50 mm, 51 mm, 64 mm, 150 mm, 152 mm, 165 mm, 210 mm<\/li>\n<li data-start=\"956\" data-end=\"985\"><strong data-start=\"956\" data-end=\"976\">Kerndurchmesser:<\/strong> 3 Zoll<\/li>\n<li data-start=\"988\" data-end=\"1030\"><strong data-start=\"988\" data-end=\"1019\">Au\u00dfendurchmesser der Rolle:<\/strong> &lt; 203 mm<\/li>\n<li data-start=\"1033\" data-end=\"1072\"><strong data-start=\"1033\" data-end=\"1063\"> Tr\u00e4germaterialbreite:<\/strong> 150 mm<\/li>\n<\/ul>\n<p data-start=\"1074\" data-end=\"1199\"><strong data-start=\"1074\" data-end=\"1098\">Anwendungsbeispiele:<\/strong><br data-start=\"1098\" data-end=\"1101\" \/>Versandetiketten, Verpackungsetiketten, Preisetiketten, Lagerkennzeichnung, Kommissionieraufkleber<\/p>\n","protected":false},"excerpt":{"rendered":"<h4>Unsere Berater helfen Ihnen gerne weiter!<\/h4>\n<p>Teilen Sie uns mit, welches Etikettenformat Sie w\u00fcnschen und wie viele Rollen Sie bestellen m\u00f6chten \u2013 unsere Experten erstellen Ihnen das beste Angebot.<\/p>\n<style id=\"wpforms-css-vars-5234\">\n\t\t\t\t#wpforms-5234 {\n\t\t\t\t--wpforms-container-padding: 0px;\n--wpforms-container-border-width: 1px;\n--wpforms-container-border-radius: 3px;\n--wpforms-background-color: rgba(0, 0, 0, 0);\n--wpforms-field-size-input-height: 43px;\n--wpforms-field-size-input-spacing: 15px;\n--wpforms-field-size-font-size: 16px;\n--wpforms-field-size-line-height: 19px;\n--wpforms-field-size-padding-h: 14px;\n--wpforms-field-size-checkbox-size: 16px;\n--wpforms-field-size-sublabel-spacing: 5px;\n--wpforms-field-size-icon-size: 1;\n--wpforms-label-size-font-size: 16px;\n--wpforms-label-size-line-height: 19px;\n--wpforms-label-size-sublabel-font-size: 14px;\n--wpforms-label-size-sublabel-line-height: 17px;\n--wpforms-button-size-font-size: 17px;\n--wpforms-button-size-height: 41px;\n--wpforms-button-size-padding-h: 15px;\n--wpforms-button-size-margin-top: 10px;\n--wpforms-container-shadow-size-box-shadow: none;\n\t\t\t}\n\t\t\t<\/style><div class=\"wpforms-container wpforms-container-full wpforms-render-modern\" id=\"wpforms-5234\"><form id=\"wpforms-form-5234\" class=\"wpforms-validate wpforms-form wpforms-ajax-form\" data-formid=\"5234\" method=\"post\" enctype=\"multipart\/form-data\" action=\"\/shop\/wp-json\/wp\/v2\/product\/5153\" data-token=\"61e22fa2479aa393294d96e817886901\" data-token-time=\"1776214761\"><noscript class=\"wpforms-error-noscript\">Bitte aktiviere JavaScript in deinem Browser, um dieses Formular fertigzustellen.<\/noscript><div id=\"wpforms-error-noscript\" style=\"display: none;\">Bitte aktiviere JavaScript in deinem Browser, um dieses Formular fertigzustellen.<\/div><div class=\"wpforms-field-container\"><div id=\"wpforms-5234-field_1-container\" class=\"wpforms-field wpforms-field-name\" data-field-id=\"1\"><label class=\"wpforms-field-label\" for=\"wpforms-5234-field_1\">Name <span class=\"wpforms-required-label\" aria-hidden=\"true\">*<\/span><\/label><input type=\"text\" id=\"wpforms-5234-field_1\" class=\"wpforms-field-large wpforms-field-required\" name=\"wpforms[fields][1]\" aria-errormessage=\"wpforms-5234-field_1-error\" required><\/div><div id=\"wpforms-5234-field_2-container\" class=\"wpforms-field wpforms-field-email\" data-field-id=\"2\"><label class=\"wpforms-field-label\" for=\"wpforms-5234-field_2\">E-Mail-Adresse <span class=\"wpforms-required-label\" aria-hidden=\"true\">*<\/span><\/label><input type=\"email\" id=\"wpforms-5234-field_2\" class=\"wpforms-field-large wpforms-field-required\" name=\"wpforms[fields][2]\" spellcheck=\"false\" aria-errormessage=\"wpforms-5234-field_2-error\" required><\/div>\t\t<div id=\"wpforms-5234-field_5-container\"\n\t\t\tclass=\"wpforms-field wpforms-field-text\"\n\t\t\tdata-field-type=\"text\"\n\t\t\tdata-field-id=\"5\"\n\t\t\t>\n\t\t\t<label class=\"wpforms-field-label\" for=\"wpforms-5234-field_5\" >Kommentar Nachricht oder<\/label>\n\t\t\t<input type=\"text\" id=\"wpforms-5234-field_5\" class=\"wpforms-field-medium\" name=\"wpforms[fields][5]\" >\n\t\t<\/div>\n\t\t<div id=\"wpforms-5234-field_4-container\" class=\"wpforms-field wpforms-field-number\" data-field-id=\"4\"><label class=\"wpforms-field-label\" for=\"wpforms-5234-field_4\">Telefonnummer <span class=\"wpforms-required-label\" aria-hidden=\"true\">*<\/span><\/label><input type=\"number\" id=\"wpforms-5234-field_4\" class=\"wpforms-field-large wpforms-field-required\" name=\"wpforms[fields][4]\" step=\"any\" aria-errormessage=\"wpforms-5234-field_4-error\" required><\/div><div id=\"wpforms-5234-field_3-container\" class=\"wpforms-field wpforms-field-textarea\" data-field-id=\"3\"><label class=\"wpforms-field-label\" for=\"wpforms-5234-field_3\">Nachricht oder Kommentar<\/label><textarea id=\"wpforms-5234-field_3\" class=\"wpforms-field-large\" name=\"wpforms[fields][3]\" aria-errormessage=\"wpforms-5234-field_3-error\" ><\/textarea><\/div><script>\n\t\t\t\t( function() {\n\t\t\t\t\tconst style = document.createElement( 'style' );\n\t\t\t\t\tstyle.appendChild( document.createTextNode( '#wpforms-5234-field_5-container { position: absolute !important; overflow: hidden !important; display: inline !important; height: 1px !important; width: 1px !important; z-index: -1000 !important; padding: 0 !important; } #wpforms-5234-field_5-container input { visibility: hidden; } #wpforms-conversational-form-page #wpforms-5234-field_5-container label { counter-increment: none; }' ) );\n\t\t\t\t\tdocument.head.appendChild( style );\n\t\t\t\t\tdocument.currentScript?.remove();\n\t\t\t\t} )();\n\t\t\t<\/script><\/div><!-- .wpforms-field-container --><div class=\"wpforms-submit-container\" ><input type=\"hidden\" name=\"wpforms[id]\" value=\"5234\"><input type=\"hidden\" name=\"page_title\" value=\"\"><input type=\"hidden\" name=\"page_url\" value=\"https:\/\/immersafe.de\/shop\/wp-json\/wp\/v2\/product\/5153\"><input type=\"hidden\" name=\"url_referer\" value=\"\"><button type=\"submit\" name=\"wpforms[submit]\" id=\"wpforms-submit-5234\" class=\"wpforms-submit\" data-alt-text=\"Senden...\" data-submit-text=\"Anfrage senden\" aria-live=\"assertive\" value=\"wpforms-submit\">Anfrage senden<\/button><img decoding=\"async\" src=\"https:\/\/immersafe.de\/shop\/wp-content\/plugins\/wpforms-lite\/assets\/images\/submit-spin.svg\" class=\"wpforms-submit-spinner\" style=\"display: none;\" width=\"26\" height=\"26\" alt=\"Wird geladen\"><\/div><\/form><\/div>  <!-- .wpforms-container -->\n<p>Zebra Z-Perform 1000D Etiketten aus wei\u00dfem Thermopapier (BPA-frei) f\u00fcr den Thermodirektdruck \u2013 kein Farbband n\u00f6tig. Ideal f\u00fcr Versand, Lager und Einzelhandel. Starke Haftung, verschiedene Gr\u00f6\u00dfen erh\u00e4ltlich.<\/p>\n","protected":false},"featured_media":5227,"template":"","meta":{"_acf_changed":false},"product_brand":[],"product_cat":[262,263,264],"product_tag":[],"class_list":{"0":"post-5153","1":"product","2":"type-product","3":"status-publish","4":"has-post-thumbnail","6":"product_cat-etiketten","7":"product_cat-papieretiketten","8":"product_cat-thermotransferetiketten","10":"first","11":"onbackorder","12":"taxable","13":"shipping-taxable","14":"product-type-simple"},"acf":[],"tiered_pricing_type":"fixed","tiered_pricing_fixed_rules":[],"tiered_pricing_product_settings":{"layout":"default","base_unit_name":{"singular":null,"plural":null},"default_variation":null},"tiered_pricing_minimum_quantity":null,"tiered_pricing_roles_data":[],"tiered_pricing_percentage_rules":[],"_links":{"self":[{"href":"https:\/\/immersafe.de\/shop\/wp-json\/wp\/v2\/product\/5153","targetHints":{"allow":["GET"]}}],"collection":[{"href":"https:\/\/immersafe.de\/shop\/wp-json\/wp\/v2\/product"}],"about":[{"href":"https:\/\/immersafe.de\/shop\/wp-json\/wp\/v2\/types\/product"}],"version-history":[{"count":2,"href":"https:\/\/immersafe.de\/shop\/wp-json\/wp\/v2\/product\/5153\/revisions"}],"predecessor-version":[{"id":5250,"href":"https:\/\/immersafe.de\/shop\/wp-json\/wp\/v2\/product\/5153\/revisions\/5250"}],"wp:featuredmedia":[{"embeddable":true,"href":"https:\/\/immersafe.de\/shop\/wp-json\/wp\/v2\/media\/5227"}],"wp:attachment":[{"href":"https:\/\/immersafe.de\/shop\/wp-json\/wp\/v2\/media?parent=5153"}],"wp:term":[{"taxonomy":"product_brand","embeddable":true,"href":"https:\/\/immersafe.de\/shop\/wp-json\/wp\/v2\/product_brand?post=5153"},{"taxonomy":"product_cat","embeddable":true,"href":"https:\/\/immersafe.de\/shop\/wp-json\/wp\/v2\/product_cat?post=5153"},{"taxonomy":"product_tag","embeddable":true,"href":"https:\/\/immersafe.de\/shop\/wp-json\/wp\/v2\/product_tag?post=5153"}],"curies":[{"name":"wp","href":"https:\/\/api.w.org\/{rel}","templated":true}]}}