{"id":5162,"date":"2025-07-11T13:40:08","date_gmt":"2025-07-11T13:40:08","guid":{"rendered":"https:\/\/shop.immersafe.de\/?post_type=product&#038;p=5162"},"modified":"2025-10-14T11:41:02","modified_gmt":"2025-10-14T11:41:02","slug":"zebra-z-ultimate-3000t-polyesteretiketten","status":"publish","type":"product","link":"https:\/\/immersafe.de\/shop\/zebra-z-ultimate-3000t-polyesteretiketten\/","title":{"rendered":"Zebra Z-Ultimate 3000T Polyesteretiketten"},"content":{"rendered":"<p><strong>Zebra Z-Ultimate 3000T Polyesteretiketten, wei\u00df gl\u00e4nzend, 1-Zoll-Kern<\/strong><\/p>\n<p data-start=\"251\" data-end=\"861\">Die Zebra Z-Ultimate 3000T Etiketten bestehen aus widerstandsf\u00e4higem Polyester mit starkem Klebstoff \u2013 ideal f\u00fcr dauerhafte Kennzeichnungsanwendungen im Innen- und Au\u00dfenbereich. Dank des thermotransferbasierten Druckverfahrens in Kombination mit Harzb\u00e4ndern entsteht ein extrem best\u00e4ndiger, kratzfester und chemikalienresistenter Aufdruck. Die Etiketten sind f\u00fcr extreme Umgebungsbedingungen geeignet, einschlie\u00dflich UV-Strahlung, \u00d6l, Hitze und Temperaturen bis -196\u202f\u00b0C. Sie sind CSA- und UL-zertifiziert und eignen sich besonders zur Kennzeichnung von Bauteilen, Leiterplatten, Produkten sowie Typenschildern.<\/p>\n<p data-start=\"863\" data-end=\"919\">Alle Ma\u00dfe sind in Millimetern (Breite x H\u00f6he) angegeben.<\/p>\n<p data-start=\"921\" data-end=\"943\"><strong data-start=\"921\" data-end=\"943\">Wichtige Merkmale:<\/strong><\/p>\n<ul>\n<li data-start=\"946\" data-end=\"972\"><strong data-start=\"946\" data-end=\"955\">Kern:<\/strong> 1 Zoll (25,4 mm)<\/li>\n<li data-start=\"975\" data-end=\"1011\"><strong data-start=\"975\" data-end=\"988\">Material:<\/strong> Kunststoff \/ Polyester<\/li>\n<li data-start=\"1014\" data-end=\"1038\"><strong data-start=\"1014\" data-end=\"1024\">Farbe:<\/strong> Wei\u00df gl\u00e4nzend<\/li>\n<li data-start=\"1041\" data-end=\"1093\"><strong data-start=\"1041\" data-end=\"1060\">Druckverfahren:<\/strong> Thermotransfer (mit Harzb\u00e4ndern)<\/li>\n<li data-start=\"1096\" data-end=\"1135\"><strong data-start=\"1096\" data-end=\"1127\">Au\u00dfendurchmesser der Rolle:<\/strong> &lt;127 mm<\/li>\n<li data-start=\"1138\" data-end=\"1183\"><strong data-start=\"1138\" data-end=\"1168\">Maximale Etikettenbreiten:<\/strong> 20 mm \u2013 102 mm<\/li>\n<li data-start=\"1186\" data-end=\"1219\"><strong data-start=\"1186\" data-end=\"1205\">Etikettenh\u00f6hen:<\/strong> 13 mm \u2013 76 mm<\/li>\n<li data-start=\"1222\" data-end=\"1267\"><strong data-start=\"1222\" data-end=\"1252\"> Tr\u00e4germaterialbreite:<\/strong> 24 mm \u2013 105 mm<\/li>\n<li data-start=\"1270\" data-end=\"1299\"><strong data-start=\"1270\" data-end=\"1291\">Zertifizierungen:<\/strong> CSA, UL<\/li>\n<li data-start=\"1302\" data-end=\"1448\"><strong data-start=\"1302\" data-end=\"1320\">Eigenschaften:<\/strong> Kratzfest, chemikalienbest\u00e4ndig, UV-best\u00e4ndig, witterungsbest\u00e4ndig, \u00f6lresistent, tiefk\u00fchlgeeignet (bis -196\u202f\u00b0C), hitzebest\u00e4ndig<\/li>\n<\/ul>\n<p data-start=\"1450\" data-end=\"1571\"><strong data-start=\"1450\" data-end=\"1469\">Kompatibilit\u00e4t:<\/strong> Etiketten mit einer Breite bis zu 57 mm sind ausschlie\u00dflich mit dem Zebra TLP2824 Drucker kompatibel.<\/p>\n<p data-start=\"1573\" data-end=\"1672\"><strong data-start=\"1573\" data-end=\"1593\">Einsatzbereiche:<\/strong><br \/>\nAutomobilindustrie, Elektronik, Ger\u00e4teherstellung, industrielle Kennzeichnung.<\/p>\n","protected":false},"excerpt":{"rendered":"<h4>Unsere Berater helfen Ihnen gerne weiter!<\/h4>\n<p>Teilen Sie uns mit, welches Etikettenformat Sie w\u00fcnschen und wie viele Rollen Sie bestellen m\u00f6chten \u2013 unsere Experten erstellen Ihnen das beste Angebot.<\/p>\n<style id=\"wpforms-css-vars-5234\">\n\t\t\t\t#wpforms-5234 {\n\t\t\t\t--wpforms-container-padding: 0px;\n--wpforms-container-border-width: 1px;\n--wpforms-container-border-radius: 3px;\n--wpforms-background-color: rgba(0, 0, 0, 0);\n--wpforms-field-size-input-height: 43px;\n--wpforms-field-size-input-spacing: 15px;\n--wpforms-field-size-font-size: 16px;\n--wpforms-field-size-line-height: 19px;\n--wpforms-field-size-padding-h: 14px;\n--wpforms-field-size-checkbox-size: 16px;\n--wpforms-field-size-sublabel-spacing: 5px;\n--wpforms-field-size-icon-size: 1;\n--wpforms-label-size-font-size: 16px;\n--wpforms-label-size-line-height: 19px;\n--wpforms-label-size-sublabel-font-size: 14px;\n--wpforms-label-size-sublabel-line-height: 17px;\n--wpforms-button-size-font-size: 17px;\n--wpforms-button-size-height: 41px;\n--wpforms-button-size-padding-h: 15px;\n--wpforms-button-size-margin-top: 10px;\n--wpforms-container-shadow-size-box-shadow: none;\n\t\t\t}\n\t\t\t<\/style><div class=\"wpforms-container wpforms-container-full wpforms-render-modern\" id=\"wpforms-5234\"><form id=\"wpforms-form-5234\" class=\"wpforms-validate wpforms-form wpforms-ajax-form\" data-formid=\"5234\" method=\"post\" enctype=\"multipart\/form-data\" action=\"\/shop\/wp-json\/wp\/v2\/product\/5162\" data-token=\"61e22fa2479aa393294d96e817886901\" data-token-time=\"1776214761\"><noscript class=\"wpforms-error-noscript\">Bitte aktiviere JavaScript in deinem Browser, um dieses Formular fertigzustellen.<\/noscript><div id=\"wpforms-error-noscript\" style=\"display: none;\">Bitte aktiviere JavaScript in deinem Browser, um dieses Formular fertigzustellen.<\/div><div class=\"wpforms-field-container\"><div id=\"wpforms-5234-field_1-container\" class=\"wpforms-field wpforms-field-name\" data-field-id=\"1\"><label class=\"wpforms-field-label\" for=\"wpforms-5234-field_1\">Name <span class=\"wpforms-required-label\" aria-hidden=\"true\">*<\/span><\/label><input type=\"text\" id=\"wpforms-5234-field_1\" class=\"wpforms-field-large wpforms-field-required\" name=\"wpforms[fields][1]\" aria-errormessage=\"wpforms-5234-field_1-error\" required><\/div><div id=\"wpforms-5234-field_2-container\" class=\"wpforms-field wpforms-field-email\" data-field-id=\"2\"><label class=\"wpforms-field-label\" for=\"wpforms-5234-field_2\">E-Mail-Adresse <span class=\"wpforms-required-label\" aria-hidden=\"true\">*<\/span><\/label><input type=\"email\" id=\"wpforms-5234-field_2\" class=\"wpforms-field-large wpforms-field-required\" name=\"wpforms[fields][2]\" spellcheck=\"false\" aria-errormessage=\"wpforms-5234-field_2-error\" required><\/div>\t\t<div id=\"wpforms-5234-field_5-container\"\n\t\t\tclass=\"wpforms-field wpforms-field-text\"\n\t\t\tdata-field-type=\"text\"\n\t\t\tdata-field-id=\"5\"\n\t\t\t>\n\t\t\t<label class=\"wpforms-field-label\" for=\"wpforms-5234-field_5\" >Kommentar Nachricht Telefonnummer<\/label>\n\t\t\t<input type=\"text\" id=\"wpforms-5234-field_5\" class=\"wpforms-field-medium\" name=\"wpforms[fields][5]\" >\n\t\t<\/div>\n\t\t<div id=\"wpforms-5234-field_4-container\" class=\"wpforms-field wpforms-field-number\" data-field-id=\"4\"><label class=\"wpforms-field-label\" for=\"wpforms-5234-field_4\">Telefonnummer <span class=\"wpforms-required-label\" aria-hidden=\"true\">*<\/span><\/label><input type=\"number\" id=\"wpforms-5234-field_4\" class=\"wpforms-field-large wpforms-field-required\" name=\"wpforms[fields][4]\" step=\"any\" aria-errormessage=\"wpforms-5234-field_4-error\" required><\/div><div id=\"wpforms-5234-field_3-container\" class=\"wpforms-field wpforms-field-textarea\" data-field-id=\"3\"><label class=\"wpforms-field-label\" for=\"wpforms-5234-field_3\">Nachricht oder Kommentar<\/label><textarea id=\"wpforms-5234-field_3\" class=\"wpforms-field-large\" name=\"wpforms[fields][3]\" aria-errormessage=\"wpforms-5234-field_3-error\" ><\/textarea><\/div><script>\n\t\t\t\t( function() {\n\t\t\t\t\tconst style = document.createElement( 'style' );\n\t\t\t\t\tstyle.appendChild( document.createTextNode( '#wpforms-5234-field_5-container { position: absolute !important; overflow: hidden !important; display: inline !important; height: 1px !important; width: 1px !important; z-index: -1000 !important; padding: 0 !important; } #wpforms-5234-field_5-container input { visibility: hidden; } #wpforms-conversational-form-page #wpforms-5234-field_5-container label { counter-increment: none; }' ) );\n\t\t\t\t\tdocument.head.appendChild( style );\n\t\t\t\t\tdocument.currentScript?.remove();\n\t\t\t\t} )();\n\t\t\t<\/script><\/div><!-- .wpforms-field-container --><div class=\"wpforms-submit-container\" ><input type=\"hidden\" name=\"wpforms[id]\" value=\"5234\"><input type=\"hidden\" name=\"page_title\" value=\"\"><input type=\"hidden\" name=\"page_url\" value=\"https:\/\/immersafe.de\/shop\/wp-json\/wp\/v2\/product\/5162\"><input type=\"hidden\" name=\"url_referer\" value=\"\"><button type=\"submit\" name=\"wpforms[submit]\" id=\"wpforms-submit-5234\" class=\"wpforms-submit\" data-alt-text=\"Senden...\" data-submit-text=\"Anfrage senden\" aria-live=\"assertive\" value=\"wpforms-submit\">Anfrage senden<\/button><img decoding=\"async\" src=\"https:\/\/immersafe.de\/shop\/wp-content\/plugins\/wpforms-lite\/assets\/images\/submit-spin.svg\" class=\"wpforms-submit-spinner\" style=\"display: none;\" width=\"26\" height=\"26\" alt=\"Wird geladen\"><\/div><\/form><\/div>  <!-- .wpforms-container -->\n<p>Widerstandsf\u00e4hige, gl\u00e4nzend wei\u00dfe Polyesteretiketten von Zebra f\u00fcr den Thermotransferdruck. Ideal f\u00fcr dauerhafte Innen- und Au\u00dfenkennzeichnung. Kratz-, Chemikalien-, UV- und witterungsbest\u00e4ndig. CSA- und UL-zertifiziert.<\/p>\n","protected":false},"featured_media":5230,"template":"","meta":{"_acf_changed":false},"product_brand":[],"product_cat":[262,265],"product_tag":[],"class_list":{"0":"post-5162","1":"product","2":"type-product","3":"status-publish","4":"has-post-thumbnail","6":"product_cat-etiketten","7":"product_cat-kunststoffetiketten","9":"first","10":"onbackorder","11":"taxable","12":"shipping-taxable","13":"product-type-simple"},"acf":[],"tiered_pricing_type":"fixed","tiered_pricing_fixed_rules":[],"tiered_pricing_product_settings":{"layout":"default","base_unit_name":{"singular":null,"plural":null},"default_variation":null},"tiered_pricing_minimum_quantity":null,"tiered_pricing_roles_data":[],"tiered_pricing_percentage_rules":[],"_links":{"self":[{"href":"https:\/\/immersafe.de\/shop\/wp-json\/wp\/v2\/product\/5162","targetHints":{"allow":["GET"]}}],"collection":[{"href":"https:\/\/immersafe.de\/shop\/wp-json\/wp\/v2\/product"}],"about":[{"href":"https:\/\/immersafe.de\/shop\/wp-json\/wp\/v2\/types\/product"}],"version-history":[{"count":2,"href":"https:\/\/immersafe.de\/shop\/wp-json\/wp\/v2\/product\/5162\/revisions"}],"predecessor-version":[{"id":5254,"href":"https:\/\/immersafe.de\/shop\/wp-json\/wp\/v2\/product\/5162\/revisions\/5254"}],"wp:featuredmedia":[{"embeddable":true,"href":"https:\/\/immersafe.de\/shop\/wp-json\/wp\/v2\/media\/5230"}],"wp:attachment":[{"href":"https:\/\/immersafe.de\/shop\/wp-json\/wp\/v2\/media?parent=5162"}],"wp:term":[{"taxonomy":"product_brand","embeddable":true,"href":"https:\/\/immersafe.de\/shop\/wp-json\/wp\/v2\/product_brand?post=5162"},{"taxonomy":"product_cat","embeddable":true,"href":"https:\/\/immersafe.de\/shop\/wp-json\/wp\/v2\/product_cat?post=5162"},{"taxonomy":"product_tag","embeddable":true,"href":"https:\/\/immersafe.de\/shop\/wp-json\/wp\/v2\/product_tag?post=5162"}],"curies":[{"name":"wp","href":"https:\/\/api.w.org\/{rel}","templated":true}]}}