{"id":5164,"date":"2025-07-11T13:41:56","date_gmt":"2025-07-11T13:41:56","guid":{"rendered":"https:\/\/shop.immersafe.de\/?post_type=product&#038;p=5164"},"modified":"2025-10-14T11:41:07","modified_gmt":"2025-10-14T11:41:07","slug":"zebra-polypro-3000t-etikettenrollen","status":"publish","type":"product","link":"https:\/\/immersafe.de\/shop\/zebra-polypro-3000t-etikettenrollen\/","title":{"rendered":"Zebra PolyPro 3000T Etikettenrollen"},"content":{"rendered":"<p><strong>Zebra PolyPro 3000T Etikettenrollen, Wei\u00df, Wetterfest, 1-Zoll-Kern \u2013 F\u00fcr Thermotransferdruck<\/strong><\/p>\n<p data-start=\"210\" data-end=\"538\">Die Zebra PolyPro 3000T Etiketten bestehen aus gl\u00e4nzend wei\u00dfem, BPA- und latexfreiem Polypropylen mit permanentem Acrylkleber. Die biaxial orientierte Polypropylenfolie bietet hohe Rei\u00dffestigkeit und ausgezeichnete Steifigkeit. Ideal f\u00fcr Anwendungen, bei denen Haltbarkeit, Chemikalien- und Witterungsbest\u00e4ndigkeit gefragt sind.<\/p>\n<p data-start=\"540\" data-end=\"925\">Der Klebstoff ist UV-best\u00e4ndig und haftet auf einer Vielzahl von Oberfl\u00e4chen. Er erf\u00fcllt die Vorschriften der EU-Verordnung 1935\/2004, der EU-Verordnung 10\/2011 sowie der BfR-Empfehlung XIV und ist damit f\u00fcr den direkten Kontakt mit trockenen, feuchten und fettigen Lebensmitteln geeignet (mit einem Reduktionsfaktor von mindestens 2). Ebenfalls konform mit der FDA-Vorschrift 175.105.<\/p>\n<p data-start=\"927\" data-end=\"954\"><strong data-start=\"927\" data-end=\"954\">Empfohlene Anwendungen:<\/strong><\/p>\n<ul>\n<li data-start=\"957\" data-end=\"986\">Chemie- und Industrieprodukte<\/li>\n<li data-start=\"989\" data-end=\"1009\">Palettenverpackungen<\/li>\n<li data-start=\"1012\" data-end=\"1023\">Regalkanten<\/li>\n<li data-start=\"1026\" data-end=\"1058\">Karton- und Produktkennzeichnung<\/li>\n<li data-start=\"1061\" data-end=\"1085\">Lebensmittelverpackungen<\/li>\n<\/ul>\n<p data-start=\"1087\" data-end=\"1114\"><strong data-start=\"1087\" data-end=\"1114\">Produktspezifikationen:<\/strong><\/p>\n<ul>\n<li data-start=\"1117\" data-end=\"1139\">Kern: 1 Zoll (25,4 mm)<\/li>\n<li data-start=\"1142\" data-end=\"1173\">Etikettenbreiten: 51 mm, 102 mm<\/li>\n<li data-start=\"1176\" data-end=\"1212\">Etikettenh\u00f6hen: 51 mm, 52 mm, 152 mm<\/li>\n<li data-start=\"1215\" data-end=\"1252\">Tr\u00e4germaterialbreite: bis 108 mm<\/li>\n<li data-start=\"1255\" data-end=\"1291\">Au\u00dfendurchmesser der Rolle: &lt; 127 mm<\/li>\n<li data-start=\"1294\" data-end=\"1324\">Druckverfahren: Thermotransfer<\/li>\n<li data-start=\"1327\" data-end=\"1347\">Farbe: Gl\u00e4nzend wei\u00df<\/li>\n<li data-start=\"1350\" data-end=\"1384\">Material: Kunststoff, Polypropylen<\/li>\n<li data-start=\"1387\" data-end=\"1516\">Eigenschaften: UV-best\u00e4ndig, wetterfest, kratz- und chemikalienresistent, BPA- und latexfrei, tiefk\u00fchlgeeignet (bis unter -20 \u00b0C)<\/li>\n<li data-start=\"1519\" data-end=\"1561\">Verkauf nur in vollen Verpackungseinheiten<\/li>\n<\/ul>\n","protected":false},"excerpt":{"rendered":"<h4>Unsere Berater helfen Ihnen gerne weiter!<\/h4>\n<p>Teilen Sie uns mit, welches Etikettenformat Sie w\u00fcnschen und wie viele Rollen Sie bestellen m\u00f6chten \u2013 unsere Experten erstellen Ihnen das beste Angebot.<\/p>\n<style id=\"wpforms-css-vars-5234\">\n\t\t\t\t#wpforms-5234 {\n\t\t\t\t--wpforms-container-padding: 0px;\n--wpforms-container-border-width: 1px;\n--wpforms-container-border-radius: 3px;\n--wpforms-background-color: rgba(0, 0, 0, 0);\n--wpforms-field-size-input-height: 43px;\n--wpforms-field-size-input-spacing: 15px;\n--wpforms-field-size-font-size: 16px;\n--wpforms-field-size-line-height: 19px;\n--wpforms-field-size-padding-h: 14px;\n--wpforms-field-size-checkbox-size: 16px;\n--wpforms-field-size-sublabel-spacing: 5px;\n--wpforms-field-size-icon-size: 1;\n--wpforms-label-size-font-size: 16px;\n--wpforms-label-size-line-height: 19px;\n--wpforms-label-size-sublabel-font-size: 14px;\n--wpforms-label-size-sublabel-line-height: 17px;\n--wpforms-button-size-font-size: 17px;\n--wpforms-button-size-height: 41px;\n--wpforms-button-size-padding-h: 15px;\n--wpforms-button-size-margin-top: 10px;\n--wpforms-container-shadow-size-box-shadow: none;\n\t\t\t}\n\t\t\t<\/style><div class=\"wpforms-container wpforms-container-full wpforms-render-modern\" id=\"wpforms-5234\"><form id=\"wpforms-form-5234\" class=\"wpforms-validate wpforms-form wpforms-ajax-form\" data-formid=\"5234\" method=\"post\" enctype=\"multipart\/form-data\" action=\"\/shop\/wp-json\/wp\/v2\/product\/5164\" data-token=\"a1eb03263033b1cac878e12687f7482d\" data-token-time=\"1776207593\"><noscript class=\"wpforms-error-noscript\">Bitte aktiviere JavaScript in deinem Browser, um dieses Formular fertigzustellen.<\/noscript><div id=\"wpforms-error-noscript\" style=\"display: none;\">Bitte aktiviere JavaScript in deinem Browser, um dieses Formular fertigzustellen.<\/div><div class=\"wpforms-field-container\">\t\t<div id=\"wpforms-5234-field_5-container\"\n\t\t\tclass=\"wpforms-field wpforms-field-text\"\n\t\t\tdata-field-type=\"text\"\n\t\t\tdata-field-id=\"5\"\n\t\t\t>\n\t\t\t<label class=\"wpforms-field-label\" for=\"wpforms-5234-field_5\" >Nachricht Telefonnummer Kommentar<\/label>\n\t\t\t<input type=\"text\" id=\"wpforms-5234-field_5\" class=\"wpforms-field-medium\" name=\"wpforms[fields][5]\" >\n\t\t<\/div>\n\t\t<div id=\"wpforms-5234-field_1-container\" class=\"wpforms-field wpforms-field-name\" data-field-id=\"1\"><label class=\"wpforms-field-label\" for=\"wpforms-5234-field_1\">Name <span class=\"wpforms-required-label\" aria-hidden=\"true\">*<\/span><\/label><input type=\"text\" id=\"wpforms-5234-field_1\" class=\"wpforms-field-large wpforms-field-required\" name=\"wpforms[fields][1]\" aria-errormessage=\"wpforms-5234-field_1-error\" required><\/div><div id=\"wpforms-5234-field_2-container\" class=\"wpforms-field wpforms-field-email\" data-field-id=\"2\"><label class=\"wpforms-field-label\" for=\"wpforms-5234-field_2\">E-Mail-Adresse <span class=\"wpforms-required-label\" aria-hidden=\"true\">*<\/span><\/label><input type=\"email\" id=\"wpforms-5234-field_2\" class=\"wpforms-field-large wpforms-field-required\" name=\"wpforms[fields][2]\" spellcheck=\"false\" aria-errormessage=\"wpforms-5234-field_2-error\" required><\/div><div id=\"wpforms-5234-field_4-container\" class=\"wpforms-field wpforms-field-number\" data-field-id=\"4\"><label class=\"wpforms-field-label\" for=\"wpforms-5234-field_4\">Telefonnummer <span class=\"wpforms-required-label\" aria-hidden=\"true\">*<\/span><\/label><input type=\"number\" id=\"wpforms-5234-field_4\" class=\"wpforms-field-large wpforms-field-required\" name=\"wpforms[fields][4]\" step=\"any\" aria-errormessage=\"wpforms-5234-field_4-error\" required><\/div><div id=\"wpforms-5234-field_3-container\" class=\"wpforms-field wpforms-field-textarea\" data-field-id=\"3\"><label class=\"wpforms-field-label\" for=\"wpforms-5234-field_3\">Nachricht oder Kommentar<\/label><textarea id=\"wpforms-5234-field_3\" class=\"wpforms-field-large\" name=\"wpforms[fields][3]\" aria-errormessage=\"wpforms-5234-field_3-error\" ><\/textarea><\/div><script>\n\t\t\t\t( function() {\n\t\t\t\t\tconst style = document.createElement( 'style' );\n\t\t\t\t\tstyle.appendChild( document.createTextNode( '#wpforms-5234-field_5-container { position: absolute !important; overflow: hidden !important; display: inline !important; height: 1px !important; width: 1px !important; z-index: -1000 !important; padding: 0 !important; } #wpforms-5234-field_5-container input { visibility: hidden; } #wpforms-conversational-form-page #wpforms-5234-field_5-container label { counter-increment: none; }' ) );\n\t\t\t\t\tdocument.head.appendChild( style );\n\t\t\t\t\tdocument.currentScript?.remove();\n\t\t\t\t} )();\n\t\t\t<\/script><\/div><!-- .wpforms-field-container --><div class=\"wpforms-submit-container\" ><input type=\"hidden\" name=\"wpforms[id]\" value=\"5234\"><input type=\"hidden\" name=\"page_title\" value=\"\"><input type=\"hidden\" name=\"page_url\" value=\"https:\/\/immersafe.de\/shop\/wp-json\/wp\/v2\/product\/5164\"><input type=\"hidden\" name=\"url_referer\" value=\"\"><button type=\"submit\" name=\"wpforms[submit]\" id=\"wpforms-submit-5234\" class=\"wpforms-submit\" data-alt-text=\"Senden...\" data-submit-text=\"Anfrage senden\" aria-live=\"assertive\" value=\"wpforms-submit\">Anfrage senden<\/button><img decoding=\"async\" src=\"https:\/\/immersafe.de\/shop\/wp-content\/plugins\/wpforms-lite\/assets\/images\/submit-spin.svg\" class=\"wpforms-submit-spinner\" style=\"display: none;\" width=\"26\" height=\"26\" alt=\"Wird geladen\"><\/div><\/form><\/div>  <!-- .wpforms-container -->\n<p>Wetterfeste Thermotransferetiketten aus gl\u00e4nzendem Polypropylen mit permanentem Kleber. Ideal f\u00fcr langlebige Anwendungen in Logistik, Chemie, Handel und Lebensmittelkennzeichnung. BPA- und latexfrei, UV- und k\u00e4ltebest\u00e4ndig. Kern: 1 Zoll.<\/p>\n","protected":false},"featured_media":5231,"template":"","meta":{"_acf_changed":false},"product_brand":[],"product_cat":[262,265],"product_tag":[],"class_list":{"0":"post-5164","1":"product","2":"type-product","3":"status-publish","4":"has-post-thumbnail","6":"product_cat-etiketten","7":"product_cat-kunststoffetiketten","9":"first","10":"onbackorder","11":"taxable","12":"shipping-taxable","13":"product-type-simple"},"acf":[],"tiered_pricing_type":"fixed","tiered_pricing_fixed_rules":[],"tiered_pricing_product_settings":{"layout":"default","base_unit_name":{"singular":null,"plural":null},"default_variation":null},"tiered_pricing_minimum_quantity":null,"tiered_pricing_roles_data":[],"tiered_pricing_percentage_rules":[],"_links":{"self":[{"href":"https:\/\/immersafe.de\/shop\/wp-json\/wp\/v2\/product\/5164","targetHints":{"allow":["GET"]}}],"collection":[{"href":"https:\/\/immersafe.de\/shop\/wp-json\/wp\/v2\/product"}],"about":[{"href":"https:\/\/immersafe.de\/shop\/wp-json\/wp\/v2\/types\/product"}],"version-history":[{"count":2,"href":"https:\/\/immersafe.de\/shop\/wp-json\/wp\/v2\/product\/5164\/revisions"}],"predecessor-version":[{"id":5255,"href":"https:\/\/immersafe.de\/shop\/wp-json\/wp\/v2\/product\/5164\/revisions\/5255"}],"wp:featuredmedia":[{"embeddable":true,"href":"https:\/\/immersafe.de\/shop\/wp-json\/wp\/v2\/media\/5231"}],"wp:attachment":[{"href":"https:\/\/immersafe.de\/shop\/wp-json\/wp\/v2\/media?parent=5164"}],"wp:term":[{"taxonomy":"product_brand","embeddable":true,"href":"https:\/\/immersafe.de\/shop\/wp-json\/wp\/v2\/product_brand?post=5164"},{"taxonomy":"product_cat","embeddable":true,"href":"https:\/\/immersafe.de\/shop\/wp-json\/wp\/v2\/product_cat?post=5164"},{"taxonomy":"product_tag","embeddable":true,"href":"https:\/\/immersafe.de\/shop\/wp-json\/wp\/v2\/product_tag?post=5164"}],"curies":[{"name":"wp","href":"https:\/\/api.w.org\/{rel}","templated":true}]}}