{"id":5166,"date":"2025-07-11T13:47:38","date_gmt":"2025-07-11T13:47:38","guid":{"rendered":"https:\/\/shop.immersafe.de\/?post_type=product&#038;p=5166"},"modified":"2026-01-15T11:28:41","modified_gmt":"2026-01-15T11:28:41","slug":"zebra-thermopapier-etiketten-abloesbar","status":"publish","type":"product","link":"https:\/\/immersafe.de\/shop\/zebra-thermopapier-etiketten-abloesbar\/","title":{"rendered":"Zebra Thermopapier Etiketten \u2013 abl\u00f6sbar"},"content":{"rendered":"<p data-start=\"124\" data-end=\"157\"><strong data-start=\"124\" data-end=\"157\">Zebra Thermopapier \u2013 abl\u00f6sbar<\/strong><\/p>\n<p data-start=\"159\" data-end=\"466\">Dieses abl\u00f6sbare Thermopapier eignet sich ideal f\u00fcr Etiketten, die sich r\u00fcckstandslos von glatten, nicht saugf\u00e4higen Oberfl\u00e4chen entfernen lassen. Die Etiketten haften sicher, k\u00f6nnen aber bei Bedarf leicht wieder entfernt werden \u2013 perfekt f\u00fcr Preisschilder, Kommissionieretiketten oder Verpackungsetiketten.<\/p>\n<p data-start=\"468\" data-end=\"637\">Dank des <strong data-start=\"477\" data-end=\"511\">direkten Thermodruckverfahrens<\/strong> ben\u00f6tigen diese Etiketten <strong data-start=\"538\" data-end=\"564\">keine Farbbandkassette<\/strong>. Das spart Zeit und reduziert den Wartungsaufwand bei der Etikettierung.<\/p>\n<p data-start=\"639\" data-end=\"659\"><strong data-start=\"639\" data-end=\"659\">Produktmerkmale:<\/strong><\/p>\n<ul data-start=\"660\" data-end=\"950\">\n<li data-start=\"660\" data-end=\"690\">\n<p data-start=\"662\" data-end=\"690\"><strong data-start=\"662\" data-end=\"675\">Material:<\/strong> Thermopapier<\/p>\n<\/li>\n<li data-start=\"691\" data-end=\"710\">\n<p data-start=\"693\" data-end=\"710\"><strong data-start=\"693\" data-end=\"703\">Farbe:<\/strong> Wei\u00df<\/p>\n<\/li>\n<li data-start=\"711\" data-end=\"751\">\n<p data-start=\"713\" data-end=\"751\"><strong data-start=\"713\" data-end=\"727\">Klebstoff:<\/strong> Abl\u00f6sbar (entfernbar)<\/p>\n<\/li>\n<li data-start=\"752\" data-end=\"789\">\n<p data-start=\"754\" data-end=\"789\"><strong data-start=\"754\" data-end=\"773\">Druckverfahren:<\/strong> Direkt-Thermo<\/p>\n<\/li>\n<li data-start=\"790\" data-end=\"867\">\n<p data-start=\"792\" data-end=\"867\"><strong data-start=\"792\" data-end=\"805\">Branchen:<\/strong> Einzelhandel, Transport &amp; Logistik, universelle Anwendungen<\/p>\n<\/li>\n<li data-start=\"868\" data-end=\"950\">\n<p data-start=\"870\" data-end=\"950\"><strong data-start=\"870\" data-end=\"886\">Anwendungen:<\/strong> Preisauszeichnung, Verpackungskennzeichnung, Kommissionierung<\/p>\n<\/li>\n<\/ul>\n<p data-start=\"952\" data-end=\"974\"><strong data-start=\"952\" data-end=\"972\">Bestellhinweise:<\/strong><\/p>\n<ul data-start=\"975\" data-end=\"1257\">\n<li data-start=\"975\" data-end=\"1010\">\n<p data-start=\"977\" data-end=\"1010\">Alle Ma\u00dfe in mm (Breite x H\u00f6he)<\/p>\n<\/li>\n<li data-start=\"1011\" data-end=\"1103\">\n<p data-start=\"1013\" data-end=\"1103\">Etiketten mit bis zu 57 mm Breite sind <strong data-start=\"1052\" data-end=\"1101\">nur kompatibel mit Zebra LP 2824 und TLP 2824<\/strong><\/p>\n<\/li>\n<li data-start=\"1104\" data-end=\"1146\">\n<p data-start=\"1106\" data-end=\"1146\"><strong data-start=\"1106\" data-end=\"1127\">Kern-Durchmesser:<\/strong> 1 Zoll (25,4 mm)<\/p>\n<\/li>\n<li data-start=\"1147\" data-end=\"1216\">\n<p data-start=\"1149\" data-end=\"1216\"><strong data-start=\"1149\" data-end=\"1179\">Max. Tr\u00e4germaterialbreite:<\/strong> 41 mm, 44 mm, 61 mm, 80 mm, 107 mm<\/p>\n<\/li>\n<li data-start=\"1217\" data-end=\"1257\">\n<p data-start=\"1219\" data-end=\"1257\"><strong data-start=\"1219\" data-end=\"1246\">Max. Rollendurchmesser:<\/strong> &lt; 127 mm<\/p>\n<\/li>\n<\/ul>\n","protected":false},"excerpt":{"rendered":"<h4>Unsere Berater helfen Ihnen gerne weiter!<\/h4>\n<p>Teilen Sie uns mit, welches Etikettenformat Sie w\u00fcnschen und wie viele Rollen Sie bestellen m\u00f6chten \u2013 unsere Experten erstellen Ihnen das beste Angebot.<\/p>\n<style id=\"wpforms-css-vars-5234\">\n\t\t\t\t#wpforms-5234 {\n\t\t\t\t--wpforms-container-padding: 0px;\n--wpforms-container-border-width: 1px;\n--wpforms-container-border-radius: 3px;\n--wpforms-background-color: rgba(0, 0, 0, 0);\n--wpforms-field-size-input-height: 43px;\n--wpforms-field-size-input-spacing: 15px;\n--wpforms-field-size-font-size: 16px;\n--wpforms-field-size-line-height: 19px;\n--wpforms-field-size-padding-h: 14px;\n--wpforms-field-size-checkbox-size: 16px;\n--wpforms-field-size-sublabel-spacing: 5px;\n--wpforms-field-size-icon-size: 1;\n--wpforms-label-size-font-size: 16px;\n--wpforms-label-size-line-height: 19px;\n--wpforms-label-size-sublabel-font-size: 14px;\n--wpforms-label-size-sublabel-line-height: 17px;\n--wpforms-button-size-font-size: 17px;\n--wpforms-button-size-height: 41px;\n--wpforms-button-size-padding-h: 15px;\n--wpforms-button-size-margin-top: 10px;\n--wpforms-container-shadow-size-box-shadow: none;\n\t\t\t}\n\t\t\t<\/style><div class=\"wpforms-container wpforms-container-full wpforms-render-modern\" id=\"wpforms-5234\"><form id=\"wpforms-form-5234\" class=\"wpforms-validate wpforms-form wpforms-ajax-form\" data-formid=\"5234\" method=\"post\" enctype=\"multipart\/form-data\" action=\"\/shop\/wp-json\/wp\/v2\/product\/5166\" data-token=\"a1eb03263033b1cac878e12687f7482d\" data-token-time=\"1776207434\"><noscript class=\"wpforms-error-noscript\">Bitte aktiviere JavaScript in deinem Browser, um dieses Formular fertigzustellen.<\/noscript><div id=\"wpforms-error-noscript\" style=\"display: none;\">Bitte aktiviere JavaScript in deinem Browser, um dieses Formular fertigzustellen.<\/div><div class=\"wpforms-field-container\"><div id=\"wpforms-5234-field_1-container\" class=\"wpforms-field wpforms-field-name\" data-field-id=\"1\"><label class=\"wpforms-field-label\" for=\"wpforms-5234-field_1\">Name <span class=\"wpforms-required-label\" aria-hidden=\"true\">*<\/span><\/label><input type=\"text\" id=\"wpforms-5234-field_1\" class=\"wpforms-field-large wpforms-field-required\" name=\"wpforms[fields][1]\" aria-errormessage=\"wpforms-5234-field_1-error\" required><\/div><div id=\"wpforms-5234-field_2-container\" class=\"wpforms-field wpforms-field-email\" data-field-id=\"2\"><label class=\"wpforms-field-label\" for=\"wpforms-5234-field_2\">E-Mail-Adresse <span class=\"wpforms-required-label\" aria-hidden=\"true\">*<\/span><\/label><input type=\"email\" id=\"wpforms-5234-field_2\" class=\"wpforms-field-large wpforms-field-required\" name=\"wpforms[fields][2]\" spellcheck=\"false\" aria-errormessage=\"wpforms-5234-field_2-error\" required><\/div>\t\t<div id=\"wpforms-5234-field_5-container\"\n\t\t\tclass=\"wpforms-field wpforms-field-text\"\n\t\t\tdata-field-type=\"text\"\n\t\t\tdata-field-id=\"5\"\n\t\t\t>\n\t\t\t<label class=\"wpforms-field-label\" for=\"wpforms-5234-field_5\" >E-Mail-Adresse Nachricht Kommentar<\/label>\n\t\t\t<input type=\"text\" id=\"wpforms-5234-field_5\" class=\"wpforms-field-medium\" name=\"wpforms[fields][5]\" >\n\t\t<\/div>\n\t\t<div id=\"wpforms-5234-field_4-container\" class=\"wpforms-field wpforms-field-number\" data-field-id=\"4\"><label class=\"wpforms-field-label\" for=\"wpforms-5234-field_4\">Telefonnummer <span class=\"wpforms-required-label\" aria-hidden=\"true\">*<\/span><\/label><input type=\"number\" id=\"wpforms-5234-field_4\" class=\"wpforms-field-large wpforms-field-required\" name=\"wpforms[fields][4]\" step=\"any\" aria-errormessage=\"wpforms-5234-field_4-error\" required><\/div><div id=\"wpforms-5234-field_3-container\" class=\"wpforms-field wpforms-field-textarea\" data-field-id=\"3\"><label class=\"wpforms-field-label\" for=\"wpforms-5234-field_3\">Nachricht oder Kommentar<\/label><textarea id=\"wpforms-5234-field_3\" class=\"wpforms-field-large\" name=\"wpforms[fields][3]\" aria-errormessage=\"wpforms-5234-field_3-error\" ><\/textarea><\/div><script>\n\t\t\t\t( function() {\n\t\t\t\t\tconst style = document.createElement( 'style' );\n\t\t\t\t\tstyle.appendChild( document.createTextNode( '#wpforms-5234-field_5-container { position: absolute !important; overflow: hidden !important; display: inline !important; height: 1px !important; width: 1px !important; z-index: -1000 !important; padding: 0 !important; } #wpforms-5234-field_5-container input { visibility: hidden; } #wpforms-conversational-form-page #wpforms-5234-field_5-container label { counter-increment: none; }' ) );\n\t\t\t\t\tdocument.head.appendChild( style );\n\t\t\t\t\tdocument.currentScript?.remove();\n\t\t\t\t} )();\n\t\t\t<\/script><\/div><!-- .wpforms-field-container --><div class=\"wpforms-submit-container\" ><input type=\"hidden\" name=\"wpforms[id]\" value=\"5234\"><input type=\"hidden\" name=\"page_title\" value=\"\"><input type=\"hidden\" name=\"page_url\" value=\"https:\/\/immersafe.de\/shop\/wp-json\/wp\/v2\/product\/5166\"><input type=\"hidden\" name=\"url_referer\" value=\"\"><button type=\"submit\" name=\"wpforms[submit]\" id=\"wpforms-submit-5234\" class=\"wpforms-submit\" data-alt-text=\"Senden...\" data-submit-text=\"Anfrage senden\" aria-live=\"assertive\" value=\"wpforms-submit\">Anfrage senden<\/button><img decoding=\"async\" src=\"https:\/\/immersafe.de\/shop\/wp-content\/plugins\/wpforms-lite\/assets\/images\/submit-spin.svg\" class=\"wpforms-submit-spinner\" style=\"display: none;\" width=\"26\" height=\"26\" alt=\"Wird geladen\"><\/div><\/form><\/div>  <!-- .wpforms-container -->\n<p><strong>Zebra Thermoetiketten \u2013 abl\u00f6sbar, wei\u00df<\/strong><br data-start=\"1360\" data-end=\"1363\" \/>Abl\u00f6sbare Etiketten f\u00fcr glatte, nicht saugf\u00e4hige Oberfl\u00e4chen. Kein Farbband notwendig \u2013 ideal f\u00fcr Preisschilder, Verpackungen &amp; Kommissionierung. Kompatibel mit Zebra-Druckern.<\/p>\n","protected":false},"featured_media":5226,"template":"","meta":{"_acf_changed":false},"product_brand":[],"product_cat":[262,263,264],"product_tag":[],"class_list":{"0":"post-5166","1":"product","2":"type-product","3":"status-publish","4":"has-post-thumbnail","6":"product_cat-etiketten","7":"product_cat-papieretiketten","8":"product_cat-thermotransferetiketten","10":"first","11":"onbackorder","12":"taxable","13":"shipping-taxable","14":"product-type-simple"},"acf":[],"tiered_pricing_type":"fixed","tiered_pricing_fixed_rules":[],"tiered_pricing_product_settings":{"layout":"default","base_unit_name":{"singular":null,"plural":null},"default_variation":null},"tiered_pricing_minimum_quantity":null,"tiered_pricing_roles_data":[],"tiered_pricing_percentage_rules":[],"_links":{"self":[{"href":"https:\/\/immersafe.de\/shop\/wp-json\/wp\/v2\/product\/5166","targetHints":{"allow":["GET"]}}],"collection":[{"href":"https:\/\/immersafe.de\/shop\/wp-json\/wp\/v2\/product"}],"about":[{"href":"https:\/\/immersafe.de\/shop\/wp-json\/wp\/v2\/types\/product"}],"version-history":[{"count":3,"href":"https:\/\/immersafe.de\/shop\/wp-json\/wp\/v2\/product\/5166\/revisions"}],"predecessor-version":[{"id":5249,"href":"https:\/\/immersafe.de\/shop\/wp-json\/wp\/v2\/product\/5166\/revisions\/5249"}],"wp:featuredmedia":[{"embeddable":true,"href":"https:\/\/immersafe.de\/shop\/wp-json\/wp\/v2\/media\/5226"}],"wp:attachment":[{"href":"https:\/\/immersafe.de\/shop\/wp-json\/wp\/v2\/media?parent=5166"}],"wp:term":[{"taxonomy":"product_brand","embeddable":true,"href":"https:\/\/immersafe.de\/shop\/wp-json\/wp\/v2\/product_brand?post=5166"},{"taxonomy":"product_cat","embeddable":true,"href":"https:\/\/immersafe.de\/shop\/wp-json\/wp\/v2\/product_cat?post=5166"},{"taxonomy":"product_tag","embeddable":true,"href":"https:\/\/immersafe.de\/shop\/wp-json\/wp\/v2\/product_tag?post=5166"}],"curies":[{"name":"wp","href":"https:\/\/api.w.org\/{rel}","templated":true}]}}