{"id":5168,"date":"2025-07-11T13:54:48","date_gmt":"2025-07-11T13:54:48","guid":{"rendered":"https:\/\/shop.immersafe.de\/?post_type=product&#038;p=5168"},"modified":"2025-10-14T11:38:23","modified_gmt":"2025-10-14T11:38:23","slug":"fluoreszierende-etikettenrollen-orange","status":"publish","type":"product","link":"https:\/\/immersafe.de\/shop\/fluoreszierende-etikettenrollen-orange\/","title":{"rendered":"Fluoreszierende Etikettenrollen Orange"},"content":{"rendered":"<p><strong>Fluoreszierende Etikettenrollen Fluor (3-Zoll-Kern), Papier in Leuchtorange<\/strong><\/p>\n<p data-start=\"188\" data-end=\"585\">Diese hochwertigen Papieretiketten in fluoreszierendem Leuchtorange (RAL 2005) sorgen f\u00fcr einen starken Signaleffekt und maximale Sichtbarkeit \u2013 ideal f\u00fcr Anwendungen, bei denen Aufmerksamkeit gefragt ist. Der permanente Klebstoff gew\u00e4hrleistet zuverl\u00e4ssigen Halt auf verschiedenen Oberfl\u00e4chen. Dank der praktischen Perforation zwischen den Etiketten lassen sie sich einfach von der Rolle trennen.<\/p>\n<p data-start=\"587\" data-end=\"702\"><strong data-start=\"587\" data-end=\"609\">Anwendungsbereiche<\/strong>: Preisschilder, Informationsetiketten, Warnetiketten, Lager- und Verpackungskennzeichnungen.<\/p>\n<p data-start=\"704\" data-end=\"729\"><strong data-start=\"704\" data-end=\"729\">Produkteigenschaften:<\/strong><\/p>\n<ul>\n<li data-start=\"732\" data-end=\"782\"><strong data-start=\"732\" data-end=\"741\">Farbe<\/strong>: Leuchtorange (RAL 2005), fluoreszierend<\/li>\n<li data-start=\"785\" data-end=\"805\"><strong data-start=\"785\" data-end=\"797\">Material<\/strong>: Papier<\/li>\n<li data-start=\"808\" data-end=\"829\"><strong data-start=\"808\" data-end=\"818\">Kleber<\/strong>: Permanent<\/li>\n<li data-start=\"832\" data-end=\"866\"><strong data-start=\"832\" data-end=\"850\">Druckverfahren<\/strong>: Thermotransfer<\/li>\n<li data-start=\"869\" data-end=\"899\"><strong data-start=\"869\" data-end=\"884\">Aufwicklung<\/strong>: Etikett au\u00dfen<\/li>\n<li data-start=\"902\" data-end=\"942\"><strong data-start=\"902\" data-end=\"923\">Temperaturbereich<\/strong>: -20 \u00b0C bis +80 \u00b0C<\/li>\n<li data-start=\"945\" data-end=\"961\"><strong data-start=\"945\" data-end=\"961\">UV-best\u00e4ndig<\/strong><\/li>\n<li data-start=\"964\" data-end=\"1004\"><strong data-start=\"964\" data-end=\"979\">Perforation<\/strong>: Zwischen jeder Etikette<\/li>\n<li data-start=\"1007\" data-end=\"1067\"><strong data-start=\"1007\" data-end=\"1020\">Industrie<\/strong>: Einzelhandel, Transport, Logistik, universell<\/li>\n<\/ul>\n<p data-start=\"1069\" data-end=\"1097\"><strong data-start=\"1069\" data-end=\"1097\">Ma\u00dfe und Kompatibilit\u00e4t:<\/strong><\/p>\n<ul>\n<li data-start=\"1100\" data-end=\"1124\"><strong data-start=\"1100\" data-end=\"1108\">Kern<\/strong>: 3 Zoll (76 mm)<\/li>\n<li data-start=\"1127\" data-end=\"1169\"><strong data-start=\"1127\" data-end=\"1147\">Etikettenbreiten<\/strong>: 57 mm, 76 mm, 102 mm<\/li>\n<li data-start=\"1172\" data-end=\"1249\"><strong data-start=\"1172\" data-end=\"1190\">Etikettenh\u00f6hen<\/strong>: 25 mm, 32 mm, 38 mm, 51 mm, 76 mm, 102 mm, 127 mm, 152 mm<\/li>\n<li data-start=\"1252\" data-end=\"1289\"><strong data-start=\"1252\" data-end=\"1281\"> Tr\u00e4germaterialbreite<\/strong>: 105 mm<\/li>\n<li data-start=\"1292\" data-end=\"1335\"><strong data-start=\"1292\" data-end=\"1327\"> Au\u00dfendurchmesser der Rolle<\/strong>: 203 mm<\/li>\n<\/ul>\n","protected":false},"excerpt":{"rendered":"<h4>Unsere Berater helfen Ihnen gerne weiter!<\/h4>\n<p>Teilen Sie uns mit, welches Etikettenformat Sie w\u00fcnschen und wie viele Rollen Sie bestellen m\u00f6chten \u2013 unsere Experten erstellen Ihnen das beste Angebot.<\/p>\n<style id=\"wpforms-css-vars-5234\">\n\t\t\t\t#wpforms-5234 {\n\t\t\t\t--wpforms-container-padding: 0px;\n--wpforms-container-border-width: 1px;\n--wpforms-container-border-radius: 3px;\n--wpforms-background-color: rgba(0, 0, 0, 0);\n--wpforms-field-size-input-height: 43px;\n--wpforms-field-size-input-spacing: 15px;\n--wpforms-field-size-font-size: 16px;\n--wpforms-field-size-line-height: 19px;\n--wpforms-field-size-padding-h: 14px;\n--wpforms-field-size-checkbox-size: 16px;\n--wpforms-field-size-sublabel-spacing: 5px;\n--wpforms-field-size-icon-size: 1;\n--wpforms-label-size-font-size: 16px;\n--wpforms-label-size-line-height: 19px;\n--wpforms-label-size-sublabel-font-size: 14px;\n--wpforms-label-size-sublabel-line-height: 17px;\n--wpforms-button-size-font-size: 17px;\n--wpforms-button-size-height: 41px;\n--wpforms-button-size-padding-h: 15px;\n--wpforms-button-size-margin-top: 10px;\n--wpforms-container-shadow-size-box-shadow: none;\n\t\t\t}\n\t\t\t<\/style><div class=\"wpforms-container wpforms-container-full wpforms-render-modern\" id=\"wpforms-5234\"><form id=\"wpforms-form-5234\" class=\"wpforms-validate wpforms-form wpforms-ajax-form\" data-formid=\"5234\" method=\"post\" enctype=\"multipart\/form-data\" action=\"\/shop\/wp-json\/wp\/v2\/product\/5168\" data-token=\"a1eb03263033b1cac878e12687f7482d\" data-token-time=\"1776207581\"><noscript class=\"wpforms-error-noscript\">Bitte aktiviere JavaScript in deinem Browser, um dieses Formular fertigzustellen.<\/noscript><div id=\"wpforms-error-noscript\" style=\"display: none;\">Bitte aktiviere JavaScript in deinem Browser, um dieses Formular fertigzustellen.<\/div><div class=\"wpforms-field-container\"><div id=\"wpforms-5234-field_1-container\" class=\"wpforms-field wpforms-field-name\" data-field-id=\"1\"><label class=\"wpforms-field-label\" for=\"wpforms-5234-field_1\">Name <span class=\"wpforms-required-label\" aria-hidden=\"true\">*<\/span><\/label><input type=\"text\" id=\"wpforms-5234-field_1\" class=\"wpforms-field-large wpforms-field-required\" name=\"wpforms[fields][1]\" aria-errormessage=\"wpforms-5234-field_1-error\" required><\/div>\t\t<div id=\"wpforms-5234-field_5-container\"\n\t\t\tclass=\"wpforms-field wpforms-field-text\"\n\t\t\tdata-field-type=\"text\"\n\t\t\tdata-field-id=\"5\"\n\t\t\t>\n\t\t\t<label class=\"wpforms-field-label\" for=\"wpforms-5234-field_5\" >Kommentar E-Mail-Adresse Telefonnummer<\/label>\n\t\t\t<input type=\"text\" id=\"wpforms-5234-field_5\" class=\"wpforms-field-medium\" name=\"wpforms[fields][5]\" >\n\t\t<\/div>\n\t\t<div id=\"wpforms-5234-field_2-container\" class=\"wpforms-field wpforms-field-email\" data-field-id=\"2\"><label class=\"wpforms-field-label\" for=\"wpforms-5234-field_2\">E-Mail-Adresse <span class=\"wpforms-required-label\" aria-hidden=\"true\">*<\/span><\/label><input type=\"email\" id=\"wpforms-5234-field_2\" class=\"wpforms-field-large wpforms-field-required\" name=\"wpforms[fields][2]\" spellcheck=\"false\" aria-errormessage=\"wpforms-5234-field_2-error\" required><\/div><div id=\"wpforms-5234-field_4-container\" class=\"wpforms-field wpforms-field-number\" data-field-id=\"4\"><label class=\"wpforms-field-label\" for=\"wpforms-5234-field_4\">Telefonnummer <span class=\"wpforms-required-label\" aria-hidden=\"true\">*<\/span><\/label><input type=\"number\" id=\"wpforms-5234-field_4\" class=\"wpforms-field-large wpforms-field-required\" name=\"wpforms[fields][4]\" step=\"any\" aria-errormessage=\"wpforms-5234-field_4-error\" required><\/div><div id=\"wpforms-5234-field_3-container\" class=\"wpforms-field wpforms-field-textarea\" data-field-id=\"3\"><label class=\"wpforms-field-label\" for=\"wpforms-5234-field_3\">Nachricht oder Kommentar<\/label><textarea id=\"wpforms-5234-field_3\" class=\"wpforms-field-large\" name=\"wpforms[fields][3]\" aria-errormessage=\"wpforms-5234-field_3-error\" ><\/textarea><\/div><script>\n\t\t\t\t( function() {\n\t\t\t\t\tconst style = document.createElement( 'style' );\n\t\t\t\t\tstyle.appendChild( document.createTextNode( '#wpforms-5234-field_5-container { position: absolute !important; overflow: hidden !important; display: inline !important; height: 1px !important; width: 1px !important; z-index: -1000 !important; padding: 0 !important; } #wpforms-5234-field_5-container input { visibility: hidden; } #wpforms-conversational-form-page #wpforms-5234-field_5-container label { counter-increment: none; }' ) );\n\t\t\t\t\tdocument.head.appendChild( style );\n\t\t\t\t\tdocument.currentScript?.remove();\n\t\t\t\t} )();\n\t\t\t<\/script><\/div><!-- .wpforms-field-container --><div class=\"wpforms-submit-container\" ><input type=\"hidden\" name=\"wpforms[id]\" value=\"5234\"><input type=\"hidden\" name=\"page_title\" value=\"\"><input type=\"hidden\" name=\"page_url\" value=\"https:\/\/immersafe.de\/shop\/wp-json\/wp\/v2\/product\/5168\"><input type=\"hidden\" name=\"url_referer\" value=\"\"><button type=\"submit\" name=\"wpforms[submit]\" id=\"wpforms-submit-5234\" class=\"wpforms-submit\" data-alt-text=\"Senden...\" data-submit-text=\"Anfrage senden\" aria-live=\"assertive\" value=\"wpforms-submit\">Anfrage senden<\/button><img decoding=\"async\" src=\"https:\/\/immersafe.de\/shop\/wp-content\/plugins\/wpforms-lite\/assets\/images\/submit-spin.svg\" class=\"wpforms-submit-spinner\" style=\"display: none;\" width=\"26\" height=\"26\" alt=\"Wird geladen\"><\/div><\/form><\/div>  <!-- .wpforms-container -->\n<p><strong>Fluoreszierende Etiketten Fluor (3&#8243;) \u2013 Leuchtorange<\/strong><\/p>\n<p data-start=\"1440\" data-end=\"1625\">Signaletiketten aus Papier mit permanentem Kleber. Ideal f\u00fcr Preis-, Lager- und Warnkennzeichnungen. F\u00fcr Thermotransferdruck geeignet. UV-best\u00e4ndig, perforiert, Etikett au\u00dfen gewickelt.<\/p>\n","protected":false},"featured_media":5397,"template":"","meta":{"_acf_changed":false},"product_brand":[],"product_cat":[262,263],"product_tag":[],"class_list":{"0":"post-5168","1":"product","2":"type-product","3":"status-publish","4":"has-post-thumbnail","6":"product_cat-etiketten","7":"product_cat-papieretiketten","9":"first","10":"onbackorder","11":"taxable","12":"shipping-taxable","13":"product-type-simple"},"acf":[],"tiered_pricing_type":"fixed","tiered_pricing_fixed_rules":[],"tiered_pricing_product_settings":{"layout":"default","base_unit_name":{"singular":null,"plural":null},"default_variation":null},"tiered_pricing_minimum_quantity":null,"tiered_pricing_roles_data":[],"tiered_pricing_percentage_rules":[],"_links":{"self":[{"href":"https:\/\/immersafe.de\/shop\/wp-json\/wp\/v2\/product\/5168","targetHints":{"allow":["GET"]}}],"collection":[{"href":"https:\/\/immersafe.de\/shop\/wp-json\/wp\/v2\/product"}],"about":[{"href":"https:\/\/immersafe.de\/shop\/wp-json\/wp\/v2\/types\/product"}],"version-history":[{"count":3,"href":"https:\/\/immersafe.de\/shop\/wp-json\/wp\/v2\/product\/5168\/revisions"}],"predecessor-version":[{"id":5243,"href":"https:\/\/immersafe.de\/shop\/wp-json\/wp\/v2\/product\/5168\/revisions\/5243"}],"wp:featuredmedia":[{"embeddable":true,"href":"https:\/\/immersafe.de\/shop\/wp-json\/wp\/v2\/media\/5397"}],"wp:attachment":[{"href":"https:\/\/immersafe.de\/shop\/wp-json\/wp\/v2\/media?parent=5168"}],"wp:term":[{"taxonomy":"product_brand","embeddable":true,"href":"https:\/\/immersafe.de\/shop\/wp-json\/wp\/v2\/product_brand?post=5168"},{"taxonomy":"product_cat","embeddable":true,"href":"https:\/\/immersafe.de\/shop\/wp-json\/wp\/v2\/product_cat?post=5168"},{"taxonomy":"product_tag","embeddable":true,"href":"https:\/\/immersafe.de\/shop\/wp-json\/wp\/v2\/product_tag?post=5168"}],"curies":[{"name":"wp","href":"https:\/\/api.w.org\/{rel}","templated":true}]}}