{"id":5172,"date":"2025-07-11T14:03:37","date_gmt":"2025-07-11T14:03:37","guid":{"rendered":"https:\/\/shop.immersafe.de\/?post_type=product&#038;p=5172"},"modified":"2025-10-14T11:38:13","modified_gmt":"2025-10-14T11:38:13","slug":"fluoreszierende-etikettenrollen-gelb","status":"publish","type":"product","link":"https:\/\/immersafe.de\/shop\/fluoreszierende-etikettenrollen-gelb\/","title":{"rendered":"Fluoreszierende Etikettenrollen Gelb"},"content":{"rendered":"<p><strong>Fluoreszierende Etikettenrollen (3-Zoll-Kern), hellgelbes Papier \u2013 RAL 1026<\/strong><\/p>\n<p>Diese Signaletiketten bestehen aus hochwertigem, fluoreszierendem Papier und sind ideal f\u00fcr Anwendungen, bei denen Aufmerksamkeit erregt werden soll. Dank ihrer leuchtenden Farbe sind sie besonders geeignet als Preisetiketten, Warnhinweise, Barriereetiketten oder Informationsetiketten.<\/p>\n<p data-start=\"488\" data-end=\"513\"><strong data-start=\"488\" data-end=\"513\">Produkteigenschaften:<\/strong><\/p>\n<ul>\n<li data-start=\"516\" data-end=\"565\"><strong data-start=\"516\" data-end=\"526\">Farbe:<\/strong> Hellgelb (fluoreszierend) \u2013 RAL 1026<\/li>\n<li data-start=\"568\" data-end=\"604\"><strong data-start=\"568\" data-end=\"581\">Material:<\/strong> Papier, UV-best\u00e4ndig<\/li>\n<li data-start=\"607\" data-end=\"633\"><strong data-start=\"607\" data-end=\"621\">Klebstoff:<\/strong> Permanent<\/li>\n<li data-start=\"636\" data-end=\"688\"><strong data-start=\"636\" data-end=\"652\">Perforation:<\/strong> Zwischen jeder Etikette abrei\u00dfbar<\/li>\n<li data-start=\"691\" data-end=\"734\"><strong data-start=\"691\" data-end=\"712\">Drucktechnologie:<\/strong> Thermotransferdruck<\/li>\n<li data-start=\"737\" data-end=\"774\"><strong data-start=\"737\" data-end=\"757\">Kerndurchmesser:<\/strong> 3 Zoll (76 mm)<\/li>\n<li data-start=\"777\" data-end=\"822\"><strong data-start=\"777\" data-end=\"813\"> Au\u00dfendurchmesser der Rolle:<\/strong> 200 mm<\/li>\n<li data-start=\"825\" data-end=\"866\"><strong data-start=\"825\" data-end=\"850\">Etikettenausrichtung:<\/strong> Au\u00dfenwicklung<\/li>\n<li data-start=\"869\" data-end=\"911\"><strong data-start=\"869\" data-end=\"891\">Temperaturbereich:<\/strong> -20\u00b0C bis +80\u00b0C<\/li>\n<li data-start=\"914\" data-end=\"953\"><strong data-start=\"914\" data-end=\"944\"> Tr\u00e4germaterialbreite:<\/strong> 107 mm<\/li>\n<\/ul>\n<p data-start=\"955\" data-end=\"1108\"><strong data-start=\"955\" data-end=\"1002\">Verf\u00fcgbare Etikettengr\u00f6\u00dfen (Breite x H\u00f6he):<\/strong><br data-start=\"1002\" data-end=\"1005\" \/>57 x 25 mm, 57 x 32 mm, 76 x 38 mm, 76 x 51 mm, 102 x 76 mm, 102 x 102 mm, 102 x 127 mm, 102 x 152 mm<\/p>\n<p data-start=\"1110\" data-end=\"1317\"><strong data-start=\"1110\" data-end=\"1130\">Einsatzbereiche:<\/strong><br data-start=\"1130\" data-end=\"1133\" \/>Einsetzbar im Einzelhandel, Logistik, Lagerhaltung, Transportwesen und vielen weiteren Branchen. Perfekt f\u00fcr Lageretiketten, Verpackungskennzeichnung oder als auff\u00e4llige Preisschilder.<\/p>\n","protected":false},"excerpt":{"rendered":"<h4>Unsere Berater helfen Ihnen gerne weiter!<\/h4>\n<p>Teilen Sie uns mit, welches Etikettenformat Sie w\u00fcnschen und wie viele Rollen Sie bestellen m\u00f6chten \u2013 unsere Experten erstellen Ihnen das beste Angebot.<\/p>\n<style id=\"wpforms-css-vars-5234\">\n\t\t\t\t#wpforms-5234 {\n\t\t\t\t--wpforms-container-padding: 0px;\n--wpforms-container-border-width: 1px;\n--wpforms-container-border-radius: 3px;\n--wpforms-background-color: rgba(0, 0, 0, 0);\n--wpforms-field-size-input-height: 43px;\n--wpforms-field-size-input-spacing: 15px;\n--wpforms-field-size-font-size: 16px;\n--wpforms-field-size-line-height: 19px;\n--wpforms-field-size-padding-h: 14px;\n--wpforms-field-size-checkbox-size: 16px;\n--wpforms-field-size-sublabel-spacing: 5px;\n--wpforms-field-size-icon-size: 1;\n--wpforms-label-size-font-size: 16px;\n--wpforms-label-size-line-height: 19px;\n--wpforms-label-size-sublabel-font-size: 14px;\n--wpforms-label-size-sublabel-line-height: 17px;\n--wpforms-button-size-font-size: 17px;\n--wpforms-button-size-height: 41px;\n--wpforms-button-size-padding-h: 15px;\n--wpforms-button-size-margin-top: 10px;\n--wpforms-container-shadow-size-box-shadow: none;\n\t\t\t}\n\t\t\t<\/style><div class=\"wpforms-container wpforms-container-full wpforms-render-modern\" id=\"wpforms-5234\"><form id=\"wpforms-form-5234\" class=\"wpforms-validate wpforms-form wpforms-ajax-form\" data-formid=\"5234\" method=\"post\" enctype=\"multipart\/form-data\" action=\"\/shop\/wp-json\/wp\/v2\/product\/5172\" data-token=\"61e22fa2479aa393294d96e817886901\" data-token-time=\"1776214351\"><noscript class=\"wpforms-error-noscript\">Bitte aktiviere JavaScript in deinem Browser, um dieses Formular fertigzustellen.<\/noscript><div id=\"wpforms-error-noscript\" style=\"display: none;\">Bitte aktiviere JavaScript in deinem Browser, um dieses Formular fertigzustellen.<\/div><div class=\"wpforms-field-container\">\t\t<div id=\"wpforms-5234-field_5-container\"\n\t\t\tclass=\"wpforms-field wpforms-field-text\"\n\t\t\tdata-field-type=\"text\"\n\t\t\tdata-field-id=\"5\"\n\t\t\t>\n\t\t\t<label class=\"wpforms-field-label\" for=\"wpforms-5234-field_5\" >Name oder E-Mail-Adresse<\/label>\n\t\t\t<input type=\"text\" id=\"wpforms-5234-field_5\" class=\"wpforms-field-medium\" name=\"wpforms[fields][5]\" >\n\t\t<\/div>\n\t\t<div id=\"wpforms-5234-field_1-container\" class=\"wpforms-field wpforms-field-name\" data-field-id=\"1\"><label class=\"wpforms-field-label\" for=\"wpforms-5234-field_1\">Name <span class=\"wpforms-required-label\" aria-hidden=\"true\">*<\/span><\/label><input type=\"text\" id=\"wpforms-5234-field_1\" class=\"wpforms-field-large wpforms-field-required\" name=\"wpforms[fields][1]\" aria-errormessage=\"wpforms-5234-field_1-error\" required><\/div><div id=\"wpforms-5234-field_2-container\" class=\"wpforms-field wpforms-field-email\" data-field-id=\"2\"><label class=\"wpforms-field-label\" for=\"wpforms-5234-field_2\">E-Mail-Adresse <span class=\"wpforms-required-label\" aria-hidden=\"true\">*<\/span><\/label><input type=\"email\" id=\"wpforms-5234-field_2\" class=\"wpforms-field-large wpforms-field-required\" name=\"wpforms[fields][2]\" spellcheck=\"false\" aria-errormessage=\"wpforms-5234-field_2-error\" required><\/div><div id=\"wpforms-5234-field_4-container\" class=\"wpforms-field wpforms-field-number\" data-field-id=\"4\"><label class=\"wpforms-field-label\" for=\"wpforms-5234-field_4\">Telefonnummer <span class=\"wpforms-required-label\" aria-hidden=\"true\">*<\/span><\/label><input type=\"number\" id=\"wpforms-5234-field_4\" class=\"wpforms-field-large wpforms-field-required\" name=\"wpforms[fields][4]\" step=\"any\" aria-errormessage=\"wpforms-5234-field_4-error\" required><\/div><div id=\"wpforms-5234-field_3-container\" class=\"wpforms-field wpforms-field-textarea\" data-field-id=\"3\"><label class=\"wpforms-field-label\" for=\"wpforms-5234-field_3\">Nachricht oder Kommentar<\/label><textarea id=\"wpforms-5234-field_3\" class=\"wpforms-field-large\" name=\"wpforms[fields][3]\" aria-errormessage=\"wpforms-5234-field_3-error\" ><\/textarea><\/div><script>\n\t\t\t\t( function() {\n\t\t\t\t\tconst style = document.createElement( 'style' );\n\t\t\t\t\tstyle.appendChild( document.createTextNode( '#wpforms-5234-field_5-container { position: absolute !important; overflow: hidden !important; display: inline !important; height: 1px !important; width: 1px !important; z-index: -1000 !important; padding: 0 !important; } #wpforms-5234-field_5-container input { visibility: hidden; } #wpforms-conversational-form-page #wpforms-5234-field_5-container label { counter-increment: none; }' ) );\n\t\t\t\t\tdocument.head.appendChild( style );\n\t\t\t\t\tdocument.currentScript?.remove();\n\t\t\t\t} )();\n\t\t\t<\/script><\/div><!-- .wpforms-field-container --><div class=\"wpforms-submit-container\" ><input type=\"hidden\" name=\"wpforms[id]\" value=\"5234\"><input type=\"hidden\" name=\"page_title\" value=\"\"><input type=\"hidden\" name=\"page_url\" value=\"https:\/\/immersafe.de\/shop\/wp-json\/wp\/v2\/product\/5172\"><input type=\"hidden\" name=\"url_referer\" value=\"\"><button type=\"submit\" name=\"wpforms[submit]\" id=\"wpforms-submit-5234\" class=\"wpforms-submit\" data-alt-text=\"Senden...\" data-submit-text=\"Anfrage senden\" aria-live=\"assertive\" value=\"wpforms-submit\">Anfrage senden<\/button><img decoding=\"async\" src=\"https:\/\/immersafe.de\/shop\/wp-content\/plugins\/wpforms-lite\/assets\/images\/submit-spin.svg\" class=\"wpforms-submit-spinner\" style=\"display: none;\" width=\"26\" height=\"26\" alt=\"Wird geladen\"><\/div><\/form><\/div>  <!-- .wpforms-container -->\n<p>Fluoreszierende Papieretikettenrollen (RAL 1026) mit permanentem Kleber, geeignet f\u00fcr Thermotransferdruck. Ideal f\u00fcr Preis- und Warnetiketten, mit 3-Zoll-Kern und Au\u00dfenwicklung. UV-best\u00e4ndig, abrei\u00dfbar, temperaturbest\u00e4ndig von -20\u00b0C bis +80\u00b0C.<\/p>\n","protected":false},"featured_media":5209,"template":"","meta":{"_acf_changed":false},"product_brand":[],"product_cat":[262,263],"product_tag":[],"class_list":{"0":"post-5172","1":"product","2":"type-product","3":"status-publish","4":"has-post-thumbnail","6":"product_cat-etiketten","7":"product_cat-papieretiketten","9":"first","10":"onbackorder","11":"taxable","12":"shipping-taxable","13":"product-type-simple"},"acf":[],"tiered_pricing_type":"fixed","tiered_pricing_fixed_rules":[],"tiered_pricing_product_settings":{"layout":"default","base_unit_name":{"singular":null,"plural":null},"default_variation":null},"tiered_pricing_minimum_quantity":null,"tiered_pricing_roles_data":[],"tiered_pricing_percentage_rules":[],"_links":{"self":[{"href":"https:\/\/immersafe.de\/shop\/wp-json\/wp\/v2\/product\/5172","targetHints":{"allow":["GET"]}}],"collection":[{"href":"https:\/\/immersafe.de\/shop\/wp-json\/wp\/v2\/product"}],"about":[{"href":"https:\/\/immersafe.de\/shop\/wp-json\/wp\/v2\/types\/product"}],"version-history":[{"count":4,"href":"https:\/\/immersafe.de\/shop\/wp-json\/wp\/v2\/product\/5172\/revisions"}],"predecessor-version":[{"id":5242,"href":"https:\/\/immersafe.de\/shop\/wp-json\/wp\/v2\/product\/5172\/revisions\/5242"}],"wp:featuredmedia":[{"embeddable":true,"href":"https:\/\/immersafe.de\/shop\/wp-json\/wp\/v2\/media\/5209"}],"wp:attachment":[{"href":"https:\/\/immersafe.de\/shop\/wp-json\/wp\/v2\/media?parent=5172"}],"wp:term":[{"taxonomy":"product_brand","embeddable":true,"href":"https:\/\/immersafe.de\/shop\/wp-json\/wp\/v2\/product_brand?post=5172"},{"taxonomy":"product_cat","embeddable":true,"href":"https:\/\/immersafe.de\/shop\/wp-json\/wp\/v2\/product_cat?post=5172"},{"taxonomy":"product_tag","embeddable":true,"href":"https:\/\/immersafe.de\/shop\/wp-json\/wp\/v2\/product_tag?post=5172"}],"curies":[{"name":"wp","href":"https:\/\/api.w.org\/{rel}","templated":true}]}}