{"id":5185,"date":"2025-07-14T11:17:00","date_gmt":"2025-07-14T11:17:00","guid":{"rendered":"https:\/\/shop.immersafe.de\/?post_type=product&#038;p=5185"},"modified":"2025-10-14T11:41:16","modified_gmt":"2025-10-14T11:41:16","slug":"zebra-z-select-2000t-rfid-etiketten","status":"publish","type":"product","link":"https:\/\/immersafe.de\/shop\/zebra-z-select-2000t-rfid-etiketten\/","title":{"rendered":"Zebra Z-Select 2000T RFID Etiketten"},"content":{"rendered":"<p><strong>Zebra Z-Select 2000T RFID Etiketten \u2013 Papieretiketten mit starkem Acrylklebstoff. <\/strong><strong>Hochwertiges Papieretikett mit dauerhaftem, universellem Acrylkleber.<\/strong><br \/>\nDieses Etikett besteht aus mattem, wei\u00dfem Papier und ist mit einem langlebigen, universellen Acrylkleber ausgestattet. Es eignet sich ideal f\u00fcr den Druck von Texten und Barcodes mit hoher Druckqualit\u00e4t und Geschwindigkeit. Dank seiner zuverl\u00e4ssigen Haftung und vielseitigen Einsatzm\u00f6glichkeiten ist es die perfekte Wahl f\u00fcr den professionellen Einsatz in verschiedenen Branchen.<\/p>\n<p><strong>Anwendungsbereiche (Innenbereich):<\/strong><br \/>\n\u00d6ffentliche Verwaltung, Gesundheitswesen, Einzelhandel<\/p>\n<p><strong>Eigenschaften:<\/strong><\/p>\n<ul>\n<li>Farbe: Mattwei\u00df<\/li>\n<li>Ohne BPA<\/li>\n<li>Klebstoff: Permanent (Acryl)<\/li>\n<li>Maximaler Rollendurchmesser: 200 mm<\/li>\n<li>Kerndurchmesser: 3&#8243; (76 mm)<\/li>\n<li>Wickelrichtung: Etikett au\u00dfen<\/li>\n<li>Temperaturbereich: -20 \u00b0C bis +80 \u00b0C<\/li>\n<li>Lagerung: 20 \u2013 25 \u00b0C<\/li>\n<\/ul>\n<p><strong>Einsatzbereiche:<\/strong><br \/>\nEinzelhandel, Gesundheitswesen, Medizintechnik, Transport &amp; Logistik, universelle Anwendungen<\/p>\n<p><strong>Material:<\/strong><br \/>\nPapier<\/p>\n<p><strong>Besondere Merkmale:<\/strong><\/p>\n<ul>\n<li>BPA-frei<\/li>\n<li>Feuchtigkeitsbest\u00e4ndig<\/li>\n<li>Geeignet f\u00fcr Tiefk\u00fchlung \/ niedrige Temperaturen (unter -20 \u00b0C)<\/li>\n<li>Latexfrei<\/li>\n<li>UV-best\u00e4ndig<\/li>\n<\/ul>\n<p><strong>Typische Anwendungen:<\/strong><br \/>\nLagerkennzeichnung, Lebensmitteletiketten, Preisschilder, Produktauszeichnung, RFID-Etiketten, Verpackungsetiketten<\/p>\n","protected":false},"excerpt":{"rendered":"<h4>Unsere Berater helfen Ihnen gerne weiter!<\/h4>\n<p>Teilen Sie uns mit, welches Etikettenformat Sie w\u00fcnschen und wie viele Rollen Sie bestellen m\u00f6chten \u2013 unsere Experten erstellen Ihnen das beste Angebot.<\/p>\n<style id=\"wpforms-css-vars-5234\">\n\t\t\t\t#wpforms-5234 {\n\t\t\t\t--wpforms-container-padding: 0px;\n--wpforms-container-border-width: 1px;\n--wpforms-container-border-radius: 3px;\n--wpforms-background-color: rgba(0, 0, 0, 0);\n--wpforms-field-size-input-height: 43px;\n--wpforms-field-size-input-spacing: 15px;\n--wpforms-field-size-font-size: 16px;\n--wpforms-field-size-line-height: 19px;\n--wpforms-field-size-padding-h: 14px;\n--wpforms-field-size-checkbox-size: 16px;\n--wpforms-field-size-sublabel-spacing: 5px;\n--wpforms-field-size-icon-size: 1;\n--wpforms-label-size-font-size: 16px;\n--wpforms-label-size-line-height: 19px;\n--wpforms-label-size-sublabel-font-size: 14px;\n--wpforms-label-size-sublabel-line-height: 17px;\n--wpforms-button-size-font-size: 17px;\n--wpforms-button-size-height: 41px;\n--wpforms-button-size-padding-h: 15px;\n--wpforms-button-size-margin-top: 10px;\n--wpforms-container-shadow-size-box-shadow: none;\n\t\t\t}\n\t\t\t<\/style><div class=\"wpforms-container wpforms-container-full wpforms-render-modern\" id=\"wpforms-5234\"><form id=\"wpforms-form-5234\" class=\"wpforms-validate wpforms-form wpforms-ajax-form\" data-formid=\"5234\" method=\"post\" enctype=\"multipart\/form-data\" action=\"\/shop\/wp-json\/wp\/v2\/product\/5185\" data-token=\"61e22fa2479aa393294d96e817886901\" data-token-time=\"1776213953\"><noscript class=\"wpforms-error-noscript\">Bitte aktiviere JavaScript in deinem Browser, um dieses Formular fertigzustellen.<\/noscript><div id=\"wpforms-error-noscript\" style=\"display: none;\">Bitte aktiviere JavaScript in deinem Browser, um dieses Formular fertigzustellen.<\/div><div class=\"wpforms-field-container\"><div id=\"wpforms-5234-field_1-container\" class=\"wpforms-field wpforms-field-name\" data-field-id=\"1\"><label class=\"wpforms-field-label\" for=\"wpforms-5234-field_1\">Name <span class=\"wpforms-required-label\" aria-hidden=\"true\">*<\/span><\/label><input type=\"text\" id=\"wpforms-5234-field_1\" class=\"wpforms-field-large wpforms-field-required\" name=\"wpforms[fields][1]\" aria-errormessage=\"wpforms-5234-field_1-error\" required><\/div><div id=\"wpforms-5234-field_2-container\" class=\"wpforms-field wpforms-field-email\" data-field-id=\"2\"><label class=\"wpforms-field-label\" for=\"wpforms-5234-field_2\">E-Mail-Adresse <span class=\"wpforms-required-label\" aria-hidden=\"true\">*<\/span><\/label><input type=\"email\" id=\"wpforms-5234-field_2\" class=\"wpforms-field-large wpforms-field-required\" name=\"wpforms[fields][2]\" spellcheck=\"false\" aria-errormessage=\"wpforms-5234-field_2-error\" required><\/div>\t\t<div id=\"wpforms-5234-field_5-container\"\n\t\t\tclass=\"wpforms-field wpforms-field-text\"\n\t\t\tdata-field-type=\"text\"\n\t\t\tdata-field-id=\"5\"\n\t\t\t>\n\t\t\t<label class=\"wpforms-field-label\" for=\"wpforms-5234-field_5\" >Telefonnummer Nachricht E-Mail-Adresse<\/label>\n\t\t\t<input type=\"text\" id=\"wpforms-5234-field_5\" class=\"wpforms-field-medium\" name=\"wpforms[fields][5]\" >\n\t\t<\/div>\n\t\t<div id=\"wpforms-5234-field_4-container\" class=\"wpforms-field wpforms-field-number\" data-field-id=\"4\"><label class=\"wpforms-field-label\" for=\"wpforms-5234-field_4\">Telefonnummer <span class=\"wpforms-required-label\" aria-hidden=\"true\">*<\/span><\/label><input type=\"number\" id=\"wpforms-5234-field_4\" class=\"wpforms-field-large wpforms-field-required\" name=\"wpforms[fields][4]\" step=\"any\" aria-errormessage=\"wpforms-5234-field_4-error\" required><\/div><div id=\"wpforms-5234-field_3-container\" class=\"wpforms-field wpforms-field-textarea\" data-field-id=\"3\"><label class=\"wpforms-field-label\" for=\"wpforms-5234-field_3\">Nachricht oder Kommentar<\/label><textarea id=\"wpforms-5234-field_3\" class=\"wpforms-field-large\" name=\"wpforms[fields][3]\" aria-errormessage=\"wpforms-5234-field_3-error\" ><\/textarea><\/div><script>\n\t\t\t\t( function() {\n\t\t\t\t\tconst style = document.createElement( 'style' );\n\t\t\t\t\tstyle.appendChild( document.createTextNode( '#wpforms-5234-field_5-container { position: absolute !important; overflow: hidden !important; display: inline !important; height: 1px !important; width: 1px !important; z-index: -1000 !important; padding: 0 !important; } #wpforms-5234-field_5-container input { visibility: hidden; } #wpforms-conversational-form-page #wpforms-5234-field_5-container label { counter-increment: none; }' ) );\n\t\t\t\t\tdocument.head.appendChild( style );\n\t\t\t\t\tdocument.currentScript?.remove();\n\t\t\t\t} )();\n\t\t\t<\/script><\/div><!-- .wpforms-field-container --><div class=\"wpforms-submit-container\" ><input type=\"hidden\" name=\"wpforms[id]\" value=\"5234\"><input type=\"hidden\" name=\"page_title\" value=\"\"><input type=\"hidden\" name=\"page_url\" value=\"https:\/\/immersafe.de\/shop\/wp-json\/wp\/v2\/product\/5185\"><input type=\"hidden\" name=\"url_referer\" value=\"\"><button type=\"submit\" name=\"wpforms[submit]\" id=\"wpforms-submit-5234\" class=\"wpforms-submit\" data-alt-text=\"Senden...\" data-submit-text=\"Anfrage senden\" aria-live=\"assertive\" value=\"wpforms-submit\">Anfrage senden<\/button><img decoding=\"async\" src=\"https:\/\/immersafe.de\/shop\/wp-content\/plugins\/wpforms-lite\/assets\/images\/submit-spin.svg\" class=\"wpforms-submit-spinner\" style=\"display: none;\" width=\"26\" height=\"26\" alt=\"Wird geladen\"><\/div><\/form><\/div>  <!-- .wpforms-container -->\n<p>Hochwertiges mattwei\u00dfes Papieretikett mit permanentem Acrylkleber. Ideal f\u00fcr Barcode- und Textdruck mit hoher Druckgeschwindigkeit. Best\u00e4ndig gegen Feuchtigkeit, UV-Strahlung und K\u00e4lte. BPA- und latexfrei. Vielseitig einsetzbar in Handel, Logistik und Gesundheitswesen.<\/p>\n","protected":false},"featured_media":5232,"template":"","meta":{"_acf_changed":false},"product_brand":[],"product_cat":[262,263,266],"product_tag":[],"class_list":{"0":"post-5185","1":"product","2":"type-product","3":"status-publish","4":"has-post-thumbnail","6":"product_cat-etiketten","7":"product_cat-papieretiketten","8":"product_cat-rfid-etiketten","10":"first","11":"onbackorder","12":"taxable","13":"shipping-taxable","14":"product-type-simple"},"acf":[],"tiered_pricing_type":"fixed","tiered_pricing_fixed_rules":[],"tiered_pricing_product_settings":{"layout":"default","base_unit_name":{"singular":null,"plural":null},"default_variation":null},"tiered_pricing_minimum_quantity":null,"tiered_pricing_roles_data":[],"tiered_pricing_percentage_rules":[],"_links":{"self":[{"href":"https:\/\/immersafe.de\/shop\/wp-json\/wp\/v2\/product\/5185","targetHints":{"allow":["GET"]}}],"collection":[{"href":"https:\/\/immersafe.de\/shop\/wp-json\/wp\/v2\/product"}],"about":[{"href":"https:\/\/immersafe.de\/shop\/wp-json\/wp\/v2\/types\/product"}],"version-history":[{"count":3,"href":"https:\/\/immersafe.de\/shop\/wp-json\/wp\/v2\/product\/5185\/revisions"}],"predecessor-version":[{"id":5256,"href":"https:\/\/immersafe.de\/shop\/wp-json\/wp\/v2\/product\/5185\/revisions\/5256"}],"wp:featuredmedia":[{"embeddable":true,"href":"https:\/\/immersafe.de\/shop\/wp-json\/wp\/v2\/media\/5232"}],"wp:attachment":[{"href":"https:\/\/immersafe.de\/shop\/wp-json\/wp\/v2\/media?parent=5185"}],"wp:term":[{"taxonomy":"product_brand","embeddable":true,"href":"https:\/\/immersafe.de\/shop\/wp-json\/wp\/v2\/product_brand?post=5185"},{"taxonomy":"product_cat","embeddable":true,"href":"https:\/\/immersafe.de\/shop\/wp-json\/wp\/v2\/product_cat?post=5185"},{"taxonomy":"product_tag","embeddable":true,"href":"https:\/\/immersafe.de\/shop\/wp-json\/wp\/v2\/product_tag?post=5185"}],"curies":[{"name":"wp","href":"https:\/\/api.w.org\/{rel}","templated":true}]}}