{"id":5190,"date":"2025-07-14T12:13:51","date_gmt":"2025-07-14T12:13:51","guid":{"rendered":"https:\/\/shop.immersafe.de\/?post_type=product&#038;p=5190"},"modified":"2025-10-14T11:41:32","modified_gmt":"2025-10-14T11:41:32","slug":"zebra-z-ultimate-3000t-rfid-polyesteretiketten","status":"publish","type":"product","link":"https:\/\/immersafe.de\/shop\/zebra-z-ultimate-3000t-rfid-polyesteretiketten\/","title":{"rendered":"Zebra Z-Ultimate 3000T RFID-Polyesteretiketten"},"content":{"rendered":"<p><strong>RFID-Polyesteretiketten Zebra Z-Ultimate 3000T \u2013 Hochleistungs-Etiketten f\u00fcr extreme Anforderungen<\/strong><\/p>\n<p>Die Zebra Z-Ultimate 3000T Etiketten bestehen aus widerstandsf\u00e4higem, gl\u00e4nzend wei\u00dfem Polyester und sind ideal f\u00fcr den Innen- und Au\u00dfeneinsatz geeignet. Dank ihres starken, dauerhaften Klebstoffs (latexfrei) haften sie zuverl\u00e4ssig auf verschiedensten Oberfl\u00e4chen \u2013 selbst unter anspruchsvollen Bedingungen.<\/p>\n<p>Diese Etiketten erm\u00f6glichen den hochwertigen Thermotransferdruck von Texten und Barcodes in Kombination mit Zebra-Farbb\u00e4ndern. Sie sind best\u00e4ndig gegen Wasser, Kratzer, Chemikalien, UV-Strahlung sowie extreme Temperaturen und eignen sich hervorragend f\u00fcr industrielle Anwendungen wie in der Automobil- oder Elektronikbranche.<\/p>\n<p>Ein schwarzer Labelmark trennt jede Etikette f\u00fcr pr\u00e4zises Drucken.<\/p>\n<p><strong>Eigenschaften:<\/strong><\/p>\n<ul>\n<li><strong>Material:<\/strong> Polyester<\/li>\n<li><strong>Farbe:<\/strong> Wei\u00df gl\u00e4nzend<\/li>\n<li><strong>Klebstoff:<\/strong> Permanent, latexfrei<\/li>\n<li><strong>Best\u00e4ndigkeit:<\/strong> Wasser-, kratz-, UV-, witterungs- &amp; chemikalienbest\u00e4ndig<\/li>\n<li><strong>Temperaturbereich:<\/strong> -20\u00b0C bis +80\u00b0C (Lagerung: 20\u00b0C &#8211; 25\u00b0C)<\/li>\n<li><strong>Rollenau\u00dfendurchmesser:<\/strong> max. 127 mm<\/li>\n<li><strong>Kern:<\/strong> 3 Zoll (76 mm)<\/li>\n<li><strong>Wicklung:<\/strong> Etikett au\u00dfen<\/li>\n<\/ul>\n<p><strong>Anwendungsbereiche:<\/strong><\/p>\n<ul>\n<li>Komponentenkennzeichnung<\/li>\n<li>Produkt- und Typenschilder<\/li>\n<li>Leiterplattenkennzeichnung<\/li>\n<li>Geeignet f\u00fcr extreme Industrieumgebungen (inkl. K\u00e4lte bis -196\u00b0C)<\/li>\n<\/ul>\n<p><strong>Zertifizierungen:<\/strong> UL- und CSA-zugelassen<\/p>\n<p><strong>Einsatzbranchen:<\/strong> Automobilindustrie, Elektronik, Ger\u00e4tebau, Fertigung<\/p>\n","protected":false},"excerpt":{"rendered":"<h4>Unsere Berater helfen Ihnen gerne weiter!<\/h4>\n<p>Teilen Sie uns mit, welches Etikettenformat Sie w\u00fcnschen und wie viele Rollen Sie bestellen m\u00f6chten \u2013 unsere Experten erstellen Ihnen das beste Angebot.<\/p>\n<style id=\"wpforms-css-vars-5234\">\n\t\t\t\t#wpforms-5234 {\n\t\t\t\t--wpforms-container-padding: 0px;\n--wpforms-container-border-width: 1px;\n--wpforms-container-border-radius: 3px;\n--wpforms-background-color: rgba(0, 0, 0, 0);\n--wpforms-field-size-input-height: 43px;\n--wpforms-field-size-input-spacing: 15px;\n--wpforms-field-size-font-size: 16px;\n--wpforms-field-size-line-height: 19px;\n--wpforms-field-size-padding-h: 14px;\n--wpforms-field-size-checkbox-size: 16px;\n--wpforms-field-size-sublabel-spacing: 5px;\n--wpforms-field-size-icon-size: 1;\n--wpforms-label-size-font-size: 16px;\n--wpforms-label-size-line-height: 19px;\n--wpforms-label-size-sublabel-font-size: 14px;\n--wpforms-label-size-sublabel-line-height: 17px;\n--wpforms-button-size-font-size: 17px;\n--wpforms-button-size-height: 41px;\n--wpforms-button-size-padding-h: 15px;\n--wpforms-button-size-margin-top: 10px;\n--wpforms-container-shadow-size-box-shadow: none;\n\t\t\t}\n\t\t\t<\/style><div class=\"wpforms-container wpforms-container-full wpforms-render-modern\" id=\"wpforms-5234\"><form id=\"wpforms-form-5234\" class=\"wpforms-validate wpforms-form wpforms-ajax-form\" data-formid=\"5234\" method=\"post\" enctype=\"multipart\/form-data\" action=\"\/shop\/wp-json\/wp\/v2\/product\/5190\" data-token=\"a1eb03263033b1cac878e12687f7482d\" data-token-time=\"1776207605\"><noscript class=\"wpforms-error-noscript\">Bitte aktiviere JavaScript in deinem Browser, um dieses Formular fertigzustellen.<\/noscript><div id=\"wpforms-error-noscript\" style=\"display: none;\">Bitte aktiviere JavaScript in deinem Browser, um dieses Formular fertigzustellen.<\/div><div class=\"wpforms-field-container\"><div id=\"wpforms-5234-field_1-container\" class=\"wpforms-field wpforms-field-name\" data-field-id=\"1\"><label class=\"wpforms-field-label\" for=\"wpforms-5234-field_1\">Name <span class=\"wpforms-required-label\" aria-hidden=\"true\">*<\/span><\/label><input type=\"text\" id=\"wpforms-5234-field_1\" class=\"wpforms-field-large wpforms-field-required\" name=\"wpforms[fields][1]\" aria-errormessage=\"wpforms-5234-field_1-error\" required><\/div><div id=\"wpforms-5234-field_2-container\" class=\"wpforms-field wpforms-field-email\" data-field-id=\"2\"><label class=\"wpforms-field-label\" for=\"wpforms-5234-field_2\">E-Mail-Adresse <span class=\"wpforms-required-label\" aria-hidden=\"true\">*<\/span><\/label><input type=\"email\" id=\"wpforms-5234-field_2\" class=\"wpforms-field-large wpforms-field-required\" name=\"wpforms[fields][2]\" spellcheck=\"false\" aria-errormessage=\"wpforms-5234-field_2-error\" required><\/div><div id=\"wpforms-5234-field_4-container\" class=\"wpforms-field wpforms-field-number\" data-field-id=\"4\"><label class=\"wpforms-field-label\" for=\"wpforms-5234-field_4\">Telefonnummer <span class=\"wpforms-required-label\" aria-hidden=\"true\">*<\/span><\/label><input type=\"number\" id=\"wpforms-5234-field_4\" class=\"wpforms-field-large wpforms-field-required\" name=\"wpforms[fields][4]\" step=\"any\" aria-errormessage=\"wpforms-5234-field_4-error\" required><\/div>\t\t<div id=\"wpforms-5234-field_5-container\"\n\t\t\tclass=\"wpforms-field wpforms-field-text\"\n\t\t\tdata-field-type=\"text\"\n\t\t\tdata-field-id=\"5\"\n\t\t\t>\n\t\t\t<label class=\"wpforms-field-label\" for=\"wpforms-5234-field_5\" >Name oder Kommentar<\/label>\n\t\t\t<input type=\"text\" id=\"wpforms-5234-field_5\" class=\"wpforms-field-medium\" name=\"wpforms[fields][5]\" >\n\t\t<\/div>\n\t\t<div id=\"wpforms-5234-field_3-container\" class=\"wpforms-field wpforms-field-textarea\" data-field-id=\"3\"><label class=\"wpforms-field-label\" for=\"wpforms-5234-field_3\">Nachricht oder Kommentar<\/label><textarea id=\"wpforms-5234-field_3\" class=\"wpforms-field-large\" name=\"wpforms[fields][3]\" aria-errormessage=\"wpforms-5234-field_3-error\" ><\/textarea><\/div><script>\n\t\t\t\t( function() {\n\t\t\t\t\tconst style = document.createElement( 'style' );\n\t\t\t\t\tstyle.appendChild( document.createTextNode( '#wpforms-5234-field_5-container { position: absolute !important; overflow: hidden !important; display: inline !important; height: 1px !important; width: 1px !important; z-index: -1000 !important; padding: 0 !important; } #wpforms-5234-field_5-container input { visibility: hidden; } #wpforms-conversational-form-page #wpforms-5234-field_5-container label { counter-increment: none; }' ) );\n\t\t\t\t\tdocument.head.appendChild( style );\n\t\t\t\t\tdocument.currentScript?.remove();\n\t\t\t\t} )();\n\t\t\t<\/script><\/div><!-- .wpforms-field-container --><div class=\"wpforms-submit-container\" ><input type=\"hidden\" name=\"wpforms[id]\" value=\"5234\"><input type=\"hidden\" name=\"page_title\" value=\"\"><input type=\"hidden\" name=\"page_url\" value=\"https:\/\/immersafe.de\/shop\/wp-json\/wp\/v2\/product\/5190\"><input type=\"hidden\" name=\"url_referer\" value=\"\"><button type=\"submit\" name=\"wpforms[submit]\" id=\"wpforms-submit-5234\" class=\"wpforms-submit\" data-alt-text=\"Senden...\" data-submit-text=\"Anfrage senden\" aria-live=\"assertive\" value=\"wpforms-submit\">Anfrage senden<\/button><img decoding=\"async\" src=\"https:\/\/immersafe.de\/shop\/wp-content\/plugins\/wpforms-lite\/assets\/images\/submit-spin.svg\" class=\"wpforms-submit-spinner\" style=\"display: none;\" width=\"26\" height=\"26\" alt=\"Wird geladen\"><\/div><\/form><\/div>  <!-- .wpforms-container -->\n<p><strong>RFID-Etiketten Zebra Z-Ultimate 3000T \u2013 robuste Polyesteretiketten<\/strong><\/p>\n<p>Wei\u00dfe, gl\u00e4nzende Polyesteretiketten mit permanentem Kleber f\u00fcr Innen- und Au\u00dfeneinsatz. Ideal f\u00fcr industrielle Anwendungen. Best\u00e4ndig gegen Chemikalien, Wasser, UV, Kratzer und extreme Temperaturen (-20\u00b0C bis +80\u00b0C). Kompatibel mit Zebra-Farbb\u00e4ndern.<\/p>\n","protected":false},"featured_media":5232,"template":"","meta":{"_acf_changed":false},"product_brand":[],"product_cat":[262,265,266],"product_tag":[],"class_list":{"0":"post-5190","1":"product","2":"type-product","3":"status-publish","4":"has-post-thumbnail","6":"product_cat-etiketten","7":"product_cat-kunststoffetiketten","8":"product_cat-rfid-etiketten","10":"first","11":"onbackorder","12":"taxable","13":"shipping-taxable","14":"product-type-simple"},"acf":[],"tiered_pricing_type":"fixed","tiered_pricing_fixed_rules":[],"tiered_pricing_product_settings":{"layout":"default","base_unit_name":{"singular":null,"plural":null},"default_variation":null},"tiered_pricing_minimum_quantity":null,"tiered_pricing_roles_data":[],"tiered_pricing_percentage_rules":[],"_links":{"self":[{"href":"https:\/\/immersafe.de\/shop\/wp-json\/wp\/v2\/product\/5190","targetHints":{"allow":["GET"]}}],"collection":[{"href":"https:\/\/immersafe.de\/shop\/wp-json\/wp\/v2\/product"}],"about":[{"href":"https:\/\/immersafe.de\/shop\/wp-json\/wp\/v2\/types\/product"}],"version-history":[{"count":2,"href":"https:\/\/immersafe.de\/shop\/wp-json\/wp\/v2\/product\/5190\/revisions"}],"predecessor-version":[{"id":5258,"href":"https:\/\/immersafe.de\/shop\/wp-json\/wp\/v2\/product\/5190\/revisions\/5258"}],"wp:featuredmedia":[{"embeddable":true,"href":"https:\/\/immersafe.de\/shop\/wp-json\/wp\/v2\/media\/5232"}],"wp:attachment":[{"href":"https:\/\/immersafe.de\/shop\/wp-json\/wp\/v2\/media?parent=5190"}],"wp:term":[{"taxonomy":"product_brand","embeddable":true,"href":"https:\/\/immersafe.de\/shop\/wp-json\/wp\/v2\/product_brand?post=5190"},{"taxonomy":"product_cat","embeddable":true,"href":"https:\/\/immersafe.de\/shop\/wp-json\/wp\/v2\/product_cat?post=5190"},{"taxonomy":"product_tag","embeddable":true,"href":"https:\/\/immersafe.de\/shop\/wp-json\/wp\/v2\/product_tag?post=5190"}],"curies":[{"name":"wp","href":"https:\/\/api.w.org\/{rel}","templated":true}]}}