{"id":5194,"date":"2025-07-14T12:24:01","date_gmt":"2025-07-14T12:24:01","guid":{"rendered":"https:\/\/shop.immersafe.de\/?post_type=product&#038;p=5194"},"modified":"2026-01-15T11:26:58","modified_gmt":"2026-01-15T11:26:58","slug":"zebra-z-band-direct-rfid-armbaender","status":"publish","type":"product","link":"https:\/\/immersafe.de\/shop\/zebra-z-band-direct-rfid-armbaender\/","title":{"rendered":"Zebra Z-Band Direct RFID-Armb\u00e4nder"},"content":{"rendered":"<style id=\"wpforms-css-vars-5234\">\n\t\t\t\t#wpforms-5234 {\n\t\t\t\t--wpforms-container-padding: 0px;\n--wpforms-container-border-width: 1px;\n--wpforms-container-border-radius: 3px;\n--wpforms-background-color: rgba(0, 0, 0, 0);\n--wpforms-field-size-input-height: 43px;\n--wpforms-field-size-input-spacing: 15px;\n--wpforms-field-size-font-size: 16px;\n--wpforms-field-size-line-height: 19px;\n--wpforms-field-size-padding-h: 14px;\n--wpforms-field-size-checkbox-size: 16px;\n--wpforms-field-size-sublabel-spacing: 5px;\n--wpforms-field-size-icon-size: 1;\n--wpforms-label-size-font-size: 16px;\n--wpforms-label-size-line-height: 19px;\n--wpforms-label-size-sublabel-font-size: 14px;\n--wpforms-label-size-sublabel-line-height: 17px;\n--wpforms-button-size-font-size: 17px;\n--wpforms-button-size-height: 41px;\n--wpforms-button-size-padding-h: 15px;\n--wpforms-button-size-margin-top: 10px;\n--wpforms-container-shadow-size-box-shadow: none;\n\t\t\t}\n\t\t\t<\/style><div class=\"wpforms-container wpforms-container-full wpforms-render-modern\" id=\"wpforms-5234\"><form id=\"wpforms-form-5234\" class=\"wpforms-validate wpforms-form wpforms-ajax-form\" data-formid=\"5234\" method=\"post\" enctype=\"multipart\/form-data\" action=\"\/shop\/wp-json\/wp\/v2\/product\/5194\" data-token=\"a1eb03263033b1cac878e12687f7482d\" data-token-time=\"1776207593\"><noscript class=\"wpforms-error-noscript\">Bitte aktiviere JavaScript in deinem Browser, um dieses Formular fertigzustellen.<\/noscript><div id=\"wpforms-error-noscript\" style=\"display: none;\">Bitte aktiviere JavaScript in deinem Browser, um dieses Formular fertigzustellen.<\/div><div class=\"wpforms-field-container\">\t\t<div id=\"wpforms-5234-field_5-container\"\n\t\t\tclass=\"wpforms-field wpforms-field-text\"\n\t\t\tdata-field-type=\"text\"\n\t\t\tdata-field-id=\"5\"\n\t\t\t>\n\t\t\t<label class=\"wpforms-field-label\" for=\"wpforms-5234-field_5\" >Name oder Kommentar<\/label>\n\t\t\t<input type=\"text\" id=\"wpforms-5234-field_5\" class=\"wpforms-field-medium\" name=\"wpforms[fields][5]\" >\n\t\t<\/div>\n\t\t<div id=\"wpforms-5234-field_1-container\" class=\"wpforms-field wpforms-field-name\" data-field-id=\"1\"><label class=\"wpforms-field-label\" for=\"wpforms-5234-field_1\">Name <span class=\"wpforms-required-label\" aria-hidden=\"true\">*<\/span><\/label><input type=\"text\" id=\"wpforms-5234-field_1\" class=\"wpforms-field-large wpforms-field-required\" name=\"wpforms[fields][1]\" aria-errormessage=\"wpforms-5234-field_1-error\" required><\/div><div id=\"wpforms-5234-field_2-container\" class=\"wpforms-field wpforms-field-email\" data-field-id=\"2\"><label class=\"wpforms-field-label\" for=\"wpforms-5234-field_2\">E-Mail-Adresse <span class=\"wpforms-required-label\" aria-hidden=\"true\">*<\/span><\/label><input type=\"email\" id=\"wpforms-5234-field_2\" class=\"wpforms-field-large wpforms-field-required\" name=\"wpforms[fields][2]\" spellcheck=\"false\" aria-errormessage=\"wpforms-5234-field_2-error\" required><\/div><div id=\"wpforms-5234-field_4-container\" class=\"wpforms-field wpforms-field-number\" data-field-id=\"4\"><label class=\"wpforms-field-label\" for=\"wpforms-5234-field_4\">Telefonnummer <span class=\"wpforms-required-label\" aria-hidden=\"true\">*<\/span><\/label><input type=\"number\" id=\"wpforms-5234-field_4\" class=\"wpforms-field-large wpforms-field-required\" name=\"wpforms[fields][4]\" step=\"any\" aria-errormessage=\"wpforms-5234-field_4-error\" required><\/div><div id=\"wpforms-5234-field_3-container\" class=\"wpforms-field wpforms-field-textarea\" data-field-id=\"3\"><label class=\"wpforms-field-label\" for=\"wpforms-5234-field_3\">Nachricht oder Kommentar<\/label><textarea id=\"wpforms-5234-field_3\" class=\"wpforms-field-large\" name=\"wpforms[fields][3]\" aria-errormessage=\"wpforms-5234-field_3-error\" ><\/textarea><\/div><script>\n\t\t\t\t( function() {\n\t\t\t\t\tconst style = document.createElement( 'style' );\n\t\t\t\t\tstyle.appendChild( document.createTextNode( '#wpforms-5234-field_5-container { position: absolute !important; overflow: hidden !important; display: inline !important; height: 1px !important; width: 1px !important; z-index: -1000 !important; padding: 0 !important; } #wpforms-5234-field_5-container input { visibility: hidden; } #wpforms-conversational-form-page #wpforms-5234-field_5-container label { counter-increment: none; }' ) );\n\t\t\t\t\tdocument.head.appendChild( style );\n\t\t\t\t\tdocument.currentScript?.remove();\n\t\t\t\t} )();\n\t\t\t<\/script><\/div><!-- .wpforms-field-container --><div class=\"wpforms-submit-container\" ><input type=\"hidden\" name=\"wpforms[id]\" value=\"5234\"><input type=\"hidden\" name=\"page_title\" value=\"\"><input type=\"hidden\" name=\"page_url\" value=\"https:\/\/immersafe.de\/shop\/wp-json\/wp\/v2\/product\/5194\"><input type=\"hidden\" name=\"url_referer\" value=\"\"><button type=\"submit\" name=\"wpforms[submit]\" id=\"wpforms-submit-5234\" class=\"wpforms-submit\" data-alt-text=\"Senden...\" data-submit-text=\"Anfrage senden\" aria-live=\"assertive\" value=\"wpforms-submit\">Anfrage senden<\/button><img decoding=\"async\" src=\"https:\/\/immersafe.de\/shop\/wp-content\/plugins\/wpforms-lite\/assets\/images\/submit-spin.svg\" class=\"wpforms-submit-spinner\" style=\"display: none;\" width=\"26\" height=\"26\" alt=\"Wird geladen\"><\/div><\/form><\/div>  <!-- .wpforms-container -->\n<p><strong>Zebra Z-Band Direct RFID-Armb\u00e4nder \u2013 Einwegarmb\u00e4nder mit RFID-Technologie<\/strong><br \/>\nDiese wei\u00dfen Einwegarmb\u00e4nder aus strapazierf\u00e4higem Polypropylen sind speziell f\u00fcr den Thermodirektdruck konzipiert und verf\u00fcgen \u00fcber ein integriertes RFID-Inlay. Die Zebra Z-Band Direct RFID-Armb\u00e4nder eignen sich ideal f\u00fcr Anwendungen im Gesundheitswesen, zur Zugangskontrolle sowie f\u00fcr kontaktloses Bezahlen.<\/p>\n<p>Dank ihrer robusten Eigenschaften sind sie widerstandsf\u00e4hig gegen Feuchtigkeit, Chemikalien, Kratzer, extreme Temperaturen (unter -20\u00b0C) sowie Witterungseinfl\u00fcsse. Die Armb\u00e4nder sind latexfrei, BPA-frei und ideal f\u00fcr hygienisch sensible Bereiche.<\/p>\n<p><strong>Anwendungen:<\/strong><\/p>\n<ul>\n<li>Patientenidentifikation im Gesundheitswesen<\/li>\n<li>Zugangskontrolle bei Veranstaltungen<\/li>\n<li>bargeldlose Zahlungssysteme<\/li>\n<\/ul>\n<p><strong>Eigenschaften:<\/strong><\/p>\n<ul>\n<li>Thermodirekt bedruckbar<\/li>\n<li>RFID-f\u00e4hig<\/li>\n<li>Material: Polypropylen, Kunststoff<\/li>\n<li>Farbe: Wei\u00df matt<\/li>\n<li>Latexfrei &amp; BPA-frei<\/li>\n<li>Widerstandsf\u00e4hig gegen Feuchtigkeit, Chemikalien und extreme Temperaturen<\/li>\n<\/ul>\n<p><strong>Verpackungseinheit:<\/strong> 1 Packung mit 3 Rollen<\/p>\n","protected":false},"excerpt":{"rendered":"<h4>Unsere Berater helfen Ihnen gerne weiter!<\/h4>\n<p>Teilen Sie uns mit, welches Etikettenformat Sie w\u00fcnschen und wie viele Rollen Sie bestellen m\u00f6chten \u2013 unsere Experten erstellen Ihnen das beste Angebot.<\/p>\n<p>Wei\u00dfe Einweg-RFID-Armb\u00e4nder aus Polypropylen f\u00fcr den Thermodirektdruck. Ideal f\u00fcr Gesundheitswesen, Zugangskontrolle und kontaktloses Bezahlen. Wasser-, chemikalien- und k\u00e4ltebest\u00e4ndig, latexfrei. Verpackung: 3 Rollen.<\/p>\n","protected":false},"featured_media":5197,"template":"","meta":{"_acf_changed":false},"product_brand":[],"product_cat":[262,265,266],"product_tag":[],"class_list":{"0":"post-5194","1":"product","2":"type-product","3":"status-publish","4":"has-post-thumbnail","6":"product_cat-etiketten","7":"product_cat-kunststoffetiketten","8":"product_cat-rfid-etiketten","10":"first","11":"onbackorder","12":"taxable","13":"shipping-taxable","14":"product-type-simple"},"acf":[],"tiered_pricing_type":"fixed","tiered_pricing_fixed_rules":[],"tiered_pricing_product_settings":{"layout":"default","base_unit_name":{"singular":null,"plural":null},"default_variation":null},"tiered_pricing_minimum_quantity":null,"tiered_pricing_roles_data":[],"tiered_pricing_percentage_rules":[],"_links":{"self":[{"href":"https:\/\/immersafe.de\/shop\/wp-json\/wp\/v2\/product\/5194","targetHints":{"allow":["GET"]}}],"collection":[{"href":"https:\/\/immersafe.de\/shop\/wp-json\/wp\/v2\/product"}],"about":[{"href":"https:\/\/immersafe.de\/shop\/wp-json\/wp\/v2\/types\/product"}],"version-history":[{"count":12,"href":"https:\/\/immersafe.de\/shop\/wp-json\/wp\/v2\/product\/5194\/revisions"}],"predecessor-version":[{"id":5869,"href":"https:\/\/immersafe.de\/shop\/wp-json\/wp\/v2\/product\/5194\/revisions\/5869"}],"wp:featuredmedia":[{"embeddable":true,"href":"https:\/\/immersafe.de\/shop\/wp-json\/wp\/v2\/media\/5197"}],"wp:attachment":[{"href":"https:\/\/immersafe.de\/shop\/wp-json\/wp\/v2\/media?parent=5194"}],"wp:term":[{"taxonomy":"product_brand","embeddable":true,"href":"https:\/\/immersafe.de\/shop\/wp-json\/wp\/v2\/product_brand?post=5194"},{"taxonomy":"product_cat","embeddable":true,"href":"https:\/\/immersafe.de\/shop\/wp-json\/wp\/v2\/product_cat?post=5194"},{"taxonomy":"product_tag","embeddable":true,"href":"https:\/\/immersafe.de\/shop\/wp-json\/wp\/v2\/product_tag?post=5194"}],"curies":[{"name":"wp","href":"https:\/\/api.w.org\/{rel}","templated":true}]}}