{"id":5217,"date":"2025-07-14T15:10:49","date_gmt":"2025-07-14T15:10:49","guid":{"rendered":"https:\/\/shop.immersafe.de\/?post_type=product&#038;p=5217"},"modified":"2025-10-14T11:39:56","modified_gmt":"2025-10-14T11:39:56","slug":"zebra-zeroliner-1000d-etiketten","status":"publish","type":"product","link":"https:\/\/immersafe.de\/shop\/zebra-zeroliner-1000d-etiketten\/","title":{"rendered":"Zebra ZeroLiner 1000D Etiketten"},"content":{"rendered":"<p><strong>Zebra ZeroLiner 1000D \u2013 Etiketten ohne Tr\u00e4germaterial<\/strong><\/p>\n<p>Die <strong>ZeroLiner 1000D Thermoetiketten<\/strong> bestehen aus hochwertigem, silikonbeschichtetem, wei\u00dfem Thermopapier (VP8NiP) und ben\u00f6tigen <strong>kein Thermotransferband<\/strong> f\u00fcr den Druck. Dank des linerlosen Designs (ohne Tr\u00e4germaterial) sorgen sie f\u00fcr weniger Abfall und reduzieren Lager- sowie Entsorgungskosten \u2013 ideal f\u00fcr umweltbewusste Unternehmen.<\/p>\n<p>Die Etiketten sind <strong>BPA- und latexfrei<\/strong>, einfach in der Handhabung und kompatibel mit verschiedenen Thermodruckern von Zebra. Besonders geeignet f\u00fcr <strong>Logistik, Einzelhandel, Lagerkennzeichnung und Produktetikettierung<\/strong>.<\/p>\n<p><strong>Technische Daten:<\/strong><\/p>\n<ul>\n<li><strong>Ma\u00dfe:<\/strong> 105 mm x 100 m<\/li>\n<li><strong>Farbe:<\/strong> Wei\u00df<\/li>\n<li><strong>Druckverfahren:<\/strong> Thermodirekt<\/li>\n<li><strong>Rollen-Au\u00dfendurchmesser:<\/strong> max. 127 mm<\/li>\n<li><strong>Kerndurchmesser:<\/strong> 25 mm (1 Zoll)<\/li>\n<li><strong>Wicklung:<\/strong> Au\u00dfenwicklung<\/li>\n<li><strong>Material:<\/strong> Thermopapier ohne Tr\u00e4germaterial<\/li>\n<li><strong>Eigenschaften:<\/strong> BPA-frei, latexfrei, umweltfreundlich<\/li>\n<\/ul>\n","protected":false},"excerpt":{"rendered":"<h4>Unsere Berater helfen Ihnen gerne weiter!<\/h4>\n<p>Teilen Sie uns mit, welches Etikettenformat Sie w\u00fcnschen und wie viele Rollen Sie bestellen m\u00f6chten \u2013 unsere Experten erstellen Ihnen das beste Angebot.<\/p>\n<style id=\"wpforms-css-vars-5234\">\n\t\t\t\t#wpforms-5234 {\n\t\t\t\t--wpforms-container-padding: 0px;\n--wpforms-container-border-width: 1px;\n--wpforms-container-border-radius: 3px;\n--wpforms-background-color: rgba(0, 0, 0, 0);\n--wpforms-field-size-input-height: 43px;\n--wpforms-field-size-input-spacing: 15px;\n--wpforms-field-size-font-size: 16px;\n--wpforms-field-size-line-height: 19px;\n--wpforms-field-size-padding-h: 14px;\n--wpforms-field-size-checkbox-size: 16px;\n--wpforms-field-size-sublabel-spacing: 5px;\n--wpforms-field-size-icon-size: 1;\n--wpforms-label-size-font-size: 16px;\n--wpforms-label-size-line-height: 19px;\n--wpforms-label-size-sublabel-font-size: 14px;\n--wpforms-label-size-sublabel-line-height: 17px;\n--wpforms-button-size-font-size: 17px;\n--wpforms-button-size-height: 41px;\n--wpforms-button-size-padding-h: 15px;\n--wpforms-button-size-margin-top: 10px;\n--wpforms-container-shadow-size-box-shadow: none;\n\t\t\t}\n\t\t\t<\/style><div class=\"wpforms-container wpforms-container-full wpforms-render-modern\" id=\"wpforms-5234\"><form id=\"wpforms-form-5234\" class=\"wpforms-validate wpforms-form wpforms-ajax-form\" data-formid=\"5234\" method=\"post\" enctype=\"multipart\/form-data\" action=\"\/shop\/wp-json\/wp\/v2\/product\/5217\" data-token=\"a1eb03263033b1cac878e12687f7482d\" data-token-time=\"1776207155\"><noscript class=\"wpforms-error-noscript\">Bitte aktiviere JavaScript in deinem Browser, um dieses Formular fertigzustellen.<\/noscript><div id=\"wpforms-error-noscript\" style=\"display: none;\">Bitte aktiviere JavaScript in deinem Browser, um dieses Formular fertigzustellen.<\/div><div class=\"wpforms-field-container\">\t\t<div id=\"wpforms-5234-field_5-container\"\n\t\t\tclass=\"wpforms-field wpforms-field-text\"\n\t\t\tdata-field-type=\"text\"\n\t\t\tdata-field-id=\"5\"\n\t\t\t>\n\t\t\t<label class=\"wpforms-field-label\" for=\"wpforms-5234-field_5\" >Nachricht E-Mail-Adresse Telefonnummer<\/label>\n\t\t\t<input type=\"text\" id=\"wpforms-5234-field_5\" class=\"wpforms-field-medium\" name=\"wpforms[fields][5]\" >\n\t\t<\/div>\n\t\t<div id=\"wpforms-5234-field_1-container\" class=\"wpforms-field wpforms-field-name\" data-field-id=\"1\"><label class=\"wpforms-field-label\" for=\"wpforms-5234-field_1\">Name <span class=\"wpforms-required-label\" aria-hidden=\"true\">*<\/span><\/label><input type=\"text\" id=\"wpforms-5234-field_1\" class=\"wpforms-field-large wpforms-field-required\" name=\"wpforms[fields][1]\" aria-errormessage=\"wpforms-5234-field_1-error\" required><\/div><div id=\"wpforms-5234-field_2-container\" class=\"wpforms-field wpforms-field-email\" data-field-id=\"2\"><label class=\"wpforms-field-label\" for=\"wpforms-5234-field_2\">E-Mail-Adresse <span class=\"wpforms-required-label\" aria-hidden=\"true\">*<\/span><\/label><input type=\"email\" id=\"wpforms-5234-field_2\" class=\"wpforms-field-large wpforms-field-required\" name=\"wpforms[fields][2]\" spellcheck=\"false\" aria-errormessage=\"wpforms-5234-field_2-error\" required><\/div><div id=\"wpforms-5234-field_4-container\" class=\"wpforms-field wpforms-field-number\" data-field-id=\"4\"><label class=\"wpforms-field-label\" for=\"wpforms-5234-field_4\">Telefonnummer <span class=\"wpforms-required-label\" aria-hidden=\"true\">*<\/span><\/label><input type=\"number\" id=\"wpforms-5234-field_4\" class=\"wpforms-field-large wpforms-field-required\" name=\"wpforms[fields][4]\" step=\"any\" aria-errormessage=\"wpforms-5234-field_4-error\" required><\/div><div id=\"wpforms-5234-field_3-container\" class=\"wpforms-field wpforms-field-textarea\" data-field-id=\"3\"><label class=\"wpforms-field-label\" for=\"wpforms-5234-field_3\">Nachricht oder Kommentar<\/label><textarea id=\"wpforms-5234-field_3\" class=\"wpforms-field-large\" name=\"wpforms[fields][3]\" aria-errormessage=\"wpforms-5234-field_3-error\" ><\/textarea><\/div><script>\n\t\t\t\t( function() {\n\t\t\t\t\tconst style = document.createElement( 'style' );\n\t\t\t\t\tstyle.appendChild( document.createTextNode( '#wpforms-5234-field_5-container { position: absolute !important; overflow: hidden !important; display: inline !important; height: 1px !important; width: 1px !important; z-index: -1000 !important; padding: 0 !important; } #wpforms-5234-field_5-container input { visibility: hidden; } #wpforms-conversational-form-page #wpforms-5234-field_5-container label { counter-increment: none; }' ) );\n\t\t\t\t\tdocument.head.appendChild( style );\n\t\t\t\t\tdocument.currentScript?.remove();\n\t\t\t\t} )();\n\t\t\t<\/script><\/div><!-- .wpforms-field-container --><div class=\"wpforms-submit-container\" ><input type=\"hidden\" name=\"wpforms[id]\" value=\"5234\"><input type=\"hidden\" name=\"page_title\" value=\"\"><input type=\"hidden\" name=\"page_url\" value=\"https:\/\/immersafe.de\/shop\/wp-json\/wp\/v2\/product\/5217\"><input type=\"hidden\" name=\"url_referer\" value=\"\"><button type=\"submit\" name=\"wpforms[submit]\" id=\"wpforms-submit-5234\" class=\"wpforms-submit\" data-alt-text=\"Senden...\" data-submit-text=\"Anfrage senden\" aria-live=\"assertive\" value=\"wpforms-submit\">Anfrage senden<\/button><img decoding=\"async\" src=\"https:\/\/immersafe.de\/shop\/wp-content\/plugins\/wpforms-lite\/assets\/images\/submit-spin.svg\" class=\"wpforms-submit-spinner\" style=\"display: none;\" width=\"26\" height=\"26\" alt=\"Wird geladen\"><\/div><\/form><\/div>  <!-- .wpforms-container -->\n<p><strong>ZeroLiner 1000D Etiketten<\/strong> \u2013 Thermodirektetiketten ohne Tr\u00e4germaterial aus wei\u00dfem, silikonbeschichtetem Papier (VP8NiP). BPA- und latexfrei, ideal f\u00fcr Logistik, Lager- und Produktkennzeichnung. Ma\u00dfe: 105 mm x 100 m, Au\u00dfendurchmesser: max. 127 mm, Kerndurchmesser: 25 mm.<\/p>\n","protected":false},"featured_media":5219,"template":"","meta":{"_acf_changed":false},"product_brand":[],"product_cat":[262,263],"product_tag":[],"class_list":{"0":"post-5217","1":"product","2":"type-product","3":"status-publish","4":"has-post-thumbnail","6":"product_cat-etiketten","7":"product_cat-papieretiketten","9":"first","10":"onbackorder","11":"taxable","12":"shipping-taxable","13":"product-type-simple"},"acf":[],"tiered_pricing_type":"fixed","tiered_pricing_fixed_rules":[],"tiered_pricing_product_settings":{"layout":"default","base_unit_name":{"singular":null,"plural":null},"default_variation":null},"tiered_pricing_minimum_quantity":null,"tiered_pricing_roles_data":[],"tiered_pricing_percentage_rules":[],"_links":{"self":[{"href":"https:\/\/immersafe.de\/shop\/wp-json\/wp\/v2\/product\/5217","targetHints":{"allow":["GET"]}}],"collection":[{"href":"https:\/\/immersafe.de\/shop\/wp-json\/wp\/v2\/product"}],"about":[{"href":"https:\/\/immersafe.de\/shop\/wp-json\/wp\/v2\/types\/product"}],"version-history":[{"count":2,"href":"https:\/\/immersafe.de\/shop\/wp-json\/wp\/v2\/product\/5217\/revisions"}],"predecessor-version":[{"id":5247,"href":"https:\/\/immersafe.de\/shop\/wp-json\/wp\/v2\/product\/5217\/revisions\/5247"}],"wp:featuredmedia":[{"embeddable":true,"href":"https:\/\/immersafe.de\/shop\/wp-json\/wp\/v2\/media\/5219"}],"wp:attachment":[{"href":"https:\/\/immersafe.de\/shop\/wp-json\/wp\/v2\/media?parent=5217"}],"wp:term":[{"taxonomy":"product_brand","embeddable":true,"href":"https:\/\/immersafe.de\/shop\/wp-json\/wp\/v2\/product_brand?post=5217"},{"taxonomy":"product_cat","embeddable":true,"href":"https:\/\/immersafe.de\/shop\/wp-json\/wp\/v2\/product_cat?post=5217"},{"taxonomy":"product_tag","embeddable":true,"href":"https:\/\/immersafe.de\/shop\/wp-json\/wp\/v2\/product_tag?post=5217"}],"curies":[{"name":"wp","href":"https:\/\/api.w.org\/{rel}","templated":true}]}}