{"id":569,"date":"2020-09-01T13:54:52","date_gmt":"2020-09-01T13:54:52","guid":{"rendered":"https:\/\/shop.immersafe.de\/?post_type=product&#038;p=569"},"modified":"2026-02-25T10:02:17","modified_gmt":"2026-02-25T10:02:17","slug":"kabelplombe-o-35-mm","status":"publish","type":"product","link":"https:\/\/immersafe.de\/shop\/kabelplombe-o-35-mm\/","title":{"rendered":"Kabelplombe \u00d8 3,5 mm"},"content":{"rendered":"\t\t<div data-elementor-type=\"wp-post\" data-elementor-id=\"569\" class=\"elementor elementor-569\">\n\t\t\t\t\t\t<section class=\"elementor-section elementor-top-section elementor-element elementor-element-6dcfed8 elementor-section-boxed elementor-section-height-default elementor-section-height-default\" data-id=\"6dcfed8\" data-element_type=\"section\" data-e-type=\"section\">\n\t\t\t\t\t\t<div class=\"elementor-container elementor-column-gap-default\">\n\t\t\t\t\t<div class=\"aux-parallax-section elementor-column elementor-col-100 elementor-top-column elementor-element elementor-element-afe4b86\" data-id=\"afe4b86\" data-element_type=\"column\" data-e-type=\"column\">\n\t\t\t<div class=\"elementor-widget-wrap elementor-element-populated\">\n\t\t\t\t\t\t<div class=\"elementor-element elementor-element-db43fa3 elementor-widget elementor-widget-heading\" data-id=\"db43fa3\" data-element_type=\"widget\" data-e-type=\"widget\" data-widget_type=\"heading.default\">\n\t\t\t\t<div class=\"elementor-widget-container\">\n\t\t\t\t\t<h2 class=\"elementor-heading-title elementor-size-default\">ISO Cable 3,5x250 \u2013 Hochsicherheits-Kabelplombe<\/h2>\t\t\t\t<\/div>\n\t\t\t\t<\/div>\n\t\t\t\t<div class=\"elementor-element elementor-element-f7f07f0 elementor-widget elementor-widget-text-editor\" data-id=\"f7f07f0\" data-element_type=\"widget\" data-e-type=\"widget\" data-widget_type=\"text-editor.default\">\n\t\t\t\t<div class=\"elementor-widget-container\">\n\t\t\t\t\t\t\t\t\t<p>Die <strong>ISO Cable 3,5&#215;250<\/strong> ist eine zertifizierte Hochsicherheitsplombe mit stabilem <strong>Stahlseil (3,5 mm Durchmesser)<\/strong> und robustem Aluminiumgeh\u00e4use. Sie wurde gem\u00e4\u00df <strong>ISO 17712:2013<\/strong> getestet und eignet sich ideal f\u00fcr internationale Containertransporte und sicherheitsrelevante Anwendungen in der Logistik.<\/p><p>Die Plombe ist manipulationssicher: Einmal verschlossen, l\u00e4sst sich das Seil nur durch Schneiden entfernen. Die Lasergravur mit Seriennummer gew\u00e4hrleistet R\u00fcckverfolgbarkeit. Optional sind auch individuelle Logos oder Barcodes m\u00f6glich.<\/p>\t\t\t\t\t\t\t\t<\/div>\n\t\t\t\t<\/div>\n\t\t\t\t<div class=\"elementor-element elementor-element-97eac17 elementor-widget-divider--view-line elementor-widget elementor-widget-divider\" data-id=\"97eac17\" data-element_type=\"widget\" data-e-type=\"widget\" data-widget_type=\"divider.default\">\n\t\t\t\t<div class=\"elementor-widget-container\">\n\t\t\t\t\t\t\t<div class=\"elementor-divider\">\n\t\t\t<span class=\"elementor-divider-separator\">\n\t\t\t\t\t\t<\/span>\n\t\t<\/div>\n\t\t\t\t\t\t<\/div>\n\t\t\t\t<\/div>\n\t\t\t\t<section class=\"elementor-section elementor-inner-section elementor-element elementor-element-c48e954 elementor-section-boxed elementor-section-height-default elementor-section-height-default\" data-id=\"c48e954\" data-element_type=\"section\" data-e-type=\"section\">\n\t\t\t\t\t\t<div class=\"elementor-container elementor-column-gap-default\">\n\t\t\t\t\t<div class=\"aux-parallax-section elementor-column elementor-col-50 elementor-inner-column elementor-element elementor-element-d2f0c90\" data-id=\"d2f0c90\" data-element_type=\"column\" data-e-type=\"column\">\n\t\t\t<div class=\"elementor-widget-wrap elementor-element-populated\">\n\t\t\t\t\t\t<div class=\"elementor-element elementor-element-c34df1a elementor-widget elementor-widget-text-editor\" data-id=\"c34df1a\" data-element_type=\"widget\" data-e-type=\"widget\" data-widget_type=\"text-editor.default\">\n\t\t\t\t<div class=\"elementor-widget-container\">\n\t\t\t\t\t\t\t\t\t<p><strong>Technische Daten<\/strong><\/p>\t\t\t\t\t\t\t\t<\/div>\n\t\t\t\t<\/div>\n\t\t\t\t<div class=\"elementor-element elementor-element-e2190de elementor-widget elementor-widget-aux_icon_list\" data-id=\"e2190de\" data-element_type=\"widget\" data-e-type=\"widget\" data-widget_type=\"aux_icon_list.default\">\n\t\t\t\t<div class=\"elementor-widget-container\">\n\t\t\t\t\t<section class=\"widget-container aux-widget-icon-list aux-parent-aucd0bc47e\"><div class=\"widget-inner\"><div class=\"aux-widget-icon-list-inner\"><ul class=\"aux-icon-list-items aux-direction-default\"><li class=\"aux-icon-list-item aux-list-item-has-connector aux-list-item-has-icon aux-icon-list-item-7026593 elementor-repeater-item-7026593\"><span class=\"aux-icon-list-text\">Gesamtl\u00e4nge<\/span><span class=\"aux-list-connector\"><\/span><\/li><li class=\"aux-icon-list-item aux-list-item-has-connector aux-list-item-has-icon aux-icon-list-item-1342462 elementor-repeater-item-1342462\"><span class=\"aux-icon-list-text\">Nutzl\u00e4nge<\/span><span class=\"aux-list-connector\"><\/span><span class=\"aux-icon-list-text2\">250 mm<\/span><\/li><li class=\"aux-icon-list-item aux-list-item-has-connector aux-list-item-has-icon aux-icon-list-item-655ae40 elementor-repeater-item-655ae40\"><span class=\"aux-icon-list-text\">Kabeldurchmesser<\/span><span class=\"aux-list-connector\"><\/span><span class=\"aux-icon-list-text2\">3,5 mm<\/span><\/li><li class=\"aux-icon-list-item aux-list-item-has-connector aux-list-item-has-icon aux-icon-list-item-aa27bbb elementor-repeater-item-aa27bbb\"><span class=\"aux-icon-list-text\">Etikettengr\u00f6\u00dfe<\/span><span class=\"aux-list-connector\"><\/span><\/li><li class=\"aux-icon-list-item aux-list-item-has-connector aux-list-item-has-icon aux-icon-list-item-75202f7 elementor-repeater-item-75202f7\"><span class=\"aux-icon-list-text\">Zugfestigkeit<\/span><span class=\"aux-list-connector\"><\/span><span class=\"aux-icon-list-text2\">&gt; 1.000 kg<\/span><\/li><li class=\"aux-icon-list-item aux-list-item-has-connector aux-list-item-has-icon aux-icon-list-item-fbf3774 elementor-repeater-item-fbf3774\"><span class=\"aux-icon-list-text\">Betriebstemperatur<\/span><span class=\"aux-list-connector\"><\/span><\/li><li class=\"aux-icon-list-item aux-list-item-has-connector aux-list-item-has-icon aux-icon-list-item-2aba939 elementor-repeater-item-2aba939\"><span class=\"aux-icon-list-text\">Material<\/span><span class=\"aux-list-connector\"><\/span><span class=\"aux-icon-list-text2\">Aluminium mit Stahlseil<\/span><\/li><li class=\"aux-icon-list-item aux-list-item-has-connector aux-list-item-has-icon aux-icon-list-item-8505f4e elementor-repeater-item-8505f4e\"><span class=\"aux-icon-list-text\">Verpackung<\/span><span class=\"aux-list-connector\"><\/span><\/li><li class=\"aux-icon-list-item aux-list-item-has-connector aux-list-item-has-icon aux-icon-list-item-8d27cf1 elementor-repeater-item-8d27cf1\"><span class=\"aux-icon-list-text\">Kartonma\u00dfe<\/span><span class=\"aux-list-connector\"><\/span><\/li><li class=\"aux-icon-list-item aux-list-item-has-connector aux-list-item-has-icon aux-icon-list-item-803e1c5 elementor-repeater-item-803e1c5\"><span class=\"aux-icon-list-text\">Kartongewicht<\/span><span class=\"aux-list-connector\"><\/span><\/li><\/ul><\/div><\/div><\/section><!-- widget-container -->\t\t\t\t<\/div>\n\t\t\t\t<\/div>\n\t\t\t\t<div class=\"elementor-element elementor-element-03ddb0e elementor-widget elementor-widget-text-editor\" data-id=\"03ddb0e\" data-element_type=\"widget\" data-e-type=\"widget\" data-widget_type=\"text-editor.default\">\n\t\t\t\t<div class=\"elementor-widget-container\">\n\t\t\t\t\t\t\t\t\t<p><img fetchpriority=\"high\" decoding=\"async\" class=\"alignnone size-medium wp-image-4270\" src=\"https:\/\/immersafe.de\/shop\/wp-content\/uploads\/2020\/09\/alu2-300x300.png\" alt=\"\" width=\"300\" height=\"300\" srcset=\"https:\/\/immersafe.de\/shop\/wp-content\/uploads\/2020\/09\/alu2-300x300.png 300w, https:\/\/immersafe.de\/shop\/wp-content\/uploads\/2020\/09\/alu2-150x150.png 150w, https:\/\/immersafe.de\/shop\/wp-content\/uploads\/2020\/09\/alu2-100x100.png 100w\" sizes=\"(max-width: 300px) 100vw, 300px\" \/> \u00a0<img decoding=\"async\" class=\"alignnone size-medium wp-image-4271\" src=\"https:\/\/immersafe.de\/shop\/wp-content\/uploads\/2020\/09\/alu1-300x300.png\" alt=\"\" width=\"300\" height=\"300\" srcset=\"https:\/\/immersafe.de\/shop\/wp-content\/uploads\/2020\/09\/alu1-300x300.png 300w, https:\/\/immersafe.de\/shop\/wp-content\/uploads\/2020\/09\/alu1-150x150.png 150w, https:\/\/immersafe.de\/shop\/wp-content\/uploads\/2020\/09\/alu1-100x100.png 100w\" sizes=\"(max-width: 300px) 100vw, 300px\" \/><\/p>\t\t\t\t\t\t\t\t<\/div>\n\t\t\t\t<\/div>\n\t\t\t\t<div class=\"elementor-element elementor-element-96ee097 elementor-widget elementor-widget-text-editor\" data-id=\"96ee097\" data-element_type=\"widget\" data-e-type=\"widget\" data-widget_type=\"text-editor.default\">\n\t\t\t\t<div class=\"elementor-widget-container\">\n\t\t\t\t\t\t\t\t\t<h4>Die <strong>ISO Cable 3,5&#215;250<\/strong> erf\u00fcllt h\u00f6chste Sicherheitsstandards \u2013 eine perfekte L\u00f6sung f\u00fcr sensible Transport- und Lagerprozesse.<\/h4>\t\t\t\t\t\t\t\t<\/div>\n\t\t\t\t<\/div>\n\t\t\t\t\t<\/div>\n\t\t<\/div>\n\t\t\t\t<div class=\"aux-parallax-section elementor-column elementor-col-50 elementor-inner-column elementor-element elementor-element-99ba1b8\" data-id=\"99ba1b8\" data-element_type=\"column\" data-e-type=\"column\">\n\t\t\t<div class=\"elementor-widget-wrap elementor-element-populated\">\n\t\t\t\t\t\t<div class=\"elementor-element elementor-element-6a7364c elementor-widget elementor-widget-text-editor\" data-id=\"6a7364c\" data-element_type=\"widget\" data-e-type=\"widget\" data-widget_type=\"text-editor.default\">\n\t\t\t\t<div class=\"elementor-widget-container\">\n\t\t\t\t\t\t\t\t\t<p><strong>Produktmerkmale<\/strong><\/p>\t\t\t\t\t\t\t\t<\/div>\n\t\t\t\t<\/div>\n\t\t\t\t<div class=\"elementor-element elementor-element-5e27e95 elementor-widget elementor-widget-text-editor\" data-id=\"5e27e95\" data-element_type=\"widget\" data-e-type=\"widget\" data-widget_type=\"text-editor.default\">\n\t\t\t\t<div class=\"elementor-widget-container\">\n\t\t\t\t\t\t\t\t\t<ul><li>Zertifizierte Hochsicherheitsplombe (ISO 17712:2013)<\/li><li>Aluminiumgeh\u00e4use mit hochfestem Stahlseil<\/li><li>Lasergravierte Seriennummer (optional: Logo, Barcode, QR)<\/li><li>Einwegverschluss \u2013 nicht r\u00fcckziehbar<\/li><li>Standardfarbe: Rot (weitere Farben auf Anfrage)<\/li><\/ul>\t\t\t\t\t\t\t\t<\/div>\n\t\t\t\t<\/div>\n\t\t\t\t<div class=\"elementor-element elementor-element-d3351fc elementor-widget-divider--view-line elementor-widget elementor-widget-divider\" data-id=\"d3351fc\" data-element_type=\"widget\" data-e-type=\"widget\" data-widget_type=\"divider.default\">\n\t\t\t\t<div class=\"elementor-widget-container\">\n\t\t\t\t\t\t\t<div class=\"elementor-divider\">\n\t\t\t<span class=\"elementor-divider-separator\">\n\t\t\t\t\t\t<\/span>\n\t\t<\/div>\n\t\t\t\t\t\t<\/div>\n\t\t\t\t<\/div>\n\t\t\t\t<div class=\"elementor-element elementor-element-b3e17e7 elementor-widget elementor-widget-text-editor\" data-id=\"b3e17e7\" data-element_type=\"widget\" data-e-type=\"widget\" data-widget_type=\"text-editor.default\">\n\t\t\t\t<div class=\"elementor-widget-container\">\n\t\t\t\t\t\t\t\t\t<p><strong>Einsatzgebiete<\/strong><\/p>\t\t\t\t\t\t\t\t<\/div>\n\t\t\t\t<\/div>\n\t\t\t\t<div class=\"elementor-element elementor-element-d88a057 elementor-widget elementor-widget-text-editor\" data-id=\"d88a057\" data-element_type=\"widget\" data-e-type=\"widget\" data-widget_type=\"text-editor.default\">\n\t\t\t\t<div class=\"elementor-widget-container\">\n\t\t\t\t\t\t\t\t\t<ul><li>Container- und Seeverschl\u00fcsse<\/li><li>Spedition, Bahn- &amp; Luftfracht<\/li><li>Energieanlagen, Lager &amp; Hochsicherheitszonen<\/li><li>Zoll- und Exportversiegelung<\/li><\/ul>\t\t\t\t\t\t\t\t<\/div>\n\t\t\t\t<\/div>\n\t\t\t\t\t<\/div>\n\t\t<\/div>\n\t\t\t\t\t<\/div>\n\t\t<\/section>\n\t\t\t\t\t<\/div>\n\t\t<\/div>\n\t\t\t\t\t<\/div>\n\t\t<\/section>\n\t\t\t\t<\/div>\n\t\t","protected":false},"excerpt":{"rendered":"<p>ISO-zertifizierte Kabelplombe mit 3,5 mm Stahls.<\/p>\n","protected":false},"featured_media":6004,"template":"","meta":{"_acf_changed":false},"product_brand":[],"product_cat":[113,106,36,117,59,35,107,115,33,112,119,275,116],"product_tag":[],"class_list":{"0":"post-569","1":"product","2":"type-product","3":"status-publish","4":"has-post-thumbnail","6":"product_cat-c-tpat","7":"product_cat-container","8":"product_cat-containerplomben","9":"product_cat-eisenbahn","10":"product_cat-high-security-plomben","11":"product_cat-kabelplomben","12":"product_cat-lkw-und-schifffahrt","13":"product_cat-luftfracht","14":"product_cat-sicherheitsplomben","15":"product_cat-sicherheitsplomben-mit-iso-177122013","16":"product_cat-stahldrahtdichtungen-und-fasser","17":"product_cat-unsere-bestseller","18":"product_cat-zugwaggon","20":"first","21":"instock","22":"taxable","23":"shipping-taxable","24":"purchasable","25":"product-type-simple"},"acf":[],"tiered_pricing_type":"fixed","tiered_pricing_fixed_rules":[],"tiered_pricing_product_settings":{"layout":"default","base_unit_name":{"singular":null,"plural":null},"default_variation":null},"tiered_pricing_minimum_quantity":null,"tiered_pricing_roles_data":[],"tiered_pricing_percentage_rules":[],"_links":{"self":[{"href":"https:\/\/immersafe.de\/shop\/wp-json\/wp\/v2\/product\/569","targetHints":{"allow":["GET"]}}],"collection":[{"href":"https:\/\/immersafe.de\/shop\/wp-json\/wp\/v2\/product"}],"about":[{"href":"https:\/\/immersafe.de\/shop\/wp-json\/wp\/v2\/types\/product"}],"version-history":[{"count":13,"href":"https:\/\/immersafe.de\/shop\/wp-json\/wp\/v2\/product\/569\/revisions"}],"predecessor-version":[{"id":6459,"href":"https:\/\/immersafe.de\/shop\/wp-json\/wp\/v2\/product\/569\/revisions\/6459"}],"wp:featuredmedia":[{"embeddable":true,"href":"https:\/\/immersafe.de\/shop\/wp-json\/wp\/v2\/media\/6004"}],"wp:attachment":[{"href":"https:\/\/immersafe.de\/shop\/wp-json\/wp\/v2\/media?parent=569"}],"wp:term":[{"taxonomy":"product_brand","embeddable":true,"href":"https:\/\/immersafe.de\/shop\/wp-json\/wp\/v2\/product_brand?post=569"},{"taxonomy":"product_cat","embeddable":true,"href":"https:\/\/immersafe.de\/shop\/wp-json\/wp\/v2\/product_cat?post=569"},{"taxonomy":"product_tag","embeddable":true,"href":"https:\/\/immersafe.de\/shop\/wp-json\/wp\/v2\/product_tag?post=569"}],"curies":[{"name":"wp","href":"https:\/\/api.w.org\/{rel}","templated":true}]}}