{"id":571,"date":"2020-09-01T13:57:16","date_gmt":"2020-09-01T13:57:16","guid":{"rendered":"https:\/\/shop.immersafe.de\/?post_type=product&#038;p=571"},"modified":"2026-02-25T10:02:08","modified_gmt":"2026-02-25T10:02:08","slug":"kabelplombe-o-15-mm","status":"publish","type":"product","link":"https:\/\/immersafe.de\/shop\/kabelplombe-o-15-mm\/","title":{"rendered":"Kabelplombe \u00d8 1,5 mm"},"content":{"rendered":"\t\t<div data-elementor-type=\"wp-post\" data-elementor-id=\"571\" class=\"elementor elementor-571\">\n\t\t\t\t\t\t<section class=\"elementor-section elementor-top-section elementor-element elementor-element-63ef2fd elementor-section-boxed elementor-section-height-default elementor-section-height-default\" data-id=\"63ef2fd\" data-element_type=\"section\" data-e-type=\"section\">\n\t\t\t\t\t\t<div class=\"elementor-container elementor-column-gap-default\">\n\t\t\t\t\t<div class=\"aux-parallax-section elementor-column elementor-col-100 elementor-top-column elementor-element elementor-element-acdfd39\" data-id=\"acdfd39\" data-element_type=\"column\" data-e-type=\"column\">\n\t\t\t<div class=\"elementor-widget-wrap elementor-element-populated\">\n\t\t\t\t\t\t<div class=\"elementor-element elementor-element-237b3fd elementor-widget elementor-widget-heading\" data-id=\"237b3fd\" data-element_type=\"widget\" data-e-type=\"widget\" data-widget_type=\"heading.default\">\n\t\t\t\t<div class=\"elementor-widget-container\">\n\t\t\t\t\t<h2 class=\"elementor-heading-title elementor-size-default\">Cable Seal 1,5x250 \u2013 Sicherheitskabelplombe<\/h2>\t\t\t\t<\/div>\n\t\t\t\t<\/div>\n\t\t\t\t<div class=\"elementor-element elementor-element-508497b elementor-widget elementor-widget-text-editor\" data-id=\"508497b\" data-element_type=\"widget\" data-e-type=\"widget\" data-widget_type=\"text-editor.default\">\n\t\t\t\t<div class=\"elementor-widget-container\">\n\t\t\t\t\t\t\t\t\t<p>Die <strong>Cable Seal 1,5&#215;250<\/strong> ist eine robuste und zuverl\u00e4ssige <strong>Kabelplombe<\/strong> zur Versiegelung von Containern, Lkw, Waggons, Schaltschr\u00e4nken und mehr. Sie eignet sich besonders f\u00fcr Transport- und Logistikanwendungen, bei denen Manipulationssicherheit und R\u00fcckverfolgbarkeit entscheidend sind.<\/p><p>Diese Sicherheitsplombe besteht aus einem stabilen Aluminiumgeh\u00e4use mit einem innenliegenden Verriegelungsmechanismus aus geh\u00e4rtetem Stahl sowie einem verzinkten Stahlseil mit einem Durchmesser von 1,5 mm und einer festen L\u00e4nge von 250 mm. Nach dem Anziehen kann das Kabel nicht mehr zur\u00fcckgezogen werden \u2013 f\u00fcr maximale Sicherheit.<\/p>\t\t\t\t\t\t\t\t<\/div>\n\t\t\t\t<\/div>\n\t\t\t\t<div class=\"elementor-element elementor-element-6817f83 elementor-widget-divider--view-line elementor-widget elementor-widget-divider\" data-id=\"6817f83\" data-element_type=\"widget\" data-e-type=\"widget\" data-widget_type=\"divider.default\">\n\t\t\t\t<div class=\"elementor-widget-container\">\n\t\t\t\t\t\t\t<div class=\"elementor-divider\">\n\t\t\t<span class=\"elementor-divider-separator\">\n\t\t\t\t\t\t<\/span>\n\t\t<\/div>\n\t\t\t\t\t\t<\/div>\n\t\t\t\t<\/div>\n\t\t\t\t<section class=\"elementor-section elementor-inner-section elementor-element elementor-element-de506fc elementor-section-boxed elementor-section-height-default elementor-section-height-default\" data-id=\"de506fc\" data-element_type=\"section\" data-e-type=\"section\">\n\t\t\t\t\t\t<div class=\"elementor-container elementor-column-gap-default\">\n\t\t\t\t\t<div class=\"aux-parallax-section elementor-column elementor-col-50 elementor-inner-column elementor-element elementor-element-2fbf4f3\" data-id=\"2fbf4f3\" data-element_type=\"column\" data-e-type=\"column\">\n\t\t\t<div class=\"elementor-widget-wrap elementor-element-populated\">\n\t\t\t\t\t\t<div class=\"elementor-element elementor-element-a0682ea elementor-widget elementor-widget-text-editor\" data-id=\"a0682ea\" data-element_type=\"widget\" data-e-type=\"widget\" data-widget_type=\"text-editor.default\">\n\t\t\t\t<div class=\"elementor-widget-container\">\n\t\t\t\t\t\t\t\t\t<p><strong>Technische Daten<\/strong><\/p>\t\t\t\t\t\t\t\t<\/div>\n\t\t\t\t<\/div>\n\t\t\t\t<div class=\"elementor-element elementor-element-9cf2422 elementor-widget elementor-widget-aux_icon_list\" data-id=\"9cf2422\" data-element_type=\"widget\" data-e-type=\"widget\" data-widget_type=\"aux_icon_list.default\">\n\t\t\t\t<div class=\"elementor-widget-container\">\n\t\t\t\t\t<section class=\"widget-container aux-widget-icon-list aux-parent-aua54475b8\"><div class=\"widget-inner\"><div class=\"aux-widget-icon-list-inner\"><ul class=\"aux-icon-list-items aux-direction-default\"><li class=\"aux-icon-list-item aux-list-item-has-connector aux-list-item-has-icon aux-icon-list-item-7026593 elementor-repeater-item-7026593\"><span class=\"aux-icon-list-text\">Gesamtl\u00e4nge<\/span><span class=\"aux-list-connector\"><\/span><\/li><li class=\"aux-icon-list-item aux-list-item-has-connector aux-list-item-has-icon aux-icon-list-item-1342462 elementor-repeater-item-1342462\"><span class=\"aux-icon-list-text\">Nutzl\u00e4nge<\/span><span class=\"aux-list-connector\"><\/span><span class=\"aux-icon-list-text2\">250 mm<\/span><\/li><li class=\"aux-icon-list-item aux-list-item-has-connector aux-list-item-has-icon aux-icon-list-item-655ae40 elementor-repeater-item-655ae40\"><span class=\"aux-icon-list-text\">Kabeldurchmesser<\/span><span class=\"aux-list-connector\"><\/span><span class=\"aux-icon-list-text2\">1,5 mm<\/span><\/li><li class=\"aux-icon-list-item aux-list-item-has-connector aux-list-item-has-icon aux-icon-list-item-aa27bbb elementor-repeater-item-aa27bbb\"><span class=\"aux-icon-list-text\">Etikettengr\u00f6\u00dfe<\/span><span class=\"aux-list-connector\"><\/span><span class=\"aux-icon-list-text2\">26 x 21,8 mm<\/span><\/li><li class=\"aux-icon-list-item aux-list-item-has-connector aux-list-item-has-icon aux-icon-list-item-75202f7 elementor-repeater-item-75202f7\"><span class=\"aux-icon-list-text\">Bruchkraft<\/span><span class=\"aux-list-connector\"><\/span><span class=\"aux-icon-list-text2\">240 kgf<\/span><\/li><li class=\"aux-icon-list-item aux-list-item-has-connector aux-list-item-has-icon aux-icon-list-item-fbf3774 elementor-repeater-item-fbf3774\"><span class=\"aux-icon-list-text\">Betriebstemperatur<\/span><span class=\"aux-list-connector\"><\/span><\/li><li class=\"aux-icon-list-item aux-list-item-has-connector aux-list-item-has-icon aux-icon-list-item-2aba939 elementor-repeater-item-2aba939\"><span class=\"aux-icon-list-text\">Material<\/span><span class=\"aux-list-connector\"><\/span><span class=\"aux-icon-list-text2\">Aluminium mit Stahlseil<\/span><\/li><li class=\"aux-icon-list-item aux-list-item-has-connector aux-list-item-has-icon aux-icon-list-item-8505f4e elementor-repeater-item-8505f4e\"><span class=\"aux-icon-list-text\">Verpackung<\/span><span class=\"aux-list-connector\"><\/span><\/li><li class=\"aux-icon-list-item aux-list-item-has-connector aux-list-item-has-icon aux-icon-list-item-8d27cf1 elementor-repeater-item-8d27cf1\"><span class=\"aux-icon-list-text\">Kartonma\u00dfe<\/span><span class=\"aux-list-connector\"><\/span><\/li><li class=\"aux-icon-list-item aux-list-item-has-connector aux-list-item-has-icon aux-icon-list-item-803e1c5 elementor-repeater-item-803e1c5\"><span class=\"aux-icon-list-text\">Kartongewicht<\/span><span class=\"aux-list-connector\"><\/span><\/li><\/ul><\/div><\/div><\/section><!-- widget-container -->\t\t\t\t<\/div>\n\t\t\t\t<\/div>\n\t\t\t\t<div class=\"elementor-element elementor-element-1b16166 elementor-widget-divider--view-line elementor-widget elementor-widget-divider\" data-id=\"1b16166\" data-element_type=\"widget\" data-e-type=\"widget\" data-widget_type=\"divider.default\">\n\t\t\t\t<div class=\"elementor-widget-container\">\n\t\t\t\t\t\t\t<div class=\"elementor-divider\">\n\t\t\t<span class=\"elementor-divider-separator\">\n\t\t\t\t\t\t<\/span>\n\t\t<\/div>\n\t\t\t\t\t\t<\/div>\n\t\t\t\t<\/div>\n\t\t\t\t<div class=\"elementor-element elementor-element-a1107ba elementor-widget elementor-widget-text-editor\" data-id=\"a1107ba\" data-element_type=\"widget\" data-e-type=\"widget\" data-widget_type=\"text-editor.default\">\n\t\t\t\t<div class=\"elementor-widget-container\">\n\t\t\t\t\t\t\t\t\t<h4>Die <strong>Cable Seal 1,5&#215;250<\/strong> erf\u00fcllt internationale Anforderungen an Sicherheit und Kontrolle. Ideal f\u00fcr alle Anwendungen, bei denen Manipulationssicherheit und eindeutige Identifikation gefordert sind.<\/h4>\t\t\t\t\t\t\t\t<\/div>\n\t\t\t\t<\/div>\n\t\t\t\t\t<\/div>\n\t\t<\/div>\n\t\t\t\t<div class=\"aux-parallax-section elementor-column elementor-col-50 elementor-inner-column elementor-element elementor-element-eb6553a\" data-id=\"eb6553a\" data-element_type=\"column\" data-e-type=\"column\">\n\t\t\t<div class=\"elementor-widget-wrap elementor-element-populated\">\n\t\t\t\t\t\t<div class=\"elementor-element elementor-element-f4c91b0 elementor-widget elementor-widget-text-editor\" data-id=\"f4c91b0\" data-element_type=\"widget\" data-e-type=\"widget\" data-widget_type=\"text-editor.default\">\n\t\t\t\t<div class=\"elementor-widget-container\">\n\t\t\t\t\t\t\t\t\t<p><strong>Produktmerkmale<\/strong><\/p>\t\t\t\t\t\t\t\t<\/div>\n\t\t\t\t<\/div>\n\t\t\t\t<div class=\"elementor-element elementor-element-5beb248 elementor-widget elementor-widget-text-editor\" data-id=\"5beb248\" data-element_type=\"widget\" data-e-type=\"widget\" data-widget_type=\"text-editor.default\">\n\t\t\t\t<div class=\"elementor-widget-container\">\n\t\t\t\t\t\t\t\t\t<ul><li>Einwegmechanismus \u2013 Entfernen nur durch Zerschneiden m\u00f6glich<\/li><li>Seriennummer standardm\u00e4\u00dfig aufgebracht (Lasergravur)<\/li><li>Optional: Logo, individueller Text, Barcode<\/li><li>UV- und witterungsbest\u00e4ndig<\/li><li>Farben: Blau (Standard) + weitere Farben auf Anfrage<\/li><\/ul>\t\t\t\t\t\t\t\t<\/div>\n\t\t\t\t<\/div>\n\t\t\t\t<div class=\"elementor-element elementor-element-86955c5 elementor-widget-divider--view-line elementor-widget elementor-widget-divider\" data-id=\"86955c5\" data-element_type=\"widget\" data-e-type=\"widget\" data-widget_type=\"divider.default\">\n\t\t\t\t<div class=\"elementor-widget-container\">\n\t\t\t\t\t\t\t<div class=\"elementor-divider\">\n\t\t\t<span class=\"elementor-divider-separator\">\n\t\t\t\t\t\t<\/span>\n\t\t<\/div>\n\t\t\t\t\t\t<\/div>\n\t\t\t\t<\/div>\n\t\t\t\t<div class=\"elementor-element elementor-element-5b137b0 elementor-widget elementor-widget-text-editor\" data-id=\"5b137b0\" data-element_type=\"widget\" data-e-type=\"widget\" data-widget_type=\"text-editor.default\">\n\t\t\t\t<div class=\"elementor-widget-container\">\n\t\t\t\t\t\t\t\t\t<p><strong>Einsatzgebiete<\/strong><\/p>\t\t\t\t\t\t\t\t<\/div>\n\t\t\t\t<\/div>\n\t\t\t\t<div class=\"elementor-element elementor-element-6b779d6 elementor-widget elementor-widget-text-editor\" data-id=\"6b779d6\" data-element_type=\"widget\" data-e-type=\"widget\" data-widget_type=\"text-editor.default\">\n\t\t\t\t<div class=\"elementor-widget-container\">\n\t\t\t\t\t\t\t\t\t<ul><li>Seecontainer &amp; Landtransporte<\/li><li>Fracht- und Kurierdienste<\/li><li>Versorgungsunternehmen &amp; Energieanlagen<\/li><li>Hochwertige G\u00fcter mit erh\u00f6htem Sicherungsbedarf<\/li><\/ul>\t\t\t\t\t\t\t\t<\/div>\n\t\t\t\t<\/div>\n\t\t\t\t\t<\/div>\n\t\t<\/div>\n\t\t\t\t\t<\/div>\n\t\t<\/section>\n\t\t\t\t\t<\/div>\n\t\t<\/div>\n\t\t\t\t\t<\/div>\n\t\t<\/section>\n\t\t\t\t<section class=\"elementor-section elementor-top-section elementor-element elementor-element-34a9425 elementor-section-boxed elementor-section-height-default elementor-section-height-default\" data-id=\"34a9425\" data-element_type=\"section\" data-e-type=\"section\">\n\t\t\t\t\t\t<div class=\"elementor-container elementor-column-gap-default\">\n\t\t\t\t\t<div class=\"aux-parallax-section elementor-column elementor-col-100 elementor-top-column elementor-element elementor-element-887b1e0\" data-id=\"887b1e0\" data-element_type=\"column\" data-e-type=\"column\">\n\t\t\t<div class=\"elementor-widget-wrap\">\n\t\t\t\t\t\t\t<\/div>\n\t\t<\/div>\n\t\t\t\t\t<\/div>\n\t\t<\/section>\n\t\t\t\t<\/div>\n\t\t","protected":false},"excerpt":{"rendered":"<p>Kabelplombe \u00d8 1,5 mm mit Aluminiumgeh\u00e4use &amp; Stahlseil. Ideal f\u00fcr Container &amp; Transport.<\/p>\n","protected":false},"featured_media":5975,"template":"","meta":{"_acf_changed":false},"product_brand":[],"product_cat":[106,117,35,115,33,19,116],"product_tag":[],"class_list":{"0":"post-571","1":"product","2":"type-product","3":"status-publish","4":"has-post-thumbnail","6":"product_cat-container","7":"product_cat-eisenbahn","8":"product_cat-kabelplomben","9":"product_cat-luftfracht","10":"product_cat-sicherheitsplomben","11":"product_cat-verschlusse-fur-behalter-und-fasser","12":"product_cat-zugwaggon","14":"first","15":"instock","16":"taxable","17":"shipping-taxable","18":"purchasable","19":"product-type-simple"},"acf":[],"tiered_pricing_type":"fixed","tiered_pricing_fixed_rules":[],"tiered_pricing_product_settings":{"layout":"default","base_unit_name":{"singular":null,"plural":null},"default_variation":null},"tiered_pricing_minimum_quantity":null,"tiered_pricing_roles_data":[],"tiered_pricing_percentage_rules":[],"_links":{"self":[{"href":"https:\/\/immersafe.de\/shop\/wp-json\/wp\/v2\/product\/571","targetHints":{"allow":["GET"]}}],"collection":[{"href":"https:\/\/immersafe.de\/shop\/wp-json\/wp\/v2\/product"}],"about":[{"href":"https:\/\/immersafe.de\/shop\/wp-json\/wp\/v2\/types\/product"}],"version-history":[{"count":14,"href":"https:\/\/immersafe.de\/shop\/wp-json\/wp\/v2\/product\/571\/revisions"}],"predecessor-version":[{"id":6420,"href":"https:\/\/immersafe.de\/shop\/wp-json\/wp\/v2\/product\/571\/revisions\/6420"}],"wp:featuredmedia":[{"embeddable":true,"href":"https:\/\/immersafe.de\/shop\/wp-json\/wp\/v2\/media\/5975"}],"wp:attachment":[{"href":"https:\/\/immersafe.de\/shop\/wp-json\/wp\/v2\/media?parent=571"}],"wp:term":[{"taxonomy":"product_brand","embeddable":true,"href":"https:\/\/immersafe.de\/shop\/wp-json\/wp\/v2\/product_brand?post=571"},{"taxonomy":"product_cat","embeddable":true,"href":"https:\/\/immersafe.de\/shop\/wp-json\/wp\/v2\/product_cat?post=571"},{"taxonomy":"product_tag","embeddable":true,"href":"https:\/\/immersafe.de\/shop\/wp-json\/wp\/v2\/product_tag?post=571"}],"curies":[{"name":"wp","href":"https:\/\/api.w.org\/{rel}","templated":true}]}}