{"id":5767,"date":"2025-08-26T14:38:27","date_gmt":"2025-08-26T14:38:27","guid":{"rendered":"https:\/\/shop.immersafe.de\/?post_type=product&#038;p=5767"},"modified":"2025-10-10T12:16:03","modified_gmt":"2025-10-10T12:16:03","slug":"void-sicherheitsetiketten-150x30-mm-blau-permanent","status":"publish","type":"product","link":"https:\/\/immersafe.de\/shop\/void-sicherheitsetiketten-150x30-mm-blau-permanent\/","title":{"rendered":"VOID-Sicherheitsetiketten 150\u00d730 mm \u2013 Blau \u2013 PERMANENT"},"content":{"rendered":"\t\t<div data-elementor-type=\"wp-post\" data-elementor-id=\"5767\" class=\"elementor elementor-5767\">\n\t\t\t\t\t\t<section class=\"elementor-section elementor-top-section elementor-element elementor-element-2d5408c elementor-section-boxed elementor-section-height-default elementor-section-height-default\" data-id=\"2d5408c\" data-element_type=\"section\" data-e-type=\"section\">\n\t\t\t\t\t\t<div class=\"elementor-container elementor-column-gap-default\">\n\t\t\t\t\t<div class=\"aux-parallax-section elementor-column elementor-col-100 elementor-top-column elementor-element elementor-element-6140654\" data-id=\"6140654\" data-element_type=\"column\" data-e-type=\"column\">\n\t\t\t<div class=\"elementor-widget-wrap elementor-element-populated\">\n\t\t\t\t\t\t<div class=\"elementor-element elementor-element-ef3a874 elementor-widget elementor-widget-heading\" data-id=\"ef3a874\" data-element_type=\"widget\" data-e-type=\"widget\" data-widget_type=\"heading.default\">\n\t\t\t\t<div class=\"elementor-widget-container\">\n\t\t\t\t\t<h2 class=\"elementor-heading-title elementor-size-default\">VOID-Sicherheitsetiketten \u2013 Manipulationssichere Etiketten<\/h2>\t\t\t\t<\/div>\n\t\t\t\t<\/div>\n\t\t\t\t<div class=\"elementor-element elementor-element-4a736b8 elementor-widget elementor-widget-text-editor\" data-id=\"4a736b8\" data-element_type=\"widget\" data-e-type=\"widget\" data-widget_type=\"text-editor.default\">\n\t\t\t\t<div class=\"elementor-widget-container\">\n\t\t\t\t\t\t\t\t\t<p><strong>Beschreibung:<\/strong><br \/>Das permanente VOID-Sicherheitsetikett (150 \u00d7 30 mm) ist eine zuverl\u00e4ssige L\u00f6sung zum Schutz vor unbefugtem Zugriff und Manipulation. Ideal einsetzbar \u00fcberall dort, wo der Einsatz herk\u00f6mmlicher Plomben nicht m\u00f6glich ist \u2013 zum Beispiel an T\u00fcren, Schr\u00e4nken, Beh\u00e4ltern oder technischen Anlagen.<\/p><p>Beim Abl\u00f6seversuch hinterl\u00e4sst das Etikett gut sichtbare VOID-Schriftz\u00fcge auf der Oberfl\u00e4che sowie auf dem Etikettenmaterial selbst \u2013 ein klarer Hinweis auf einen Manipulationsversuch.<br \/>Jedes Etikett ist mit einer individuellen Seriennummer versehen und erm\u00f6glicht so eine einfache R\u00fcckverfolgbarkeit.<\/p><p><strong>Anwendungsbereiche<\/strong>: Versiegelung von T\u00fcren, Vitrinen, Brandschutzschr\u00e4nken, Erste-Hilfe-Schr\u00e4nken, Dokumenten- oder Gefahrgutcontainern.<\/p>\t\t\t\t\t\t\t\t<\/div>\n\t\t\t\t<\/div>\n\t\t\t\t<div class=\"elementor-element elementor-element-0a9b0f5 elementor-widget-divider--view-line elementor-widget elementor-widget-divider\" data-id=\"0a9b0f5\" data-element_type=\"widget\" data-e-type=\"widget\" data-widget_type=\"divider.default\">\n\t\t\t\t<div class=\"elementor-widget-container\">\n\t\t\t\t\t\t\t<div class=\"elementor-divider\">\n\t\t\t<span class=\"elementor-divider-separator\">\n\t\t\t\t\t\t<\/span>\n\t\t<\/div>\n\t\t\t\t\t\t<\/div>\n\t\t\t\t<\/div>\n\t\t\t\t<section class=\"elementor-section elementor-inner-section elementor-element elementor-element-17c8f2a elementor-section-boxed elementor-section-height-default elementor-section-height-default\" data-id=\"17c8f2a\" data-element_type=\"section\" data-e-type=\"section\">\n\t\t\t\t\t\t<div class=\"elementor-container elementor-column-gap-default\">\n\t\t\t\t\t<div class=\"aux-parallax-section elementor-column elementor-col-50 elementor-inner-column elementor-element elementor-element-b0de7d5\" data-id=\"b0de7d5\" data-element_type=\"column\" data-e-type=\"column\">\n\t\t\t<div class=\"elementor-widget-wrap elementor-element-populated\">\n\t\t\t\t\t\t<div class=\"elementor-element elementor-element-1f1dbf7 elementor-widget elementor-widget-text-editor\" data-id=\"1f1dbf7\" data-element_type=\"widget\" data-e-type=\"widget\" data-widget_type=\"text-editor.default\">\n\t\t\t\t<div class=\"elementor-widget-container\">\n\t\t\t\t\t\t\t\t\t<p><strong>Technische Daten<\/strong><\/p>\t\t\t\t\t\t\t\t<\/div>\n\t\t\t\t<\/div>\n\t\t\t\t<div class=\"elementor-element elementor-element-31ede22 elementor-widget elementor-widget-aux_icon_list\" data-id=\"31ede22\" data-element_type=\"widget\" data-e-type=\"widget\" data-widget_type=\"aux_icon_list.default\">\n\t\t\t\t<div class=\"elementor-widget-container\">\n\t\t\t\t\t<section class=\"widget-container aux-widget-icon-list aux-parent-au2396c37f\"><div class=\"widget-inner\"><div class=\"aux-widget-icon-list-inner\"><ul class=\"aux-icon-list-items aux-direction-default\"><li class=\"aux-icon-list-item aux-list-item-has-connector aux-list-item-has-icon aux-icon-list-item-7026593 elementor-repeater-item-7026593\"><span class=\"aux-icon-list-text\">Material<\/span><span class=\"aux-list-connector\"><\/span><span class=\"aux-icon-list-text2\">Polyester<\/span><\/li><li class=\"aux-icon-list-item aux-list-item-has-connector aux-list-item-has-icon aux-icon-list-item-1342462 elementor-repeater-item-1342462\"><span class=\"aux-icon-list-text\">Verf\u00fcgbare Gr\u00f6\u00dfen<\/span><span class=\"aux-list-connector\"><\/span><span class=\"aux-icon-list-text2\">150x30 mm<\/span><\/li><li class=\"aux-icon-list-item aux-list-item-has-connector aux-list-item-has-icon aux-icon-list-item-655ae40 elementor-repeater-item-655ae40\"><span class=\"aux-icon-list-text\">Farben<\/span><span class=\"aux-list-connector\"><\/span><span class=\"aux-icon-list-text2\">Blau<\/span><\/li><li class=\"aux-icon-list-item aux-list-item-has-connector aux-list-item-has-icon aux-icon-list-item-aa27bbb elementor-repeater-item-aa27bbb\"><span class=\"aux-icon-list-text\">Klebstoffart<\/span><span class=\"aux-list-connector\"><\/span><span class=\"aux-icon-list-text2\">Permanent<\/span><\/li><li class=\"aux-icon-list-item aux-list-item-has-connector aux-list-item-has-icon aux-icon-list-item-2aba939 elementor-repeater-item-2aba939\"><span class=\"aux-icon-list-text\">Verpackungseinheit<\/span><span class=\"aux-list-connector\"><\/span><span class=\"aux-icon-list-text2\">1000 Etiketten pro Rolle<\/span><\/li><\/ul><\/div><\/div><\/section><!-- widget-container -->\t\t\t\t<\/div>\n\t\t\t\t<\/div>\n\t\t\t\t\t<\/div>\n\t\t<\/div>\n\t\t\t\t<div class=\"aux-parallax-section elementor-column elementor-col-50 elementor-inner-column elementor-element elementor-element-9f882b5\" data-id=\"9f882b5\" data-element_type=\"column\" data-e-type=\"column\">\n\t\t\t<div class=\"elementor-widget-wrap elementor-element-populated\">\n\t\t\t\t\t\t<div class=\"elementor-element elementor-element-dbeba9e elementor-widget elementor-widget-text-editor\" data-id=\"dbeba9e\" data-element_type=\"widget\" data-e-type=\"widget\" data-widget_type=\"text-editor.default\">\n\t\t\t\t<div class=\"elementor-widget-container\">\n\t\t\t\t\t\t\t\t\t<p><strong>Permanent \/ Mit R\u00fcckstand<\/strong><\/p>\t\t\t\t\t\t\t\t<\/div>\n\t\t\t\t<\/div>\n\t\t\t\t<div class=\"elementor-element elementor-element-9c7b71b elementor-widget elementor-widget-text-editor\" data-id=\"9c7b71b\" data-element_type=\"widget\" data-e-type=\"widget\" data-widget_type=\"text-editor.default\">\n\t\t\t\t<div class=\"elementor-widget-container\">\n\t\t\t\t\t\t\t\t\t<ul><li>Hinterlassen bei Abl\u00f6sung eine permanente Transfermeldung auf der gesicherten Oberfl\u00e4che.<\/li><li data-start=\"1205\" data-end=\"1244\">Bieten zuverl\u00e4ssigen Schutz f\u00fcr E-Commerce-Pakete, Versandboxen und pharmazeutische Verpackungen.<\/li><li data-start=\"1205\" data-end=\"1244\">Sorgen f\u00fcr einen unumkehrbaren Manipulationsnachweis sowohl auf dem Etikett als auch auf der Verpackung.<\/li><\/ul>\t\t\t\t\t\t\t\t<\/div>\n\t\t\t\t<\/div>\n\t\t\t\t\t<\/div>\n\t\t<\/div>\n\t\t\t\t\t<\/div>\n\t\t<\/section>\n\t\t\t\t\t<\/div>\n\t\t<\/div>\n\t\t\t\t\t<\/div>\n\t\t<\/section>\n\t\t\t\t<\/div>\n\t\t","protected":false},"excerpt":{"rendered":"<p>Die VOID-Sicherheitsetiketten von Immersafe bieten zuverl\u00e4ssigen Schutz vor Manipulation und F\u00e4lschung \u2013 \u00fcberall dort, wo beispielsweise keine Durchziehplombe aus Kunststoff angebracht werden kann.<\/p>\n<p>Beim Abziehen hinterlassen sie gut sichtbare Hinweise in Form der Aufschriften \u201eVOID OPENED\u201d oder \u201eSTOP\u201d, sowohl auf dem Untergrund als auch auf dem Etikett selbst.<br \/>\nJedes Etikett ist mit einer fortlaufenden Nummer bedruckt, die eine eindeutige Identifizierung erm\u00f6glicht.<\/p>\n","protected":false},"featured_media":5762,"template":"","meta":{"_acf_changed":false},"product_brand":[],"product_cat":[20,142,204,33,233,19],"product_tag":[],"class_list":{"0":"post-5767","1":"product","2":"type-product","3":"status-publish","4":"has-post-thumbnail","6":"product_cat-etiketten-und-void-baender","7":"product_cat-full-transfer","8":"product_cat-sicherheitsetiketten","9":"product_cat-sicherheitsplomben","10":"product_cat-standard-sicherheitsetiketten","11":"product_cat-verschlusse-fur-behalter-und-fasser","13":"first","14":"instock","15":"taxable","16":"shipping-taxable","17":"purchasable","18":"product-type-simple"},"acf":[],"tiered_pricing_type":"fixed","tiered_pricing_fixed_rules":[],"tiered_pricing_product_settings":{"layout":"default","base_unit_name":{"singular":null,"plural":null},"default_variation":null},"tiered_pricing_minimum_quantity":null,"tiered_pricing_roles_data":[],"tiered_pricing_percentage_rules":[],"_links":{"self":[{"href":"https:\/\/immersafe.de\/shop\/wp-json\/wp\/v2\/product\/5767","targetHints":{"allow":["GET"]}}],"collection":[{"href":"https:\/\/immersafe.de\/shop\/wp-json\/wp\/v2\/product"}],"about":[{"href":"https:\/\/immersafe.de\/shop\/wp-json\/wp\/v2\/types\/product"}],"version-history":[{"count":5,"href":"https:\/\/immersafe.de\/shop\/wp-json\/wp\/v2\/product\/5767\/revisions"}],"predecessor-version":[{"id":6017,"href":"https:\/\/immersafe.de\/shop\/wp-json\/wp\/v2\/product\/5767\/revisions\/6017"}],"wp:featuredmedia":[{"embeddable":true,"href":"https:\/\/immersafe.de\/shop\/wp-json\/wp\/v2\/media\/5762"}],"wp:attachment":[{"href":"https:\/\/immersafe.de\/shop\/wp-json\/wp\/v2\/media?parent=5767"}],"wp:term":[{"taxonomy":"product_brand","embeddable":true,"href":"https:\/\/immersafe.de\/shop\/wp-json\/wp\/v2\/product_brand?post=5767"},{"taxonomy":"product_cat","embeddable":true,"href":"https:\/\/immersafe.de\/shop\/wp-json\/wp\/v2\/product_cat?post=5767"},{"taxonomy":"product_tag","embeddable":true,"href":"https:\/\/immersafe.de\/shop\/wp-json\/wp\/v2\/product_tag?post=5767"}],"curies":[{"name":"wp","href":"https:\/\/api.w.org\/{rel}","templated":true}]}}