{"id":608,"date":"2020-09-01T15:28:27","date_gmt":"2020-09-01T15:28:27","guid":{"rendered":"https:\/\/shop.immersafe.de\/?post_type=product&#038;p=608"},"modified":"2025-10-10T12:12:51","modified_gmt":"2025-10-10T12:12:51","slug":"void-sicherheitsetiketten-100x20-mm-rot-non-residue","status":"publish","type":"product","link":"https:\/\/immersafe.de\/shop\/void-sicherheitsetiketten-100x20-mm-rot-non-residue\/","title":{"rendered":"VOID-Sicherheitsetiketten 100&#215;20 mm &#8211; Rot &#8211; NON RESIDUE"},"content":{"rendered":"\t\t<div data-elementor-type=\"wp-post\" data-elementor-id=\"608\" class=\"elementor elementor-608\">\n\t\t\t\t\t\t<section class=\"elementor-section elementor-top-section elementor-element elementor-element-75929b3 elementor-section-boxed elementor-section-height-default elementor-section-height-default\" data-id=\"75929b3\" data-element_type=\"section\" data-e-type=\"section\">\n\t\t\t\t\t\t<div class=\"elementor-container elementor-column-gap-default\">\n\t\t\t\t\t<div class=\"aux-parallax-section elementor-column elementor-col-100 elementor-top-column elementor-element elementor-element-a7d7129\" data-id=\"a7d7129\" data-element_type=\"column\" data-e-type=\"column\">\n\t\t\t<div class=\"elementor-widget-wrap elementor-element-populated\">\n\t\t\t\t\t\t<div class=\"elementor-element elementor-element-5103a70 elementor-widget elementor-widget-heading\" data-id=\"5103a70\" data-element_type=\"widget\" data-e-type=\"widget\" data-widget_type=\"heading.default\">\n\t\t\t\t<div class=\"elementor-widget-container\">\n\t\t\t\t\t<h2 class=\"elementor-heading-title elementor-size-default\">VOID-Sicherheitsetiketten \u2013 Manipulationssichere Etiketten<\/h2>\t\t\t\t<\/div>\n\t\t\t\t<\/div>\n\t\t\t\t<div class=\"elementor-element elementor-element-ca0a9e7 elementor-widget elementor-widget-text-editor\" data-id=\"ca0a9e7\" data-element_type=\"widget\" data-e-type=\"widget\" data-widget_type=\"text-editor.default\">\n\t\t\t\t<div class=\"elementor-widget-container\">\n\t\t\t\t\t\t\t\t\t<p>Die NON-RESIDUE-Sicherheitsetiketten von Immersafe bieten zuverl\u00e4ssigen Schutz vor Manipulation und F\u00e4lschung \u2013 \u00fcberall dort, wo keine Durchziehplombe aus Kunststoff verwendet werden kann.<\/p><p>Beim Abziehen hinterlassen sie gut sichtbare Hinweise in Form der Aufschriften \u201eVOID OPENED\u201d oder \u201eSTOP\u201d ausschlie\u00dflich auf dem Etikett selbst, w\u00e4hrend die versiegelte Oberfl\u00e4che frei von R\u00fcckst\u00e4nden bleibt \u2013 keine Klebereste, keine R\u00fcckst\u00e4nde von Etikettenmaterial.<\/p><p>Jedes Etikett ist mit einer fortlaufenden Seriennummer versehen, die eine eindeutige Identifizierung und R\u00fcckverfolgbarkeit erm\u00f6glicht.<\/p>\t\t\t\t\t\t\t\t<\/div>\n\t\t\t\t<\/div>\n\t\t\t\t<div class=\"elementor-element elementor-element-a631827 elementor-widget-divider--view-line elementor-widget elementor-widget-divider\" data-id=\"a631827\" data-element_type=\"widget\" data-e-type=\"widget\" data-widget_type=\"divider.default\">\n\t\t\t\t<div class=\"elementor-widget-container\">\n\t\t\t\t\t\t\t<div class=\"elementor-divider\">\n\t\t\t<span class=\"elementor-divider-separator\">\n\t\t\t\t\t\t<\/span>\n\t\t<\/div>\n\t\t\t\t\t\t<\/div>\n\t\t\t\t<\/div>\n\t\t\t\t<section class=\"elementor-section elementor-inner-section elementor-element elementor-element-baf671a elementor-section-boxed elementor-section-height-default elementor-section-height-default\" data-id=\"baf671a\" data-element_type=\"section\" data-e-type=\"section\">\n\t\t\t\t\t\t<div class=\"elementor-container elementor-column-gap-default\">\n\t\t\t\t\t<div class=\"aux-parallax-section elementor-column elementor-col-50 elementor-inner-column elementor-element elementor-element-0ad0f82\" data-id=\"0ad0f82\" data-element_type=\"column\" data-e-type=\"column\">\n\t\t\t<div class=\"elementor-widget-wrap elementor-element-populated\">\n\t\t\t\t\t\t<div class=\"elementor-element elementor-element-e1bd34a elementor-widget elementor-widget-text-editor\" data-id=\"e1bd34a\" data-element_type=\"widget\" data-e-type=\"widget\" data-widget_type=\"text-editor.default\">\n\t\t\t\t<div class=\"elementor-widget-container\">\n\t\t\t\t\t\t\t\t\t<p><strong>Technische Daten<\/strong><\/p>\t\t\t\t\t\t\t\t<\/div>\n\t\t\t\t<\/div>\n\t\t\t\t<div class=\"elementor-element elementor-element-875a205 elementor-widget elementor-widget-aux_icon_list\" data-id=\"875a205\" data-element_type=\"widget\" data-e-type=\"widget\" data-widget_type=\"aux_icon_list.default\">\n\t\t\t\t<div class=\"elementor-widget-container\">\n\t\t\t\t\t<section class=\"widget-container aux-widget-icon-list aux-parent-au3af7d3de\"><div class=\"widget-inner\"><div class=\"aux-widget-icon-list-inner\"><ul class=\"aux-icon-list-items aux-direction-default\"><li class=\"aux-icon-list-item aux-list-item-has-connector aux-list-item-has-icon aux-icon-list-item-7026593 elementor-repeater-item-7026593\"><span class=\"aux-icon-list-text\">Material<\/span><span class=\"aux-list-connector\"><\/span><span class=\"aux-icon-list-text2\">Polyester<\/span><\/li><li class=\"aux-icon-list-item aux-list-item-has-connector aux-list-item-has-icon aux-icon-list-item-1342462 elementor-repeater-item-1342462\"><span class=\"aux-icon-list-text\">Verf\u00fcgbare Gr\u00f6\u00dfen<\/span><span class=\"aux-list-connector\"><\/span><span class=\"aux-icon-list-text2\">100\u00d720 mm<\/span><\/li><li class=\"aux-icon-list-item aux-list-item-has-connector aux-list-item-has-icon aux-icon-list-item-655ae40 elementor-repeater-item-655ae40\"><span class=\"aux-icon-list-text\">Farben<\/span><span class=\"aux-list-connector\"><\/span><span class=\"aux-icon-list-text2\">Rot<\/span><\/li><li class=\"aux-icon-list-item aux-list-item-has-connector aux-list-item-has-icon aux-icon-list-item-aa27bbb elementor-repeater-item-aa27bbb\"><span class=\"aux-icon-list-text\">Klebstoffart<\/span><span class=\"aux-list-connector\"><\/span><span class=\"aux-icon-list-text2\">Nicht-permanent<\/span><\/li><li class=\"aux-icon-list-item aux-list-item-has-connector aux-list-item-has-icon aux-icon-list-item-2aba939 elementor-repeater-item-2aba939\"><span class=\"aux-icon-list-text\">Verpackungseinheit<\/span><span class=\"aux-list-connector\"><\/span><span class=\"aux-icon-list-text2\">1000 Etiketten pro Rolle<\/span><\/li><\/ul><\/div><\/div><\/section><!-- widget-container -->\t\t\t\t<\/div>\n\t\t\t\t<\/div>\n\t\t\t\t\t<\/div>\n\t\t<\/div>\n\t\t\t\t<div class=\"aux-parallax-section elementor-column elementor-col-50 elementor-inner-column elementor-element elementor-element-00e98da\" data-id=\"00e98da\" data-element_type=\"column\" data-e-type=\"column\">\n\t\t\t<div class=\"elementor-widget-wrap elementor-element-populated\">\n\t\t\t\t\t\t<div class=\"elementor-element elementor-element-f972efe elementor-widget elementor-widget-text-editor\" data-id=\"f972efe\" data-element_type=\"widget\" data-e-type=\"widget\" data-widget_type=\"text-editor.default\">\n\t\t\t\t<div class=\"elementor-widget-container\">\n\t\t\t\t\t\t\t\t\t<p><strong>Beschreibung<\/strong><\/p>\t\t\t\t\t\t\t\t<\/div>\n\t\t\t\t<\/div>\n\t\t\t\t<div class=\"elementor-element elementor-element-db93c84 elementor-widget elementor-widget-text-editor\" data-id=\"db93c84\" data-element_type=\"widget\" data-e-type=\"widget\" data-widget_type=\"text-editor.default\">\n\t\t\t\t<div class=\"elementor-widget-container\">\n\t\t\t\t\t\t\t\t\t<p>Das NON-RESIDUE-Sicherheitsetikett (100 \u00d7 20 mm) ist eine ideale L\u00f6sung zum manipulationssicheren Versiegeln von Bereichen, in denen herk\u00f6mmliche Plomben oder permanente Etiketten nicht infrage kommen \u2013 etwa an Eingangst\u00fcren, Transportfahrzeugen, Inspektionsklappen in Flugzeugen und anderen sensiblen Oberfl\u00e4chen.<\/p><p>Beim Abziehen erscheinen gut sichtbare VOID-Schriftz\u00fcge ausschlie\u00dflich auf dem Etikett selbst, w\u00e4hrend die beklebte Oberfl\u00e4che frei von Kleber\u00fcckst\u00e4nden oder Etikettenresten bleibt.<br \/>Dadurch eignet sich dieses Etikett besonders f\u00fcr Anwendungen mit regelm\u00e4\u00dfigem \u00d6ffnen und Schlie\u00dfen \u2013 die versiegelte Fl\u00e4che bleibt sauber, klebt nicht und wird z.\u202fB. beim t\u00e4glichen Gebrauch von Fahrzeugt\u00fcren oder lackierten Fl\u00e4chen nicht besch\u00e4digt.<\/p><p>Jedes Etikett ist mit einer individuellen Seriennummer versehen und erm\u00f6glicht so eine eindeutige Identifizierung und R\u00fcckverfolgbarkeit.<\/p><p>Anwendungsbereiche: Versiegelung von Eingangst\u00fcren, Transportfahrzeugen, Luftfahrzeuginspektionsklappen, Vitrinen, Dokumentenf\u00e4chern, Erste-Hilfe-Schr\u00e4nken.<\/p>\t\t\t\t\t\t\t\t<\/div>\n\t\t\t\t<\/div>\n\t\t\t\t\t<\/div>\n\t\t<\/div>\n\t\t\t\t\t<\/div>\n\t\t<\/section>\n\t\t\t\t\t<\/div>\n\t\t<\/div>\n\t\t\t\t\t<\/div>\n\t\t<\/section>\n\t\t\t\t<\/div>\n\t\t","protected":false},"excerpt":{"rendered":"<p>Die NON-RESIDUE-Sicherheitsetiketten von Immersafe erm\u00f6glichen eine manipulationssichere Versiegelung \u2013 ideal f\u00fcr T\u00fcren, Transportfahrzeuge und empfindliche Oberfl\u00e4chen. Beim Abziehen erscheint ein gut sichtbarer VOID-Hinweis ausschlie\u00dflich auf dem Etikett, w\u00e4hrend die Oberfl\u00e4che r\u00fcckstandsfrei bleibt.<\/p>\n","protected":false},"featured_media":5759,"template":"","meta":{"_acf_changed":false},"product_brand":[],"product_cat":[20,130,132,204,33,233,19,131],"product_tag":[],"class_list":{"0":"post-608","1":"product","2":"type-product","3":"status-publish","4":"has-post-thumbnail","6":"product_cat-etiketten-und-void-baender","7":"product_cat-non-transfer","8":"product_cat-papier-en-karton","9":"product_cat-sicherheitsetiketten","10":"product_cat-sicherheitsplomben","11":"product_cat-standard-sicherheitsetiketten","12":"product_cat-verschlusse-fur-behalter-und-fasser","13":"product_cat-zero-transfer","15":"first","16":"instock","17":"taxable","18":"shipping-taxable","19":"purchasable","20":"product-type-simple"},"acf":[],"tiered_pricing_type":"fixed","tiered_pricing_fixed_rules":[],"tiered_pricing_product_settings":{"layout":"default","base_unit_name":{"singular":null,"plural":null},"default_variation":null},"tiered_pricing_minimum_quantity":null,"tiered_pricing_roles_data":[],"tiered_pricing_percentage_rules":[],"_links":{"self":[{"href":"https:\/\/immersafe.de\/shop\/wp-json\/wp\/v2\/product\/608","targetHints":{"allow":["GET"]}}],"collection":[{"href":"https:\/\/immersafe.de\/shop\/wp-json\/wp\/v2\/product"}],"about":[{"href":"https:\/\/immersafe.de\/shop\/wp-json\/wp\/v2\/types\/product"}],"version-history":[{"count":14,"href":"https:\/\/immersafe.de\/shop\/wp-json\/wp\/v2\/product\/608\/revisions"}],"predecessor-version":[{"id":5764,"href":"https:\/\/immersafe.de\/shop\/wp-json\/wp\/v2\/product\/608\/revisions\/5764"}],"wp:featuredmedia":[{"embeddable":true,"href":"https:\/\/immersafe.de\/shop\/wp-json\/wp\/v2\/media\/5759"}],"wp:attachment":[{"href":"https:\/\/immersafe.de\/shop\/wp-json\/wp\/v2\/media?parent=608"}],"wp:term":[{"taxonomy":"product_brand","embeddable":true,"href":"https:\/\/immersafe.de\/shop\/wp-json\/wp\/v2\/product_brand?post=608"},{"taxonomy":"product_cat","embeddable":true,"href":"https:\/\/immersafe.de\/shop\/wp-json\/wp\/v2\/product_cat?post=608"},{"taxonomy":"product_tag","embeddable":true,"href":"https:\/\/immersafe.de\/shop\/wp-json\/wp\/v2\/product_tag?post=608"}],"curies":[{"name":"wp","href":"https:\/\/api.w.org\/{rel}","templated":true}]}}