{"id":610,"date":"2020-09-01T15:36:10","date_gmt":"2020-09-01T15:36:10","guid":{"rendered":"https:\/\/shop.immersafe.de\/?post_type=product&#038;p=610"},"modified":"2025-10-14T11:16:41","modified_gmt":"2025-10-14T11:16:41","slug":"schlusseltasche-210x130-mm","status":"publish","type":"product","link":"https:\/\/immersafe.de\/shop\/schlusseltasche-210x130-mm\/","title":{"rendered":"Schl\u00fcsseltasche 210&#215;130 mm"},"content":{"rendered":"\t\t<div data-elementor-type=\"wp-post\" data-elementor-id=\"610\" class=\"elementor elementor-610\">\n\t\t\t\t\t\t<section class=\"elementor-section elementor-top-section elementor-element elementor-element-2bca8762 elementor-section-boxed elementor-section-height-default elementor-section-height-default\" data-id=\"2bca8762\" data-element_type=\"section\" data-e-type=\"section\">\n\t\t\t\t\t\t<div class=\"elementor-container elementor-column-gap-default\">\n\t\t\t\t\t<div class=\"aux-parallax-section elementor-column elementor-col-100 elementor-top-column elementor-element elementor-element-399c38fb\" data-id=\"399c38fb\" data-element_type=\"column\" data-e-type=\"column\">\n\t\t\t<div class=\"elementor-widget-wrap elementor-element-populated\">\n\t\t\t\t\t\t<div class=\"elementor-element elementor-element-5f129d99 elementor-widget elementor-widget-text-editor\" data-id=\"5f129d99\" data-element_type=\"widget\" data-e-type=\"widget\" data-widget_type=\"text-editor.default\">\n\t\t\t\t<div class=\"elementor-widget-container\">\n\t\t\t\t\t\t\t\t\t<p>Sicherheitsschl\u00fcsseltasche mit Safe Lock Siegel. Zum Schutz von Schl\u00fcsseln, Datentr\u00e4gern und Zugangskarten. Mehrfarbige N\u00e4hte verhindern \u00d6ffnen und erneutes Vern\u00e4hen. Kammer mit Metallschloss, angen\u00e4htem durchsichtigen Fenster und erw\u00e4rmtem Inneren in der Tasche.<\/p><p><strong>Technische Daten:<\/strong><\/p><ul><li>Material: Cordura<\/li><li>Farben: Rot, Blau, Hellblau, Gr\u00fcn, Khaki<\/li><li>Ma\u00dfe: 210 x 130 mm<\/li><\/ul>\t\t\t\t\t\t\t\t<\/div>\n\t\t\t\t<\/div>\n\t\t\t\t\t<\/div>\n\t\t<\/div>\n\t\t\t\t\t<\/div>\n\t\t<\/section>\n\t\t\t\t<\/div>\n\t\t","protected":false},"excerpt":{"rendered":"<p>Sicherheitsschl\u00fcsseltasche mit Safe Lock Siegel. Zum Schutz von Schl\u00fcsseln, Datentr\u00e4gern und Zugangskarten. Mehrfarbige N\u00e4hte verhindern \u00d6ffnen und erneutes Vern\u00e4hen. Kammer mit Metallschloss, angen\u00e4htem durchsichtigen Fenster und erw\u00e4rmtem Inneren in der Tasche. Technische Daten: Material: Cordura Farben: Rot, Blau, Hellblau, Gr\u00fcn, Khaki Ma\u00dfe: 210 x 130 mm<\/p>\n","protected":false},"featured_media":494,"template":"","meta":{"_acf_changed":false},"product_brand":[],"product_cat":[72],"product_tag":[],"class_list":{"0":"post-610","1":"product","2":"type-product","3":"status-publish","4":"has-post-thumbnail","6":"product_cat-versiegelte-sicherheitstaschen","8":"first","9":"instock","10":"taxable","11":"shipping-taxable","12":"purchasable","13":"product-type-simple"},"acf":[],"tiered_pricing_type":"fixed","tiered_pricing_fixed_rules":[],"tiered_pricing_product_settings":{"layout":"default","base_unit_name":{"singular":null,"plural":null},"default_variation":null},"tiered_pricing_minimum_quantity":null,"tiered_pricing_roles_data":[],"tiered_pricing_percentage_rules":[],"_links":{"self":[{"href":"https:\/\/immersafe.de\/shop\/wp-json\/wp\/v2\/product\/610","targetHints":{"allow":["GET"]}}],"collection":[{"href":"https:\/\/immersafe.de\/shop\/wp-json\/wp\/v2\/product"}],"about":[{"href":"https:\/\/immersafe.de\/shop\/wp-json\/wp\/v2\/types\/product"}],"version-history":[{"count":1,"href":"https:\/\/immersafe.de\/shop\/wp-json\/wp\/v2\/product\/610\/revisions"}],"predecessor-version":[{"id":4916,"href":"https:\/\/immersafe.de\/shop\/wp-json\/wp\/v2\/product\/610\/revisions\/4916"}],"wp:featuredmedia":[{"embeddable":true,"href":"https:\/\/immersafe.de\/shop\/wp-json\/wp\/v2\/media\/494"}],"wp:attachment":[{"href":"https:\/\/immersafe.de\/shop\/wp-json\/wp\/v2\/media?parent=610"}],"wp:term":[{"taxonomy":"product_brand","embeddable":true,"href":"https:\/\/immersafe.de\/shop\/wp-json\/wp\/v2\/product_brand?post=610"},{"taxonomy":"product_cat","embeddable":true,"href":"https:\/\/immersafe.de\/shop\/wp-json\/wp\/v2\/product_cat?post=610"},{"taxonomy":"product_tag","embeddable":true,"href":"https:\/\/immersafe.de\/shop\/wp-json\/wp\/v2\/product_tag?post=610"}],"curies":[{"name":"wp","href":"https:\/\/api.w.org\/{rel}","templated":true}]}}