{"id":611,"date":"2020-09-01T15:38:44","date_gmt":"2020-09-01T15:38:44","guid":{"rendered":"https:\/\/shop.immersafe.de\/?post_type=product&#038;p=611"},"modified":"2026-04-09T12:28:21","modified_gmt":"2026-04-09T12:28:21","slug":"schlusseltasche-175x240x40-mm","status":"publish","type":"product","link":"https:\/\/immersafe.de\/shop\/schlusseltasche-175x240x40-mm\/","title":{"rendered":"Schl\u00fcsseltasche 175x240x40 mm"},"content":{"rendered":"\t\t<div data-elementor-type=\"wp-post\" data-elementor-id=\"611\" class=\"elementor elementor-611\">\n\t\t\t\t\t\t<section class=\"elementor-section elementor-top-section elementor-element elementor-element-edd5789 elementor-section-boxed elementor-section-height-default elementor-section-height-default\" data-id=\"edd5789\" data-element_type=\"section\" data-e-type=\"section\">\n\t\t\t\t\t\t<div class=\"elementor-container elementor-column-gap-default\">\n\t\t\t\t\t<div class=\"aux-parallax-section elementor-column elementor-col-100 elementor-top-column elementor-element elementor-element-cdf60a\" data-id=\"cdf60a\" data-element_type=\"column\" data-e-type=\"column\">\n\t\t\t<div class=\"elementor-widget-wrap elementor-element-populated\">\n\t\t\t\t\t\t<div class=\"elementor-element elementor-element-3b1a82b7 elementor-widget elementor-widget-text-editor\" data-id=\"3b1a82b7\" data-element_type=\"widget\" data-e-type=\"widget\" data-widget_type=\"text-editor.default\">\n\t\t\t\t<div class=\"elementor-widget-container\">\n\t\t\t\t\t\t\t\t\t<p><b>Beuteltasche, gesichert mit einer Safe-Lock-Versiegelung.<\/b><br data-start=\"136\" data-end=\"139\" \/>Zur sicheren Aufbewahrung von Schl\u00fcsseln, Datentr\u00e4gern und Zugangskarten. Farbige N\u00e4hte verhindern ein unbefugtes \u00d6ffnen und erneutes Vern\u00e4hen. Mit Fach und Metallschloss, eingen\u00e4htem Sichtfenster und innen thermisch versiegelt.<br \/><br \/><strong>Technische Daten:<\/strong><\/p><ul data-start=\"395\" data-end=\"508\"><li data-start=\"395\" data-end=\"420\">Material: Cordura<\/li><li data-start=\"421\" data-end=\"469\">Farben: Rot, Blau, Hellblau, Gr\u00fcn, Khaki<\/li><li data-start=\"470\" data-end=\"508\">Abmessungen: 175 \u00d7 240 \u00d7 40 mm<\/li><\/ul>\t\t\t\t\t\t\t\t<\/div>\n\t\t\t\t<\/div>\n\t\t\t\t\t<\/div>\n\t\t<\/div>\n\t\t\t\t\t<\/div>\n\t\t<\/section>\n\t\t\t\t<\/div>\n\t\t","protected":false},"excerpt":{"rendered":"<p>Beuteltasche, gesichert mit einer Safe-Lock-Versiegelung.Zur sicheren Aufbewahrung von Schl\u00fcsseln, Datentr\u00e4gern und Zugangskarten. Farbige N\u00e4hte verhindern ein unbefugtes \u00d6ffnen und erneutes Vern\u00e4hen. Mit Fach und Metallschloss, eingen\u00e4htem Sichtfenster und innen thermisch versiegelt. Technische Daten: Material: Cordura Farben: Rot, Blau, Hellblau, Gr\u00fcn, Khaki Abmessungen: 175 \u00d7 240 \u00d7 40 mm<\/p>\n","protected":false},"featured_media":612,"template":"","meta":{"_acf_changed":false},"product_brand":[],"product_cat":[72],"product_tag":[],"class_list":{"0":"post-611","1":"product","2":"type-product","3":"status-publish","4":"has-post-thumbnail","6":"product_cat-versiegelte-sicherheitstaschen","8":"first","9":"onbackorder","10":"taxable","11":"shipping-taxable","12":"purchasable","13":"product-type-simple"},"acf":[],"tiered_pricing_type":"fixed","tiered_pricing_fixed_rules":[],"tiered_pricing_product_settings":{"layout":"default","base_unit_name":{"singular":null,"plural":null},"default_variation":null},"tiered_pricing_minimum_quantity":null,"tiered_pricing_roles_data":[],"tiered_pricing_percentage_rules":[],"_links":{"self":[{"href":"https:\/\/immersafe.de\/shop\/wp-json\/wp\/v2\/product\/611","targetHints":{"allow":["GET"]}}],"collection":[{"href":"https:\/\/immersafe.de\/shop\/wp-json\/wp\/v2\/product"}],"about":[{"href":"https:\/\/immersafe.de\/shop\/wp-json\/wp\/v2\/types\/product"}],"version-history":[{"count":4,"href":"https:\/\/immersafe.de\/shop\/wp-json\/wp\/v2\/product\/611\/revisions"}],"predecessor-version":[{"id":7827,"href":"https:\/\/immersafe.de\/shop\/wp-json\/wp\/v2\/product\/611\/revisions\/7827"}],"wp:featuredmedia":[{"embeddable":true,"href":"https:\/\/immersafe.de\/shop\/wp-json\/wp\/v2\/media\/612"}],"wp:attachment":[{"href":"https:\/\/immersafe.de\/shop\/wp-json\/wp\/v2\/media?parent=611"}],"wp:term":[{"taxonomy":"product_brand","embeddable":true,"href":"https:\/\/immersafe.de\/shop\/wp-json\/wp\/v2\/product_brand?post=611"},{"taxonomy":"product_cat","embeddable":true,"href":"https:\/\/immersafe.de\/shop\/wp-json\/wp\/v2\/product_cat?post=611"},{"taxonomy":"product_tag","embeddable":true,"href":"https:\/\/immersafe.de\/shop\/wp-json\/wp\/v2\/product_tag?post=611"}],"curies":[{"name":"wp","href":"https:\/\/api.w.org\/{rel}","templated":true}]}}