{"id":614,"date":"2020-09-01T15:40:05","date_gmt":"2020-09-01T15:40:05","guid":{"rendered":"https:\/\/shop.immersafe.de\/?post_type=product&#038;p=614"},"modified":"2026-01-15T10:24:58","modified_gmt":"2026-01-15T10:24:58","slug":"schluesseltasche-267x220-mm","status":"publish","type":"product","link":"https:\/\/immersafe.de\/shop\/schluesseltasche-267x220-mm\/","title":{"rendered":"Schl\u00fcsseltasche 267&#215;220 mm"},"content":{"rendered":"\t\t<div data-elementor-type=\"wp-post\" data-elementor-id=\"614\" class=\"elementor elementor-614\">\n\t\t\t\t\t\t<section class=\"elementor-section elementor-top-section elementor-element elementor-element-52ef1592 elementor-section-boxed elementor-section-height-default elementor-section-height-default\" data-id=\"52ef1592\" data-element_type=\"section\" data-e-type=\"section\">\n\t\t\t\t\t\t<div class=\"elementor-container elementor-column-gap-default\">\n\t\t\t\t\t<div class=\"aux-parallax-section elementor-column elementor-col-100 elementor-top-column elementor-element elementor-element-248b5639\" data-id=\"248b5639\" data-element_type=\"column\" data-e-type=\"column\">\n\t\t\t<div class=\"elementor-widget-wrap elementor-element-populated\">\n\t\t\t\t\t\t<div class=\"elementor-element elementor-element-a111385 elementor-widget elementor-widget-text-editor\" data-id=\"a111385\" data-element_type=\"widget\" data-e-type=\"widget\" data-widget_type=\"text-editor.default\">\n\t\t\t\t<div class=\"elementor-widget-container\">\n\t\t\t\t\t\t\t\t\t<p>Sicherheitsversiegelte Schl\u00fcsseltasche mit Safe Lock-Versiegelung zum Schutz von Schl\u00fcsseln, Datentr\u00e4gern und Zugangskarten. Mehrfarbige N\u00e4hte verhindern das \u00d6ffnen und erneute Vern\u00e4hen.<\/p><p>Metallverschlusskammer, angen\u00e4htes durchsichtiges Fenster und hitzebest\u00e4ndig im Inneren der Tasche.<\/p><p><strong>Technische Daten:<\/strong><\/p><ul><li>Material &#8211; Cordura<\/li><li>Farbe &#8211; rot, blau, hellblau, gr\u00fcn, khaki<\/li><li>Abmessungen &#8211; 267 x 220 mm<\/li><\/ul>\t\t\t\t\t\t\t\t<\/div>\n\t\t\t\t<\/div>\n\t\t\t\t\t<\/div>\n\t\t<\/div>\n\t\t\t\t\t<\/div>\n\t\t<\/section>\n\t\t\t\t<\/div>\n\t\t","protected":false},"excerpt":{"rendered":"<p>Sicherheitsversiegelte Schl\u00fcsseltasche mit Safe Lock-Versiegelung zum Schutz von Schl\u00fcsseln, Datentr\u00e4gern und Zugangskarten. Mehrfarbige N\u00e4hte verhindern das \u00d6ffnen und erneute Vern\u00e4hen. Metallverschlusskammer, angen\u00e4htes durchsichtiges Fenster und hitzebest\u00e4ndig im Inneren der Tasche. Technische Daten: Material &#8211; Cordura Farbe &#8211; rot, blau, hellblau, gr\u00fcn, khaki Abmessungen &#8211; 267 x 220 mm<\/p>\n","protected":false},"featured_media":1414,"template":"","meta":{"_acf_changed":false},"product_brand":[],"product_cat":[72],"product_tag":[],"class_list":{"0":"post-614","1":"product","2":"type-product","3":"status-publish","4":"has-post-thumbnail","6":"product_cat-versiegelte-sicherheitstaschen","8":"first","9":"onbackorder","10":"taxable","11":"shipping-taxable","12":"purchasable","13":"product-type-simple"},"acf":[],"tiered_pricing_type":"fixed","tiered_pricing_fixed_rules":[],"tiered_pricing_product_settings":{"layout":"default","base_unit_name":{"singular":null,"plural":null},"default_variation":null},"tiered_pricing_minimum_quantity":null,"tiered_pricing_roles_data":[],"tiered_pricing_percentage_rules":[],"_links":{"self":[{"href":"https:\/\/immersafe.de\/shop\/wp-json\/wp\/v2\/product\/614","targetHints":{"allow":["GET"]}}],"collection":[{"href":"https:\/\/immersafe.de\/shop\/wp-json\/wp\/v2\/product"}],"about":[{"href":"https:\/\/immersafe.de\/shop\/wp-json\/wp\/v2\/types\/product"}],"version-history":[{"count":1,"href":"https:\/\/immersafe.de\/shop\/wp-json\/wp\/v2\/product\/614\/revisions"}],"predecessor-version":[{"id":7557,"href":"https:\/\/immersafe.de\/shop\/wp-json\/wp\/v2\/product\/614\/revisions\/7557"}],"wp:featuredmedia":[{"embeddable":true,"href":"https:\/\/immersafe.de\/shop\/wp-json\/wp\/v2\/media\/1414"}],"wp:attachment":[{"href":"https:\/\/immersafe.de\/shop\/wp-json\/wp\/v2\/media?parent=614"}],"wp:term":[{"taxonomy":"product_brand","embeddable":true,"href":"https:\/\/immersafe.de\/shop\/wp-json\/wp\/v2\/product_brand?post=614"},{"taxonomy":"product_cat","embeddable":true,"href":"https:\/\/immersafe.de\/shop\/wp-json\/wp\/v2\/product_cat?post=614"},{"taxonomy":"product_tag","embeddable":true,"href":"https:\/\/immersafe.de\/shop\/wp-json\/wp\/v2\/product_tag?post=614"}],"curies":[{"name":"wp","href":"https:\/\/api.w.org\/{rel}","templated":true}]}}