{"id":615,"date":"2020-09-01T15:42:08","date_gmt":"2020-09-01T15:42:08","guid":{"rendered":"https:\/\/shop.immersafe.de\/?post_type=product&#038;p=615"},"modified":"2026-01-21T15:59:44","modified_gmt":"2026-01-21T15:59:44","slug":"sicherheitsklebeband-rot","status":"publish","type":"product","link":"https:\/\/immersafe.de\/shop\/sicherheitsklebeband-rot\/","title":{"rendered":"Sicherheitsklebeband Rot"},"content":{"rendered":"\t\t<div data-elementor-type=\"wp-post\" data-elementor-id=\"615\" class=\"elementor elementor-615\">\n\t\t\t\t\t\t<section class=\"elementor-section elementor-top-section elementor-element elementor-element-26ac231 elementor-section-boxed elementor-section-height-default elementor-section-height-default\" data-id=\"26ac231\" data-element_type=\"section\" data-e-type=\"section\">\n\t\t\t\t\t\t<div class=\"elementor-container elementor-column-gap-default\">\n\t\t\t\t\t<div class=\"aux-parallax-section elementor-column elementor-col-100 elementor-top-column elementor-element elementor-element-2fff1dca\" data-id=\"2fff1dca\" data-element_type=\"column\" data-e-type=\"column\">\n\t\t\t<div class=\"elementor-widget-wrap elementor-element-populated\">\n\t\t\t\t\t\t<div class=\"elementor-element elementor-element-13d0bff4 elementor-widget elementor-widget-text-editor\" data-id=\"13d0bff4\" data-element_type=\"widget\" data-e-type=\"widget\" data-widget_type=\"text-editor.default\">\n\t\t\t\t<div class=\"elementor-widget-container\">\n\t\t\t\t\t\t\t\t\t<p>Die Security-Tape ist eine ideale M\u00f6glichkeit, um Ihre Kartons oder Umschl\u00e4ge zu versiegeln. Unsere Security-Tape kann entweder als Band aufgetragen werden oder durch Perforationen auch als einzelne Etiketten verwendet werden, wobei jedes Etikett mit einer aufsteigenden, einzigartigen Nummer versehen ist.<\/p><p>Sobald das Band aufgetragen ist, kann es nicht mehr unbemerkt entfernt werden. Wenn das Band abgezogen wird, erscheint eine VOID-Mitteilung. Unser Security-Tape ist Full-Transfer und hinterl\u00e4sst daher auch eine VOID-Mitteilung auf dem Untergrund.<\/p><p><strong>Technische Daten:<\/strong><\/p><ul><li>Material: Polyethylen<\/li><li>Band ist Full-Transfer-Tape<\/li><li>L\u00e4nge betr\u00e4gt 50 Meter<\/li><li>Etikettenabmessungen betragen 45&#215;152,4mm es gibt 328 Lieferungen<\/li><li>Farbe: Rot<\/li><\/ul>\t\t\t\t\t\t\t\t<\/div>\n\t\t\t\t<\/div>\n\t\t\t\t\t<\/div>\n\t\t<\/div>\n\t\t\t\t\t<\/div>\n\t\t<\/section>\n\t\t\t\t<section class=\"elementor-section elementor-top-section elementor-element elementor-element-305966d elementor-section-boxed elementor-section-height-default elementor-section-height-default\" data-id=\"305966d\" data-element_type=\"section\" data-e-type=\"section\">\n\t\t\t\t\t\t<div class=\"elementor-container elementor-column-gap-default\">\n\t\t\t\t\t<div class=\"aux-parallax-section elementor-column elementor-col-100 elementor-top-column elementor-element elementor-element-bbf548f\" data-id=\"bbf548f\" data-element_type=\"column\" data-e-type=\"column\">\n\t\t\t<div class=\"elementor-widget-wrap elementor-element-populated\">\n\t\t\t\t\t\t<div class=\"elementor-element elementor-element-c7506a9 elementor-widget elementor-widget-heading\" data-id=\"c7506a9\" data-element_type=\"widget\" data-e-type=\"widget\" data-widget_type=\"heading.default\">\n\t\t\t\t<div class=\"elementor-widget-container\">\n\t\t\t\t\t<h2 class=\"elementor-heading-title elementor-size-default\">Maximale Sicherheit f\u00fcr Ihre Sendungen<\/h2>\t\t\t\t<\/div>\n\t\t\t\t<\/div>\n\t\t\t\t<div class=\"elementor-element elementor-element-01f054f elementor-widget elementor-widget-text-editor\" data-id=\"01f054f\" data-element_type=\"widget\" data-e-type=\"widget\" data-widget_type=\"text-editor.default\">\n\t\t\t\t<div class=\"elementor-widget-container\">\n\t\t\t\t\t\t\t\t\t<p>Das<strong data-start=\"4\" data-end=\"33\"> Sicherheitsklebeband Braun<\/strong>\u00a0von Immersafe ist speziell entwickelt, um unbefugte \u00d6ffnungsversuche sofort sichtbar zu machen. Beim Abl\u00f6sen erscheint der Hinweis &#8222;OPENED&#8220;, der Manipulationen eindeutig kennzeichnet und so die Integrit\u00e4t Ihrer Sendungen gew\u00e4hrleistet.<\/p>\t\t\t\t\t\t\t\t<\/div>\n\t\t\t\t<\/div>\n\t\t\t\t<div class=\"elementor-element elementor-element-af5612d elementor-widget-divider--view-line elementor-widget elementor-widget-divider\" data-id=\"af5612d\" data-element_type=\"widget\" data-e-type=\"widget\" data-widget_type=\"divider.default\">\n\t\t\t\t<div class=\"elementor-widget-container\">\n\t\t\t\t\t\t\t<div class=\"elementor-divider\">\n\t\t\t<span class=\"elementor-divider-separator\">\n\t\t\t\t\t\t<\/span>\n\t\t<\/div>\n\t\t\t\t\t\t<\/div>\n\t\t\t\t<\/div>\n\t\t\t\t<section class=\"elementor-section elementor-inner-section elementor-element elementor-element-93f8407 elementor-section-boxed elementor-section-height-default elementor-section-height-default\" data-id=\"93f8407\" data-element_type=\"section\" data-e-type=\"section\">\n\t\t\t\t\t\t<div class=\"elementor-container elementor-column-gap-default\">\n\t\t\t\t\t<div class=\"aux-parallax-section elementor-column elementor-col-50 elementor-inner-column elementor-element elementor-element-62ac2cb\" data-id=\"62ac2cb\" data-element_type=\"column\" data-e-type=\"column\">\n\t\t\t<div class=\"elementor-widget-wrap elementor-element-populated\">\n\t\t\t\t\t\t<div class=\"elementor-element elementor-element-25673da elementor-widget elementor-widget-text-editor\" data-id=\"25673da\" data-element_type=\"widget\" data-e-type=\"widget\" data-widget_type=\"text-editor.default\">\n\t\t\t\t<div class=\"elementor-widget-container\">\n\t\t\t\t\t\t\t\t\t<p><strong>Technische Daten<\/strong><\/p>\t\t\t\t\t\t\t\t<\/div>\n\t\t\t\t<\/div>\n\t\t\t\t<div class=\"elementor-element elementor-element-e85ba65 elementor-widget elementor-widget-aux_icon_list\" data-id=\"e85ba65\" data-element_type=\"widget\" data-e-type=\"widget\" data-widget_type=\"aux_icon_list.default\">\n\t\t\t\t<div class=\"elementor-widget-container\">\n\t\t\t\t\t<section class=\"widget-container aux-widget-icon-list aux-parent-au1f5f7a86\"><div class=\"widget-inner\"><div class=\"aux-widget-icon-list-inner\"><ul class=\"aux-icon-list-items aux-direction-default\"><li class=\"aux-icon-list-item aux-list-item-has-connector aux-list-item-has-icon aux-icon-list-item-7026593 elementor-repeater-item-7026593\"><span class=\"aux-icon-list-text\">Farbe<\/span><span class=\"aux-list-connector\"><\/span><span class=\"aux-icon-list-text2\">Rot<\/span><\/li><li class=\"aux-icon-list-item aux-list-item-has-connector aux-list-item-has-icon aux-icon-list-item-1342462 elementor-repeater-item-1342462\"><span class=\"aux-icon-list-text\">Breite<\/span><span class=\"aux-list-connector\"><\/span><span class=\"aux-icon-list-text2\">50 mm<\/span><\/li><li class=\"aux-icon-list-item aux-list-item-has-connector aux-list-item-has-icon aux-icon-list-item-655ae40 elementor-repeater-item-655ae40\"><span class=\"aux-icon-list-text\">L\u00e4nge<\/span><span class=\"aux-list-connector\"><\/span><span class=\"aux-icon-list-text2\">150 mm es gibt 266 Lieferungen<\/span><\/li><li class=\"aux-icon-list-item aux-list-item-has-connector aux-list-item-has-icon aux-icon-list-item-f1c3fc9 elementor-repeater-item-f1c3fc9\"><span class=\"aux-icon-list-text\">Material<\/span><span class=\"aux-list-connector\"><\/span><span class=\"aux-icon-list-text2\">Polyesterfolie<\/span><\/li><li class=\"aux-icon-list-item aux-list-item-has-connector aux-list-item-has-icon aux-icon-list-item-aa27bbb elementor-repeater-item-aa27bbb\"><span class=\"aux-icon-list-text\">Klebstoff<\/span><span class=\"aux-list-connector\"><\/span><span class=\"aux-icon-list-text2\">Acrylat-Dispersion<\/span><\/li><\/ul><\/div><\/div><\/section><!-- widget-container -->\t\t\t\t<\/div>\n\t\t\t\t<\/div>\n\t\t\t\t<div class=\"elementor-element elementor-element-f4c7d4c elementor-widget-divider--view-line elementor-widget elementor-widget-divider\" data-id=\"f4c7d4c\" data-element_type=\"widget\" data-e-type=\"widget\" data-widget_type=\"divider.default\">\n\t\t\t\t<div class=\"elementor-widget-container\">\n\t\t\t\t\t\t\t<div class=\"elementor-divider\">\n\t\t\t<span class=\"elementor-divider-separator\">\n\t\t\t\t\t\t<\/span>\n\t\t<\/div>\n\t\t\t\t\t\t<\/div>\n\t\t\t\t<\/div>\n\t\t\t\t<div class=\"elementor-element elementor-element-61e8919 elementor-widget elementor-widget-text-editor\" data-id=\"61e8919\" data-element_type=\"widget\" data-e-type=\"widget\" data-widget_type=\"text-editor.default\">\n\t\t\t\t<div class=\"elementor-widget-container\">\n\t\t\t\t\t\t\t\t\t<p><strong>Anwendungsbereiche<\/strong><\/p>\t\t\t\t\t\t\t\t<\/div>\n\t\t\t\t<\/div>\n\t\t\t\t<div class=\"elementor-element elementor-element-c467847 elementor-widget elementor-widget-text-editor\" data-id=\"c467847\" data-element_type=\"widget\" data-e-type=\"widget\" data-widget_type=\"text-editor.default\">\n\t\t\t\t<div class=\"elementor-widget-container\">\n\t\t\t\t\t\t\t\t\t<ul><li><strong>Versand von hochwertigen Waren:<\/strong> Schmuck, Elektronik, Dokumente.<\/li><li data-start=\"1051\" data-end=\"1122\"><strong data-start=\"1051\" data-end=\"1082\">Sicherung von Verpackungen:<\/strong> Kartons, Kisten, Umschl\u00e4ge.<\/li><li data-start=\"1125\" data-end=\"1212\"><strong data-start=\"1125\" data-end=\"1172\">Einsatz in sicherheitsrelevanten Bereichen:<\/strong> Lager, Logistikzentren, Flugh\u00e4fen.<\/li><li data-start=\"1125\" data-end=\"1212\"><strong data-start=\"1215\" data-end=\"1251\">Verhindert unbemerkte \u00d6ffnungen:<\/strong> Sch\u00fctzt vor Diebstahl und Manipulation.<\/li><\/ul>\t\t\t\t\t\t\t\t<\/div>\n\t\t\t\t<\/div>\n\t\t\t\t\t<\/div>\n\t\t<\/div>\n\t\t\t\t<div class=\"aux-parallax-section elementor-column elementor-col-50 elementor-inner-column elementor-element elementor-element-aeb1c88\" data-id=\"aeb1c88\" data-element_type=\"column\" data-e-type=\"column\">\n\t\t\t<div class=\"elementor-widget-wrap elementor-element-populated\">\n\t\t\t\t\t\t<div class=\"elementor-element elementor-element-8f9d1c3 elementor-widget elementor-widget-text-editor\" data-id=\"8f9d1c3\" data-element_type=\"widget\" data-e-type=\"widget\" data-widget_type=\"text-editor.default\">\n\t\t\t\t<div class=\"elementor-widget-container\">\n\t\t\t\t\t\t\t\t\t<p><strong>Produkteigenschaften<\/strong><\/p>\t\t\t\t\t\t\t\t<\/div>\n\t\t\t\t<\/div>\n\t\t\t\t<div class=\"elementor-element elementor-element-0c04a71 elementor-widget elementor-widget-text-editor\" data-id=\"0c04a71\" data-element_type=\"widget\" data-e-type=\"widget\" data-widget_type=\"text-editor.default\">\n\t\t\t\t<div class=\"elementor-widget-container\">\n\t\t\t\t\t\t\t\t\t<ul><li><strong>Manipulationsnachweis:<\/strong> Beim Entfernen des Bandes erscheint der Hinweis &#8222;OPENED&#8220;, der unbefugte Zugriffe sofort sichtbar macht.<\/li><li data-start=\"642\" data-end=\"703\"><strong data-start=\"642\" data-end=\"663\">Starke Klebkraft:<\/strong> Das Band haftet zuverl\u00e4ssig auf verschiedenen Oberfl\u00e4chen wie Karton, Kunststoff oder Metall.<\/li><li data-start=\"706\" data-end=\"766\"><strong data-start=\"706\" data-end=\"726\">Leises Abrollen:<\/strong> F\u00fcr eine angenehme Anwendung ohne st\u00f6rende Ger\u00e4usche.<\/li><li data-start=\"769\" data-end=\"832\"><strong data-start=\"769\" data-end=\"792\">Luftfrachtgeeignet:<\/strong> Entspricht den Sicherheitsanforderungen f\u00fcr den Versand per Luftfracht.<\/li><li data-start=\"835\" data-end=\"937\"><strong data-start=\"835\" data-end=\"858\">Einfache Anwendung:<\/strong> Kann manuell oder mit handels\u00fcblichen Abrollern verwendet warden.<\/li><\/ul>\t\t\t\t\t\t\t\t<\/div>\n\t\t\t\t<\/div>\n\t\t\t\t\t<\/div>\n\t\t<\/div>\n\t\t\t\t\t<\/div>\n\t\t<\/section>\n\t\t\t\t\t<\/div>\n\t\t<\/div>\n\t\t\t\t\t<\/div>\n\t\t<\/section>\n\t\t\t\t<\/div>\n\t\t","protected":false},"excerpt":{"rendered":"<p>Das Sicherheitsklebeband Rot von Immersafe bietet zuverl\u00e4ssigen Schutz vor unbefugtem Zugriff. Beim Entfernen hinterl\u00e4sst es einen sichtbaren &#8222;OPENED&#8220;-Hinweis, der Manipulationsversuche sofort erkennbar macht. Ideal f\u00fcr den Versand hochwertiger Waren und den Einsatz in sicherheitsrelevanten Bereichen.<\/p>\n","protected":false},"featured_media":619,"template":"","meta":{"_acf_changed":false},"product_brand":[],"product_cat":[20,142,115,205,33,235,275,19],"product_tag":[],"class_list":{"0":"post-615","1":"product","2":"type-product","3":"status-publish","4":"has-post-thumbnail","6":"product_cat-etiketten-und-void-baender","7":"product_cat-full-transfer","8":"product_cat-luftfracht","9":"product_cat-sicherheitsband","10":"product_cat-sicherheitsplomben","11":"product_cat-standard-sicherheitsklebeband","12":"product_cat-unsere-bestseller","13":"product_cat-verschlusse-fur-behalter-und-fasser","15":"first","16":"instock","17":"taxable","18":"shipping-taxable","19":"purchasable","20":"product-type-simple"},"acf":[],"tiered_pricing_type":"fixed","tiered_pricing_fixed_rules":[],"tiered_pricing_product_settings":{"layout":"default","base_unit_name":{"singular":null,"plural":null},"default_variation":null},"tiered_pricing_minimum_quantity":null,"tiered_pricing_roles_data":[],"tiered_pricing_percentage_rules":[],"_links":{"self":[{"href":"https:\/\/immersafe.de\/shop\/wp-json\/wp\/v2\/product\/615","targetHints":{"allow":["GET"]}}],"collection":[{"href":"https:\/\/immersafe.de\/shop\/wp-json\/wp\/v2\/product"}],"about":[{"href":"https:\/\/immersafe.de\/shop\/wp-json\/wp\/v2\/types\/product"}],"version-history":[{"count":6,"href":"https:\/\/immersafe.de\/shop\/wp-json\/wp\/v2\/product\/615\/revisions"}],"predecessor-version":[{"id":6164,"href":"https:\/\/immersafe.de\/shop\/wp-json\/wp\/v2\/product\/615\/revisions\/6164"}],"wp:featuredmedia":[{"embeddable":true,"href":"https:\/\/immersafe.de\/shop\/wp-json\/wp\/v2\/media\/619"}],"wp:attachment":[{"href":"https:\/\/immersafe.de\/shop\/wp-json\/wp\/v2\/media?parent=615"}],"wp:term":[{"taxonomy":"product_brand","embeddable":true,"href":"https:\/\/immersafe.de\/shop\/wp-json\/wp\/v2\/product_brand?post=615"},{"taxonomy":"product_cat","embeddable":true,"href":"https:\/\/immersafe.de\/shop\/wp-json\/wp\/v2\/product_cat?post=615"},{"taxonomy":"product_tag","embeddable":true,"href":"https:\/\/immersafe.de\/shop\/wp-json\/wp\/v2\/product_tag?post=615"}],"curies":[{"name":"wp","href":"https:\/\/api.w.org\/{rel}","templated":true}]}}