{"id":623,"date":"2020-09-01T15:44:14","date_gmt":"2020-09-01T15:44:14","guid":{"rendered":"https:\/\/shop.immersafe.de\/?post_type=product&#038;p=623"},"modified":"2025-10-10T11:49:21","modified_gmt":"2025-10-10T11:49:21","slug":"sicherheitsklebeband-braun","status":"publish","type":"product","link":"https:\/\/immersafe.de\/shop\/sicherheitsklebeband-braun\/","title":{"rendered":"Sicherheitsklebeband Braun"},"content":{"rendered":"\t\t<div data-elementor-type=\"wp-post\" data-elementor-id=\"623\" class=\"elementor elementor-623\">\n\t\t\t\t\t\t<section class=\"elementor-section elementor-top-section elementor-element elementor-element-50c3dc9 elementor-section-boxed elementor-section-height-default elementor-section-height-default\" data-id=\"50c3dc9\" data-element_type=\"section\" data-e-type=\"section\">\n\t\t\t\t\t\t<div class=\"elementor-container elementor-column-gap-default\">\n\t\t\t\t\t<div class=\"aux-parallax-section elementor-column elementor-col-100 elementor-top-column elementor-element elementor-element-4b66617a\" data-id=\"4b66617a\" data-element_type=\"column\" data-e-type=\"column\">\n\t\t\t<div class=\"elementor-widget-wrap elementor-element-populated\">\n\t\t\t\t\t\t<div class=\"elementor-element elementor-element-5f67db8c elementor-widget elementor-widget-text-editor\" data-id=\"5f67db8c\" data-element_type=\"widget\" data-e-type=\"widget\" data-widget_type=\"text-editor.default\">\n\t\t\t\t<div class=\"elementor-widget-container\">\n\t\t\t\t\t\t\t\t\t<p>Die Sicherheitsklebeband ist eine ideale M\u00f6glichkeit, um Ihre Kartons oder Umschl\u00e4ge zu versiegeln. Unser Sicherheitsklebeband kann als Klebeband angebracht werden, aber aufgrund der Perforationen k\u00f6nnen sie auch als separate Etiketten verwendet werden. Jedes Etikett ist mit einer eindeutigen fortlaufenden Nummer versehen. Sobald das Klebeband angebracht ist, kann es nicht mehr unbemerkt entfernt werden. Wenn das Band abgezogen wird, erscheint eine VOID-Nachricht. Unser Sicherheitsklebeband ist vollst\u00e4ndig \u00fcbertragbar und hinterl\u00e4sst daher auch eine VOID-Nachricht auf der Oberfl\u00e4che.<\/p><p><strong>Technische Daten:<\/strong><\/p><ul><li>Material: Polyethylen<\/li><li>Band ist Full-Transfer-Tape<\/li><li>L\u00e4nge betr\u00e4gt 50 Meter<\/li><li>Etikettenabmessungen betragen 45&#215;152,4mm es gibt 328 Lieferungen<\/li><li>Farbe: Rot<\/li><\/ul><p><strong>Technische Daten:<\/strong><\/p><ul><li>Material: Polyethylen<\/li><li>Band ist Full-Transfer-Tape<\/li><li>L\u00e4nge betr\u00e4gt 50 Meter<\/li><li>Etikettenabmessungen betragen 45&#215;152,4mm es gibt 328 Lieferungen<\/li><li>Farbe: Braun<\/li><\/ul>\t\t\t\t\t\t\t\t<\/div>\n\t\t\t\t<\/div>\n\t\t\t\t\t<\/div>\n\t\t<\/div>\n\t\t\t\t\t<\/div>\n\t\t<\/section>\n\t\t\t\t<section class=\"elementor-section elementor-top-section elementor-element elementor-element-80d9c27 elementor-section-boxed elementor-section-height-default elementor-section-height-default\" data-id=\"80d9c27\" data-element_type=\"section\" data-e-type=\"section\">\n\t\t\t\t\t\t<div class=\"elementor-container elementor-column-gap-default\">\n\t\t\t\t\t<div class=\"aux-parallax-section elementor-column elementor-col-100 elementor-top-column elementor-element elementor-element-b19f08f\" data-id=\"b19f08f\" data-element_type=\"column\" data-e-type=\"column\">\n\t\t\t<div class=\"elementor-widget-wrap elementor-element-populated\">\n\t\t\t\t\t\t<div class=\"elementor-element elementor-element-72b73c8 elementor-widget elementor-widget-heading\" data-id=\"72b73c8\" data-element_type=\"widget\" data-e-type=\"widget\" data-widget_type=\"heading.default\">\n\t\t\t\t<div class=\"elementor-widget-container\">\n\t\t\t\t\t<h2 class=\"elementor-heading-title elementor-size-default\">Maximale Sicherheit f\u00fcr Ihre Sendungen<\/h2>\t\t\t\t<\/div>\n\t\t\t\t<\/div>\n\t\t\t\t<div class=\"elementor-element elementor-element-a9f8a6d elementor-widget elementor-widget-text-editor\" data-id=\"a9f8a6d\" data-element_type=\"widget\" data-e-type=\"widget\" data-widget_type=\"text-editor.default\">\n\t\t\t\t<div class=\"elementor-widget-container\">\n\t\t\t\t\t\t\t\t\t<p>Das<strong data-start=\"4\" data-end=\"33\"> Sicherheitsklebeband Braun <\/strong>von Immersafe ist speziell entwickelt, um unbefugte \u00d6ffnungsversuche sofort sichtbar zu machen. Beim Abl\u00f6sen erscheint der Hinweis &#8222;OPENED&#8220;, der Manipulationen eindeutig kennzeichnet und so die Integrit\u00e4t Ihrer Sendungen gew\u00e4hrleistet.<\/p>\t\t\t\t\t\t\t\t<\/div>\n\t\t\t\t<\/div>\n\t\t\t\t<div class=\"elementor-element elementor-element-730f495 elementor-widget-divider--view-line elementor-widget elementor-widget-divider\" data-id=\"730f495\" data-element_type=\"widget\" data-e-type=\"widget\" data-widget_type=\"divider.default\">\n\t\t\t\t<div class=\"elementor-widget-container\">\n\t\t\t\t\t\t\t<div class=\"elementor-divider\">\n\t\t\t<span class=\"elementor-divider-separator\">\n\t\t\t\t\t\t<\/span>\n\t\t<\/div>\n\t\t\t\t\t\t<\/div>\n\t\t\t\t<\/div>\n\t\t\t\t<section class=\"elementor-section elementor-inner-section elementor-element elementor-element-abdd1ee elementor-section-boxed elementor-section-height-default elementor-section-height-default\" data-id=\"abdd1ee\" data-element_type=\"section\" data-e-type=\"section\">\n\t\t\t\t\t\t<div class=\"elementor-container elementor-column-gap-default\">\n\t\t\t\t\t<div class=\"aux-parallax-section elementor-column elementor-col-50 elementor-inner-column elementor-element elementor-element-ae2f86e\" data-id=\"ae2f86e\" data-element_type=\"column\" data-e-type=\"column\">\n\t\t\t<div class=\"elementor-widget-wrap elementor-element-populated\">\n\t\t\t\t\t\t<div class=\"elementor-element elementor-element-26d9bc4 elementor-widget elementor-widget-text-editor\" data-id=\"26d9bc4\" data-element_type=\"widget\" data-e-type=\"widget\" data-widget_type=\"text-editor.default\">\n\t\t\t\t<div class=\"elementor-widget-container\">\n\t\t\t\t\t\t\t\t\t<p><strong>Technische Daten<\/strong><\/p>\t\t\t\t\t\t\t\t<\/div>\n\t\t\t\t<\/div>\n\t\t\t\t<div class=\"elementor-element elementor-element-c77a249 elementor-widget elementor-widget-aux_icon_list\" data-id=\"c77a249\" data-element_type=\"widget\" data-e-type=\"widget\" data-widget_type=\"aux_icon_list.default\">\n\t\t\t\t<div class=\"elementor-widget-container\">\n\t\t\t\t\t<section class=\"widget-container aux-widget-icon-list aux-parent-aufc9bdbb3\"><div class=\"widget-inner\"><div class=\"aux-widget-icon-list-inner\"><ul class=\"aux-icon-list-items aux-direction-default\"><li class=\"aux-icon-list-item aux-list-item-has-connector aux-list-item-has-icon aux-icon-list-item-7026593 elementor-repeater-item-7026593\"><span class=\"aux-icon-list-text\">Farbe<\/span><span class=\"aux-list-connector\"><\/span><span class=\"aux-icon-list-text2\">Braun<\/span><\/li><li class=\"aux-icon-list-item aux-list-item-has-connector aux-list-item-has-icon aux-icon-list-item-1342462 elementor-repeater-item-1342462\"><span class=\"aux-icon-list-text\">Breite<\/span><span class=\"aux-list-connector\"><\/span><span class=\"aux-icon-list-text2\">45 mm<\/span><\/li><li class=\"aux-icon-list-item aux-list-item-has-connector aux-list-item-has-icon aux-icon-list-item-655ae40 elementor-repeater-item-655ae40\"><span class=\"aux-icon-list-text\">L\u00e4nge<\/span><span class=\"aux-list-connector\"><\/span><span class=\"aux-icon-list-text2\">152,4 mm es gibt 328 Lieferungen<\/span><\/li><li class=\"aux-icon-list-item aux-list-item-has-connector aux-list-item-has-icon aux-icon-list-item-f1c3fc9 elementor-repeater-item-f1c3fc9\"><span class=\"aux-icon-list-text\">Material<\/span><span class=\"aux-list-connector\"><\/span><span class=\"aux-icon-list-text2\">Polyesterfolie<\/span><\/li><li class=\"aux-icon-list-item aux-list-item-has-connector aux-list-item-has-icon aux-icon-list-item-aa27bbb elementor-repeater-item-aa27bbb\"><span class=\"aux-icon-list-text\">Klebstoff<\/span><span class=\"aux-list-connector\"><\/span><span class=\"aux-icon-list-text2\">Acrylat-Dispersion<\/span><\/li><\/ul><\/div><\/div><\/section><!-- widget-container -->\t\t\t\t<\/div>\n\t\t\t\t<\/div>\n\t\t\t\t<div class=\"elementor-element elementor-element-ae77f11 elementor-widget-divider--view-line elementor-widget elementor-widget-divider\" data-id=\"ae77f11\" data-element_type=\"widget\" data-e-type=\"widget\" data-widget_type=\"divider.default\">\n\t\t\t\t<div class=\"elementor-widget-container\">\n\t\t\t\t\t\t\t<div class=\"elementor-divider\">\n\t\t\t<span class=\"elementor-divider-separator\">\n\t\t\t\t\t\t<\/span>\n\t\t<\/div>\n\t\t\t\t\t\t<\/div>\n\t\t\t\t<\/div>\n\t\t\t\t<div class=\"elementor-element elementor-element-1a2dd9c elementor-widget elementor-widget-text-editor\" data-id=\"1a2dd9c\" data-element_type=\"widget\" data-e-type=\"widget\" data-widget_type=\"text-editor.default\">\n\t\t\t\t<div class=\"elementor-widget-container\">\n\t\t\t\t\t\t\t\t\t<p><strong>Anwendungsbereiche<\/strong><\/p>\t\t\t\t\t\t\t\t<\/div>\n\t\t\t\t<\/div>\n\t\t\t\t<div class=\"elementor-element elementor-element-3bf8afd elementor-widget elementor-widget-text-editor\" data-id=\"3bf8afd\" data-element_type=\"widget\" data-e-type=\"widget\" data-widget_type=\"text-editor.default\">\n\t\t\t\t<div class=\"elementor-widget-container\">\n\t\t\t\t\t\t\t\t\t<ul><li><strong>Versand von hochwertigen Waren:<\/strong> Schmuck, Elektronik, Dokumente.<\/li><li data-start=\"1051\" data-end=\"1122\"><strong data-start=\"1051\" data-end=\"1082\">Sicherung von Verpackungen:<\/strong> Kartons, Kisten, Umschl\u00e4ge.<\/li><li data-start=\"1125\" data-end=\"1212\"><strong data-start=\"1125\" data-end=\"1172\">Einsatz in sicherheitsrelevanten Bereichen:<\/strong> Lager, Logistikzentren, Flugh\u00e4fen.<\/li><li data-start=\"1125\" data-end=\"1212\"><strong data-start=\"1215\" data-end=\"1251\">Verhindert unbemerkte \u00d6ffnungen:<\/strong> Sch\u00fctzt vor Diebstahl und Manipulation.<\/li><\/ul>\t\t\t\t\t\t\t\t<\/div>\n\t\t\t\t<\/div>\n\t\t\t\t\t<\/div>\n\t\t<\/div>\n\t\t\t\t<div class=\"aux-parallax-section elementor-column elementor-col-50 elementor-inner-column elementor-element elementor-element-cdb7b81\" data-id=\"cdb7b81\" data-element_type=\"column\" data-e-type=\"column\">\n\t\t\t<div class=\"elementor-widget-wrap elementor-element-populated\">\n\t\t\t\t\t\t<div class=\"elementor-element elementor-element-f1fa92c elementor-widget elementor-widget-text-editor\" data-id=\"f1fa92c\" data-element_type=\"widget\" data-e-type=\"widget\" data-widget_type=\"text-editor.default\">\n\t\t\t\t<div class=\"elementor-widget-container\">\n\t\t\t\t\t\t\t\t\t<p><strong>Produkteigenschaften<\/strong><\/p>\t\t\t\t\t\t\t\t<\/div>\n\t\t\t\t<\/div>\n\t\t\t\t<div class=\"elementor-element elementor-element-4d0bc42 elementor-widget elementor-widget-text-editor\" data-id=\"4d0bc42\" data-element_type=\"widget\" data-e-type=\"widget\" data-widget_type=\"text-editor.default\">\n\t\t\t\t<div class=\"elementor-widget-container\">\n\t\t\t\t\t\t\t\t\t<ul><li><strong>Manipulationsnachweis:<\/strong> Beim Entfernen des Bandes erscheint der Hinweis &#8222;OPENED&#8220;, der unbefugte Zugriffe sofort sichtbar macht.<\/li><li data-start=\"642\" data-end=\"703\"><strong data-start=\"642\" data-end=\"663\">Starke Klebkraft:<\/strong> Das Band haftet zuverl\u00e4ssig auf verschiedenen Oberfl\u00e4chen wie Karton, Kunststoff oder Metall.<\/li><li data-start=\"706\" data-end=\"766\"><strong data-start=\"706\" data-end=\"726\">Leises Abrollen:<\/strong> F\u00fcr eine angenehme Anwendung ohne st\u00f6rende Ger\u00e4usche.<\/li><li data-start=\"769\" data-end=\"832\"><strong data-start=\"769\" data-end=\"792\">Luftfrachtgeeignet:<\/strong> Entspricht den Sicherheitsanforderungen f\u00fcr den Versand per Luftfracht.<\/li><li data-start=\"835\" data-end=\"937\"><strong data-start=\"835\" data-end=\"858\">Einfache Anwendung:<\/strong> Kann manuell oder mit handels\u00fcblichen Abrollern verwendet warden.<\/li><\/ul>\t\t\t\t\t\t\t\t<\/div>\n\t\t\t\t<\/div>\n\t\t\t\t\t<\/div>\n\t\t<\/div>\n\t\t\t\t\t<\/div>\n\t\t<\/section>\n\t\t\t\t\t<\/div>\n\t\t<\/div>\n\t\t\t\t\t<\/div>\n\t\t<\/section>\n\t\t\t\t<\/div>\n\t\t","protected":false},"excerpt":{"rendered":"<p>Das Sicherheitsklebeband Braun von Immersafe bietet zuverl\u00e4ssigen Schutz vor unbefugtem Zugriff. Beim Entfernen hinterl\u00e4sst es einen sichtbaren &#8222;OPENED&#8220;-Hinweis, der Manipulationsversuche sofort erkennbar macht. Ideal f\u00fcr den Versand hochwertiger Waren und den Einsatz in sicherheitsrelevanten Bereichen.<\/p>\n","protected":false},"featured_media":616,"template":"","meta":{"_acf_changed":false},"product_brand":[],"product_cat":[20,142,115,205,33,235,19],"product_tag":[],"class_list":{"0":"post-623","1":"product","2":"type-product","3":"status-publish","4":"has-post-thumbnail","6":"product_cat-etiketten-und-void-baender","7":"product_cat-full-transfer","8":"product_cat-luftfracht","9":"product_cat-sicherheitsband","10":"product_cat-sicherheitsplomben","11":"product_cat-standard-sicherheitsklebeband","12":"product_cat-verschlusse-fur-behalter-und-fasser","14":"first","15":"instock","16":"taxable","17":"shipping-taxable","18":"purchasable","19":"product-type-simple"},"acf":[],"tiered_pricing_type":"fixed","tiered_pricing_fixed_rules":[],"tiered_pricing_product_settings":{"layout":"default","base_unit_name":{"singular":null,"plural":null},"default_variation":null},"tiered_pricing_minimum_quantity":null,"tiered_pricing_roles_data":[],"tiered_pricing_percentage_rules":[],"_links":{"self":[{"href":"https:\/\/immersafe.de\/shop\/wp-json\/wp\/v2\/product\/623","targetHints":{"allow":["GET"]}}],"collection":[{"href":"https:\/\/immersafe.de\/shop\/wp-json\/wp\/v2\/product"}],"about":[{"href":"https:\/\/immersafe.de\/shop\/wp-json\/wp\/v2\/types\/product"}],"version-history":[{"count":7,"href":"https:\/\/immersafe.de\/shop\/wp-json\/wp\/v2\/product\/623\/revisions"}],"predecessor-version":[{"id":6444,"href":"https:\/\/immersafe.de\/shop\/wp-json\/wp\/v2\/product\/623\/revisions\/6444"}],"wp:featuredmedia":[{"embeddable":true,"href":"https:\/\/immersafe.de\/shop\/wp-json\/wp\/v2\/media\/616"}],"wp:attachment":[{"href":"https:\/\/immersafe.de\/shop\/wp-json\/wp\/v2\/media?parent=623"}],"wp:term":[{"taxonomy":"product_brand","embeddable":true,"href":"https:\/\/immersafe.de\/shop\/wp-json\/wp\/v2\/product_brand?post=623"},{"taxonomy":"product_cat","embeddable":true,"href":"https:\/\/immersafe.de\/shop\/wp-json\/wp\/v2\/product_cat?post=623"},{"taxonomy":"product_tag","embeddable":true,"href":"https:\/\/immersafe.de\/shop\/wp-json\/wp\/v2\/product_tag?post=623"}],"curies":[{"name":"wp","href":"https:\/\/api.w.org\/{rel}","templated":true}]}}