{"id":67,"date":"2018-11-27T09:44:42","date_gmt":"2018-11-27T09:44:42","guid":{"rendered":"http:\/\/demo.accesspressthemes.com\/store-mart-lite\/?post_type=product&#038;p=67"},"modified":"2026-01-23T16:34:18","modified_gmt":"2026-01-23T16:34:18","slug":"guard-lock-stb-containerplombe","status":"publish","type":"product","link":"https:\/\/immersafe.de\/shop\/guard-lock-stb-containerplombe\/","title":{"rendered":"Guard Lock STB Containerplombe"},"content":{"rendered":"\t\t<div data-elementor-type=\"wp-post\" data-elementor-id=\"67\" class=\"elementor elementor-67\">\n\t\t\t\t\t\t<section class=\"elementor-section elementor-top-section elementor-element elementor-element-de7c0e7 elementor-section-boxed elementor-section-height-default elementor-section-height-default\" data-id=\"de7c0e7\" data-element_type=\"section\" data-e-type=\"section\">\n\t\t\t\t\t\t<div class=\"elementor-container elementor-column-gap-default\">\n\t\t\t\t\t<div class=\"aux-parallax-section elementor-column elementor-col-100 elementor-top-column elementor-element elementor-element-7990ae2\" data-id=\"7990ae2\" data-element_type=\"column\" data-e-type=\"column\">\n\t\t\t<div class=\"elementor-widget-wrap elementor-element-populated\">\n\t\t\t\t\t\t<div class=\"elementor-element elementor-element-a6edc20 elementor-widget elementor-widget-heading\" data-id=\"a6edc20\" data-element_type=\"widget\" data-e-type=\"widget\" data-widget_type=\"heading.default\">\n\t\t\t\t<div class=\"elementor-widget-container\">\n\t\t\t\t\t<h2 class=\"elementor-heading-title elementor-size-default\">Guard Lock STB Containerplombe \u2013 H\u00f6chstsicherheit f\u00fcr den internationalen Transport<\/h2>\t\t\t\t<\/div>\n\t\t\t\t<\/div>\n\t\t\t\t<div class=\"elementor-element elementor-element-73faa15 elementor-widget elementor-widget-text-editor\" data-id=\"73faa15\" data-element_type=\"widget\" data-e-type=\"widget\" data-widget_type=\"text-editor.default\">\n\t\t\t\t<div class=\"elementor-widget-container\">\n\t\t\t\t\t\t\t\t\t<p>Die <strong>Guard Lock Containerplombe mit Etikette<\/strong> kombiniert die Sicherheit einer <strong>ISO 17712:2013-zertifizierten Hochsicherheitsplombe<\/strong> mit der <strong>praktischen Etikettenl\u00f6sung<\/strong> zur einfachen Dokumentation und R\u00fcckverfolgbarkeit. Die integrierte Etikette mit Seriennummer oder Barcode l\u00e4sst sich leicht abziehen und in Frachtpapiere einkleben \u2013 ideal f\u00fcr alle Logistikprozesse.<\/p><p>Diese <strong>Einweg-Bolzenplombe<\/strong> ist aus geh\u00e4rtetem Stahl gefertigt, mit Kunststoff ummantelt und bietet <strong>extrem hohe Zugfestigkeit<\/strong> sowie eine <strong>klare Manipulationsanzeige<\/strong>. Die farbliche Kennzeichnung unterst\u00fctzt die visuelle Zuordnung.<\/p>\t\t\t\t\t\t\t\t<\/div>\n\t\t\t\t<\/div>\n\t\t\t\t<div class=\"elementor-element elementor-element-0769bda elementor-widget-divider--view-line elementor-widget elementor-widget-divider\" data-id=\"0769bda\" data-element_type=\"widget\" data-e-type=\"widget\" data-widget_type=\"divider.default\">\n\t\t\t\t<div class=\"elementor-widget-container\">\n\t\t\t\t\t\t\t<div class=\"elementor-divider\">\n\t\t\t<span class=\"elementor-divider-separator\">\n\t\t\t\t\t\t<\/span>\n\t\t<\/div>\n\t\t\t\t\t\t<\/div>\n\t\t\t\t<\/div>\n\t\t\t\t<section class=\"elementor-section elementor-inner-section elementor-element elementor-element-0201aae elementor-section-boxed elementor-section-height-default elementor-section-height-default\" data-id=\"0201aae\" data-element_type=\"section\" data-e-type=\"section\">\n\t\t\t\t\t\t<div class=\"elementor-container elementor-column-gap-default\">\n\t\t\t\t\t<div class=\"aux-parallax-section elementor-column elementor-col-50 elementor-inner-column elementor-element elementor-element-e745a7c\" data-id=\"e745a7c\" data-element_type=\"column\" data-e-type=\"column\">\n\t\t\t<div class=\"elementor-widget-wrap elementor-element-populated\">\n\t\t\t\t\t\t<div class=\"elementor-element elementor-element-229bd98 elementor-widget elementor-widget-text-editor\" data-id=\"229bd98\" data-element_type=\"widget\" data-e-type=\"widget\" data-widget_type=\"text-editor.default\">\n\t\t\t\t<div class=\"elementor-widget-container\">\n\t\t\t\t\t\t\t\t\t<p><strong>Technische Daten<\/strong><\/p>\t\t\t\t\t\t\t\t<\/div>\n\t\t\t\t<\/div>\n\t\t\t\t<div class=\"elementor-element elementor-element-71e7f79 elementor-widget elementor-widget-wl-product-additional-information\" data-id=\"71e7f79\" data-element_type=\"widget\" data-e-type=\"widget\" data-widget_type=\"wl-product-additional-information.default\">\n\t\t\t\t<div class=\"elementor-widget-container\">\n\t\t\t\t\t\n\t<h2>Zus\u00e4tzliche Informationen<\/h2>\n\n\t\t\t\t<\/div>\n\t\t\t\t<\/div>\n\t\t\t\t<div class=\"elementor-element elementor-element-364d0b2 elementor-widget-divider--view-line elementor-widget elementor-widget-divider\" data-id=\"364d0b2\" data-element_type=\"widget\" data-e-type=\"widget\" data-widget_type=\"divider.default\">\n\t\t\t\t<div class=\"elementor-widget-container\">\n\t\t\t\t\t\t\t<div class=\"elementor-divider\">\n\t\t\t<span class=\"elementor-divider-separator\">\n\t\t\t\t\t\t<\/span>\n\t\t<\/div>\n\t\t\t\t\t\t<\/div>\n\t\t\t\t<\/div>\n\t\t\t\t<div class=\"elementor-element elementor-element-cf4cc4f elementor-widget elementor-widget-text-editor\" data-id=\"cf4cc4f\" data-element_type=\"widget\" data-e-type=\"widget\" data-widget_type=\"text-editor.default\">\n\t\t\t\t<div class=\"elementor-widget-container\">\n\t\t\t\t\t\t\t\t\t<h4>Ob bei Speditionen, im Hafenumschlag oder bei internationalen Exporten \u2013 die <strong>Guard Lock STB Containerplombe<\/strong> bietet zuverl\u00e4ssigen Schutz Ihrer Fracht.<\/h4>\t\t\t\t\t\t\t\t<\/div>\n\t\t\t\t<\/div>\n\t\t\t\t\t<\/div>\n\t\t<\/div>\n\t\t\t\t<div class=\"aux-parallax-section elementor-column elementor-col-50 elementor-inner-column elementor-element elementor-element-8bc6a6e\" data-id=\"8bc6a6e\" data-element_type=\"column\" data-e-type=\"column\">\n\t\t\t<div class=\"elementor-widget-wrap elementor-element-populated\">\n\t\t\t\t\t\t<div class=\"elementor-element elementor-element-e26f514 elementor-widget elementor-widget-text-editor\" data-id=\"e26f514\" data-element_type=\"widget\" data-e-type=\"widget\" data-widget_type=\"text-editor.default\">\n\t\t\t\t<div class=\"elementor-widget-container\">\n\t\t\t\t\t\t\t\t\t<p><strong>Einsatzbereiche<\/strong><\/p>\t\t\t\t\t\t\t\t<\/div>\n\t\t\t\t<\/div>\n\t\t\t\t<div class=\"elementor-element elementor-element-007a3cd elementor-widget elementor-widget-text-editor\" data-id=\"007a3cd\" data-element_type=\"widget\" data-e-type=\"widget\" data-widget_type=\"text-editor.default\">\n\t\t\t\t<div class=\"elementor-widget-container\">\n\t\t\t\t\t\t\t\t\t<ul><li>H\u00f6chster Manipulationsschutz<\/li><li>Visuelle Kontrolle durch Farbkennzeichnung<\/li><li>Einfache Anwendung bei gleichbleibend hoher Sicherheit<\/li><li>Ideal f\u00fcr die globale Lieferkette<\/li><\/ul>\t\t\t\t\t\t\t\t<\/div>\n\t\t\t\t<\/div>\n\t\t\t\t<div class=\"elementor-element elementor-element-af74d09 elementor-widget-divider--view-line elementor-widget elementor-widget-divider\" data-id=\"af74d09\" data-element_type=\"widget\" data-e-type=\"widget\" data-widget_type=\"divider.default\">\n\t\t\t\t<div class=\"elementor-widget-container\">\n\t\t\t\t\t\t\t<div class=\"elementor-divider\">\n\t\t\t<span class=\"elementor-divider-separator\">\n\t\t\t\t\t\t<\/span>\n\t\t<\/div>\n\t\t\t\t\t\t<\/div>\n\t\t\t\t<\/div>\n\t\t\t\t<div class=\"elementor-element elementor-element-24176b1 elementor-widget elementor-widget-text-editor\" data-id=\"24176b1\" data-element_type=\"widget\" data-e-type=\"widget\" data-widget_type=\"text-editor.default\">\n\t\t\t\t<div class=\"elementor-widget-container\">\n\t\t\t\t\t\t\t\t\t<p><strong>Produktmerkmale<\/strong><\/p>\t\t\t\t\t\t\t\t<\/div>\n\t\t\t\t<\/div>\n\t\t\t\t<div class=\"elementor-element elementor-element-dfae42a elementor-widget elementor-widget-text-editor\" data-id=\"dfae42a\" data-element_type=\"widget\" data-e-type=\"widget\" data-widget_type=\"text-editor.default\">\n\t\t\t\t<div class=\"elementor-widget-container\">\n\t\t\t\t\t\t\t\t\t<ul><li>ISO 17712:2013 zertifiziert &amp; C-TPAT konform<\/li><li>Hochsicherheits-Bolzenplombe mit STB-Technologie<\/li><li>Stahlkern mit farbiger Kunststoffummantelung<\/li><li>Nur mit Bolzenschneider entfernbar<\/li><li>Seriennummer per Lasergravur<\/li><li>Sichtbarer Manipulationsnachweis<\/li><li>Geeignet f\u00fcr Frachtcontainer, LKWs, Bahnwaggons<\/li><\/ul>\t\t\t\t\t\t\t\t<\/div>\n\t\t\t\t<\/div>\n\t\t\t\t\t<\/div>\n\t\t<\/div>\n\t\t\t\t\t<\/div>\n\t\t<\/section>\n\t\t\t\t\t<\/div>\n\t\t<\/div>\n\t\t\t\t\t<\/div>\n\t\t<\/section>\n\t\t\t\t<\/div>\n\t\t","protected":false},"excerpt":{"rendered":"<p>Die <strong>ISO Guard Lock STB Containerplombe<\/strong> ist eine <strong>robuste Bolzenplombe<\/strong> f\u00fcr h\u00f6chste Sicherheitsanforderungen im Containerverkehr. Dieses Siegel erf\u00fcllt die Anforderungen der ISO17712:2013 (High Security Seal) und C-TPAT und eignet sich daher.<\/p>\n","protected":false},"featured_media":5899,"template":"","meta":{"_acf_changed":false},"product_brand":[],"product_cat":[133,113,106,36,117,59,115,33,112,19,116],"product_tag":[],"class_list":{"0":"post-67","1":"product","2":"type-product","3":"status-publish","4":"has-post-thumbnail","6":"product_cat-bolt-seals","7":"product_cat-c-tpat","8":"product_cat-container","9":"product_cat-containerplomben","10":"product_cat-eisenbahn","11":"product_cat-high-security-plomben","12":"product_cat-luftfracht","13":"product_cat-sicherheitsplomben","14":"product_cat-sicherheitsplomben-mit-iso-177122013","15":"product_cat-verschlusse-fur-behalter-und-fasser","16":"product_cat-zugwaggon","18":"first","19":"instock","20":"taxable","21":"shipping-taxable","22":"purchasable","23":"product-type-simple"},"acf":[],"tiered_pricing_type":"fixed","tiered_pricing_fixed_rules":[],"tiered_pricing_product_settings":{"layout":"default","base_unit_name":{"singular":null,"plural":null},"default_variation":null},"tiered_pricing_minimum_quantity":null,"tiered_pricing_roles_data":[],"tiered_pricing_percentage_rules":[],"_links":{"self":[{"href":"https:\/\/immersafe.de\/shop\/wp-json\/wp\/v2\/product\/67","targetHints":{"allow":["GET"]}}],"collection":[{"href":"https:\/\/immersafe.de\/shop\/wp-json\/wp\/v2\/product"}],"about":[{"href":"https:\/\/immersafe.de\/shop\/wp-json\/wp\/v2\/types\/product"}],"version-history":[{"count":16,"href":"https:\/\/immersafe.de\/shop\/wp-json\/wp\/v2\/product\/67\/revisions"}],"predecessor-version":[{"id":7712,"href":"https:\/\/immersafe.de\/shop\/wp-json\/wp\/v2\/product\/67\/revisions\/7712"}],"wp:featuredmedia":[{"embeddable":true,"href":"https:\/\/immersafe.de\/shop\/wp-json\/wp\/v2\/media\/5899"}],"wp:attachment":[{"href":"https:\/\/immersafe.de\/shop\/wp-json\/wp\/v2\/media?parent=67"}],"wp:term":[{"taxonomy":"product_brand","embeddable":true,"href":"https:\/\/immersafe.de\/shop\/wp-json\/wp\/v2\/product_brand?post=67"},{"taxonomy":"product_cat","embeddable":true,"href":"https:\/\/immersafe.de\/shop\/wp-json\/wp\/v2\/product_cat?post=67"},{"taxonomy":"product_tag","embeddable":true,"href":"https:\/\/immersafe.de\/shop\/wp-json\/wp\/v2\/product_tag?post=67"}],"curies":[{"name":"wp","href":"https:\/\/api.w.org\/{rel}","templated":true}]}}