{"id":714,"date":"2020-09-14T15:49:54","date_gmt":"2020-09-14T15:49:54","guid":{"rendered":"https:\/\/shop.immersafe.de\/?post_type=product&#038;p=714"},"modified":"2025-09-18T11:39:19","modified_gmt":"2025-09-18T11:39:19","slug":"sicherheitstasche-jumbo-transparent","status":"publish","type":"product","link":"https:\/\/immersafe.de\/shop\/sicherheitstasche-jumbo-transparent\/","title":{"rendered":"Sicherheitstasche Jumbo \u2013 transparent"},"content":{"rendered":"\t\t<div data-elementor-type=\"wp-post\" data-elementor-id=\"714\" class=\"elementor elementor-714\">\n\t\t\t\t\t\t<section class=\"elementor-section elementor-top-section elementor-element elementor-element-6d052af4 elementor-section-boxed elementor-section-height-default elementor-section-height-default\" data-id=\"6d052af4\" data-element_type=\"section\" data-e-type=\"section\">\n\t\t\t\t\t\t<div class=\"elementor-container elementor-column-gap-default\">\n\t\t\t\t\t<div class=\"aux-parallax-section elementor-column elementor-col-100 elementor-top-column elementor-element elementor-element-7ef80420\" data-id=\"7ef80420\" data-element_type=\"column\" data-e-type=\"column\">\n\t\t\t<div class=\"elementor-widget-wrap elementor-element-populated\">\n\t\t\t\t\t\t<div class=\"elementor-element elementor-element-4ac43951 elementor-widget elementor-widget-text-editor\" data-id=\"4ac43951\" data-element_type=\"widget\" data-e-type=\"widget\" data-widget_type=\"text-editor.default\">\n\t\t\t\t<div class=\"elementor-widget-container\">\n\t\t\t\t\t\t\t\t\t<p>Diese Sicherheitstasche ist entworfen worden, um Gegenst\u00e4nde und Beweismaterialien mit hohem Wert, Gas- und Stromz\u00e4hler sowie Fundgegenst\u00e4nde zu lagern und zu versiegeln. Das eingearbeitete Handgriff erleichtert den Transport. Sobald die Tasche verschlossen und versiegelt ist, kann sie nicht mehr unbemerkt ge\u00f6ffnet und wieder geschlossen werden. Der Klebstreifen ist mit Sicherheitsband ausgestattet, das VOID-Meldungen nach dem \u00d6ffnen anzeigt. Alle anderen Seiten sind doppelt verschwei\u00dft und mit einem Aufdruck versehen. Die Sicherheit unserer Jumbo-Sicherheitstasche wird von Institutionen best\u00e4tigt, die mit dem forensischen Labor zusammenarbeiten.<\/p><p><strong> TECHNISCHE DATEN:<\/strong><\/p><ul><li>Farbe: Transparent<\/li><li>Ma\u00dfe: 470&#215;390 mm<\/li><li>Material: Polyethylen.<\/li><\/ul>\t\t\t\t\t\t\t\t<\/div>\n\t\t\t\t<\/div>\n\t\t\t\t\t<\/div>\n\t\t<\/div>\n\t\t\t\t\t<\/div>\n\t\t<\/section>\n\t\t\t\t<\/div>\n\t\t","protected":false},"excerpt":{"rendered":"<p>M\u00fcnzumschlag mit einer Tragf\u00e4higkeit von 15 kg sind speziell f\u00fcr den sicheren Transport und die Aufbewahrung von M\u00fcnzgeld konzipiert.<\/p>\n","protected":false},"featured_media":6031,"template":"","meta":{"_acf_changed":false},"product_brand":[],"product_cat":[152,143,23,144],"product_tag":[],"class_list":{"0":"post-714","1":"product","2":"type-product","3":"status-publish","4":"has-post-thumbnail","6":"product_cat-muenzumschlaege","7":"product_cat-secure-bag","8":"product_cat-sicherheitstaschen","9":"product_cat-sicherheitsumschlag","11":"first","12":"instock","13":"taxable","14":"shipping-taxable","15":"purchasable","16":"product-type-simple"},"acf":[],"tiered_pricing_type":"fixed","tiered_pricing_fixed_rules":[],"tiered_pricing_product_settings":{"layout":"default","base_unit_name":{"singular":null,"plural":null},"default_variation":null},"tiered_pricing_minimum_quantity":null,"tiered_pricing_roles_data":[],"tiered_pricing_percentage_rules":[],"_links":{"self":[{"href":"https:\/\/immersafe.de\/shop\/wp-json\/wp\/v2\/product\/714","targetHints":{"allow":["GET"]}}],"collection":[{"href":"https:\/\/immersafe.de\/shop\/wp-json\/wp\/v2\/product"}],"about":[{"href":"https:\/\/immersafe.de\/shop\/wp-json\/wp\/v2\/types\/product"}],"version-history":[{"count":2,"href":"https:\/\/immersafe.de\/shop\/wp-json\/wp\/v2\/product\/714\/revisions"}],"predecessor-version":[{"id":6032,"href":"https:\/\/immersafe.de\/shop\/wp-json\/wp\/v2\/product\/714\/revisions\/6032"}],"wp:featuredmedia":[{"embeddable":true,"href":"https:\/\/immersafe.de\/shop\/wp-json\/wp\/v2\/media\/6031"}],"wp:attachment":[{"href":"https:\/\/immersafe.de\/shop\/wp-json\/wp\/v2\/media?parent=714"}],"wp:term":[{"taxonomy":"product_brand","embeddable":true,"href":"https:\/\/immersafe.de\/shop\/wp-json\/wp\/v2\/product_brand?post=714"},{"taxonomy":"product_cat","embeddable":true,"href":"https:\/\/immersafe.de\/shop\/wp-json\/wp\/v2\/product_cat?post=714"},{"taxonomy":"product_tag","embeddable":true,"href":"https:\/\/immersafe.de\/shop\/wp-json\/wp\/v2\/product_tag?post=714"}],"curies":[{"name":"wp","href":"https:\/\/api.w.org\/{rel}","templated":true}]}}