{"id":718,"date":"2020-09-14T16:02:50","date_gmt":"2020-09-14T16:02:50","guid":{"rendered":"https:\/\/shop.immersafe.de\/?post_type=product&#038;p=718"},"modified":"2025-10-10T11:34:35","modified_gmt":"2025-10-10T11:34:35","slug":"secure-bag-260x350-mm-b4-undurchsichtig-weis","status":"publish","type":"product","link":"https:\/\/immersafe.de\/shop\/secure-bag-260x350-mm-b4-undurchsichtig-weis\/","title":{"rendered":"Secure Bag 260&#215;350 mm (B4) \u2013 undurchsichtig\/wei\u00df"},"content":{"rendered":"\t\t<div data-elementor-type=\"wp-post\" data-elementor-id=\"718\" class=\"elementor elementor-718\">\n\t\t\t\t\t\t<section class=\"elementor-section elementor-top-section elementor-element elementor-element-10fd3180 elementor-section-boxed elementor-section-height-default elementor-section-height-default\" data-id=\"10fd3180\" data-element_type=\"section\" data-e-type=\"section\">\n\t\t\t\t\t\t<div class=\"elementor-container elementor-column-gap-default\">\n\t\t\t\t\t<div class=\"aux-parallax-section elementor-column elementor-col-100 elementor-top-column elementor-element elementor-element-4765afcc\" data-id=\"4765afcc\" data-element_type=\"column\" data-e-type=\"column\">\n\t\t\t<div class=\"elementor-widget-wrap elementor-element-populated\">\n\t\t\t\t\t\t<div class=\"elementor-element elementor-element-3827c5d2 elementor-widget elementor-widget-text-editor\" data-id=\"3827c5d2\" data-element_type=\"widget\" data-e-type=\"widget\" data-widget_type=\"text-editor.default\">\n\t\t\t\t<div class=\"elementor-widget-container\">\n\t\t\t\t\t\t\t\t\t<p>Die Seal Bag (auch Sicherheitst\u00fcte oder Security Bag genannt) sind geeignet zum Versenden und Aufbewahren von wertvollen G\u00fctern. Durch Verwendung der Seal Bag wird eine Diskussion mit Kunden oder Instituten vermieden.<\/p><p>Die Seal Bag ist besonders geeignet zur sicheren Aufbewahrung oder zum Versenden von Geld, Dokumenten und wichtigen Gegenst\u00e4nden.<\/p><p>Sobald der Beutel geschlossen\/versiegelt ist, ist es unm\u00f6glich, ihn unbeobachtet zu \u00f6ffnen und wieder zu schlie\u00dfen. Der Klebestreifen ist mit Sicherheitsband versehen, bei dem nach dem \u00d6ffnen eine VOID-Nachricht erscheint. Die anderen Seiten sind mit doppelten Schwei\u00dfn\u00e4hten versehen, bei denen auch ein Druck vorhanden ist.<\/p><p>Auf allen unseren Seal Bags befindet sich eine einzigartige aufsteigende Nummer mit einem Barcode.<\/p><p><b>Technische Daten:<\/b><\/p><ul><li>Farbe:<\/li><li>Undurchsichtig\/Wei\u00df<\/li><li>Gr\u00f6\u00dfe: 260&#215;350 mm<\/li><li>Material: Polyethylen<\/li><li>Dicke: 60 Mikron<\/li><\/ul>\t\t\t\t\t\t\t\t<\/div>\n\t\t\t\t<\/div>\n\t\t\t\t\t<\/div>\n\t\t<\/div>\n\t\t\t\t\t<\/div>\n\t\t<\/section>\n\t\t\t\t<\/div>\n\t\t","protected":false},"excerpt":{"rendered":"<p>Sicherheitstaschen dienen der sicheren Aufbewahrung und dem Transport von Bargeld, wertvollen Gegenst\u00e4nden (z. B. Schmuckpreziosen), vertraulichen Dokumenten sowie Materialproben.<\/p>\n","protected":false},"featured_media":2032,"template":"","meta":{"_acf_changed":false},"product_brand":[],"product_cat":[143,23,144],"product_tag":[],"class_list":{"0":"post-718","1":"product","2":"type-product","3":"status-publish","4":"has-post-thumbnail","6":"product_cat-secure-bag","7":"product_cat-sicherheitstaschen","8":"product_cat-sicherheitsumschlag","10":"first","11":"instock","12":"taxable","13":"shipping-taxable","14":"purchasable","15":"product-type-simple"},"acf":[],"tiered_pricing_type":"fixed","tiered_pricing_fixed_rules":[],"tiered_pricing_product_settings":{"layout":"default","base_unit_name":{"singular":null,"plural":null},"default_variation":null},"tiered_pricing_minimum_quantity":null,"tiered_pricing_roles_data":[],"tiered_pricing_percentage_rules":[],"_links":{"self":[{"href":"https:\/\/immersafe.de\/shop\/wp-json\/wp\/v2\/product\/718","targetHints":{"allow":["GET"]}}],"collection":[{"href":"https:\/\/immersafe.de\/shop\/wp-json\/wp\/v2\/product"}],"about":[{"href":"https:\/\/immersafe.de\/shop\/wp-json\/wp\/v2\/types\/product"}],"version-history":[{"count":3,"href":"https:\/\/immersafe.de\/shop\/wp-json\/wp\/v2\/product\/718\/revisions"}],"predecessor-version":[{"id":6440,"href":"https:\/\/immersafe.de\/shop\/wp-json\/wp\/v2\/product\/718\/revisions\/6440"}],"wp:featuredmedia":[{"embeddable":true,"href":"https:\/\/immersafe.de\/shop\/wp-json\/wp\/v2\/media\/2032"}],"wp:attachment":[{"href":"https:\/\/immersafe.de\/shop\/wp-json\/wp\/v2\/media?parent=718"}],"wp:term":[{"taxonomy":"product_brand","embeddable":true,"href":"https:\/\/immersafe.de\/shop\/wp-json\/wp\/v2\/product_brand?post=718"},{"taxonomy":"product_cat","embeddable":true,"href":"https:\/\/immersafe.de\/shop\/wp-json\/wp\/v2\/product_cat?post=718"},{"taxonomy":"product_tag","embeddable":true,"href":"https:\/\/immersafe.de\/shop\/wp-json\/wp\/v2\/product_tag?post=718"}],"curies":[{"name":"wp","href":"https:\/\/api.w.org\/{rel}","templated":true}]}}