{"id":7450,"date":"2025-11-18T10:02:04","date_gmt":"2025-11-18T10:02:04","guid":{"rendered":"https:\/\/immersafe.at\/?post_type=product&#038;p=7450"},"modified":"2026-01-12T12:59:41","modified_gmt":"2026-01-12T12:59:41","slug":"t-seal-totebox-plomben","status":"publish","type":"product","link":"https:\/\/immersafe.de\/shop\/t-seal-totebox-plomben\/","title":{"rendered":"T-Seal Totebox-Plomben"},"content":{"rendered":"\t\t<div data-elementor-type=\"wp-post\" data-elementor-id=\"7450\" class=\"elementor elementor-7450\">\n\t\t\t\t\t\t<section class=\"elementor-section elementor-top-section elementor-element elementor-element-ccb15f4 elementor-section-boxed elementor-section-height-default elementor-section-height-default\" data-id=\"ccb15f4\" data-element_type=\"section\" data-e-type=\"section\">\n\t\t\t\t\t\t<div class=\"elementor-container elementor-column-gap-default\">\n\t\t\t\t\t<div class=\"aux-parallax-section elementor-column elementor-col-100 elementor-top-column elementor-element elementor-element-59a3768\" data-id=\"59a3768\" data-element_type=\"column\" data-e-type=\"column\">\n\t\t\t<div class=\"elementor-widget-wrap elementor-element-populated\">\n\t\t\t\t\t\t<div class=\"elementor-element elementor-element-6af893f elementor-widget elementor-widget-heading\" data-id=\"6af893f\" data-element_type=\"widget\" data-e-type=\"widget\" data-widget_type=\"heading.default\">\n\t\t\t\t<div class=\"elementor-widget-container\">\n\t\t\t\t\t<h2 class=\"elementor-heading-title elementor-size-default\">T-Seal Totebox-Plomben - Sicherheitsplomben f\u00fcr Logistik und Transport.<\/h2>\t\t\t\t<\/div>\n\t\t\t\t<\/div>\n\t\t\t\t<div class=\"elementor-element elementor-element-da8595d elementor-widget elementor-widget-text-editor\" data-id=\"da8595d\" data-element_type=\"widget\" data-e-type=\"widget\" data-widget_type=\"text-editor.default\">\n\t\t\t\t<div class=\"elementor-widget-container\">\n\t\t\t\t\t\t\t\t\t<p>Die Plomben bestehen aus Polypropylen (PP) und sind zur Versiegelung von Transportboxen verschiedener Hersteller geeignet. Werkzeugfreie Anbringung und Entfernung. Standardm\u00e4\u00dfig mit werkseitiger Nummerierung. Auf Wunsch (gegen Aufpreis) ist eine Lasergravur mit fortlaufender Nummerierung nach Kundenvorgabe (gem\u00e4\u00df Nummernbereich), Barcode, kurzem Text oder Logo m\u00f6glich.<\/p>\t\t\t\t\t\t\t\t<\/div>\n\t\t\t\t<\/div>\n\t\t\t\t<div class=\"elementor-element elementor-element-a800bc3 elementor-widget-divider--view-line elementor-widget elementor-widget-divider\" data-id=\"a800bc3\" data-element_type=\"widget\" data-e-type=\"widget\" data-widget_type=\"divider.default\">\n\t\t\t\t<div class=\"elementor-widget-container\">\n\t\t\t\t\t\t\t<div class=\"elementor-divider\">\n\t\t\t<span class=\"elementor-divider-separator\">\n\t\t\t\t\t\t<\/span>\n\t\t<\/div>\n\t\t\t\t\t\t<\/div>\n\t\t\t\t<\/div>\n\t\t\t\t<section class=\"elementor-section elementor-inner-section elementor-element elementor-element-0f9e6ef elementor-section-boxed elementor-section-height-default elementor-section-height-default\" data-id=\"0f9e6ef\" data-element_type=\"section\" data-e-type=\"section\">\n\t\t\t\t\t\t<div class=\"elementor-container elementor-column-gap-default\">\n\t\t\t\t\t<div class=\"aux-parallax-section elementor-column elementor-col-50 elementor-inner-column elementor-element elementor-element-34fe512\" data-id=\"34fe512\" data-element_type=\"column\" data-e-type=\"column\">\n\t\t\t<div class=\"elementor-widget-wrap elementor-element-populated\">\n\t\t\t\t\t\t<div class=\"elementor-element elementor-element-0a76de6 elementor-widget elementor-widget-text-editor\" data-id=\"0a76de6\" data-element_type=\"widget\" data-e-type=\"widget\" data-widget_type=\"text-editor.default\">\n\t\t\t\t<div class=\"elementor-widget-container\">\n\t\t\t\t\t\t\t\t\t<p><strong>Technische Daten<\/strong><\/p>\t\t\t\t\t\t\t\t<\/div>\n\t\t\t\t<\/div>\n\t\t\t\t<div class=\"elementor-element elementor-element-5e79184 elementor-widget elementor-widget-text-editor\" data-id=\"5e79184\" data-element_type=\"widget\" data-e-type=\"widget\" data-widget_type=\"text-editor.default\">\n\t\t\t\t<div class=\"elementor-widget-container\">\n\t\t\t\t\t\t\t\t\t<ul><li data-start=\"452\" data-end=\"514\"><span data-start=\"454\" data-end=\"468\"><strong>Anwendung<\/strong>:<\/span> geeignet f\u00fcr Toteboxen f\u00fchrender Hersteller<b><\/b><\/li><li data-start=\"452\" data-end=\"514\"><span data-start=\"26\" data-end=\"37\"><strong>Farben<\/strong>:<\/span> ab Lager verf\u00fcgbar (je nach Verf\u00fcgbarkeit): wei\u00df, blau, gr\u00fcn, rot, gelb, schwarz; weitere Farben auf Anfrage<\/li><li data-start=\"596\" data-end=\"654\"><span data-start=\"598\" data-end=\"611\"><strong>Material<\/strong>:<\/span> Polypropylen (PP) \u2013 robust und langlebig<\/li><li data-start=\"655\" data-end=\"784\"><span data-start=\"72\" data-end=\"90\"><strong>Kennzeichnung<\/strong>:<\/span> standardm\u00e4\u00dfig nummeriert (werkseitige Nummerierung); auf Wunsch (gegen Aufpreis) Lasergravur mit Nummerierung nach Kundenvorgabe, Barcode und\/oder Logo<\/li><li data-start=\"407\" data-end=\"449\"><strong data-start=\"409\" data-end=\"424\">Verpackung:<\/strong> 3.000 St\u00fcck pro Karton<\/li><li data-start=\"407\" data-end=\"449\"><strong>Kartonma\u00dfe<\/strong>: 375 x 258 x 210 mm<\/li><li data-start=\"407\" data-end=\"449\"><strong>Kartongewicht<\/strong>: 3,4 kg<\/li><\/ul>\t\t\t\t\t\t\t\t<\/div>\n\t\t\t\t<\/div>\n\t\t\t\t<div class=\"elementor-element elementor-element-33d82cf elementor-widget-divider--view-line elementor-widget elementor-widget-divider\" data-id=\"33d82cf\" data-element_type=\"widget\" data-e-type=\"widget\" data-widget_type=\"divider.default\">\n\t\t\t\t<div class=\"elementor-widget-container\">\n\t\t\t\t\t\t\t<div class=\"elementor-divider\">\n\t\t\t<span class=\"elementor-divider-separator\">\n\t\t\t\t\t\t<\/span>\n\t\t<\/div>\n\t\t\t\t\t\t<\/div>\n\t\t\t\t<\/div>\n\t\t\t\t<div class=\"elementor-element elementor-element-63cc1ee elementor-widget elementor-widget-text-editor\" data-id=\"63cc1ee\" data-element_type=\"widget\" data-e-type=\"widget\" data-widget_type=\"text-editor.default\">\n\t\t\t\t<div class=\"elementor-widget-container\">\n\t\t\t\t\t\t\t\t\t<p><strong>\u00a0Modelle &amp; Kompatibilit\u00e4t<\/strong><\/p>\t\t\t\t\t\t\t\t<\/div>\n\t\t\t\t<\/div>\n\t\t\t\t<div class=\"elementor-element elementor-element-496e85a elementor-widget elementor-widget-text-editor\" data-id=\"496e85a\" data-element_type=\"widget\" data-e-type=\"widget\" data-widget_type=\"text-editor.default\">\n\t\t\t\t<div class=\"elementor-widget-container\">\n\t\t\t\t\t\t\t\t\t<ul><li data-start=\"377\" data-end=\"442\"><span data-start=\"377\" data-end=\"391\"><strong>T-Seal M5<\/strong>:<\/span> geeignet f\u00fcr Toteboxen aller g\u00e4ngigen Hersteller<\/li><li data-start=\"179\" data-end=\"207\"><strong>T-<\/strong><span data-start=\"445\" data-end=\"458\"><strong>Seal 3<\/strong>:<\/span> auch geeignet f\u00fcr BITO MB-Boxen<\/li><\/ul>\t\t\t\t\t\t\t\t<\/div>\n\t\t\t\t<\/div>\n\t\t\t\t\t<\/div>\n\t\t<\/div>\n\t\t\t\t<div class=\"aux-parallax-section elementor-column elementor-col-50 elementor-inner-column elementor-element elementor-element-f3d286e\" data-id=\"f3d286e\" data-element_type=\"column\" data-e-type=\"column\">\n\t\t\t<div class=\"elementor-widget-wrap elementor-element-populated\">\n\t\t\t\t\t\t<div class=\"elementor-element elementor-element-c15df77 elementor-widget elementor-widget-text-editor\" data-id=\"c15df77\" data-element_type=\"widget\" data-e-type=\"widget\" data-widget_type=\"text-editor.default\">\n\t\t\t\t<div class=\"elementor-widget-container\">\n\t\t\t\t\t\t\t\t\t<p><strong>Vorteile<\/strong><\/p>\t\t\t\t\t\t\t\t<\/div>\n\t\t\t\t<\/div>\n\t\t\t\t<div class=\"elementor-element elementor-element-e97efbb elementor-widget elementor-widget-text-editor\" data-id=\"e97efbb\" data-element_type=\"widget\" data-e-type=\"widget\" data-widget_type=\"text-editor.default\">\n\t\t\t\t<div class=\"elementor-widget-container\">\n\t\t\t\t\t\t\t\t\t<ul><li data-start=\"91\" data-end=\"145\">Sicherheitsplomben f\u00fcr effiziente Logistikprozesse<\/li><li data-start=\"146\" data-end=\"188\">Hochwertige Klickplomben f\u00fcr Toteboxen<\/li><li data-start=\"189\" data-end=\"228\">Werkzeugfreie Montage und Demontage<\/li><li data-start=\"229\" data-end=\"309\">Individualisierbar:\u00a0Auf Wunsch mit Barcode, kurzem Text oder Logo m\u00f6glich<\/li><li data-start=\"310\" data-end=\"405\">Optional auch paarweise Kennzeichnung mit identischen Nummern (z. B. 001\/001, 002\/002 usw.)<\/li><li data-start=\"406\" data-end=\"462\">Kompatibel mit Toteboxen f\u00fchrender Hersteller\/Marken<\/li><\/ul>\t\t\t\t\t\t\t\t<\/div>\n\t\t\t\t<\/div>\n\t\t\t\t\t<\/div>\n\t\t<\/div>\n\t\t\t\t\t<\/div>\n\t\t<\/section>\n\t\t\t\t\t<\/div>\n\t\t<\/div>\n\t\t\t\t\t<\/div>\n\t\t<\/section>\n\t\t\t\t<\/div>\n\t\t","protected":false},"excerpt":{"rendered":"<p>Sicherheitsplomben f\u00fcr Logistik und Transport.<\/p>\n<div class=\"elementor-element elementor-element-63cc1ee elementor-widget elementor-widget-text-editor\" data-id=\"63cc1ee\" data-element_type=\"widget\" data-widget_type=\"text-editor.default\">\n<div class=\"elementor-widget-container\">\n<p><strong>Modelle &amp; Kompatibilit\u00e4t<\/strong><\/p>\n<ul>\n<li data-start=\"377\" data-end=\"442\"><span data-start=\"377\" data-end=\"391\">T-Seal M5:<\/span> geeignet f\u00fcr Toteboxen aller g\u00e4ngigen Hersteller<\/li>\n<li data-start=\"179\" data-end=\"207\">T-<span data-start=\"445\" data-end=\"458\">Seal 3:<\/span> auch geeignet f\u00fcr BITO MB-Boxen<\/li>\n<\/ul>\n<\/div>\n<\/div>\n","protected":false},"featured_media":7459,"template":"","meta":{"_acf_changed":false},"product_brand":[256],"product_cat":[111,137,69,33,230],"product_tag":[],"class_list":{"0":"post-7450","1":"product","2":"type-product","3":"status-publish","4":"has-post-thumbnail","6":"product_brand-immersafe","7":"product_cat-boxen","8":"product_cat-feuerloscher","9":"product_cat-kunststoffplomben","10":"product_cat-sicherheitsplomben","11":"product_cat-spezielle-plomben","13":"first","14":"instock","15":"taxable","16":"shipping-taxable","17":"purchasable","18":"product-type-variable"},"acf":[],"tiered_pricing_type":"fixed","tiered_pricing_fixed_rules":[],"tiered_pricing_product_settings":{"layout":"default","base_unit_name":{"singular":null,"plural":null},"default_variation":null},"tiered_pricing_minimum_quantity":null,"tiered_pricing_roles_data":[],"tiered_pricing_percentage_rules":[],"_links":{"self":[{"href":"https:\/\/immersafe.de\/shop\/wp-json\/wp\/v2\/product\/7450","targetHints":{"allow":["GET"]}}],"collection":[{"href":"https:\/\/immersafe.de\/shop\/wp-json\/wp\/v2\/product"}],"about":[{"href":"https:\/\/immersafe.de\/shop\/wp-json\/wp\/v2\/types\/product"}],"version-history":[{"count":17,"href":"https:\/\/immersafe.de\/shop\/wp-json\/wp\/v2\/product\/7450\/revisions"}],"predecessor-version":[{"id":7542,"href":"https:\/\/immersafe.de\/shop\/wp-json\/wp\/v2\/product\/7450\/revisions\/7542"}],"wp:featuredmedia":[{"embeddable":true,"href":"https:\/\/immersafe.de\/shop\/wp-json\/wp\/v2\/media\/7459"}],"wp:attachment":[{"href":"https:\/\/immersafe.de\/shop\/wp-json\/wp\/v2\/media?parent=7450"}],"wp:term":[{"taxonomy":"product_brand","embeddable":true,"href":"https:\/\/immersafe.de\/shop\/wp-json\/wp\/v2\/product_brand?post=7450"},{"taxonomy":"product_cat","embeddable":true,"href":"https:\/\/immersafe.de\/shop\/wp-json\/wp\/v2\/product_cat?post=7450"},{"taxonomy":"product_tag","embeddable":true,"href":"https:\/\/immersafe.de\/shop\/wp-json\/wp\/v2\/product_tag?post=7450"}],"curies":[{"name":"wp","href":"https:\/\/api.w.org\/{rel}","templated":true}]}}